{"id":2468,"date":"2026-01-07T03:06:51","date_gmt":"2026-01-07T03:06:51","guid":{"rendered":"https:\/\/lyfilter.com\/?post_type=product&#038;p=2468"},"modified":"2026-01-07T03:06:51","modified_gmt":"2026-01-07T03:06:51","slug":"factory-price-vacuum-feeding-pe-filter-element","status":"publish","type":"product","link":"https:\/\/lyfilter.com\/de\/factory-price-vacuum-feeding-pe-filter-element\/","title":{"rendered":"Fabrikpreis Vakuumeinspeisung PE-Filterelement"},"content":{"rendered":"<div class=\"unit-detail-html-tabs__content-attr\">\n<div class=\"unit-product-attrparam\">\n<div class=\"unit-product-attrparam__items row\">\n<div class=\"col-12 col-md-6\">\n<div class=\"unit-product-attrparam__item\">\n<div class=\"unit-product-attrparam__label\">\n<table>\n<thead>\n<tr>\n<th>Artikel<\/th>\n<th>Details<\/th>\n<\/tr>\n<\/thead>\n<tbody>\n<tr>\n<td>Lieferf\u00e4higkeit<\/td>\n<td>1000000 St\u00fcck\/Monat<\/td>\n<\/tr>\n<tr>\n<td>Material<\/td>\n<td>pe<\/td>\n<\/tr>\n<tr>\n<td>Verf\u00fcgbarkeit<\/td>\n<td>Erstausr\u00fcster<\/td>\n<\/tr>\n<\/tbody>\n<\/table>\n<\/div>\n<\/div>\n<\/div>\n<\/div>\n<\/div>\n<\/div>\n<div class=\"unit-detail-html-tabs__content-featuresAttr\"><\/div>\n<div class=\"unit-detail-html-tabs__content-html\">\n<p>Die Eigenschaften des PE-Filterelements f\u00fcr die Vakuumbeschickung: gleichm\u00e4\u00dfige Porengr\u00f6\u00dfenverteilung, hohe S\u00e4ure- und Laugenbest\u00e4ndigkeit, gute mechanische Eigenschaften, hohe Best\u00e4ndigkeit gegen Erosion durch organische L\u00f6sungsmittel, automatische oder manuelle R\u00fcckspulmethode zur Entschlackung, R\u00fcckgewinnung von Feststoffpartikeln durch trockene Schlackenentladung, kein h\u00e4ufiger Austausch des Filterelements, automatischer Betrieb, niedrige Filtrationskosten usw. werden von den Anwendern gut angenommen, und Nicht-Standardgr\u00f6\u00dfen k\u00f6nnen angepasst werden. Parameter des gesinterten PE-Filterelements des Vakuumf\u00f6rderers: Genauigkeitsbereich: 0.2-140um, L\u00e4ngenbereich: 120mm-200mm-300mm-400mm-500mm-600mm \u00dcbliche Durchmesser: \u03a620mm \u03a630\u03a638 \u03a640 \u03a650\u03a660 \u03a665\u03a670 Spezifikation der Gewindeanschl\u00fcsse: M20-M22-M26-M30 Mutter: Einzel- oder Doppelmutter.<\/p>\n<p>&nbsp;<\/p>\n<div class=\"table-responsive\">\n<table data-sort=\"sortDisabled\">\n<tbody>\n<tr class=\"firstRow\">\n<td valign=\"top\" width=\"288\">\u00c4u\u00dferer\/innerer Durchmesser \uff08mm\uff09<\/td>\n<td valign=\"top\" width=\"288\">L\u00e4nge<\/td>\n<td valign=\"top\" width=\"288\">Blende\uff08mm\uff09<\/td>\n<td valign=\"top\" width=\"288\">Bemerkungen<\/td>\n<\/tr>\n<tr>\n<td valign=\"top\" width=\"288\">50\/35<\/td>\n<td valign=\"top\" width=\"288\">120<\/td>\n<td valign=\"top\" width=\"288\">0.5-10<\/td>\n<td colspan=\"1\" rowspan=\"6\" valign=\"top\" width=\"288\">Verbindung aus Polypropylen M26, Mittelstange aus Edelstahl 304 zur Verst\u00e4rkung und Befestigung von 2 Endkappen, einfache und doppelte Muttern sowie einfache und doppelte O-Ring-Dichtungsoptionen, konventionelle Pr\u00e4zision 5 Mikrometer.<\/td>\n<\/tr>\n<tr>\n<td valign=\"top\" width=\"288\">50\/35<\/td>\n<td valign=\"top\" width=\"288\">200<\/td>\n<td valign=\"top\" width=\"288\">0.5-10<\/td>\n<\/tr>\n<tr>\n<td valign=\"top\" width=\"288\">50\/35<\/td>\n<td valign=\"top\" width=\"288\">300<\/td>\n<td valign=\"top\" width=\"288\">0.5-10<\/td>\n<\/tr>\n<tr>\n<td valign=\"top\" width=\"288\">50\/35<\/td>\n<td valign=\"top\" width=\"288\">400<\/td>\n<td valign=\"top\" width=\"288\">0.5-10<\/td>\n<\/tr>\n<tr>\n<td valign=\"top\" width=\"288\">50\/35<\/td>\n<td valign=\"top\" width=\"288\">500<\/td>\n<td valign=\"top\" width=\"288\">0.5-10<\/td>\n<\/tr>\n<tr>\n<td valign=\"top\" width=\"288\">50\/35<\/td>\n<td valign=\"top\" width=\"288\">600<\/td>\n<td valign=\"top\" width=\"288\">0.5-10<\/td>\n<\/tr>\n<tr>\n<td valign=\"top\" width=\"288\">60\/35<\/td>\n<td valign=\"top\" width=\"288\">300<\/td>\n<td valign=\"top\" width=\"288\">0.5-10<\/td>\n<td colspan=\"1\" rowspan=\"3\" valign=\"top\" width=\"288\">\nPolypropylenfitting M30, Doppelmutter und 1 Unterlegscheibe.<\/td>\n<\/tr>\n<tr>\n<td valign=\"top\" width=\"288\">60\/35<\/td>\n<td valign=\"top\" width=\"288\">400<\/td>\n<td valign=\"top\" width=\"288\">0.5-10<\/td>\n<\/tr>\n<tr>\n<td valign=\"top\" width=\"288\">60\/35<\/td>\n<td valign=\"top\" width=\"288\">500<\/td>\n<td valign=\"top\" width=\"288\">0.5-10<\/td>\n<\/tr>\n<\/tbody>\n<\/table>\n<\/div>\n<div class=\"table-responsive\">\n<table>\n<tbody>\n<tr class=\"firstRow\">\n<td valign=\"top\" width=\"226\">Modell Nr.<\/td>\n<td valign=\"top\" width=\"219\">Effektive Querschnittsfl\u00e4che mm3<\/td>\n<td valign=\"top\" width=\"202\">Schallleitf\u00e4higkeit (dm3\/s.bar)<\/td>\n<td valign=\"top\" width=\"157\">Empfohlener Durchfluss<\/td>\n<td valign=\"top\" width=\"226\">Qualit\u00e4t g<\/td>\n<\/tr>\n<tr>\n<td valign=\"top\" width=\"226\">AN05-M5<\/td>\n<td valign=\"top\" width=\"239\">5<\/td>\n<td valign=\"top\" width=\"222\">1<\/td>\n<td valign=\"top\" width=\"157\">unter 0,4<\/td>\n<td valign=\"top\" width=\"226\">0.5<\/td>\n<\/tr>\n<tr>\n<td valign=\"top\" width=\"226\">AN10-01<\/td>\n<td valign=\"top\" width=\"239\">10<\/td>\n<td valign=\"top\" width=\"222\">2<\/td>\n<td valign=\"top\" width=\"157\">unter 0,8<\/td>\n<td valign=\"top\" width=\"226\">1<\/td>\n<\/tr>\n<tr>\n<td valign=\"top\" width=\"226\">AN10-02<\/td>\n<td valign=\"top\" width=\"239\">15<\/td>\n<td valign=\"top\" width=\"222\">3<\/td>\n<td valign=\"top\" width=\"157\">unter 1,0<\/td>\n<td valign=\"top\" width=\"226\">2.5<\/td>\n<\/tr>\n<tr>\n<td valign=\"top\" width=\"226\">AN10-02<\/td>\n<td valign=\"top\" width=\"239\">35<\/td>\n<td valign=\"top\" width=\"222\">7<\/td>\n<td valign=\"top\" width=\"157\">unter 3,0<\/td>\n<td valign=\"top\" width=\"226\">4<\/td>\n<\/tr>\n<tr>\n<td valign=\"top\" width=\"226\">AN10-03<\/td>\n<td valign=\"top\" width=\"239\">60<\/td>\n<td valign=\"top\" width=\"222\">12<\/td>\n<td valign=\"top\" width=\"157\">unter 5,0<\/td>\n<td valign=\"top\" width=\"226\">5.5<\/td>\n<\/tr>\n<tr>\n<td valign=\"top\" width=\"226\">AN10-04<\/td>\n<td valign=\"top\" width=\"239\">90<\/td>\n<td valign=\"top\" width=\"222\">18<\/td>\n<td valign=\"top\" width=\"157\">unter 8,0<\/td>\n<td valign=\"top\" width=\"226\">8.5<\/td>\n<\/tr>\n<\/tbody>\n<\/table>\n<\/div>\n<p><img decoding=\"async\" src=\"https:\/\/img.yfisher.com\/m6076\/1725732751nol\/jpg70-t3-scale100.webp\" alt=\"Fabrikpreis Vakuumeinspeisung PE-Filterelement 6\" data-lazy=\"2\" title=\"\"><\/p>\n<div class=\"table-responsive\">\n<table data-sort=\"sortDisabled\">\n<tbody>\n<tr class=\"firstRow\">\n<td colspan=\"5\" rowspan=\"1\" align=\"center\" valign=\"top\"><strong>Gewindevergleichstabelle<\/strong><\/td>\n<\/tr>\n<tr>\n<td valign=\"top\" width=\"226\">Artikel Nr.<\/td>\n<td valign=\"top\" width=\"226\">\u00a0britische Vermessung<\/td>\n<td valign=\"top\" width=\"226\">Standard anzeigen<\/td>\n<td valign=\"top\" width=\"226\">Durchmesser Au\u00dfengewinde mm<\/td>\n<td valign=\"top\" width=\"226\">Durchmesser des Innengewindes<\/td>\n<\/tr>\n<tr>\n<td valign=\"top\" width=\"226\">PSL-01<\/td>\n<td valign=\"top\" width=\"226\">G1\/8<\/td>\n<td valign=\"top\" width=\"226\">DN6<\/td>\n<td valign=\"top\" width=\"226\">9.5\u00b10.2<\/td>\n<td valign=\"top\" width=\"226\">8.8\u00b10.3<\/td>\n<\/tr>\n<tr>\n<td valign=\"top\" width=\"226\">PSL-02<\/td>\n<td valign=\"top\" width=\"226\">G1\/4<\/td>\n<td valign=\"top\" width=\"226\">DN8<\/td>\n<td valign=\"top\" width=\"226\">12.5\u00b10.3<\/td>\n<td valign=\"top\" width=\"226\">11.5\u00b10.3<\/td>\n<\/tr>\n<tr>\n<td valign=\"top\" width=\"226\">PSL-03<\/td>\n<td valign=\"top\" width=\"226\">G3\/8<\/td>\n<td valign=\"top\" width=\"226\">DN10<\/td>\n<td valign=\"top\" width=\"226\">16.2\u00b10.3<\/td>\n<td valign=\"top\" width=\"226\">15.3\u00b10.3<\/td>\n<\/tr>\n<tr>\n<td valign=\"top\" width=\"226\">PSL-04<\/td>\n<td valign=\"top\" width=\"226\">G1\/2<\/td>\n<td valign=\"top\" width=\"226\">DN15<\/td>\n<td valign=\"top\" width=\"226\">20.3\u00b10.3<\/td>\n<td valign=\"top\" width=\"226\">19.5\u00b10.3<\/td>\n<\/tr>\n<tr>\n<td valign=\"top\" width=\"226\">PSL-06<\/td>\n<td valign=\"top\" width=\"226\">G3\/4<\/td>\n<td valign=\"top\" width=\"226\">DN20<\/td>\n<td valign=\"top\" width=\"226\">25.\u00b10.3<\/td>\n<td valign=\"top\" width=\"226\">24.0\u00b10.3<\/td>\n<\/tr>\n<tr>\n<td valign=\"top\" width=\"226\">PSL-10<\/td>\n<td valign=\"top\" width=\"226\">G1<\/td>\n<td valign=\"top\" width=\"226\">DN25<\/td>\n<td valign=\"top\" width=\"226\">32.5\u00b10.3<\/td>\n<td valign=\"top\" width=\"226\">30.5\u00b10.3<\/td>\n<\/tr>\n<\/tbody>\n<\/table>\n<\/div>\n<p>&nbsp;<\/p>\n<div class=\"table-responsive\">\n<table data-sort=\"sortDisabled\">\n<tbody>\n<tr class=\"firstRow\">\n<td colspan=\"2\" rowspan=\"1\" align=\"center\" valign=\"top\"><strong>Gewindespezifikation<\/strong><\/td>\n<\/tr>\n<tr>\n<td valign=\"top\">1\u5206<\/td>\n<td valign=\"top\">1\/8<\/td>\n<\/tr>\n<tr>\n<td valign=\"top\">2\u5206<\/td>\n<td valign=\"top\">1\/4<\/td>\n<\/tr>\n<tr>\n<td valign=\"top\">3\u5206<\/td>\n<td valign=\"top\">3\/8<\/td>\n<\/tr>\n<tr>\n<td valign=\"top\">4\u5206<\/td>\n<td valign=\"top\">1\/2<\/td>\n<\/tr>\n<tr>\n<td valign=\"top\">6\u5206<\/td>\n<td valign=\"top\">3\/4<\/td>\n<\/tr>\n<tr>\n<td valign=\"top\">1\u5bf8<\/td>\n<td valign=\"top\">G1<\/td>\n<\/tr>\n<\/tbody>\n<\/table>\n<\/div>\n<p>&nbsp;<\/p>\n<p><img decoding=\"async\" src=\"https:\/\/img.yfisher.com\/m6076\/1725732751v30\/jpg70-t3-scale100.webp\" alt=\"Fabrikpreis Vakuumeinspeisung PE-Filterelement 7\" data-lazy=\"2\" title=\"\"><\/p>\n<\/div>","protected":false},"excerpt":{"rendered":"<table>\n<thead>\n<tr>\n<th>Artikel<\/th>\n<th>Details<\/th>\n<\/tr>\n<\/thead>\n<tbody>\n<tr>\n<td>Startport<\/td>\n<td>Guangzhou<\/td>\n<\/tr>\n<tr>\n<td>Produktionskapazit\u00e4t<\/td>\n<td>10000 Einheiten\/Monat<\/td>\n<\/tr>\n<tr>\n<td>Herkunftsort<\/td>\n<td>Guangdong, China<\/td>\n<\/tr>\n<tr>\n<td>Zahlung<\/td>\n<td>T\/T, Alibaba Trade Assurance, paypal<\/td>\n<\/tr>\n<tr>\n<td>moq<\/td>\n<td>1 St\u00fcck<\/td>\n<\/tr>\n<tr>\n<td>Lieferfrist<\/td>\n<td>innerhalb von 7 Arbeitstagen<\/td>\n<\/tr>\n<tr>\n<td>Zertifizierung<\/td>\n<td>ISO 9001<\/td>\n<\/tr>\n<tr>\n<td>Marke<\/td>\n<td>OEM\/Lvyuan<\/td>\n<\/tr>\n<\/tbody>\n<\/table>","protected":false},"featured_media":2475,"comment_status":"open","ping_status":"closed","template":"","meta":{"_gspb_post_css":""},"product_brand":[],"product_cat":[24],"product_tag":[956,279,964,260,968,965],"class_list":{"0":"post-2468","1":"product","2":"type-product","3":"status-publish","4":"has-post-thumbnail","6":"product_cat-sintered-porous-plastic","7":"product_tag-1-piece-moq","8":"product_tag-alibaba-trade-assurance","9":"product_tag-guangdong-manufacturer","10":"product_tag-iso-9001","11":"product_tag-oem-paper-tubes","12":"product_tag-paper-tubes","14":"first","15":"instock","16":"shipping-taxable","17":"product-type-simple"},"_links":{"self":[{"href":"https:\/\/lyfilter.com\/de\/wp-json\/wp\/v2\/product\/2468","targetHints":{"allow":["GET"]}}],"collection":[{"href":"https:\/\/lyfilter.com\/de\/wp-json\/wp\/v2\/product"}],"about":[{"href":"https:\/\/lyfilter.com\/de\/wp-json\/wp\/v2\/types\/product"}],"replies":[{"embeddable":true,"href":"https:\/\/lyfilter.com\/de\/wp-json\/wp\/v2\/comments?post=2468"}],"wp:featuredmedia":[{"embeddable":true,"href":"https:\/\/lyfilter.com\/de\/wp-json\/wp\/v2\/media\/2475"}],"wp:attachment":[{"href":"https:\/\/lyfilter.com\/de\/wp-json\/wp\/v2\/media?parent=2468"}],"wp:term":[{"taxonomy":"product_brand","embeddable":true,"href":"https:\/\/lyfilter.com\/de\/wp-json\/wp\/v2\/product_brand?post=2468"},{"taxonomy":"product_cat","embeddable":true,"href":"https:\/\/lyfilter.com\/de\/wp-json\/wp\/v2\/product_cat?post=2468"},{"taxonomy":"product_tag","embeddable":true,"href":"https:\/\/lyfilter.com\/de\/wp-json\/wp\/v2\/product_tag?post=2468"}],"curies":[{"name":"wp","href":"https:\/\/api.w.org\/{rel}","templated":true}]}}