{"id":2462,"date":"2026-01-07T03:03:34","date_gmt":"2026-01-07T03:03:34","guid":{"rendered":"https:\/\/lyfilter.com\/?post_type=product&#038;p=2462"},"modified":"2026-01-07T03:03:34","modified_gmt":"2026-01-07T03:03:34","slug":"factory-price-pe-sintered-filter-for-medical","status":"publish","type":"product","link":"https:\/\/lyfilter.com\/de\/factory-price-pe-sintered-filter-for-medical\/","title":{"rendered":"Fabrikpreis PE-Sinterfilter f\u00fcr die Medizintechnik"},"content":{"rendered":"<div class=\"unit-detail-html-tabs__content-attr\">\n<div class=\"unit-product-attrparam\">\n<div class=\"unit-product-attrparam__items row\">\n<div class=\"col-12 col-md-6\">\n<div class=\"unit-product-attrparam__item\">\n<div class=\"unit-product-attrparam__label\">\n<table>\n<thead>\n<tr>\n<th>Artikel<\/th>\n<th>Details<\/th>\n<\/tr>\n<\/thead>\n<tbody>\n<tr>\n<td>Lieferf\u00e4higkeit<\/td>\n<td>1000000 St\u00fcck\/Monat<\/td>\n<\/tr>\n<tr>\n<td>Material<\/td>\n<td>pe<\/td>\n<\/tr>\n<tr>\n<td>Verf\u00fcgbarkeit<\/td>\n<td>Erstausr\u00fcster<\/td>\n<\/tr>\n<\/tbody>\n<\/table>\n<\/div>\n<\/div>\n<\/div>\n<\/div>\n<\/div>\n<\/div>\n<div class=\"unit-detail-html-tabs__content-featuresAttr\"><\/div>\n<div class=\"unit-detail-html-tabs__content-html\">\n<p><strong>Fabrikpreis PE-Sinterfilter f\u00fcr die Medizintechnik<\/strong><\/p>\n<p>Der PE-Sinterfilter, der die Unterdruckleitung und die Flasche verbindet, erfordert eine selbstdichtende Funktion. Als Kernkomponente der Abfallfl\u00fcssigkeitsabsaugung canisterthe selbstdichtenden PE-Sinterfilter kann die Funktionen der Bel\u00fcftung und Filterung, wenn nicht in Kontakt mit Abfall liquid.Delivering Unterdruck kann klinische Abfallfl\u00fcssigkeit pumpec in Flasche throuah hosnital'ssuction linersvstem Gleichzeitig kann es auch herausfiltern Staub Bakterien und andere sch\u00e4dliche Stoffe, die nrevents die Crosinfection. Wenn die Flasche voll ist und der selbstversiegelnde PE-Sinterfilter mit der Abfallfl\u00fcssigkeit in Ber\u00fchrung kommt, vervollst\u00e4ndigt der Filter sofort die Selbstversiegelung und blockiert den Fluss aller Fl\u00fcssigkeiten und Gase. Meanwhile.it bieten sind haftet Druckwiderstand zu verhindern, dass sch\u00e4dliche Stoffe aus dem Krankenhaus die Absaugung Liner-System, um sekund\u00e4re Verschmutzung verursachen eingeben.<\/p>\n<p><img decoding=\"async\" src=\"https:\/\/img.yfisher.com\/m6076\/1725732748kyf\/jpg70-t3-scale100.webp\" alt=\"Fabrikpreis PE-Sinterfilter f\u00fcr medizinische 6\" data-lazy=\"2\" title=\"\"><\/p>\n<\/div>","protected":false},"excerpt":{"rendered":"<table>\n<thead>\n<tr>\n<th>Artikel<\/th>\n<th>Details<\/th>\n<\/tr>\n<\/thead>\n<tbody>\n<tr>\n<td>Startport<\/td>\n<td>Guangzhou<\/td>\n<\/tr>\n<tr>\n<td>Produktionskapazit\u00e4t<\/td>\n<td>10000 Einheiten\/Monat<\/td>\n<\/tr>\n<tr>\n<td>Herkunftsort<\/td>\n<td>Guangdong, China<\/td>\n<\/tr>\n<tr>\n<td>Zahlung<\/td>\n<td>T\/T, Alibaba Trade Assurance, paypal<\/td>\n<\/tr>\n<tr>\n<td>moq<\/td>\n<td>1 St\u00fcck<\/td>\n<\/tr>\n<tr>\n<td>Lieferfrist<\/td>\n<td>innerhalb von 7 Arbeitstagen<\/td>\n<\/tr>\n<tr>\n<td>Zertifizierung<\/td>\n<td>ISO 9001<\/td>\n<\/tr>\n<tr>\n<td>Marke<\/td>\n<td>OEM\/Lvyuan<\/td>\n<\/tr>\n<\/tbody>\n<\/table>","protected":false},"featured_media":2469,"comment_status":"open","ping_status":"closed","template":"","meta":{"_gspb_post_css":""},"product_brand":[],"product_cat":[24,25],"product_tag":[956,279,964,260,968,965],"class_list":{"0":"post-2462","1":"product","2":"type-product","3":"status-publish","4":"has-post-thumbnail","6":"product_cat-sintered-porous-plastic","7":"product_cat-medical-filters","8":"product_tag-1-piece-moq","9":"product_tag-alibaba-trade-assurance","10":"product_tag-guangdong-manufacturer","11":"product_tag-iso-9001","12":"product_tag-oem-paper-tubes","13":"product_tag-paper-tubes","15":"first","16":"instock","17":"shipping-taxable","18":"product-type-simple"},"_links":{"self":[{"href":"https:\/\/lyfilter.com\/de\/wp-json\/wp\/v2\/product\/2462","targetHints":{"allow":["GET"]}}],"collection":[{"href":"https:\/\/lyfilter.com\/de\/wp-json\/wp\/v2\/product"}],"about":[{"href":"https:\/\/lyfilter.com\/de\/wp-json\/wp\/v2\/types\/product"}],"replies":[{"embeddable":true,"href":"https:\/\/lyfilter.com\/de\/wp-json\/wp\/v2\/comments?post=2462"}],"wp:featuredmedia":[{"embeddable":true,"href":"https:\/\/lyfilter.com\/de\/wp-json\/wp\/v2\/media\/2469"}],"wp:attachment":[{"href":"https:\/\/lyfilter.com\/de\/wp-json\/wp\/v2\/media?parent=2462"}],"wp:term":[{"taxonomy":"product_brand","embeddable":true,"href":"https:\/\/lyfilter.com\/de\/wp-json\/wp\/v2\/product_brand?post=2462"},{"taxonomy":"product_cat","embeddable":true,"href":"https:\/\/lyfilter.com\/de\/wp-json\/wp\/v2\/product_cat?post=2462"},{"taxonomy":"product_tag","embeddable":true,"href":"https:\/\/lyfilter.com\/de\/wp-json\/wp\/v2\/product_tag?post=2462"}],"curies":[{"name":"wp","href":"https:\/\/api.w.org\/{rel}","templated":true}]}}