{"id":2449,"date":"2026-01-07T02:53:49","date_gmt":"2026-01-07T02:53:49","guid":{"rendered":"https:\/\/lyfilter.com\/?post_type=product&#038;p=2449"},"modified":"2026-01-07T02:53:49","modified_gmt":"2026-01-07T02:53:49","slug":"pneumatic-components1-8-1-4-3-8-1-2-3-4-bsp-male-thread-plastic-silencer-pneumatic-black-blue-air-quick-exhaust-muffler","status":"publish","type":"product","link":"https:\/\/lyfilter.com\/de\/pneumatic-components1-8-1-4-3-8-1-2-3-4-bsp-male-thread-plastic-silencer-pneumatic-black-blue-air-quick-exhaust-muffler\/","title":{"rendered":"Pneumatikkomponenten1\/8 1\/4 3\/8 1\/2 3\/4 BSP-Au\u00dfengewinde Kunststoffschalld\u00e4mpfer Pneumatik Schwarz Blau Air Quick Exhaust Muffler"},"content":{"rendered":"<div class=\"unit-detail-html-tabs__content-attr\">\n<div class=\"unit-product-attrparam\">\n<div class=\"unit-product-attrparam__items row\">\n<div class=\"col-12 col-md-6\">\n<div class=\"unit-product-attrparam__item\">\n<div class=\"unit-product-attrparam__label\">\n<table>\n<thead>\n<tr>\n<th>Artikel<\/th>\n<th>Details<\/th>\n<\/tr>\n<\/thead>\n<tbody>\n<tr>\n<td>Lieferf\u00e4higkeit<\/td>\n<td>1000000 St\u00fcck\/Monat<\/td>\n<\/tr>\n<tr>\n<td>Material<\/td>\n<td>pe<\/td>\n<\/tr>\n<tr>\n<td>Verf\u00fcgbarkeit<\/td>\n<td>Erstausr\u00fcster<\/td>\n<\/tr>\n<\/tbody>\n<\/table>\n<\/div>\n<\/div>\n<\/div>\n<\/div>\n<\/div>\n<\/div>\n<div class=\"unit-detail-html-tabs__content-featuresAttr\"><\/div>\n<div class=\"unit-detail-html-tabs__content-html\">\n<p><strong>Pneumatikkomponenten1\/8 1\/4 3\/8 1\/2 3\/4 BSP-Au\u00dfengewinde Kunststoffschalld\u00e4mpfer Pneumatik Schwarz Blau Air Quick Exhaust Muffler<\/strong><\/p>\n<p>Beschreibung des Produkts:<\/p>\n<p>1. Zweck des Schalld\u00e4mpfers Der Schalld\u00e4mpfer, auch als Auspuff bekannt, ist ein weit verbreitetes schalld\u00e4mpfendes und l\u00e4rmminderndes Produkt. Der Schalld\u00e4mpfer ist auch ein Produkt, das nicht nur den Luftstrom durchlassen, sondern auch den L\u00e4rm reduzieren kann. Der Schalld\u00e4mpfer ist weit verbreitet in verschiedenen Kesseldampf-Emissionsschalld\u00e4mpfern in der Elektrizit\u00e4tswirtschaft, Petrochemie, Metallurgie und anderen Industriezweigen.<\/p>\n<p>2. Anwendungshintergrund Im Prozess der modernen industriellen Produktion und der Nutzung von Ger\u00e4ten kann der Schalld\u00e4mpfer den L\u00e4rm von pneumatischen Ger\u00e4ten effektiv reduzieren und das beste Gleichgewicht zwischen L\u00e4rmreduzierung und akzeptablem Gegendruck im pneumatischen System bieten. Im Allgemeinen sind Schalld\u00e4mpfer in einer Vielzahl von Gr\u00f6\u00dfen erh\u00e4ltlich, die zu den meisten Standardventilen passen, und verf\u00fcgen \u00fcber robuste integrierte Gewinde, die eine einfache Montage an pneumatischen Ger\u00e4ten gew\u00e4hrleisten.<\/p>\n<ul>\n<li>Hohe Porosit\u00e4t zur Gew\u00e4hrleistung eines gr\u00f6\u00dferen Durchflusses pro Fl\u00e4cheneinheit;<\/li>\n<li>Glatte \u00e4u\u00dfere Oberfl\u00e4che, Verunreinigungen haften nicht so leicht an, R\u00fccksp\u00fclen einfach und gr\u00fcndlich;<\/li>\n<li>Anti-Fouling-F\u00e4higkeit: die geringe Gr\u00f6\u00dfe des Filters, so dass Verunreinigungen nicht in den Filterk\u00f6rper zur\u00fcckgehalten werden k\u00f6nnen;<\/li>\n<li>Best\u00e4ndigkeit gegen starke S\u00e4uren, Alkalikorrosion, Best\u00e4ndigkeit gegen organische L\u00f6sungsmittel; 5. hervorragende mechanische Eigenschaften; 6. keine Partikelfreisetzung. 7. Breite Produktpalette und breiter Anwendungsbereich<\/li>\n<\/ul>\n<p><strong>Spezifikationen:\u00a0<\/strong><\/p>\n<p>1\/8 L\u00e4nge ist etwa 37mm, Gewinde direkt: 9,5-10mm, innerer Lochdurchmesser 6mm.<\/p>\n<p>1\/4 kleine K\u00f6rperl\u00e4nge ist ungef\u00e4hr 41mm, Gewindedurchmesser: 12-12.5mm, innerer Lochdurchmesser 8mm.<\/p>\n<p>1\/4 Die allgemeine L\u00e4nge betr\u00e4gt ca. 63 mm, Gewindedurchmesser: 12-12,5 mm, Innenlochdurchmesser 8 mm.<\/p>\n<p>3\/8 L\u00e4nge ist ungef\u00e4hr 82mm, Gewindedurchmesser: 16-16.2mm, Innenlochdurchmesser: 10mm.<\/p>\n<p>1\/2 L\u00e4nge ist ungef\u00e4hr 91mm, Gewindedurchmesser: 20-20.3mm, innerer Lochdurchmesser 12mm.<\/p>\n<p><img decoding=\"async\" src=\"https:\/\/img.yfisher.com\/m6076\/1725732744cbe\/jpg70-t3-scale100.webp\" alt=\"Pneumatikkomponenten1\/8 1\/4 3\/8 1\/2 3\/4 BSP-Au\u00dfengewinde Kunststoffschalld\u00e4mpfer Pneumatik Schwarz Blau Air Quick Exhaust Muffler 6\" data-lazy=\"2\" title=\"\"><\/p>\n<\/div>","protected":false},"excerpt":{"rendered":"<table>\n<thead>\n<tr>\n<th>Artikel<\/th>\n<th>Details<\/th>\n<\/tr>\n<\/thead>\n<tbody>\n<tr>\n<td>Startport<\/td>\n<td>Guangzhou<\/td>\n<\/tr>\n<tr>\n<td>Produktionskapazit\u00e4t<\/td>\n<td>10000 Einheiten\/Monat<\/td>\n<\/tr>\n<tr>\n<td>Zahlung<\/td>\n<td>T\/T, Alibaba Trade Assurance, paypal, OA<\/td>\n<\/tr>\n<tr>\n<td>moq<\/td>\n<td>1 St\u00fcck<\/td>\n<\/tr>\n<tr>\n<td>Lieferfrist<\/td>\n<td>innerhalb von 7 Arbeitstagen<\/td>\n<\/tr>\n<tr>\n<td>Zertifizierung<\/td>\n<td>ISO 9001<\/td>\n<\/tr>\n<tr>\n<td>Marke<\/td>\n<td>OEM\/Lvyuan<\/td>\n<\/tr>\n<\/tbody>\n<\/table>","protected":false},"featured_media":2457,"comment_status":"open","ping_status":"closed","template":"","meta":{"_gspb_post_css":""},"product_brand":[],"product_cat":[24,26],"product_tag":[956,279,262,260,955,965],"class_list":{"0":"post-2449","1":"product","2":"type-product","3":"status-publish","4":"has-post-thumbnail","6":"product_cat-sintered-porous-plastic","7":"product_cat-plastic-silencer","8":"product_tag-1-piece-moq","9":"product_tag-alibaba-trade-assurance","10":"product_tag-guangzhou-port","11":"product_tag-iso-9001","12":"product_tag-oem-packaging","13":"product_tag-paper-tubes","15":"first","16":"instock","17":"shipping-taxable","18":"product-type-simple"},"_links":{"self":[{"href":"https:\/\/lyfilter.com\/de\/wp-json\/wp\/v2\/product\/2449","targetHints":{"allow":["GET"]}}],"collection":[{"href":"https:\/\/lyfilter.com\/de\/wp-json\/wp\/v2\/product"}],"about":[{"href":"https:\/\/lyfilter.com\/de\/wp-json\/wp\/v2\/types\/product"}],"replies":[{"embeddable":true,"href":"https:\/\/lyfilter.com\/de\/wp-json\/wp\/v2\/comments?post=2449"}],"wp:featuredmedia":[{"embeddable":true,"href":"https:\/\/lyfilter.com\/de\/wp-json\/wp\/v2\/media\/2457"}],"wp:attachment":[{"href":"https:\/\/lyfilter.com\/de\/wp-json\/wp\/v2\/media?parent=2449"}],"wp:term":[{"taxonomy":"product_brand","embeddable":true,"href":"https:\/\/lyfilter.com\/de\/wp-json\/wp\/v2\/product_brand?post=2449"},{"taxonomy":"product_cat","embeddable":true,"href":"https:\/\/lyfilter.com\/de\/wp-json\/wp\/v2\/product_cat?post=2449"},{"taxonomy":"product_tag","embeddable":true,"href":"https:\/\/lyfilter.com\/de\/wp-json\/wp\/v2\/product_tag?post=2449"}],"curies":[{"name":"wp","href":"https:\/\/api.w.org\/{rel}","templated":true}]}}