{"id":2444,"date":"2026-01-07T02:50:46","date_gmt":"2026-01-07T02:50:46","guid":{"rendered":"https:\/\/lyfilter.com\/?post_type=product&#038;p=2444"},"modified":"2026-01-07T02:50:46","modified_gmt":"2026-01-07T02:50:46","slug":"factory-oem-sintered-porous-polyethylene-pe-filter-for-filtered-pipette-tips","status":"publish","type":"product","link":"https:\/\/lyfilter.com\/de\/factory-oem-sintered-porous-polyethylene-pe-filter-for-filtered-pipette-tips\/","title":{"rendered":"Fabrik OEM gesintert Por\u00f6se Polyethylen pe Filter f\u00fcr gefilterte Pipettenspitzen"},"content":{"rendered":"<div class=\"unit-detail-html-tabs__content-attr\">\n<div class=\"unit-product-attrparam\">\n<div class=\"unit-product-attrparam__items row\">\n<div class=\"col-12 col-md-6\">\n<div class=\"unit-product-attrparam__item\">\n<div class=\"unit-product-attrparam__label\">\n<table>\n<thead>\n<tr>\n<th>Artikel<\/th>\n<th>Details<\/th>\n<\/tr>\n<\/thead>\n<tbody>\n<tr>\n<td>Lieferf\u00e4higkeit<\/td>\n<td>1000000 St\u00fcck\/Monat<\/td>\n<\/tr>\n<tr>\n<td>Material<\/td>\n<td>pe<\/td>\n<\/tr>\n<tr>\n<td>Verf\u00fcgbarkeit<\/td>\n<td>Erstausr\u00fcster<\/td>\n<\/tr>\n<\/tbody>\n<\/table>\n<\/div>\n<\/div>\n<\/div>\n<\/div>\n<\/div>\n<\/div>\n<div class=\"unit-detail-html-tabs__content-featuresAttr\"><\/div>\n<div class=\"unit-detail-html-tabs__content-html\">\n<p><strong>Fabrik OEM gesintert Por\u00f6se Polyethylen pe Filter f\u00fcr gefilterte Pipettenspitzen<\/strong><\/p>\n<p>Der Pipettenfilter wird auch als Spitzenfilter, Pipettenfilter, Pipettenfilter usw. bezeichnet. Er besteht aus ultrahochmolekularem Polyethylen in medizinischer Qualit\u00e4t und wird in einem einzigartigen Verfahren verarbeitet, das hydrophob ist. Der hydrophobe Filter bildet eine starke Barriere f\u00fcr Aerosole und Fl\u00fcssigkeiten und verhindert so eine m\u00f6gliche Kreuzkontamination von Proben und Pipetten, die die Ergebnisse beeintr\u00e4chtigen k\u00f6nnte.<\/p>\n<p>Das Pipettenfilterelement wird bei hoher Temperatur verarbeitet, in einer sauberen Werkstatt hergestellt und verpackt, und jeder Prozess gew\u00e4hrleistet, dass keine Verunreinigungen auftreten.<\/p>\n<p>In das Pipetten-PE-Sinterfilterelement flie\u00dft die langj\u00e4hrige Produktionserfahrung der Guangzhou Filter Source Company ein. Es wird mit Pr\u00e4zisionsformen ohne Grate verarbeitet. Das Filterelement hat eine m\u00e4\u00dfige Elastizit\u00e4t und passt perfekt zum Innendurchmesser der Spitze, um Ihre anspruchsvollen Anforderungen an das Aussehen zu erf\u00fcllen. Die gesinterten PE-Filterelemente f\u00fcr Pipetten sind in Dutzenden von Spezifikationen erh\u00e4ltlich, um Ihre Anforderungen an ein differenziertes Produktdesign zu erf\u00fcllen.<\/p>\n<p><strong>Perfekte Barriere gegen Aerosole<\/strong><\/p>\n<p>Das Lvyuan-Filterelement f\u00fcr den Saugkopf besteht aus reinem, ultrahochmolekularem Polyethylen und wird in einem einzigartigen Verfahren verarbeitet, das hydrophob ist.<\/p>\n<p>Der hydrophobe Filter bildet eine starke Barriere f\u00fcr Aerosole und Fl\u00fcssigkeiten und verhindert eine m\u00f6gliche Kreuzkontamination von Proben und Pipetten, die die Ergebnisse beeintr\u00e4chtigen k\u00f6nnte.<\/p>\n<p><strong>RNase\/DNase frei<\/strong><\/p>\n<p>Lvyuan-Spitzen werden bei hoher Temperatur mit Filterelementen verarbeitet, in sauberen Werkst\u00e4tten hergestellt und verpackt, und jeder Prozess gew\u00e4hrleistet, dass keine RNase- und DNase-Verunreinigungen auftreten.<\/p>\n<p><strong>Erf\u00fcllen Sie Ihre anspruchsvollsten Anforderungen an das Erscheinungsbild<\/strong><\/p>\n<p>In das Lvyuan-Filterelement f\u00fcr den Saugkopf ist die Produktionserfahrung von Biocomma mit Hunderten von Millionen von Filterelementen eingeflossen. Es wird mit Pr\u00e4zisionsformen ohne Grate verarbeitet. Das Filterelement hat eine m\u00e4\u00dfige Elastizit\u00e4t und passt sich perfekt dem Innendurchmesser des Saugkopfes an, um Ihre anspruchsvollen Anforderungen an das Aussehen zu erf\u00fcllen. .<\/p>\n<p>Selbst das kleinste Element (Durchmesser 1,45 mm, Dicke 1,6 mm) ist kompromisslos in seiner Erscheinungspr\u00e4zision.<\/p>\n<p><strong>Eine Vielzahl von Spezifikationen zur Auswahl<\/strong><\/p>\n<p>Lvyuan-Filter f\u00fcr Ansaugspitzen sind in Dutzenden von Spezifikationen erh\u00e4ltlich, um Ihre differenzierten Anforderungen an das Produktdesign zu erf\u00fcllen.<\/p>\n<p><img decoding=\"async\" src=\"https:\/\/img.yfisher.com\/m6076\/1725732742htq\/jpg70-t3-scale100.webp\" alt=\"Fabrik OEM gesintert Por\u00f6se Polyethylen pe Filter f\u00fcr gefilterte Pipettenspitzen 6\" data-lazy=\"2\" title=\"\"><\/p>\n<p><strong>Lvyuan Pipettenspitzen 10ul<\/strong><\/p>\n<div class=\"table-responsive\">\n<table>\n<tbody>\n<tr class=\"firstRow\">\n<td valign=\"top\" width=\"199\"><strong>Artikel Nr.<\/strong><\/td>\n<td valign=\"top\" width=\"199\"><strong>Durchmesser (mm)<\/strong><\/td>\n<td valign=\"top\" width=\"199\"><strong>Dicke<\/strong><\/td>\n<td valign=\"top\" width=\"199\"><strong>Blende<\/strong><\/td>\n<td valign=\"top\" width=\"199\"><strong>Verwendung<\/strong><\/td>\n<td valign=\"top\" width=\"199\"><strong>Paket<\/strong><\/td>\n<\/tr>\n<tr>\n<td valign=\"top\" width=\"199\">LV10-14-16<\/td>\n<td valign=\"top\" width=\"199\">1.4<\/td>\n<td valign=\"top\" width=\"199\">1.6<\/td>\n<td valign=\"top\" width=\"199\">10<\/td>\n<td valign=\"top\" width=\"199\">10\u03bcL<\/td>\n<td valign=\"top\" width=\"199\">10000St\u00fcck\/Sack<\/td>\n<\/tr>\n<tr>\n<td valign=\"top\" width=\"199\">LV10-14-35<\/td>\n<td valign=\"top\" width=\"199\">1.4<\/td>\n<td valign=\"top\" width=\"199\">3.5<\/td>\n<td valign=\"top\" width=\"199\">10<\/td>\n<td valign=\"top\" width=\"199\">10\u03bcL<\/td>\n<td valign=\"top\" width=\"199\">10000St\u00fcck\/Sack<\/td>\n<\/tr>\n<tr>\n<td valign=\"top\" width=\"199\">LV10-16-35<\/td>\n<td valign=\"top\" width=\"199\">1.6<\/td>\n<td valign=\"top\" width=\"199\">3.5<\/td>\n<td valign=\"top\" width=\"199\">10<\/td>\n<td valign=\"top\" width=\"199\">10\u03bcL<\/td>\n<td valign=\"top\" width=\"199\">10000St\u00fcck\/Sack<\/td>\n<\/tr>\n<tr>\n<td valign=\"top\" width=\"199\">LV10-18-35<\/td>\n<td valign=\"top\" width=\"199\">1.8<\/td>\n<td valign=\"top\" width=\"199\">3.5<\/td>\n<td valign=\"top\" width=\"199\">10<\/td>\n<td valign=\"top\" width=\"199\">10\u03bcL<\/td>\n<td valign=\"top\" width=\"199\">10000St\u00fcck\/Sack<\/td>\n<\/tr>\n<\/tbody>\n<\/table>\n<\/div>\n<p><strong>Lvyuan Pipettenspitzen 200ul<\/strong><\/p>\n<div class=\"table-responsive\">\n<table>\n<tbody>\n<tr class=\"firstRow\">\n<td valign=\"top\" width=\"199\"><strong>Artikel Nr.<\/strong><\/td>\n<td valign=\"top\" width=\"199\"><strong>Durchmesser (mm)<\/strong><\/td>\n<td valign=\"top\" width=\"199\"><strong>Dicke<\/strong><\/td>\n<td valign=\"top\" width=\"199\"><strong>Blende<\/strong><\/td>\n<td valign=\"top\" width=\"199\"><strong>Verwendung<\/strong><\/td>\n<td valign=\"top\" width=\"199\"><strong>Paket<\/strong><\/td>\n<\/tr>\n<tr>\n<td valign=\"top\" width=\"199\">LV200-40-35<\/td>\n<td valign=\"top\" width=\"199\">4<\/td>\n<td valign=\"top\" width=\"199\">3.5<\/td>\n<td valign=\"top\" width=\"199\">10<\/td>\n<td valign=\"top\" width=\"199\">200\u03bcL<\/td>\n<td valign=\"top\" width=\"199\">10000St\u00fcck\/Sack<\/td>\n<\/tr>\n<tr>\n<td valign=\"top\" width=\"199\">LV200-41-35<\/td>\n<td valign=\"top\" width=\"199\">4.1<\/td>\n<td valign=\"top\" width=\"199\">3.5<\/td>\n<td valign=\"top\" width=\"199\">10<\/td>\n<td valign=\"top\" width=\"199\">200\u03bcL<\/td>\n<td valign=\"top\" width=\"199\">10000St\u00fcck\/Sack<\/td>\n<\/tr>\n<tr>\n<td valign=\"top\" width=\"199\">LV200-43-35<\/td>\n<td valign=\"top\" width=\"199\">4.3<\/td>\n<td valign=\"top\" width=\"199\">3.5<\/td>\n<td valign=\"top\" width=\"199\">10<\/td>\n<td valign=\"top\" width=\"199\">200\u03bcL<\/td>\n<td valign=\"top\" width=\"199\">10000St\u00fcck\/Sack<\/td>\n<\/tr>\n<tr>\n<td valign=\"top\" width=\"199\">LV200-45-35<\/td>\n<td valign=\"top\" width=\"199\">4.5<\/td>\n<td valign=\"top\" width=\"199\">3.5<\/td>\n<td valign=\"top\" width=\"199\">10<\/td>\n<td valign=\"top\" width=\"199\">200\u03bcL<\/td>\n<td valign=\"top\" width=\"199\">10000St\u00fcck\/Sack<\/td>\n<\/tr>\n<tr>\n<td valign=\"top\" width=\"199\">LV200-47-35<\/td>\n<td valign=\"top\" width=\"199\">4.7<\/td>\n<td valign=\"top\" width=\"199\">3.5<\/td>\n<td valign=\"top\" width=\"199\">10<\/td>\n<td valign=\"top\" width=\"199\">200\u03bcL<\/td>\n<td valign=\"top\" width=\"199\">10000St\u00fcck\/Sack<\/td>\n<\/tr>\n<tr>\n<td valign=\"top\" width=\"199\">LV200-49-35<\/td>\n<td valign=\"top\" width=\"199\">4.9<\/td>\n<td valign=\"top\" width=\"199\">3.5<\/td>\n<td valign=\"top\" width=\"199\">10<\/td>\n<td valign=\"top\" width=\"199\">200\u03bcL<\/td>\n<td valign=\"top\" width=\"199\">10000St\u00fcck\/Sack<\/td>\n<\/tr>\n<tr>\n<td valign=\"top\" width=\"199\">LV200-51-35<\/td>\n<td valign=\"top\" width=\"199\">5.1<\/td>\n<td valign=\"top\" width=\"199\">3.5<\/td>\n<td valign=\"top\" width=\"199\">10<\/td>\n<td valign=\"top\" width=\"199\">200\u03bcL<\/td>\n<td valign=\"top\" width=\"199\">10000St\u00fcck\/Sack<\/td>\n<\/tr>\n<\/tbody>\n<\/table>\n<\/div>\n<p><strong>Lvyuan Pipettenspitzen 1000ul<\/strong><\/p>\n<div class=\"table-responsive\">\n<table>\n<tbody>\n<tr class=\"firstRow\">\n<td valign=\"top\" width=\"199\"><strong>Artikel Nr.<\/strong><\/td>\n<td valign=\"top\" width=\"199\"><strong>Durchmesser (mm)<\/strong><\/td>\n<td valign=\"top\" width=\"199\"><strong>Dicke<\/strong><\/td>\n<td valign=\"top\" width=\"199\"><strong>Blende<\/strong><\/td>\n<td valign=\"top\" width=\"199\"><strong>Verwendung<\/strong><\/td>\n<td valign=\"top\" width=\"199\"><strong>Paket<\/strong><\/td>\n<\/tr>\n<tr>\n<td valign=\"top\" width=\"199\">LV1000-70-40<\/td>\n<td valign=\"top\" width=\"199\">7<\/td>\n<td valign=\"top\" width=\"199\">4<\/td>\n<td valign=\"top\" width=\"199\">10<\/td>\n<td valign=\"top\" width=\"199\">1000\u03bcL<\/td>\n<td valign=\"top\" width=\"199\">10000St\u00fcck\/Sack<\/td>\n<\/tr>\n<tr>\n<td valign=\"top\" width=\"199\">LV1000-71-40<\/td>\n<td valign=\"top\" width=\"199\">7.1<\/td>\n<td valign=\"top\" width=\"199\">4<\/td>\n<td valign=\"top\" width=\"199\">10<\/td>\n<td valign=\"top\" width=\"199\">1000\u03bcL<\/td>\n<td valign=\"top\" width=\"199\">10000St\u00fcck\/Sack<\/td>\n<\/tr>\n<tr>\n<td valign=\"top\" width=\"199\">LV1000-72-40<\/td>\n<td valign=\"top\" width=\"199\">7.2<\/td>\n<td valign=\"top\" width=\"199\">4<\/td>\n<td valign=\"top\" width=\"199\">10<\/td>\n<td valign=\"top\" width=\"199\">1000\u03bcL<\/td>\n<td valign=\"top\" width=\"199\">10000St\u00fcck\/Sack<\/td>\n<\/tr>\n<tr>\n<td valign=\"top\" width=\"199\">LV1000-74-40<\/td>\n<td valign=\"top\" width=\"199\">7.4<\/td>\n<td valign=\"top\" width=\"199\">4<\/td>\n<td valign=\"top\" width=\"199\">10<\/td>\n<td valign=\"top\" width=\"199\">1000\u03bcL<\/td>\n<td valign=\"top\" width=\"199\">10000St\u00fcck\/Sack<\/td>\n<\/tr>\n<\/tbody>\n<\/table>\n<\/div>\n<p><strong>Weitere Spezifikationen<\/strong><\/p>\n<div class=\"table-responsive\">\n<table>\n<tbody>\n<tr class=\"firstRow\">\n<td valign=\"top\" width=\"199\"><strong>Artikel Nr.<\/strong><\/td>\n<td valign=\"top\" width=\"199\"><strong>Durchmesser (mm)<\/strong><\/td>\n<td valign=\"top\" width=\"199\"><strong>Dicke<\/strong><\/td>\n<td valign=\"top\" width=\"199\"><strong>Dicke<\/strong><\/td>\n<td valign=\"top\" width=\"199\"><strong>Dicke<\/strong><\/td>\n<td valign=\"top\" width=\"199\"><strong>Dicke<\/strong><\/td>\n<\/tr>\n<tr>\n<td colspan=\"1\" rowspan=\"1\" valign=\"top\">LV1<\/td>\n<td colspan=\"1\" rowspan=\"1\" valign=\"top\">1.2<\/td>\n<td colspan=\"1\" rowspan=\"1\" valign=\"top\">3.0<\/td>\n<td colspan=\"1\" rowspan=\"1\" valign=\"top\">3.5<\/td>\n<td colspan=\"1\" rowspan=\"1\" valign=\"top\">4.0<\/td>\n<td colspan=\"1\" rowspan=\"1\" valign=\"top\">5.0<\/td>\n<\/tr>\n<tr>\n<td valign=\"top\" width=\"243\">LV2<\/td>\n<td valign=\"top\" width=\"243\">1.3<\/td>\n<td valign=\"top\" width=\"243\">3.0<\/td>\n<td valign=\"top\" width=\"243\">3.5<\/td>\n<td valign=\"top\" width=\"243\">4.0<\/td>\n<td valign=\"top\" width=\"243\">5.0<\/td>\n<\/tr>\n<tr>\n<td valign=\"top\" width=\"243\">LV3<\/td>\n<td valign=\"top\" width=\"243\">1.4<\/td>\n<td valign=\"top\" width=\"243\">3.0<\/td>\n<td valign=\"top\" width=\"243\">3.5<\/td>\n<td valign=\"top\" width=\"243\">4.0<\/td>\n<td valign=\"top\" width=\"243\">5.0<\/td>\n<\/tr>\n<tr>\n<td valign=\"top\" width=\"243\">LV4<\/td>\n<td valign=\"top\" width=\"243\">1.5<\/td>\n<td valign=\"top\" width=\"243\">3.0<\/td>\n<td valign=\"top\" width=\"243\">3.5<\/td>\n<td valign=\"top\" width=\"243\">4.0<\/td>\n<td valign=\"top\" width=\"243\">5.0<\/td>\n<\/tr>\n<tr>\n<td valign=\"top\" width=\"243\">LV9<\/td>\n<td valign=\"top\" width=\"243\">2.0<\/td>\n<td valign=\"top\" width=\"243\">3.0<\/td>\n<td valign=\"top\" width=\"243\">3.5<\/td>\n<td valign=\"top\" width=\"243\">4.0<\/td>\n<td valign=\"top\" width=\"243\">5.0<\/td>\n<\/tr>\n<tr>\n<td valign=\"top\" width=\"243\">LV10<\/td>\n<td valign=\"top\" width=\"243\">2.1<\/td>\n<td valign=\"top\" width=\"243\">3.0<\/td>\n<td valign=\"top\" width=\"243\">3.5<\/td>\n<td valign=\"top\" width=\"243\">4.0<\/td>\n<td valign=\"top\" width=\"243\">5.0<\/td>\n<\/tr>\n<tr>\n<td valign=\"top\" width=\"243\">LV11<\/td>\n<td valign=\"top\" width=\"243\">2.23<\/td>\n<td valign=\"top\" width=\"243\">3.0<\/td>\n<td valign=\"top\" width=\"243\">3.5<\/td>\n<td valign=\"top\" width=\"243\">4.0<\/td>\n<td valign=\"top\" width=\"243\">5.0<\/td>\n<\/tr>\n<tr>\n<td valign=\"top\" width=\"243\">LV12<\/td>\n<td valign=\"top\" width=\"243\">2.63<\/td>\n<td valign=\"top\" width=\"243\">3.0<\/td>\n<td valign=\"top\" width=\"243\">3.5<\/td>\n<td valign=\"top\" width=\"243\">4.0<\/td>\n<td valign=\"top\" width=\"243\">5.0<\/td>\n<\/tr>\n<tr>\n<td valign=\"top\" width=\"243\">LV16<\/td>\n<td valign=\"top\" width=\"243\">3.0<\/td>\n<td valign=\"top\" width=\"243\">3.0<\/td>\n<td valign=\"top\" width=\"243\">3.5<\/td>\n<td valign=\"top\" width=\"243\">4.0<\/td>\n<td valign=\"top\" width=\"243\">5.0<\/td>\n<\/tr>\n<tr>\n<td valign=\"top\" width=\"243\">LV17<\/td>\n<td valign=\"top\" width=\"243\">3.1<\/td>\n<td valign=\"top\" width=\"243\">3.0<\/td>\n<td valign=\"top\" width=\"243\">3.5<\/td>\n<td valign=\"top\" width=\"243\">4.0<\/td>\n<td valign=\"top\" width=\"243\">5.0<\/td>\n<\/tr>\n<tr>\n<td valign=\"top\" width=\"243\">LV18<\/td>\n<td valign=\"top\" width=\"243\">3.2<\/td>\n<td valign=\"top\" width=\"243\">3.0<\/td>\n<td valign=\"top\" width=\"243\">3.5<\/td>\n<td valign=\"top\" width=\"243\">4.0<\/td>\n<td valign=\"top\" width=\"243\">5.0<\/td>\n<\/tr>\n<tr>\n<td colspan=\"1\" rowspan=\"1\" valign=\"top\">LV19<\/td>\n<td colspan=\"1\" rowspan=\"1\" valign=\"top\">3.3<\/td>\n<td colspan=\"1\" rowspan=\"1\" valign=\"top\">3.0<\/td>\n<td colspan=\"1\" rowspan=\"1\" valign=\"top\">3.5<\/td>\n<td colspan=\"1\" rowspan=\"1\" valign=\"top\">4.0<\/td>\n<td colspan=\"1\" rowspan=\"1\" valign=\"top\">5.0<\/td>\n<\/tr>\n<tr>\n<td colspan=\"1\" rowspan=\"1\" valign=\"top\">LV26<\/td>\n<td colspan=\"1\" rowspan=\"1\" valign=\"top\">4.02<\/td>\n<td colspan=\"1\" rowspan=\"1\" valign=\"top\">3.0<\/td>\n<td colspan=\"1\" rowspan=\"1\" valign=\"top\">3.5<\/td>\n<td colspan=\"1\" rowspan=\"1\" valign=\"top\">4.0<\/td>\n<td colspan=\"1\" rowspan=\"1\" valign=\"top\">5.0<\/td>\n<\/tr>\n<tr>\n<td colspan=\"1\" rowspan=\"1\" valign=\"top\">LV27<\/td>\n<td colspan=\"1\" rowspan=\"1\" valign=\"top\">4.1<\/td>\n<td colspan=\"1\" rowspan=\"1\" valign=\"top\">3.0<\/td>\n<td colspan=\"1\" rowspan=\"1\" valign=\"top\">3.5<\/td>\n<td colspan=\"1\" rowspan=\"1\" valign=\"top\">4.0<\/td>\n<td colspan=\"1\" rowspan=\"1\" valign=\"top\">5.0<\/td>\n<\/tr>\n<tr>\n<td colspan=\"1\" rowspan=\"1\" valign=\"top\">LV28<\/td>\n<td colspan=\"1\" rowspan=\"1\" valign=\"top\">4.2<\/td>\n<td colspan=\"1\" rowspan=\"1\" valign=\"top\">3.0<\/td>\n<td colspan=\"1\" rowspan=\"1\" valign=\"top\">3.5<\/td>\n<td colspan=\"1\" rowspan=\"1\" valign=\"top\">4.0<\/td>\n<td colspan=\"1\" rowspan=\"1\" valign=\"top\">5.0<\/td>\n<\/tr>\n<\/tbody>\n<\/table>\n<\/div>\n<p><img decoding=\"async\" src=\"https:\/\/img.yfisher.com\/m6076\/17257327423e8\/jpg70-t3-scale100.webp\" alt=\"Fabrik OEM gesintert Por\u00f6se Polyethylen pe Filter f\u00fcr gefilterte Pipettenspitzen 7\" data-lazy=\"2\" title=\"\"><\/p>\n<\/div>","protected":false},"excerpt":{"rendered":"<table>\n<thead>\n<tr>\n<th>Artikel<\/th>\n<th>Details<\/th>\n<\/tr>\n<\/thead>\n<tbody>\n<tr>\n<td>Startport<\/td>\n<td>Guangzhou<\/td>\n<\/tr>\n<tr>\n<td>Produktionskapazit\u00e4t<\/td>\n<td>10000 Einheiten\/Monat<\/td>\n<\/tr>\n<tr>\n<td>Herkunftsort<\/td>\n<td>Guangdong, China<\/td>\n<\/tr>\n<tr>\n<td>Zahlung<\/td>\n<td>T\/T, Alibaba Trade Assurance, paypal<\/td>\n<\/tr>\n<tr>\n<td>moq<\/td>\n<td>1 St\u00fcck<\/td>\n<\/tr>\n<tr>\n<td>Lieferfrist<\/td>\n<td>innerhalb von 7 Arbeitstagen<\/td>\n<\/tr>\n<tr>\n<td>Zertifizierung<\/td>\n<td>ISO 9001<\/td>\n<\/tr>\n<tr>\n<td>Marke<\/td>\n<td>OEM\/Lvyuan<\/td>\n<\/tr>\n<\/tbody>\n<\/table>","protected":false},"featured_media":2451,"comment_status":"open","ping_status":"closed","template":"","meta":{"_gspb_post_css":""},"product_brand":[],"product_cat":[24],"product_tag":[956,967,964,260,955,965],"class_list":{"0":"post-2444","1":"product","2":"type-product","3":"status-publish","4":"has-post-thumbnail","6":"product_cat-sintered-porous-plastic","7":"product_tag-1-piece-moq","8":"product_tag-7-day-delivery","9":"product_tag-guangdong-manufacturer","10":"product_tag-iso-9001","11":"product_tag-oem-packaging","12":"product_tag-paper-tubes","14":"first","15":"instock","16":"shipping-taxable","17":"product-type-simple"},"_links":{"self":[{"href":"https:\/\/lyfilter.com\/de\/wp-json\/wp\/v2\/product\/2444","targetHints":{"allow":["GET"]}}],"collection":[{"href":"https:\/\/lyfilter.com\/de\/wp-json\/wp\/v2\/product"}],"about":[{"href":"https:\/\/lyfilter.com\/de\/wp-json\/wp\/v2\/types\/product"}],"replies":[{"embeddable":true,"href":"https:\/\/lyfilter.com\/de\/wp-json\/wp\/v2\/comments?post=2444"}],"wp:featuredmedia":[{"embeddable":true,"href":"https:\/\/lyfilter.com\/de\/wp-json\/wp\/v2\/media\/2451"}],"wp:attachment":[{"href":"https:\/\/lyfilter.com\/de\/wp-json\/wp\/v2\/media?parent=2444"}],"wp:term":[{"taxonomy":"product_brand","embeddable":true,"href":"https:\/\/lyfilter.com\/de\/wp-json\/wp\/v2\/product_brand?post=2444"},{"taxonomy":"product_cat","embeddable":true,"href":"https:\/\/lyfilter.com\/de\/wp-json\/wp\/v2\/product_cat?post=2444"},{"taxonomy":"product_tag","embeddable":true,"href":"https:\/\/lyfilter.com\/de\/wp-json\/wp\/v2\/product_tag?post=2444"}],"curies":[{"name":"wp","href":"https:\/\/api.w.org\/{rel}","templated":true}]}}