{"id":2438,"date":"2026-01-07T02:46:54","date_gmt":"2026-01-07T02:46:54","guid":{"rendered":"https:\/\/lyfilter.com\/?post_type=product&#038;p=2438"},"modified":"2026-01-07T02:47:17","modified_gmt":"2026-01-07T02:47:17","slug":"factory-price-sintered-porous-pe-pp-filter-discs","status":"publish","type":"product","link":"https:\/\/lyfilter.com\/de\/factory-price-sintered-porous-pe-pp-filter-discs\/","title":{"rendered":"Fabrikpreis gesinterte por\u00f6se PE PP Filterscheiben"},"content":{"rendered":"<div class=\"unit-detail-html-tabs__content-attr\">\n<div class=\"unit-product-attrparam\">\n<div class=\"unit-product-attrparam__items row\">\n<div class=\"col-12 col-md-6\">\n<div class=\"unit-product-attrparam__item\">\n<div class=\"unit-product-attrparam__label\">\n<table>\n<thead>\n<tr>\n<th>Artikel<\/th>\n<th>Details<\/th>\n<\/tr>\n<\/thead>\n<tbody>\n<tr>\n<td>Lieferf\u00e4higkeit<\/td>\n<td>1000000 St\u00fcck\/Monat<\/td>\n<\/tr>\n<tr>\n<td>Material<\/td>\n<td>Seiten<\/td>\n<\/tr>\n<tr>\n<td>Verf\u00fcgbarkeit<\/td>\n<td>Erstausr\u00fcster<\/td>\n<\/tr>\n<\/tbody>\n<\/table>\n<\/div>\n<\/div>\n<\/div>\n<\/div>\n<\/div>\n<\/div>\n<div class=\"unit-detail-html-tabs__content-html\">\n<p><strong>Fabrikpreis gesinterte por\u00f6se PE PP Filterscheiben<\/strong><\/p>\n<p>Der Batteriefilter, die explosionssichere Platte, der S\u00e4urefilter, der Entl\u00fcfter, der Luftfilter, die Abluftplatte, der Staubfilter, der Staubfilterstopfen und andere Produkte, die von unserer Fabrik hergestellt werden, entsprechen streng dem Standard des ventilgeregelten Blei-S\u00e4ure-Speicher-Sicherheitsventils, dem mikropor\u00f6sen S\u00e4urefilter JB\/T11340.5-2012. Das Produkt wird aus PE\/PP-Pulver durch wissenschaftliches Proportionssintern hergestellt, das die Eigenschaften von hoher Festigkeit, einheitlichem Porendurchmesser, guter Durchl\u00e4ssigkeit usw. hat. Der PP-Filter wird sich nach 400 Stunden bei 150 \u2103 nicht verformen oder vergilben. Die Produktspezifikationen sind 5-30mm im Durchmesser und 2-7mm in der Dicke. Spezielle Spezifikationen k\u00f6nnen angepasst werden.<\/p>\n<p>&nbsp;<\/p>\n<div class=\"table-responsive\">\n<table>\n<tbody>\n<tr class=\"firstRow\">\n<td valign=\"top\" height=\"20\">Durchmesser<\/td>\n<td valign=\"top\" height=\"20\">10mm,20mm,30mm,40mm,50mm,60mm,70mm,80mm,90mm,100mm,110mm,<br \/>\n120mm, 200mm, etc.<\/td>\n<\/tr>\n<tr>\n<td valign=\"top\">Dicke<\/td>\n<td valign=\"top\">2-7mm<\/td>\n<\/tr>\n<tr>\n<td valign=\"top\">Mikron-Rate<\/td>\n<td valign=\"top\">1um,5um,10um,20um,30um,etc.<\/td>\n<\/tr>\n<tr>\n<td valign=\"top\">Arbeitstemperatur<\/td>\n<td valign=\"top\">PE\u226480\u2103; PTFE\u2265200\u2103;PA\u2264120\u2103<\/td>\n<\/tr>\n<tr>\n<td valign=\"top\">Filter-Anschluss<\/td>\n<td valign=\"top\">FLACH, EINSATZTYP, GEWINDETYP, 226, 222, 215, KUNDENSPEZIFISCH<\/td>\n<\/tr>\n<tr>\n<td valign=\"top\">Bemerkung<\/td>\n<td valign=\"top\">Filtergr\u00f6\u00dfe und Mikronzahl k\u00f6nnen individuell angepasst werden. Kleinere Gr\u00f6\u00dfe oder gr\u00f6\u00dfere Gr\u00f6\u00dfe!<\/td>\n<\/tr>\n<\/tbody>\n<\/table>\n<\/div>\n<p>&nbsp;<\/p>\n<div class=\"table-responsive\">\n<table data-sort=\"sortDisabled\">\n<tbody>\n<tr class=\"firstRow\">\n<td colspan=\"8\" rowspan=\"1\" align=\"center\" valign=\"top\">Die Spezifikationen der bestehenden Filterscheibenform<\/td>\n<\/tr>\n<tr>\n<td valign=\"top\">Durchmesser (mm)<\/td>\n<td valign=\"top\">Dicke (mm)<\/td>\n<td valign=\"top\"><\/td>\n<td valign=\"top\">Durchmesser (mm)<\/td>\n<td valign=\"top\">Dicke (mm)<\/td>\n<td valign=\"top\"><\/td>\n<td valign=\"top\">Durchmesser (mm)<\/td>\n<td valign=\"top\">Dicke (mm)<\/td>\n<\/tr>\n<tr>\n<td valign=\"top\">10<\/td>\n<td valign=\"top\">3<\/td>\n<td valign=\"top\"><\/td>\n<td valign=\"top\">18<\/td>\n<td valign=\"top\">3.1<\/td>\n<td valign=\"top\"><\/td>\n<td valign=\"top\">15<\/td>\n<td valign=\"top\">3<\/td>\n<\/tr>\n<tr>\n<td valign=\"top\">4<\/td>\n<td valign=\"top\">3<\/td>\n<td valign=\"top\"><\/td>\n<td valign=\"top\">9.8<\/td>\n<td valign=\"top\">3<\/td>\n<td valign=\"top\"><\/td>\n<td valign=\"top\">12<\/td>\n<td valign=\"top\">3<\/td>\n<\/tr>\n<tr>\n<td valign=\"top\">13<\/td>\n<td valign=\"top\">3<\/td>\n<td valign=\"top\"><\/td>\n<td valign=\"top\">8<\/td>\n<td valign=\"top\">2.5<\/td>\n<td valign=\"top\"><\/td>\n<td valign=\"top\">8.8<\/td>\n<td valign=\"top\">2.2<\/td>\n<\/tr>\n<tr>\n<td valign=\"top\">5<\/td>\n<td valign=\"top\">3.5<\/td>\n<td valign=\"top\"><\/td>\n<td valign=\"top\">14.45<\/td>\n<td valign=\"top\">4<\/td>\n<td valign=\"top\"><\/td>\n<td valign=\"top\">17<\/td>\n<td valign=\"top\">3.2<\/td>\n<\/tr>\n<tr>\n<td valign=\"top\">12.6<\/td>\n<td valign=\"top\">3.2<\/td>\n<td valign=\"top\"><\/td>\n<td valign=\"top\">25<\/td>\n<td valign=\"top\">3<\/td>\n<td valign=\"top\"><\/td>\n<td valign=\"top\">20<\/td>\n<td valign=\"top\">3.2<\/td>\n<\/tr>\n<tr>\n<td valign=\"top\">16.2<\/td>\n<td valign=\"top\">3.5<\/td>\n<td valign=\"top\"><\/td>\n<td valign=\"top\">16<\/td>\n<td valign=\"top\">2.5<\/td>\n<td valign=\"top\"><\/td>\n<td valign=\"top\">16<\/td>\n<td valign=\"top\">5.5<\/td>\n<\/tr>\n<tr>\n<td valign=\"top\">23<\/td>\n<td valign=\"top\">1.6<\/td>\n<td valign=\"top\"><\/td>\n<td valign=\"top\">13<\/td>\n<td valign=\"top\">3.4<\/td>\n<td valign=\"top\"><\/td>\n<td valign=\"top\">6.1<\/td>\n<td valign=\"top\">3<\/td>\n<\/tr>\n<tr>\n<td valign=\"top\">8.5<\/td>\n<td valign=\"top\">3<\/td>\n<td valign=\"top\"><\/td>\n<td valign=\"top\">16.1<\/td>\n<td valign=\"top\">2.65<\/td>\n<td valign=\"top\"><\/td>\n<td valign=\"top\">8.5<\/td>\n<td valign=\"top\">2<\/td>\n<\/tr>\n<\/tbody>\n<\/table>\n<\/div>\n<p><img decoding=\"async\" src=\"https:\/\/img.yfisher.com\/m6076\/1725732739cgm\/jpg70-t3-scale100.webp\" alt=\"Fabrikpreis gesinterte por\u00f6se PE PP Filterscheiben 5\" data-lazy=\"2\" title=\"\"><\/p>\n<\/div>","protected":false},"excerpt":{"rendered":"<table>\n<thead>\n<tr>\n<th>Artikel<\/th>\n<th>Details<\/th>\n<\/tr>\n<\/thead>\n<tbody>\n<tr>\n<td>Startport<\/td>\n<td>Guangzhou<\/td>\n<\/tr>\n<tr>\n<td>Produktionskapazit\u00e4t<\/td>\n<td>10000 Einheiten\/Monat<\/td>\n<\/tr>\n<tr>\n<td>Herkunftsort<\/td>\n<td>Guangdong, China<\/td>\n<\/tr>\n<tr>\n<td>Zahlung<\/td>\n<td>T\/T, Western Union, Alibaba Trade Assurance, paypal<\/td>\n<\/tr>\n<tr>\n<td>moq<\/td>\n<td>1 St\u00fcck<\/td>\n<\/tr>\n<tr>\n<td>Lieferfrist<\/td>\n<td>Innerhalb von 7 Arbeitstagen<\/td>\n<\/tr>\n<tr>\n<td>Marke<\/td>\n<td>OEM\/Lvyuan<\/td>\n<\/tr>\n<\/tbody>\n<\/table>","protected":false},"featured_media":2445,"comment_status":"open","ping_status":"closed","template":"","meta":{"_gspb_post_css":""},"product_brand":[],"product_cat":[24],"product_tag":[956,279,964,965,288,971],"class_list":{"0":"post-2438","1":"product","2":"type-product","3":"status-publish","4":"has-post-thumbnail","6":"product_cat-sintered-porous-plastic","7":"product_tag-1-piece-moq","8":"product_tag-alibaba-trade-assurance","9":"product_tag-guangdong-manufacturer","10":"product_tag-paper-tubes","11":"product_tag-paypal","12":"product_tag-western-union","14":"first","15":"instock","16":"shipping-taxable","17":"product-type-simple"},"_links":{"self":[{"href":"https:\/\/lyfilter.com\/de\/wp-json\/wp\/v2\/product\/2438","targetHints":{"allow":["GET"]}}],"collection":[{"href":"https:\/\/lyfilter.com\/de\/wp-json\/wp\/v2\/product"}],"about":[{"href":"https:\/\/lyfilter.com\/de\/wp-json\/wp\/v2\/types\/product"}],"replies":[{"embeddable":true,"href":"https:\/\/lyfilter.com\/de\/wp-json\/wp\/v2\/comments?post=2438"}],"wp:featuredmedia":[{"embeddable":true,"href":"https:\/\/lyfilter.com\/de\/wp-json\/wp\/v2\/media\/2445"}],"wp:attachment":[{"href":"https:\/\/lyfilter.com\/de\/wp-json\/wp\/v2\/media?parent=2438"}],"wp:term":[{"taxonomy":"product_brand","embeddable":true,"href":"https:\/\/lyfilter.com\/de\/wp-json\/wp\/v2\/product_brand?post=2438"},{"taxonomy":"product_cat","embeddable":true,"href":"https:\/\/lyfilter.com\/de\/wp-json\/wp\/v2\/product_cat?post=2438"},{"taxonomy":"product_tag","embeddable":true,"href":"https:\/\/lyfilter.com\/de\/wp-json\/wp\/v2\/product_tag?post=2438"}],"curies":[{"name":"wp","href":"https:\/\/api.w.org\/{rel}","templated":true}]}}