{"id":2419,"date":"2026-01-07T02:33:33","date_gmt":"2026-01-07T02:33:33","guid":{"rendered":"https:\/\/lyfilter.com\/?post_type=product&#038;p=2419"},"modified":"2026-01-07T02:33:33","modified_gmt":"2026-01-07T02:33:33","slug":"oem-micro-316-stainless-steel-filter-cartridge-sintered-metal-powder-filter-element","status":"publish","type":"product","link":"https:\/\/lyfilter.com\/de\/oem-micro-316-stainless-steel-filter-cartridge-sintered-metal-powder-filter-element\/","title":{"rendered":"OEM Mikro 316 Edelstahl Filterpatrone Gesintertes Metallpulver Filterelement"},"content":{"rendered":"<div class=\"unit-detail-html-tabs__content-attr\">\n<div class=\"unit-product-attrparam\">\n<div class=\"unit-product-attrparam__items row\">\n<div class=\"col-12 col-md-6\">\n<div class=\"unit-product-attrparam__item\">\n<div class=\"unit-product-attrparam__label\">\n<table>\n<thead>\n<tr>\n<th>Artikel<\/th>\n<th>Details<\/th>\n<\/tr>\n<\/thead>\n<tbody>\n<tr>\n<td>Lieferf\u00e4higkeit<\/td>\n<td>1000000 St\u00fcck\/Monat<\/td>\n<\/tr>\n<tr>\n<td>Material<\/td>\n<td>rostfreier Stahl<\/td>\n<\/tr>\n<tr>\n<td>Verf\u00fcgbarkeit<\/td>\n<td>Erstausr\u00fcster<\/td>\n<\/tr>\n<\/tbody>\n<\/table>\n<\/div>\n<\/div>\n<\/div>\n<\/div>\n<\/div>\n<\/div>\n<div class=\"unit-detail-html-tabs__content-featuresAttr\"><\/div>\n<div class=\"unit-detail-html-tabs__content-html\">\n<p>Das Edelstahl-Sintermetall-Filterelement zeichnet sich durch glatte Poren, einfache Reinigung, hohe Temperaturbest\u00e4ndigkeit, Korrosionsbest\u00e4ndigkeit, keine Abl\u00f6sung des Drahtgeflechts und einen langen Filtrationszyklus aus. Edelstahlfaser-Sinterfilz ist ein por\u00f6ses Tiefenfiltermaterial, das aus bei hoher Temperatur gesinterten Edelstahlfasern besteht. Sein gefalteter Wellenkern hat die Eigenschaften einer hohen Porosit\u00e4t, einer guten Luftdurchl\u00e4ssigkeit, einer starken Schmutzaufnahmekapazit\u00e4t und einer starken Regenerationsf\u00e4higkeit. Hauptmerkmale: gro\u00dfe Filtrationsfl\u00e4che (5-10 mal so gro\u00df wie bei gew\u00f6hnlichen zylindrischen Filterelementen), gro\u00dfer Bereich der Filtrationsgenauigkeit (1-300um) Hauptanschlussmethoden: Standardschnittstelle (wie 222, 220, 226), Schnellschnittstellenanschluss, Gewindeanschluss, Flanschanschluss, Zugstangenanschluss, spezielle kundenspezifische Schnittstelle. Es wird haupts\u00e4chlich bei der Filtration von hochmolekularen Polymeren und \u00d6l-Wasser-Behandlung, Hochtemperatur-Gas, Pharmazeutika und anderen Medien verwendet.<\/p>\n<p><img decoding=\"async\" src=\"https:\/\/img.yfisher.com\/m6076\/1725732731zgv\/jpg70-t3-scale100.webp\" alt=\"OEM Mikro 316 Edelstahl Filterpatrone Gesintertes Metallpulver Filterelement 6\" data-lazy=\"2\" title=\"\"><\/p>\n<p><img decoding=\"async\" src=\"https:\/\/img.yfisher.com\/m6076\/1725732731pwm\/jpg70-t3-scale100.webp\" alt=\"OEM Mikro 316 Edelstahl Filterpatrone Gesintertes Metallpulver Filterelement 7\" data-lazy=\"2\" title=\"\"><\/p>\n<p><img decoding=\"async\" src=\"https:\/\/img.yfisher.com\/m6076\/1725732731sr3\/jpg70-t3-scale100.webp\" alt=\"OEM Mikro 316 Edelstahl Filterpatrone Gesintertes Metallpulver Filterelement 8\" data-lazy=\"2\" title=\"\"><\/p>\n<p><img decoding=\"async\" src=\"https:\/\/img.yfisher.com\/m6076\/1725732731hc6\/jpg70-t3-scale100.webp\" alt=\"OEM Mikro 316 Edelstahl Filterpatrone Gesintertes Metallpulver Filterelement 9\" data-lazy=\"2\" title=\"\"><\/p>\n<p><img decoding=\"async\" src=\"https:\/\/img.yfisher.com\/m6076\/172573273176j\/jpg70-t3-scale100.webp\" alt=\"OEM Mikro 316 Edelstahl Filterpatrone Gesintertes Metallpulver Filterelement 10\" data-lazy=\"2\" title=\"\"><\/p>\n<p><img decoding=\"async\" src=\"https:\/\/img.yfisher.com\/m6076\/1725732731t9s\/jpg70-t3-scale100.webp\" alt=\"OEM Mikro 316 Edelstahl Filterpatrone Gesintertes Metallpulver Filterelement 11\" data-lazy=\"2\" title=\"\"><\/p>\n<\/div>","protected":false},"excerpt":{"rendered":"<table>\n<thead>\n<tr>\n<th>Artikel<\/th>\n<th>Details<\/th>\n<\/tr>\n<\/thead>\n<tbody>\n<tr>\n<td>Startport<\/td>\n<td>Guangzhou<\/td>\n<\/tr>\n<tr>\n<td>Produktionskapazit\u00e4t<\/td>\n<td>10000 Einheiten\/Monat<\/td>\n<\/tr>\n<tr>\n<td>Herkunftsort<\/td>\n<td>Guangdong, China<\/td>\n<\/tr>\n<tr>\n<td>Zahlung<\/td>\n<td>T\/T, Alibaba Trade Assurance, paypal<\/td>\n<\/tr>\n<tr>\n<td>moq<\/td>\n<td>1 St\u00fcck<\/td>\n<\/tr>\n<tr>\n<td>Lieferfrist<\/td>\n<td>Innerhalb von 7 Arbeitstagen<\/td>\n<\/tr>\n<tr>\n<td>Zertifizierung<\/td>\n<td>ISO 9001<\/td>\n<\/tr>\n<\/tbody>\n<\/table>","protected":false},"featured_media":2427,"comment_status":"open","ping_status":"closed","template":"","meta":{"_gspb_post_css":""},"product_brand":[],"product_cat":[17,18],"product_tag":[956,279,969,970,260,965],"class_list":{"0":"post-2419","1":"product","2":"type-product","3":"status-publish","4":"has-post-thumbnail","6":"product_cat-sediment-filter","7":"product_cat-sintered-metal-filters","8":"product_tag-1-piece-moq","9":"product_tag-alibaba-trade-assurance","10":"product_tag-custom-packaging","11":"product_tag-guangdong-factory","12":"product_tag-iso-9001","13":"product_tag-paper-tubes","15":"first","16":"instock","17":"shipping-taxable","18":"product-type-simple"},"_links":{"self":[{"href":"https:\/\/lyfilter.com\/de\/wp-json\/wp\/v2\/product\/2419","targetHints":{"allow":["GET"]}}],"collection":[{"href":"https:\/\/lyfilter.com\/de\/wp-json\/wp\/v2\/product"}],"about":[{"href":"https:\/\/lyfilter.com\/de\/wp-json\/wp\/v2\/types\/product"}],"replies":[{"embeddable":true,"href":"https:\/\/lyfilter.com\/de\/wp-json\/wp\/v2\/comments?post=2419"}],"wp:featuredmedia":[{"embeddable":true,"href":"https:\/\/lyfilter.com\/de\/wp-json\/wp\/v2\/media\/2427"}],"wp:attachment":[{"href":"https:\/\/lyfilter.com\/de\/wp-json\/wp\/v2\/media?parent=2419"}],"wp:term":[{"taxonomy":"product_brand","embeddable":true,"href":"https:\/\/lyfilter.com\/de\/wp-json\/wp\/v2\/product_brand?post=2419"},{"taxonomy":"product_cat","embeddable":true,"href":"https:\/\/lyfilter.com\/de\/wp-json\/wp\/v2\/product_cat?post=2419"},{"taxonomy":"product_tag","embeddable":true,"href":"https:\/\/lyfilter.com\/de\/wp-json\/wp\/v2\/product_tag?post=2419"}],"curies":[{"name":"wp","href":"https:\/\/api.w.org\/{rel}","templated":true}]}}