{"id":2414,"date":"2026-01-07T02:31:13","date_gmt":"2026-01-07T02:31:13","guid":{"rendered":"https:\/\/lyfilter.com\/?post_type=product&#038;p=2414"},"modified":"2026-01-07T02:31:13","modified_gmt":"2026-01-07T02:31:13","slug":"factory-price-stainless-steel-filter-cartridge-ss-filter-element","status":"publish","type":"product","link":"https:\/\/lyfilter.com\/de\/factory-price-stainless-steel-filter-cartridge-ss-filter-element\/","title":{"rendered":"Fabrikpreis Edelstahl-Filterpatrone SS-Filterelement"},"content":{"rendered":"<div class=\"unit-detail-html-tabs__content-attr\">\n<div class=\"unit-product-attrparam\">\n<div class=\"unit-product-attrparam__items row\">\n<div class=\"col-12 col-md-6\">\n<div class=\"unit-product-attrparam__item\">\n<div class=\"unit-product-attrparam__label\">\n<table>\n<thead>\n<tr>\n<th>Artikel<\/th>\n<th>Details<\/th>\n<\/tr>\n<\/thead>\n<tbody>\n<tr>\n<td>Lieferf\u00e4higkeit<\/td>\n<td>1000000 St\u00fcck\/Monat<\/td>\n<\/tr>\n<tr>\n<td>Material<\/td>\n<td>rostfreier Stahl<\/td>\n<\/tr>\n<\/tbody>\n<\/table>\n<\/div>\n<\/div>\n<\/div>\n<\/div>\n<\/div>\n<\/div>\n<div class=\"unit-detail-html-tabs__content-featuresAttr\"><\/div>\n<div class=\"unit-detail-html-tabs__content-html\">\n<p>Die Edelstahl-Filterpatrone SS Filterelement hat eine sehr gute Filtrationsleistung, und kann eine gleichm\u00e4\u00dfige Oberfl\u00e4che Filtration Leistung f\u00fcr die Filtration Partikelgr\u00f6\u00dfe von 2-200um aus\u00fcben. Das Hauptfiltermaterial ist ein mehrschichtiges, gesintertes Edelstahlgewebe, und die Filtergenauigkeit betr\u00e4gt 0,5-200 um. Die Abmessungen k\u00f6nnen je nach den Anforderungen des Benutzers angepasst werden.<\/p>\n<p>Porosit\u00e4t (28%-50%), Porengr\u00f6\u00dfe (4u-160u) und Filtrationsgenauigkeit (0,2um-100um), kreuzweise Kan\u00e4le, hohe Temperaturbest\u00e4ndigkeit, schnelle Abk\u00fchlung und schnelle Hitzebest\u00e4ndigkeit. Anti-Korrosion. Er ist f\u00fcr eine Vielzahl von korrosiven Medien wie S\u00e4uren und Laugen geeignet. Das Filterelement aus rostfreiem Stahl kann allgemeiner S\u00e4ure-Base- und organischer Korrosion widerstehen und eignet sich besonders f\u00fcr die Filterung schwefelhaltiger Gase. Es hat eine hohe Festigkeit und gute Z\u00e4higkeit. Es ist f\u00fcr Hochdruckumgebungen geeignet. Es kann geschwei\u00dft werden und ist leicht zu be- und entladen. Stabile Porenform und gleichm\u00e4\u00dfige Verteilung gew\u00e4hrleisten eine stabile Filtrationsleistung. Gute Regenerationsleistung. Nach wiederholter Reinigung und Regenerierung wird die Filtrationsleistung mehr als 90%<\/p>\n<p><img decoding=\"async\" src=\"https:\/\/img.yfisher.com\/m6076\/17257327258i7\/jpg70-t3-scale100.webp\" alt=\"Fabrikpreis Edelstahl-Filterpatrone SS-Filterelement 6\" data-lazy=\"2\" title=\"\"><\/p>\n<p><img decoding=\"async\" src=\"https:\/\/img.yfisher.com\/m6076\/1725732725fg4\/jpg70-t3-scale100.webp\" alt=\"Fabrikpreis Edelstahl-Filterpatrone SS-Filterelement 7\" data-lazy=\"2\" title=\"\"><\/p>\n<p><img decoding=\"async\" src=\"https:\/\/img.yfisher.com\/m6076\/17257327251x3\/jpg70-t3-scale100.webp\" alt=\"Fabrikpreis Edelstahl-Filterpatrone SS-Filterelement 8\" data-lazy=\"2\" title=\"\"><\/p>\n<p><img decoding=\"async\" src=\"https:\/\/img.yfisher.com\/m6076\/1725732725vxe\/jpg70-t3-scale100.webp\" alt=\"Fabrikpreis Edelstahl-Filterpatrone SS-Filterelement 9\" data-lazy=\"2\" title=\"\"><\/p>\n<p><img decoding=\"async\" src=\"https:\/\/img.yfisher.com\/m6076\/172573272535g\/jpg70-t3-scale100.webp\" alt=\"Fabrikpreis Edelstahl-Filterpatrone SS Filterelement 10\" data-lazy=\"2\" title=\"\"><\/p>\n<p><img decoding=\"async\" src=\"https:\/\/img.yfisher.com\/m6076\/1725732725ieq\/jpg70-t3-scale100.webp\" alt=\"Fabrikpreis Edelstahl-Filterpatrone SS-Filterelement 11\" data-lazy=\"2\" title=\"\"><\/p>\n<\/div>","protected":false},"excerpt":{"rendered":"<table>\n<thead>\n<tr>\n<th>Artikel<\/th>\n<th>Details<\/th>\n<\/tr>\n<\/thead>\n<tbody>\n<tr>\n<td>Startport<\/td>\n<td>Guangzhou<\/td>\n<\/tr>\n<tr>\n<td>Produktionskapazit\u00e4t<\/td>\n<td>10000 Einheiten\/Monat<\/td>\n<\/tr>\n<tr>\n<td>Herkunftsort<\/td>\n<td>Guangdong, China<\/td>\n<\/tr>\n<tr>\n<td>Zahlung<\/td>\n<td>Western Union, Alibaba Trade Assurance, paypal<\/td>\n<\/tr>\n<tr>\n<td>moq<\/td>\n<td>1 St\u00fcck<\/td>\n<\/tr>\n<tr>\n<td>Lieferfrist<\/td>\n<td>Innerhalb von 7 Arbeitstagen<\/td>\n<\/tr>\n<tr>\n<td>Zertifizierung<\/td>\n<td>ISO 9001<\/td>\n<\/tr>\n<tr>\n<td>Marke<\/td>\n<td>OEM\/Lvyuan<\/td>\n<\/tr>\n<\/tbody>\n<\/table>","protected":false},"featured_media":2421,"comment_status":"open","ping_status":"closed","template":"","meta":{"_gspb_post_css":""},"product_brand":[],"product_cat":[17,18],"product_tag":[956,964,260,968,965,971],"class_list":{"0":"post-2414","1":"product","2":"type-product","3":"status-publish","4":"has-post-thumbnail","6":"product_cat-sediment-filter","7":"product_cat-sintered-metal-filters","8":"product_tag-1-piece-moq","9":"product_tag-guangdong-manufacturer","10":"product_tag-iso-9001","11":"product_tag-oem-paper-tubes","12":"product_tag-paper-tubes","13":"product_tag-western-union","15":"first","16":"instock","17":"shipping-taxable","18":"product-type-simple"},"_links":{"self":[{"href":"https:\/\/lyfilter.com\/de\/wp-json\/wp\/v2\/product\/2414","targetHints":{"allow":["GET"]}}],"collection":[{"href":"https:\/\/lyfilter.com\/de\/wp-json\/wp\/v2\/product"}],"about":[{"href":"https:\/\/lyfilter.com\/de\/wp-json\/wp\/v2\/types\/product"}],"replies":[{"embeddable":true,"href":"https:\/\/lyfilter.com\/de\/wp-json\/wp\/v2\/comments?post=2414"}],"wp:featuredmedia":[{"embeddable":true,"href":"https:\/\/lyfilter.com\/de\/wp-json\/wp\/v2\/media\/2421"}],"wp:attachment":[{"href":"https:\/\/lyfilter.com\/de\/wp-json\/wp\/v2\/media?parent=2414"}],"wp:term":[{"taxonomy":"product_brand","embeddable":true,"href":"https:\/\/lyfilter.com\/de\/wp-json\/wp\/v2\/product_brand?post=2414"},{"taxonomy":"product_cat","embeddable":true,"href":"https:\/\/lyfilter.com\/de\/wp-json\/wp\/v2\/product_cat?post=2414"},{"taxonomy":"product_tag","embeddable":true,"href":"https:\/\/lyfilter.com\/de\/wp-json\/wp\/v2\/product_tag?post=2414"}],"curies":[{"name":"wp","href":"https:\/\/api.w.org\/{rel}","templated":true}]}}