{"id":2407,"date":"2026-01-07T02:28:12","date_gmt":"2026-01-07T02:28:12","guid":{"rendered":"https:\/\/lyfilter.com\/?post_type=product&#038;p=2407"},"modified":"2026-01-07T02:29:15","modified_gmt":"2026-01-07T02:29:15","slug":"sintered-stainless-steel-ss316-cartridge-basket-strainer-element","status":"publish","type":"product","link":"https:\/\/lyfilter.com\/de\/sintered-stainless-steel-ss316-cartridge-basket-strainer-element\/","title":{"rendered":"Siebkorb aus gesintertem Edelstahl SS316 Patronenelement"},"content":{"rendered":"<div class=\"unit-detail-html-tabs__content-attr\">\n<div class=\"unit-product-attrparam\">\n<div class=\"unit-product-attrparam__items row\">\n<div class=\"col-12 col-md-6\">\n<div class=\"unit-product-attrparam__item\">\n<div class=\"unit-product-attrparam__label\">\n<table>\n<thead>\n<tr>\n<th>Lieferf\u00e4higkeit<\/th>\n<th>1000000 St\u00fcck\/Monat<\/th>\n<\/tr>\n<\/thead>\n<tbody>\n<tr>\n<td>Material<\/td>\n<td>rostfreier Stahl<\/td>\n<\/tr>\n<tr>\n<td>Verf\u00fcgbarkeit<\/td>\n<td>Erstausr\u00fcster<\/td>\n<\/tr>\n<\/tbody>\n<\/table>\n<\/div>\n<\/div>\n<\/div>\n<\/div>\n<\/div>\n<\/div>\n<div class=\"unit-detail-html-tabs__content-featuresAttr\"><\/div>\n<div class=\"unit-detail-html-tabs__content-html\">\n<p><strong>Siebkorb aus gesintertem Edelstahl SS316 Patronenelement<\/strong><\/p>\n<p>Die Filter von Lvyuan\u00a0<strong>Filter aus rostfreiem Stahl Schmutzf\u00e4nger<\/strong>\u00a0werden aus SS316 hergestellt, einer Premium-Edelstahlsorte, die f\u00fcr ihre hervorragende Korrosionsbest\u00e4ndigkeit und Hochtemperaturtoleranz bekannt ist. Dieser Edelstahlsiebfilter gew\u00e4hrleistet Zuverl\u00e4ssigkeit in rauen Umgebungen, wie sie in der chemischen Verarbeitung, der petrochemischen Industrie oder sogar unter strengen hygienischen Bedingungen in der Lebensmittel- und Getr\u00e4nkeindustrie erforderlich sind. Im Sinterverfahren werden Metallpartikel unter starker Hitze und hohem Druck verschmolzen, wodurch eine por\u00f6se und dennoch robuste Struktur f\u00fcr die Patrone entsteht. Diese gesinterte Filterpatrone aus Edelstahl verbessert die Filtrationseffizienz erheblich, da sie eine gr\u00f6\u00dfere Oberfl\u00e4che f\u00fcr die Partikelabscheidung bietet.<\/p>\n<p>Mit einer Filterpatronenkonfiguration in Form eines Adapterkorbs f\u00e4ngt diese Edelstahlkorbfilterpatrone Ablagerungen, Sedimente und Verunreinigungen bis in den Mikrometerbereich ab und sch\u00fctzt empfindliche Ger\u00e4te vor m\u00f6glichen Sch\u00e4den durch Verunreinigungen.  Unser SS316-Siebelement kann sowohl grobe als auch feine Filtrationsanforderungen mit anpassbaren Mikronwerten erf\u00fcllen, die auf spezifische Prozessanforderungen zugeschnitten sind. Seine robuste Konstruktion erleichtert die wiederholte Reinigung und Wiederverwendung, wodurch die Betriebskosten gesenkt werden, die mit dem h\u00e4ufigen Austausch verbunden sind, der normalerweise f\u00fcr weniger widerstandsf\u00e4hige Filterelemente erforderlich ist. Die inh\u00e4rente Best\u00e4ndigkeit des Edelstahlkorb-Filterelements gegen eine breite Palette von Chemikalien macht es f\u00fcr den Einsatz mit verschiedenen Fl\u00fcssigkeitstypen geeignet, einschlie\u00dflich S\u00e4uren, Laugen und hochreinen Wassersystemen.<\/p>\n<p><strong>Eigenschaften<\/strong><\/p>\n<p><strong>Materialien:<\/strong>\u00a0201, 304, 304L, 316, 316L, perforiertes Edelstahlgewebe, gewebtes Edelstahlgewebe, geschwei\u00dftes Edelstahlgewebe, expandiertes Edelstahlgewebe, Edelstahlplatte, gesintertes Edelstahlgewebe und andere Filtergewebe aus seltenen Legierungen.<\/p>\n<p><strong>Art der Filtration:\u00a0<\/strong>Korbfilter, Kegelfilter, Doppelohrfilter, Flanschfilter, Korbfilterpatrone, Gewindefilter, usw.<\/p>\n<p><strong>Filterpatronen-Serie:<\/strong>\u00a0Sintergeflechtfilterpatrone, Korbfilterpatrone, konische Filterpatrone, Lochplattenfilterpatrone, Keildrahtfilterpatrone, Verbundfilterpatrone<\/p>\n<p><strong>Stil:\u00a0<\/strong>einlagig, mehrlagig (Metall-Filtersiebzylinder, Netzrohr, Netzeimer, Filterrohr, verschwei\u00dft mit Edelstahlgewebe, perforiertem Doppeleisengewebe aus Edelstahl, Edelstahlblech, Eisenblech. Einschichtiges Schwei\u00dfen, mehrschichtiges Schwei\u00dfen, Es kann auch in einer einzigen Schicht geschwei\u00dft werden, und dann werden die Metall-Filtersiebzylinder, das Netzrohr, der Netzeimer, das Filterelement und das Filterrohr \u00fcbereinandergelegt und durchsetzt, um einen mehrschichtigen Filter zu bilden).<\/p>\n<p><img decoding=\"async\" title=\"Filter aus rostfreiem Stahl Schmutzf\u00e4nger\" src=\"https:\/\/img.yfisher.com\/m6076\/1725732722dho\/jpg70-t3-scale100.webp\" alt=\"Filter aus rostfreiem Stahl Schmutzf\u00e4nger\" border=\"0\" vspace=\"0\" data-lazy=\"2\" \/><\/p>\n<p><img decoding=\"async\" title=\"Edelstahl-Korbsiebpatrone \" src=\"https:\/\/img.yfisher.com\/m6076\/17257327224xo\/jpg70-t3-scale100.webp\" alt=\"Edelstahl-Korbsiebpatrone \" border=\"0\" vspace=\"0\" data-lazy=\"2\" \/><\/p>\n<p><img decoding=\"async\" title=\"Siebelement Sediment\" src=\"https:\/\/img.yfisher.com\/m6076\/17257327229sz\/jpg70-t3-scale100.webp\" alt=\"Siebelement Sediment\" border=\"0\" vspace=\"0\" data-lazy=\"2\" \/><\/p>\n<p><img decoding=\"async\" title=\"Korbfiltereinsatz\" src=\"https:\/\/img.yfisher.com\/m6076\/17257327225jy\/jpg70-t3-scale100.webp\" alt=\"Korbfiltereinsatz\" border=\"0\" vspace=\"0\" data-lazy=\"2\" \/><\/p>\n<p><img decoding=\"async\" title=\"Siebfilterpatrone\" src=\"https:\/\/img.yfisher.com\/m6076\/17257327222x4\/jpg70-t3-scale100.webp\" alt=\"Siebfilterpatrone\" border=\"0\" vspace=\"0\" data-lazy=\"2\" \/><\/p>\n<p><img decoding=\"async\" title=\"Lvyuan Filter Fabrik\" src=\"https:\/\/img.yfisher.com\/m6076\/1725732722bmo\/jpg70-t3-scale100.webp\" alt=\"Lvyuan Filter Fabrik\" border=\"0\" vspace=\"0\" data-lazy=\"2\" \/><\/p>\n<p><img decoding=\"async\" title=\"Zertifikat des Lvyuan-Filters\" src=\"https:\/\/img.yfisher.com\/m6076\/1725732722cyf\/jpg70-t3-scale100.webp\" alt=\"Zertifikat des Lvyuan-Filters\" border=\"0\" vspace=\"0\" data-lazy=\"2\" \/><\/p>\n<\/div>","protected":false},"excerpt":{"rendered":"<table>\n<thead>\n<tr>\n<th>Artikel<\/th>\n<th>Details<\/th>\n<\/tr>\n<\/thead>\n<tbody>\n<tr>\n<td>Startport<\/td>\n<td>Guangzhou<\/td>\n<\/tr>\n<tr>\n<td>Herkunftsort<\/td>\n<td>Guangdong, China<\/td>\n<\/tr>\n<tr>\n<td>Zahlung<\/td>\n<td>T\/T, Alibaba Trade Assurance, paypal<\/td>\n<\/tr>\n<tr>\n<td>moq<\/td>\n<td>1 St\u00fcck<\/td>\n<\/tr>\n<tr>\n<td>Lieferfrist<\/td>\n<td>Innerhalb von 7 Arbeitstagen<\/td>\n<\/tr>\n<tr>\n<td>Zertifizierung<\/td>\n<td>ISO 9001<\/td>\n<\/tr>\n<tr>\n<td>Marke<\/td>\n<td>OEM\/Lvyuan<\/td>\n<\/tr>\n<\/tbody>\n<\/table>","protected":false},"featured_media":2415,"comment_status":"open","ping_status":"closed","template":"","meta":{"_gspb_post_css":""},"product_brand":[],"product_cat":[17,18],"product_tag":[956,966,260,968,965,288],"class_list":{"0":"post-2407","1":"product","2":"type-product","3":"status-publish","4":"has-post-thumbnail","6":"product_cat-sediment-filter","7":"product_cat-sintered-metal-filters","8":"product_tag-1-piece-moq","9":"product_tag-guangdong-supplier","10":"product_tag-iso-9001","11":"product_tag-oem-paper-tubes","12":"product_tag-paper-tubes","13":"product_tag-paypal","15":"first","16":"instock","17":"shipping-taxable","18":"product-type-simple"},"_links":{"self":[{"href":"https:\/\/lyfilter.com\/de\/wp-json\/wp\/v2\/product\/2407","targetHints":{"allow":["GET"]}}],"collection":[{"href":"https:\/\/lyfilter.com\/de\/wp-json\/wp\/v2\/product"}],"about":[{"href":"https:\/\/lyfilter.com\/de\/wp-json\/wp\/v2\/types\/product"}],"replies":[{"embeddable":true,"href":"https:\/\/lyfilter.com\/de\/wp-json\/wp\/v2\/comments?post=2407"}],"wp:featuredmedia":[{"embeddable":true,"href":"https:\/\/lyfilter.com\/de\/wp-json\/wp\/v2\/media\/2415"}],"wp:attachment":[{"href":"https:\/\/lyfilter.com\/de\/wp-json\/wp\/v2\/media?parent=2407"}],"wp:term":[{"taxonomy":"product_brand","embeddable":true,"href":"https:\/\/lyfilter.com\/de\/wp-json\/wp\/v2\/product_brand?post=2407"},{"taxonomy":"product_cat","embeddable":true,"href":"https:\/\/lyfilter.com\/de\/wp-json\/wp\/v2\/product_cat?post=2407"},{"taxonomy":"product_tag","embeddable":true,"href":"https:\/\/lyfilter.com\/de\/wp-json\/wp\/v2\/product_tag?post=2407"}],"curies":[{"name":"wp","href":"https:\/\/api.w.org\/{rel}","templated":true}]}}