{"id":2382,"date":"2026-01-07T02:17:33","date_gmt":"2026-01-07T02:17:33","guid":{"rendered":"https:\/\/lyfilter.com\/?post_type=product&#038;p=2382"},"modified":"2026-01-07T02:19:16","modified_gmt":"2026-01-07T02:19:16","slug":"wholesale-polypropylene-pp-meltblown-filter-element","status":"publish","type":"product","link":"https:\/\/lyfilter.com\/de\/wholesale-polypropylene-pp-meltblown-filter-element\/","title":{"rendered":"Gro\u00dfhandel Polypropylen PP Meltblown Filter Element"},"content":{"rendered":"<div class=\"unit-detail-html-tabs__content-attr\">\n<div class=\"unit-product-attrparam\">\n<div class=\"unit-product-attrparam__items row\">\n<div class=\"col-12 col-md-6\">\n<div class=\"unit-product-attrparam__item\">\n<div class=\"unit-product-attrparam__label\">\n<table>\n<thead>\n<tr>\n<th>Lieferf\u00e4higkeit<\/th>\n<th>1000000 St\u00fcck\/Monat<\/th>\n<\/tr>\n<\/thead>\n<tbody>\n<tr>\n<td>Material<\/td>\n<td>rostfreier Stahl<\/td>\n<\/tr>\n<tr>\n<td>Verf\u00fcgbarkeit<\/td>\n<td>Erstausr\u00fcster<\/td>\n<\/tr>\n<\/tbody>\n<\/table>\n<\/div>\n<\/div>\n<\/div>\n<\/div>\n<\/div>\n<\/div>\n<div class=\"unit-detail-html-tabs__content-html\">\n<p><strong>Gro\u00dfhandel Polypropylen PP Meltblown Filter Element<\/strong><\/p>\n<p>Merkmale des pp-Filterelements<\/p>\n<p>(1), die Filter\u00f6ffnung ist kompakt und gleichm\u00e4\u00dfig, und die Filtrationseffizienz ist hoch. Da sich die Partikel im Filterkanal \u00fcberbr\u00fccken, k\u00f6nnen auch Partikel, die kleiner als der Kanal sind, blockiert werden und die Filtrationseffizienz ist hoch.<\/p>\n<p>(2), hohe Sauberkeit, keine Verschmutzung der Wasserqualit\u00e4t.<\/p>\n<p>(3), korrosionsbest\u00e4ndig gegen chemische Reagenzien wie S\u00e4uren und Laugen und organische L\u00f6sungsmittel.<\/p>\n<p>(4), stark, wenn der Filter Einlass und Auslass Druck ist0.4mpaWenn, das Filterelement ist nicht verformt.<\/p>\n<p>Verwendung Weg<\/p>\n<p>1. in der Elektronik- und Energiewirtschaft: reines Wasser, Gas, elektrische Fl\u00fcssigkeiten, Druckdrahtplatten, etc.<\/p>\n<p>2. chemische Industrie, petrochemische Industrie: L\u00f6sungsmittel, Beschichtungen, magnetische Schl\u00e4mme, Reinigungsmittel, fl\u00fcssiges Wachs, usw.<\/p>\n<p>3. pharmazeutische Industrie: Krankenhauswasser, pharmazeutische Injektionen, fl\u00fcssige Medien, etc.<\/p>\n<p>4. die Lebensmittelindustrie: Lebensmittel, Getr\u00e4nke, Trinkwasser, Alkohol, etc.<\/p>\n<p><img decoding=\"async\" src=\"https:\/\/img.yfisher.com\/m6076\/1725732712feb\/jpg70-t3-scale100.webp\" alt=\"Gro\u00dfhandel Polypropylen PP Meltblown Filter Element 6\" data-lazy=\"2\" title=\"\"><\/p>\n<p><img decoding=\"async\" src=\"https:\/\/img.yfisher.com\/m6076\/1725732712xo8\/jpg70-t3-scale100.webp\" alt=\"Gro\u00dfhandel Polypropylen PP Meltblown Filter Element 7\" data-lazy=\"2\" title=\"\"><\/p>\n<p><img decoding=\"async\" src=\"https:\/\/img.yfisher.com\/m6076\/1725732712txe\/jpg70-t3-scale100.webp\" alt=\"Gro\u00dfhandel Polypropylen PP Meltblown Filter Element 8\" data-lazy=\"2\" title=\"\"><\/p>\n<p><img decoding=\"async\" src=\"https:\/\/img.yfisher.com\/m6076\/1725732712acw\/jpg70-t3-scale100.webp\" alt=\"Gro\u00dfhandel Polypropylen PP Meltblown Filter Element 9\" data-lazy=\"2\" title=\"\"><\/p>\n<p><img decoding=\"async\" src=\"https:\/\/img.yfisher.com\/m6076\/1725732713t1y\/jpg70-t3-scale100.webp\" alt=\"Gro\u00dfhandel Polypropylen PP Meltblown Filter Element 10\" data-lazy=\"2\" title=\"\"><\/p>\n<p><img decoding=\"async\" src=\"https:\/\/img.yfisher.com\/m6076\/1725732713fzx\/jpg70-t3-scale100.webp\" alt=\"Gro\u00dfhandel Polypropylen PP Meltblown Filter Element 11\" data-lazy=\"2\" title=\"\"><\/p>\n<\/div>","protected":false},"excerpt":{"rendered":"<table>\n<thead>\n<tr>\n<th>Artikel<\/th>\n<th>Details<\/th>\n<\/tr>\n<\/thead>\n<tbody>\n<tr>\n<td>Startport<\/td>\n<td>guangzhou<\/td>\n<\/tr>\n<tr>\n<td>Produktionskapazit\u00e4t<\/td>\n<td>10000 Einheiten\/Monat<\/td>\n<\/tr>\n<tr>\n<td>Herkunftsort<\/td>\n<td>guangdong, china<\/td>\n<\/tr>\n<tr>\n<td>Zahlung<\/td>\n<td>t\/t, alibaba trade assurance, paypal<\/td>\n<\/tr>\n<tr>\n<td>moq<\/td>\n<td>1 St\u00fcck<\/td>\n<\/tr>\n<tr>\n<td>Lieferfrist<\/td>\n<td>innerhalb von 7 Arbeitstagen<\/td>\n<\/tr>\n<tr>\n<td>Zertifizierung<\/td>\n<td>iso 9001<\/td>\n<\/tr>\n<tr>\n<td>Marke<\/td>\n<td>Erstausr\u00fcster\/Lvyuan<\/td>\n<\/tr>\n<\/tbody>\n<\/table>","protected":false},"featured_media":2390,"comment_status":"open","ping_status":"closed","template":"","meta":{"_gspb_post_css":""},"product_brand":[],"product_cat":[17],"product_tag":[956,279,964,260,968,965],"class_list":{"0":"post-2382","1":"product","2":"type-product","3":"status-publish","4":"has-post-thumbnail","6":"product_cat-sediment-filter","7":"product_tag-1-piece-moq","8":"product_tag-alibaba-trade-assurance","9":"product_tag-guangdong-manufacturer","10":"product_tag-iso-9001","11":"product_tag-oem-paper-tubes","12":"product_tag-paper-tubes","14":"first","15":"instock","16":"shipping-taxable","17":"product-type-simple"},"_links":{"self":[{"href":"https:\/\/lyfilter.com\/de\/wp-json\/wp\/v2\/product\/2382","targetHints":{"allow":["GET"]}}],"collection":[{"href":"https:\/\/lyfilter.com\/de\/wp-json\/wp\/v2\/product"}],"about":[{"href":"https:\/\/lyfilter.com\/de\/wp-json\/wp\/v2\/types\/product"}],"replies":[{"embeddable":true,"href":"https:\/\/lyfilter.com\/de\/wp-json\/wp\/v2\/comments?post=2382"}],"wp:featuredmedia":[{"embeddable":true,"href":"https:\/\/lyfilter.com\/de\/wp-json\/wp\/v2\/media\/2390"}],"wp:attachment":[{"href":"https:\/\/lyfilter.com\/de\/wp-json\/wp\/v2\/media?parent=2382"}],"wp:term":[{"taxonomy":"product_brand","embeddable":true,"href":"https:\/\/lyfilter.com\/de\/wp-json\/wp\/v2\/product_brand?post=2382"},{"taxonomy":"product_cat","embeddable":true,"href":"https:\/\/lyfilter.com\/de\/wp-json\/wp\/v2\/product_cat?post=2382"},{"taxonomy":"product_tag","embeddable":true,"href":"https:\/\/lyfilter.com\/de\/wp-json\/wp\/v2\/product_tag?post=2382"}],"curies":[{"name":"wp","href":"https:\/\/api.w.org\/{rel}","templated":true}]}}