{"id":2375,"date":"2026-01-07T02:15:40","date_gmt":"2026-01-07T02:15:40","guid":{"rendered":"https:\/\/lyfilter.com\/?post_type=product&#038;p=2375"},"modified":"2026-01-07T02:20:34","modified_gmt":"2026-01-07T02:20:34","slug":"1-3-5-10-25-50-75-100-micron-micro-porous-pe-sintered-filter-element","status":"publish","type":"product","link":"https:\/\/lyfilter.com\/de\/1-3-5-10-25-50-75-100-micron-micro-porous-pe-sintered-filter-element\/","title":{"rendered":"1 3 5 10 25 50 75 100 Mikron Mikropor\u00f6ses gesintertes PE-Filterelement"},"content":{"rendered":"<div class=\"unit-detail-html-tabs__content-attr\">\n<div class=\"unit-product-attrparam\">\n<div class=\"unit-product-attrparam__items row\">\n<div class=\"col-12 col-md-6\">\n<div class=\"unit-product-attrparam__item\">\n<div class=\"unit-product-attrparam__label\">\n<table>\n<thead>\n<tr>\n<th>Lieferf\u00e4higkeit<\/th>\n<th>1000000 St\u00fcck\/Monat<\/th>\n<\/tr>\n<\/thead>\n<tbody>\n<tr>\n<td>Material<\/td>\n<td>rostfreier Stahl<\/td>\n<\/tr>\n<tr>\n<td>Verf\u00fcgbarkeit<\/td>\n<td>Erstausr\u00fcster<\/td>\n<\/tr>\n<\/tbody>\n<\/table>\n<\/div>\n<\/div>\n<\/div>\n<\/div>\n<\/div>\n<\/div>\n<div class=\"unit-detail-html-tabs__content-featuresAttr\"><\/div>\n<div class=\"unit-detail-html-tabs__content-html\">\n<p><strong>1 3 5 10 25 50 75 100 Mikron Mikropor\u00f6ses gesintertes PE-Filterelement<\/strong><\/p>\n<p>Beschreibung des Produkts<\/p>\n<p>Das gesinterte Filterrohr ist ein mikropor\u00f6ses Filterelement, das durch Sintern von Pulvermaterialien hergestellt wird. Das Material des Filterrohrs ist Keramik, Glassand, Kunststoff (Polyethylen oder Polyvinylchlorid) und so weiter.<\/p>\n<p>Produktkategorie<\/p>\n<p>(1) Kunststoff-Filterschl\u00e4uche eignen sich f\u00fcr die Filtration verschiedener Fl\u00fcssigkeiten, Industriewasser und Trinkwasser. Es gibt mehr als 10 Spezifikationen dieser Art von mikropor\u00f6sem Rohr, sein Au\u00dfendurchmesser ist 24-150mm, der entsprechende Innendurchmesser ist 8-120mm, und die L\u00e4nge ist meist 1000mm, und die effektive Filterfl\u00e4che jedes Filterrohrs ist 0.039-0.3m2.<\/p>\n<p>(2) Keramisches Filterrohr Gesintertes keramisches Filterrohr verwendet ein keramisches gesintertes Filterrohr als Filterelement, das aus einem einzelnen Filterrohr oder mehreren Filterrohren bestehen kann. Die Wasseraufbereitungskapazit\u00e4t eines einzelnen Filterrohrs betr\u00e4gt 600-1500 l\/h und ist im Allgemeinen f\u00fcr einen Arbeitsdruck unter 0,3 MPa geeignet. .<\/p>\n<p><img decoding=\"async\" src=\"https:\/\/img.yfisher.com\/m6076\/1725732710wdr\/jpg70-t3-scale100.webp\" alt=\"1 3 5 10 25 50 75 100 Mikron Mikropor\u00f6ses gesintertes PE-Filterelement 6\" data-lazy=\"2\" title=\"\"><\/p>\n<p><img decoding=\"async\" src=\"https:\/\/img.yfisher.com\/m6076\/1725732710h6t\/jpg70-t3-scale100.webp\" alt=\"1 3 5 10 25 50 75 100 Mikron Mikropor\u00f6ses gesintertes PE-Filterelement 7\" data-lazy=\"2\" title=\"\"><\/p>\n<p><img decoding=\"async\" src=\"https:\/\/img.yfisher.com\/m6076\/1725732710vyt\/jpg70-t3-scale100.webp\" alt=\"1 3 5 10 25 50 75 100 Mikron Mikropor\u00f6ses gesintertes PE-Filterelement 8\" data-lazy=\"2\" title=\"\"><\/p>\n<p><img decoding=\"async\" src=\"https:\/\/img.yfisher.com\/m6076\/1725732710zc9\/jpg70-t3-scale100.webp\" alt=\"1 3 5 10 25 50 75 100 Mikron Mikropor\u00f6ses gesintertes PE-Filterelement 9\" data-lazy=\"2\" title=\"\"><\/p>\n<p><img decoding=\"async\" src=\"https:\/\/img.yfisher.com\/m6076\/1725732710nqy\/jpg70-t3-scale100.webp\" alt=\"1 3 5 10 25 50 75 100 Mikron Mikropor\u00f6ses gesintertes PE-Filterelement 10\" data-lazy=\"2\" title=\"\"><\/p>\n<p><img decoding=\"async\" src=\"https:\/\/img.yfisher.com\/m6076\/1725732710vj4\/jpg70-t3-scale100.webp\" alt=\"1 3 5 10 25 50 75 100 Mikron Mikropor\u00f6ses gesintertes PE-Filterelement 11\" data-lazy=\"2\" title=\"\"><\/p>\n<p><img decoding=\"async\" src=\"https:\/\/img.yfisher.com\/m6076\/17257327104dp\/jpg70-t3-scale100.webp\" alt=\"1 3 5 10 25 50 75 100 Mikron Mikropor\u00f6ses gesintertes PE-Filterelement 12\" data-lazy=\"2\" title=\"\"><\/p>\n<\/div>","protected":false},"excerpt":{"rendered":"<table>\n<thead>\n<tr>\n<th>Artikel<\/th>\n<th>Details<\/th>\n<\/tr>\n<\/thead>\n<tbody>\n<tr>\n<td>Startport<\/td>\n<td>Guangzhou<\/td>\n<\/tr>\n<tr>\n<td>Produktionskapazit\u00e4t<\/td>\n<td>10000 Einheiten\/Monat<\/td>\n<\/tr>\n<tr>\n<td>Herkunftsort<\/td>\n<td>Guangdong, China<\/td>\n<\/tr>\n<tr>\n<td>Zahlung<\/td>\n<td>T\/T, Alibaba Handelsgarantie<\/td>\n<\/tr>\n<tr>\n<td>moq<\/td>\n<td>1 St\u00fcck<\/td>\n<\/tr>\n<tr>\n<td>Lieferfrist<\/td>\n<td>Innerhalb von 7 Arbeitstagen<\/td>\n<\/tr>\n<tr>\n<td>Zertifizierung<\/td>\n<td>ISO 9001<\/td>\n<\/tr>\n<tr>\n<td>Marke<\/td>\n<td>OEM\/Lvyuan<\/td>\n<\/tr>\n<\/tbody>\n<\/table>","protected":false},"featured_media":2384,"comment_status":"open","ping_status":"closed","template":"","meta":{"_gspb_post_css":""},"product_brand":[],"product_cat":[17],"product_tag":[956,279,964,260,955,965],"class_list":{"0":"post-2375","1":"product","2":"type-product","3":"status-publish","4":"has-post-thumbnail","6":"product_cat-sediment-filter","7":"product_tag-1-piece-moq","8":"product_tag-alibaba-trade-assurance","9":"product_tag-guangdong-manufacturer","10":"product_tag-iso-9001","11":"product_tag-oem-packaging","12":"product_tag-paper-tubes","14":"first","15":"instock","16":"shipping-taxable","17":"product-type-simple"},"_links":{"self":[{"href":"https:\/\/lyfilter.com\/de\/wp-json\/wp\/v2\/product\/2375","targetHints":{"allow":["GET"]}}],"collection":[{"href":"https:\/\/lyfilter.com\/de\/wp-json\/wp\/v2\/product"}],"about":[{"href":"https:\/\/lyfilter.com\/de\/wp-json\/wp\/v2\/types\/product"}],"replies":[{"embeddable":true,"href":"https:\/\/lyfilter.com\/de\/wp-json\/wp\/v2\/comments?post=2375"}],"wp:featuredmedia":[{"embeddable":true,"href":"https:\/\/lyfilter.com\/de\/wp-json\/wp\/v2\/media\/2384"}],"wp:attachment":[{"href":"https:\/\/lyfilter.com\/de\/wp-json\/wp\/v2\/media?parent=2375"}],"wp:term":[{"taxonomy":"product_brand","embeddable":true,"href":"https:\/\/lyfilter.com\/de\/wp-json\/wp\/v2\/product_brand?post=2375"},{"taxonomy":"product_cat","embeddable":true,"href":"https:\/\/lyfilter.com\/de\/wp-json\/wp\/v2\/product_cat?post=2375"},{"taxonomy":"product_tag","embeddable":true,"href":"https:\/\/lyfilter.com\/de\/wp-json\/wp\/v2\/product_tag?post=2375"}],"curies":[{"name":"wp","href":"https:\/\/api.w.org\/{rel}","templated":true}]}}