{"id":2368,"date":"2026-01-07T02:12:40","date_gmt":"2026-01-07T02:12:40","guid":{"rendered":"https:\/\/lyfilter.com\/?post_type=product&#038;p=2368"},"modified":"2026-01-07T02:20:28","modified_gmt":"2026-01-07T02:20:28","slug":"pa-sintered-filter-eement","status":"publish","type":"product","link":"https:\/\/lyfilter.com\/de\/pa-sintered-filter-eement\/","title":{"rendered":"PA Sinterfilter Eement"},"content":{"rendered":"<div class=\"unit-detail-html-tabs__content-attr\">\n<div class=\"unit-product-attrparam\">\n<div class=\"unit-product-attrparam__items row\">\n<div class=\"col-12 col-md-6\">\n<div class=\"unit-product-attrparam__item\">\n<div class=\"unit-product-attrparam__label\">\n<table>\n<thead>\n<tr>\n<th>Lieferf\u00e4higkeit<\/th>\n<th>1000000 St\u00fcck\/Monat<\/th>\n<\/tr>\n<\/thead>\n<tbody>\n<tr>\n<td>Material<\/td>\n<td>rostfreier Stahl<\/td>\n<\/tr>\n<tr>\n<td>Verf\u00fcgbarkeit<\/td>\n<td>Erstausr\u00fcster<\/td>\n<\/tr>\n<\/tbody>\n<\/table>\n<\/div>\n<\/div>\n<\/div>\n<\/div>\n<\/div>\n<\/div>\n<div class=\"unit-detail-html-tabs__content-featuresAttr\"><\/div>\n<div class=\"unit-detail-html-tabs__content-html\">\n<p><strong>PA Sinterfilter Eement<\/strong><\/p>\n<p>Rohmaterial: Der von unserem Unternehmen hergestellte Sinterrohstoff ist ultrahochwertig und GMP-konform. Niederlande.    Struktur: Mit dicker wissenschaftlicher Formel und Hochtemperatur-Herstellung, hat es ausgezeichnete mechanische Eigenschaften, und das Filtermedium ist vielf\u00e4ltig, und es kann auch die mehrschichtige Filterwirkung des Produkts gew\u00e4hrleisten, wenn es leicht zu zur\u00fcckspringen ist. Und jedes Ger\u00e4t kann vorher getestet werden.<\/p>\n<p>Schleifleistung Produktspezifikationen:    Genauigkeitsbereich: 0.2-140um, Rohrdurchmesserbereich: 10mm-120mm.    Gemeinsame Spezifikationen: \u03a638*20*1000 \u03a650*20*1000 \u03a665*30*1000 \u03a670*40*1000 Steckerspezifikationen: \u03a636 \u03a630 \u03a625 \u03a622 \u03a614 \u03a612 Internationaler allgemeiner Flachdrucktyp: Au\u00dfendurchmesser \u03a665 Innendurchmesser \u03a630 L\u00e4nge 10, 20, 30, 40 Zoll Steckertyp: Au\u00dfendurchmesser \u03a670 Innendurchmesser \u03a630 L\u00e4nge 10, 20, 30, 40 Zoll Die Buchse ist in zwei Typen unterteilt: 226 (O-Ring Au\u00dfendurchmesser 56) 222 (O-Ring Au\u00dfendurchmesser 44) Kann auch Filterplatten produzieren: Dicke 3-50mm Breite 1000mm verschiedene L\u00e4ngen 1500mm Spezifikation Filterplatte. Wenn Sie spezielle Bed\u00fcrfnisse haben, k\u00f6nnen Sie kundenspezifische Produktion anfordern.<\/p>\n<p><img decoding=\"async\" src=\"https:\/\/img.yfisher.com\/m6076\/17257327076b5\/jpg70-t3-scale100.webp\" alt=\"PA Sinterfilter Eement 7\" data-lazy=\"2\" title=\"\"><\/p>\n<p><img decoding=\"async\" src=\"https:\/\/img.yfisher.com\/m6076\/1725732707gyz\/jpg70-t3-scale100.webp\" alt=\"PA Sinterfilter Eement 8\" data-lazy=\"2\" title=\"\"><\/p>\n<p><img decoding=\"async\" src=\"https:\/\/img.yfisher.com\/m6076\/17257327078q7\/jpg70-t3-scale100.webp\" alt=\"PA Sinterfilter Eement 9\" data-lazy=\"2\" title=\"\"><\/p>\n<p><img decoding=\"async\" src=\"https:\/\/img.yfisher.com\/m6076\/1725732707qvj\/jpg70-t3-scale100.webp\" alt=\"PA Sinterfilter Eement 10\" data-lazy=\"2\" title=\"\"><\/p>\n<p><img decoding=\"async\" src=\"https:\/\/img.yfisher.com\/m6076\/1725732707ai3\/jpg70-t3-scale100.webp\" alt=\"PA Sinterfilter Eement 11\" data-lazy=\"2\" title=\"\"><\/p>\n<\/div>","protected":false},"excerpt":{"rendered":"<table>\n<thead>\n<tr>\n<th>Artikel<\/th>\n<th>Details<\/th>\n<\/tr>\n<\/thead>\n<tbody>\n<tr>\n<td>Startport<\/td>\n<td>Guangzhou<\/td>\n<\/tr>\n<tr>\n<td>Produktionskapazit\u00e4t<\/td>\n<td>10000 Einheiten\/Monat<\/td>\n<\/tr>\n<tr>\n<td>Herkunftsort<\/td>\n<td>Guangdong, China<\/td>\n<\/tr>\n<tr>\n<td>Zahlung<\/td>\n<td>T\/T, paypal<\/td>\n<\/tr>\n<tr>\n<td>moq<\/td>\n<td>1 St\u00fcck<\/td>\n<\/tr>\n<tr>\n<td>Lieferfrist<\/td>\n<td>Innerhalb von 7 Arbeitstagen<\/td>\n<\/tr>\n<tr>\n<td>Zertifizierung<\/td>\n<td>ISO 9001<\/td>\n<\/tr>\n<tr>\n<td>Marke<\/td>\n<td>OEM\/Lvyuan<\/td>\n<\/tr>\n<\/tbody>\n<\/table>","protected":false},"featured_media":2376,"comment_status":"open","ping_status":"closed","template":"","meta":{"_gspb_post_css":""},"product_brand":[],"product_cat":[17],"product_tag":[956,967,966,260,955,965],"class_list":{"0":"post-2368","1":"product","2":"type-product","3":"status-publish","4":"has-post-thumbnail","6":"product_cat-sediment-filter","7":"product_tag-1-piece-moq","8":"product_tag-7-day-delivery","9":"product_tag-guangdong-supplier","10":"product_tag-iso-9001","11":"product_tag-oem-packaging","12":"product_tag-paper-tubes","14":"first","15":"instock","16":"shipping-taxable","17":"product-type-simple"},"_links":{"self":[{"href":"https:\/\/lyfilter.com\/de\/wp-json\/wp\/v2\/product\/2368","targetHints":{"allow":["GET"]}}],"collection":[{"href":"https:\/\/lyfilter.com\/de\/wp-json\/wp\/v2\/product"}],"about":[{"href":"https:\/\/lyfilter.com\/de\/wp-json\/wp\/v2\/types\/product"}],"replies":[{"embeddable":true,"href":"https:\/\/lyfilter.com\/de\/wp-json\/wp\/v2\/comments?post=2368"}],"wp:featuredmedia":[{"embeddable":true,"href":"https:\/\/lyfilter.com\/de\/wp-json\/wp\/v2\/media\/2376"}],"wp:attachment":[{"href":"https:\/\/lyfilter.com\/de\/wp-json\/wp\/v2\/media?parent=2368"}],"wp:term":[{"taxonomy":"product_brand","embeddable":true,"href":"https:\/\/lyfilter.com\/de\/wp-json\/wp\/v2\/product_brand?post=2368"},{"taxonomy":"product_cat","embeddable":true,"href":"https:\/\/lyfilter.com\/de\/wp-json\/wp\/v2\/product_cat?post=2368"},{"taxonomy":"product_tag","embeddable":true,"href":"https:\/\/lyfilter.com\/de\/wp-json\/wp\/v2\/product_tag?post=2368"}],"curies":[{"name":"wp","href":"https:\/\/api.w.org\/{rel}","templated":true}]}}