{"id":2361,"date":"2026-01-07T02:10:59","date_gmt":"2026-01-07T02:10:59","guid":{"rendered":"https:\/\/lyfilter.com\/?post_type=product&#038;p=2361"},"modified":"2026-01-07T02:10:59","modified_gmt":"2026-01-07T02:10:59","slug":"single-cartridge-stainless-steel-filter-housing","status":"publish","type":"product","link":"https:\/\/lyfilter.com\/de\/single-cartridge-stainless-steel-filter-housing\/","title":{"rendered":"Einzelpatronen-Edelstahl-Filtergeh\u00e4use"},"content":{"rendered":"<div class=\"unit-detail-html-tabs__content-attr\">\n<div class=\"unit-product-attrparam\">\n<div class=\"unit-product-attrparam__items row\">\n<div class=\"col-12 col-md-6\">\n<div class=\"unit-product-attrparam__item\">\n<div class=\"unit-product-attrparam__label\">\n<table>\n<thead>\n<tr>\n<th>Lieferf\u00e4higkeit<\/th>\n<th>1000000 St\u00fcck\/Monat<\/th>\n<\/tr>\n<\/thead>\n<tbody>\n<tr>\n<td>Material<\/td>\n<td>rostfreier Stahl<\/td>\n<\/tr>\n<tr>\n<td>Verf\u00fcgbarkeit<\/td>\n<td>Erstausr\u00fcster<\/td>\n<\/tr>\n<\/tbody>\n<\/table>\n<\/div>\n<\/div>\n<\/div>\n<\/div>\n<\/div>\n<\/div>\n<div class=\"unit-detail-html-tabs__content-featuresAttr\"><\/div>\n<div class=\"unit-detail-html-tabs__content-html\">\n<p><strong>Einzelpatronen-Edelstahl-Filtergeh\u00e4use<\/strong><\/p>\n<p>Der Ein-Kern-Filter ist in zwei Arten unterteilt: Filtration Fl\u00fcssigkeit und Gas, und die Gr\u00f6\u00dfe kann in 5\u2033, 10\u2033, 20\u2033, 30\u2033 und 40\u2033, etc. unterteilt werden. Der Arbeitsdruck betr\u00e4gt im Allgemeinen 0,1Mpa-0,4Mpa. Aufgrund der unterschiedlichen Porengr\u00f6\u00dfen der Filterelemente sind auch die Durchflussraten unterschiedlich. Zum Beispiel ist der Standard f\u00fcr 0,2um-0,4um Filtration von chaotischem Wasser 300-500kg\/h. Wenn Sie z.B. 5 t\/h steriles Wasser filtern wollen, k\u00f6nnen Sie einen 7-Elemente-Filter mit 0,2 um und 30 Zoll w\u00e4hlen. Wenn es viele Verunreinigungen im Filter gibt und die Viskosit\u00e4t hoch ist, sollte ein Vorfilterger\u00e4t hinzugef\u00fcgt werden. Die Filtration von Gas unterscheidet sich geringf\u00fcgig von der Filtration von Fl\u00fcssigkeiten, und das Filtrationsvolumen wird als Kubikgas pro Minute berechnet. 10-Zoll-Filterelement, Porendurchmesser \u03c60,22 um, Druck von 0,12 Mpa, Druckdifferenz von 0,01 Mpa, Durchflussmenge von 4-6m3\/min, weit verbreitet in der Fermentationsindustrie.<\/p>\n<p><img decoding=\"async\" src=\"https:\/\/img.yfisher.com\/m6076\/17257326863q0\/jpg70-t3-scale100.webp\" alt=\"Einzelpatronen-Edelstahl-Filtergeh\u00e4use 6\" data-lazy=\"2\" title=\"\"><\/p>\n<p><img decoding=\"async\" src=\"https:\/\/img.yfisher.com\/m6076\/17257326860zb\/jpg70-t3-scale100.webp\" alt=\"Einzelpatronen-Edelstahl-Filtergeh\u00e4use 7\" data-lazy=\"2\" title=\"\"><\/p>\n<p><img decoding=\"async\" src=\"https:\/\/img.yfisher.com\/m6076\/1725732686ltg\/jpg70-t3-scale100.webp\" alt=\"Einzelpatronen-Edelstahl-Filtergeh\u00e4use 8\" data-lazy=\"2\" title=\"\"><\/p>\n<p><img decoding=\"async\" src=\"https:\/\/img.yfisher.com\/m6076\/17257326861ct\/jpg70-t3-scale100.webp\" alt=\"Einzelpatronen-Edelstahl-Filtergeh\u00e4use 9\" data-lazy=\"2\" title=\"\"><\/p>\n<p><img decoding=\"async\" src=\"https:\/\/img.yfisher.com\/m6076\/1725732686zhj\/jpg70-t3-scale100.webp\" alt=\"Einzelpatronen-Edelstahl-Filtergeh\u00e4use 10\" data-lazy=\"2\" title=\"\"><\/p>\n<p><img decoding=\"async\" src=\"https:\/\/img.yfisher.com\/m6076\/1725732686sy0\/jpg70-t3-scale100.webp\" alt=\"Einzelpatronen-Edelstahl-Filtergeh\u00e4use 11\" data-lazy=\"2\" title=\"\"><\/p>\n<p><img decoding=\"async\" src=\"https:\/\/img.yfisher.com\/m6076\/1725732686w6l\/jpg70-t3-scale100.webp\" alt=\"Einzelpatronen-Edelstahl-Filtergeh\u00e4use 12\" data-lazy=\"2\" title=\"\"><\/p>\n<\/div>","protected":false},"excerpt":{"rendered":"<table>\n<thead>\n<tr>\n<th>Artikel<\/th>\n<th>Details<\/th>\n<\/tr>\n<\/thead>\n<tbody>\n<tr>\n<td>Startport<\/td>\n<td>Guangzhou<\/td>\n<\/tr>\n<tr>\n<td>Produktionskapazit\u00e4t<\/td>\n<td>10000 Einheiten\/Monat<\/td>\n<\/tr>\n<tr>\n<td>Herkunftsort<\/td>\n<td>Guangdong, China<\/td>\n<\/tr>\n<tr>\n<td>Zahlung<\/td>\n<td>T\/T, Alibaba Trade Assurance, paypal<\/td>\n<\/tr>\n<tr>\n<td>moq<\/td>\n<td>1 St\u00fcck<\/td>\n<\/tr>\n<tr>\n<td>Lieferfrist<\/td>\n<td>Innerhalb von 7 Arbeitstagen<\/td>\n<\/tr>\n<tr>\n<td>Zertifizierung<\/td>\n<td>ISO 9001<\/td>\n<\/tr>\n<tr>\n<td>Marke<\/td>\n<td>OEM\/Lvyuan<\/td>\n<\/tr>\n<\/tbody>\n<\/table>","protected":false},"featured_media":2370,"comment_status":"open","ping_status":"closed","template":"","meta":{"_gspb_post_css":""},"product_brand":[],"product_cat":[15],"product_tag":[263,964,260,280,955,965],"class_list":{"0":"post-2361","1":"product","2":"type-product","3":"status-publish","4":"has-post-thumbnail","6":"product_cat-stainless-steel-filter-housing","7":"product_tag-fast-delivery","8":"product_tag-guangdong-manufacturer","9":"product_tag-iso-9001","10":"product_tag-low-moq","11":"product_tag-oem-packaging","12":"product_tag-paper-tubes","14":"first","15":"instock","16":"shipping-taxable","17":"product-type-simple"},"_links":{"self":[{"href":"https:\/\/lyfilter.com\/de\/wp-json\/wp\/v2\/product\/2361","targetHints":{"allow":["GET"]}}],"collection":[{"href":"https:\/\/lyfilter.com\/de\/wp-json\/wp\/v2\/product"}],"about":[{"href":"https:\/\/lyfilter.com\/de\/wp-json\/wp\/v2\/types\/product"}],"replies":[{"embeddable":true,"href":"https:\/\/lyfilter.com\/de\/wp-json\/wp\/v2\/comments?post=2361"}],"wp:featuredmedia":[{"embeddable":true,"href":"https:\/\/lyfilter.com\/de\/wp-json\/wp\/v2\/media\/2370"}],"wp:attachment":[{"href":"https:\/\/lyfilter.com\/de\/wp-json\/wp\/v2\/media?parent=2361"}],"wp:term":[{"taxonomy":"product_brand","embeddable":true,"href":"https:\/\/lyfilter.com\/de\/wp-json\/wp\/v2\/product_brand?post=2361"},{"taxonomy":"product_cat","embeddable":true,"href":"https:\/\/lyfilter.com\/de\/wp-json\/wp\/v2\/product_cat?post=2361"},{"taxonomy":"product_tag","embeddable":true,"href":"https:\/\/lyfilter.com\/de\/wp-json\/wp\/v2\/product_tag?post=2361"}],"curies":[{"name":"wp","href":"https:\/\/api.w.org\/{rel}","templated":true}]}}