{"id":2317,"date":"2026-01-07T01:59:12","date_gmt":"2026-01-07T01:59:12","guid":{"rendered":"https:\/\/lyfilter.com\/?post_type=product&#038;p=2317"},"modified":"2026-01-07T01:59:12","modified_gmt":"2026-01-07T01:59:12","slug":"stainless-steel-deplux-filter-housing","status":"publish","type":"product","link":"https:\/\/lyfilter.com\/de\/stainless-steel-deplux-filter-housing\/","title":{"rendered":"Deplux-Filtergeh\u00e4use aus Edelstahl"},"content":{"rendered":"<p><strong>Deplux-Filtergeh\u00e4use aus Edelstahl\u00a0<\/strong><\/p>\n<p>Das Deplux-Filtergeh\u00e4use verf\u00fcgt \u00fcber ein Sechs-Wege-Umschaltventil mit zwei Positionen, das zwei Einzylinder-Filter auf einem Maschinensockel zusammenf\u00fcgt und bei der Reinigung des Filters nicht angehalten werden muss, um einen kontinuierlichen Betrieb zu gew\u00e4hrleisten. Die \u00d6lfilter des Gewebetyps sind in die Doppelzylinder-Serie SPL und die Einzylinder-Serie DPL unterteilt. Das Produkt ist zuverl\u00e4ssig im Betrieb, leicht zu warten und ben\u00f6tigt keine weiteren Energiequellen. Das Filterelement ist ein Filter aus Drahtgewebe, das eine hohe Festigkeit und \u00d6ldurchl\u00e4ssigkeit aufweist. Gro\u00df, um die Filtrationsgenauigkeit zu gew\u00e4hrleisten, leicht zu reinigen und andere Merkmale der Doppelzylinder-Serie kann Non-Stop-Umwandlung und Reinigung w\u00e4hrend des Betriebs des Hosts zu erreichen.<\/p>","protected":false},"excerpt":{"rendered":"<table>\n<thead>\n<tr>\n<th>Startport<\/th>\n<th>Guangzhou<\/th>\n<\/tr>\n<\/thead>\n<tbody>\n<tr>\n<td>Produktionskapazit\u00e4t<\/td>\n<td>10000 Einheiten\/Monat<\/td>\n<\/tr>\n<tr>\n<td>Herkunftsort<\/td>\n<td>Guangdong, China<\/td>\n<\/tr>\n<tr>\n<td>Zahlung<\/td>\n<td>T\/T, Alibaba Trade Assurance, paypal<\/td>\n<\/tr>\n<tr>\n<td>moq<\/td>\n<td>1 St\u00fcck<\/td>\n<\/tr>\n<tr>\n<td>Lieferfrist<\/td>\n<td>Innerhalb von 7 Arbeitstagen<\/td>\n<\/tr>\n<tr>\n<td>Zertifizierung<\/td>\n<td>CE, ISO 9001<\/td>\n<\/tr>\n<tr>\n<td>Marke<\/td>\n<td>OEM\/Lvyuan<\/td>\n<\/tr>\n<\/tbody>\n<\/table>","protected":false},"featured_media":2339,"comment_status":"open","ping_status":"closed","template":"","meta":{"_gspb_post_css":""},"product_brand":[],"product_cat":[15],"product_tag":[963,263,289,260,280,282],"class_list":{"0":"post-2317","1":"product","2":"type-product","3":"status-publish","4":"has-post-thumbnail","6":"product_cat-stainless-steel-filter-housing","7":"product_tag-ce-certified","8":"product_tag-fast-delivery","9":"product_tag-guangzhou-shipping","10":"product_tag-iso-9001","11":"product_tag-low-moq","12":"product_tag-oem-lvyuan","14":"first","15":"instock","16":"shipping-taxable","17":"product-type-simple"},"_links":{"self":[{"href":"https:\/\/lyfilter.com\/de\/wp-json\/wp\/v2\/product\/2317","targetHints":{"allow":["GET"]}}],"collection":[{"href":"https:\/\/lyfilter.com\/de\/wp-json\/wp\/v2\/product"}],"about":[{"href":"https:\/\/lyfilter.com\/de\/wp-json\/wp\/v2\/types\/product"}],"replies":[{"embeddable":true,"href":"https:\/\/lyfilter.com\/de\/wp-json\/wp\/v2\/comments?post=2317"}],"wp:featuredmedia":[{"embeddable":true,"href":"https:\/\/lyfilter.com\/de\/wp-json\/wp\/v2\/media\/2339"}],"wp:attachment":[{"href":"https:\/\/lyfilter.com\/de\/wp-json\/wp\/v2\/media?parent=2317"}],"wp:term":[{"taxonomy":"product_brand","embeddable":true,"href":"https:\/\/lyfilter.com\/de\/wp-json\/wp\/v2\/product_brand?post=2317"},{"taxonomy":"product_cat","embeddable":true,"href":"https:\/\/lyfilter.com\/de\/wp-json\/wp\/v2\/product_cat?post=2317"},{"taxonomy":"product_tag","embeddable":true,"href":"https:\/\/lyfilter.com\/de\/wp-json\/wp\/v2\/product_tag?post=2317"}],"curies":[{"name":"wp","href":"https:\/\/api.w.org\/{rel}","templated":true}]}}