{"id":2291,"date":"2026-01-07T01:44:12","date_gmt":"2026-01-07T01:44:12","guid":{"rendered":"https:\/\/lyfilter.com\/?post_type=product&#038;p=2291"},"modified":"2026-01-07T01:44:13","modified_gmt":"2026-01-07T01:44:13","slug":"filter-element-stainless-steel-filter-tube","status":"publish","type":"product","link":"https:\/\/lyfilter.com\/de\/filter-element-stainless-steel-filter-tube\/","title":{"rendered":"Filterelement Edelstahl-Filterrohr"},"content":{"rendered":"<div class=\"unit-detail-html-tabs__content-attr\">\n<div class=\"unit-product-attrparam\">\n<div class=\"unit-product-attrparam__items row\">\n<div class=\"col-12 col-md-6\">\n<div class=\"unit-product-attrparam__item\">\n<div class=\"unit-product-attrparam__label\">\n<table>\n<thead>\n<tr>\n<th>Material<\/th>\n<th>rostfreier Stahl<\/th>\n<\/tr>\n<\/thead>\n<tbody>\n<tr>\n<td>Verf\u00fcgbarkeit<\/td>\n<td>Erstausr\u00fcster<\/td>\n<\/tr>\n<\/tbody>\n<\/table>\n<\/div>\n<\/div>\n<\/div>\n<\/div>\n<\/div>\n<\/div>\n<div class=\"unit-detail-html-tabs__content-featuresAttr\"><\/div>\n<div class=\"unit-detail-html-tabs__content-html\">\n<p><strong>Filterelement Edelstahl-Filterrohr<\/strong><\/p>\n<p>Das Edelstahl-Filterrohr besteht aus einem f\u00fcnflagigen gesinterten Standardgewebe, das im Vakuum laminiert und gesintert wird. Diese Art von Filterpatrone hat die folgenden Vorteile wie hohe Festigkeit, hohe Korrosionsbest\u00e4ndigkeit, ausgezeichnete Durchl\u00e4ssigkeit, leicht zu waschen und r\u00fcckzusp\u00fclen, genaue Filtereffizienz usw.<\/p>\n<p>Das Standrad Sintergewebe besteht aus f\u00fcnf Schichten: der Schutzschicht, der Filterschicht, der Dispersionsschicht und zwei Verst\u00e4rkungsgeweben, die aufgrund ihrer Oberfl\u00e4chenfiltration und der glatten Dr\u00e4hte gut r\u00fccksp\u00fclbar und regenerierbar sind. Dar\u00fcber hinaus ist dieses Gewebe leicht zu formen, zu bearbeiten und zu schwei\u00dfen. Es kann in vielen verschiedenen Formen hergestellt werden, wie z.B. kreisf\u00f6rmig, kartuschenf\u00f6rmig, kegelf\u00f6rmig und in Falten.<\/p>\n<p>Beschreibung des Produkts<\/p>\n<p>Nominale Filterleistung (um):2,5,10,20,40<\/p>\n<p>Kontrollschicht (Masche):325*2400 200*1400 165*1400 165*800 50*250<\/p>\n<p>Durchl\u00e4ssigkeit(%):38<\/p>\n<p>Blasenpunktdruck:280-640(2um) 250-600(5um) 220-550(10um) 180-450(20um) 150-400(40um)<\/p>\n<p>Dicke(mm):1.7<\/p>\n<p>Gewicht(kg):8.4<\/p>\n<p>Hauptanschluss Typ<\/p>\n<p>*Standardschnittstelle, wie 222, 220, 226<\/p>\n<p>*Schnelle Schnittstelle<\/p>\n<p>*Flanschanschluss<\/p>\n<p>*Zugstangenverbindung<\/p>\n<p>*Threaded-Verbindung<\/p>\n<p>*Kundenindividuelle Verbindung<\/p>\n<\/div>","protected":false},"excerpt":{"rendered":"<table>\n<thead>\n<tr>\n<th>Startport<\/th>\n<th>Guangzhou<\/th>\n<\/tr>\n<\/thead>\n<tbody>\n<tr>\n<td>Produktionskapazit\u00e4t<\/td>\n<td>10000 Einheiten\/Monat<\/td>\n<\/tr>\n<tr>\n<td>Herkunftsort<\/td>\n<td>Guangdong, China<\/td>\n<\/tr>\n<tr>\n<td>Zahlung<\/td>\n<td>T\/T, Alibaba Trade Assurance, paypal<\/td>\n<\/tr>\n<tr>\n<td>moq<\/td>\n<td>1 St\u00fcck<\/td>\n<\/tr>\n<tr>\n<td>Modell<\/td>\n<td>LY-FB<\/td>\n<\/tr>\n<tr>\n<td>Lieferfrist<\/td>\n<td>Innerhalb von 7 Arbeitstagen<\/td>\n<\/tr>\n<tr>\n<td>Zertifizierung<\/td>\n<td>ISO 9001<\/td>\n<\/tr>\n<tr>\n<td>Marke<\/td>\n<td>OEM\/Lvyuan<\/td>\n<\/tr>\n<\/tbody>\n<\/table>","protected":false},"featured_media":2304,"comment_status":"open","ping_status":"closed","template":"","meta":{"_gspb_post_css":""},"product_brand":[],"product_cat":[17,22],"product_tag":[954,289,260,280,282,953],"class_list":{"0":"post-2291","1":"product","2":"type-product","3":"status-publish","4":"has-post-thumbnail","6":"product_cat-sediment-filter","7":"product_cat-sintered-filter-cartridge","8":"product_tag-custom-paper-tubes","9":"product_tag-guangzhou-shipping","10":"product_tag-iso-9001","11":"product_tag-low-moq","12":"product_tag-oem-lvyuan","13":"product_tag-paper-tube-packaging","15":"first","16":"instock","17":"shipping-taxable","18":"product-type-simple"},"_links":{"self":[{"href":"https:\/\/lyfilter.com\/de\/wp-json\/wp\/v2\/product\/2291","targetHints":{"allow":["GET"]}}],"collection":[{"href":"https:\/\/lyfilter.com\/de\/wp-json\/wp\/v2\/product"}],"about":[{"href":"https:\/\/lyfilter.com\/de\/wp-json\/wp\/v2\/types\/product"}],"replies":[{"embeddable":true,"href":"https:\/\/lyfilter.com\/de\/wp-json\/wp\/v2\/comments?post=2291"}],"wp:featuredmedia":[{"embeddable":true,"href":"https:\/\/lyfilter.com\/de\/wp-json\/wp\/v2\/media\/2304"}],"wp:attachment":[{"href":"https:\/\/lyfilter.com\/de\/wp-json\/wp\/v2\/media?parent=2291"}],"wp:term":[{"taxonomy":"product_brand","embeddable":true,"href":"https:\/\/lyfilter.com\/de\/wp-json\/wp\/v2\/product_brand?post=2291"},{"taxonomy":"product_cat","embeddable":true,"href":"https:\/\/lyfilter.com\/de\/wp-json\/wp\/v2\/product_cat?post=2291"},{"taxonomy":"product_tag","embeddable":true,"href":"https:\/\/lyfilter.com\/de\/wp-json\/wp\/v2\/product_tag?post=2291"}],"curies":[{"name":"wp","href":"https:\/\/api.w.org\/{rel}","templated":true}]}}