{"id":2289,"date":"2026-01-07T01:42:03","date_gmt":"2026-01-07T01:42:03","guid":{"rendered":"https:\/\/lyfilter.com\/?post_type=product&#038;p=2289"},"modified":"2026-01-07T01:42:03","modified_gmt":"2026-01-07T01:42:03","slug":"pneumatic-plastic-muffler-silencer-with-sound-absorbing","status":"publish","type":"product","link":"https:\/\/lyfilter.com\/de\/pneumatic-plastic-muffler-silencer-with-sound-absorbing\/","title":{"rendered":"Pneumatischer Kunststoffschalld\u00e4mpfer mit Schalld\u00e4mpfung"},"content":{"rendered":"<div class=\"unit-detail-html-tabs__content-attr\">\n<div class=\"unit-product-attrparam\">\n<div class=\"unit-product-attrparam__items row\">\n<div class=\"col-12 col-md-6\">\n<div class=\"unit-product-attrparam__item\">\n<div class=\"unit-product-attrparam__label\">\n<table>\n<thead>\n<tr>\n<th>Lieferf\u00e4higkeit<\/th>\n<th>1000000 St\u00fcck\/Monat<\/th>\n<\/tr>\n<\/thead>\n<tbody>\n<tr>\n<td>Material<\/td>\n<td>pe<\/td>\n<\/tr>\n<tr>\n<td>Verf\u00fcgbarkeit<\/td>\n<td>Erstausr\u00fcster<\/td>\n<\/tr>\n<\/tbody>\n<\/table>\n<\/div>\n<\/div>\n<\/div>\n<\/div>\n<\/div>\n<\/div>\n<div class=\"unit-detail-html-tabs__content-featuresAttr\"><\/div>\n<div class=\"unit-detail-html-tabs__content-html\">\n<p><strong>Pneumatischer Kunststoffschalld\u00e4mpfer mit Schalld\u00e4mpfung<\/strong><\/p>\n<p><strong>Kunststoffschalld\u00e4mpfer Schalld\u00e4mpfer\u00a0<\/strong>\u00a0werden in verschiedenen Arten von Dampfkesseln in der Industrie, Petrochemie und Metallurgie verwendet.<\/p>\n<p>In der modernen Industrie k\u00f6nnen Schalld\u00e4mpfer den L\u00e4rm von Produktionsanlagen wirksam reduzieren und die kleinsten Ger\u00e4te im System und das beste Gleichgewichtssystem w\u00e4hrend des Betriebs gew\u00e4hrleisten.<\/p>\n<p>Im Allgemeinen verf\u00fcgen die Ger\u00e4te \u00fcber eine gro\u00dfe Auswahl an Gr\u00f6\u00dfen, eine Standardpositionierung f\u00fcr Chips und robuste Schnittstellen, die eine einfache Weiterleitung an pneumatische Ger\u00e4te gew\u00e4hrleisten.<\/p>\n<p>Vorteile\uff1a<\/p>\n<p>Das Gewicht eines Metallschalld\u00e4mpfers ist in vielerlei Hinsicht bedeutender als das eines Schalld\u00e4mpfers: Ger\u00e4uschreduzierung, gr\u00f6\u00dferer Widerstand gegen gefilterte Luft, h\u00f6here Kapazit\u00e4t, Dispergierbarkeit und solides Material, Haltbarkeit, schnelle Montage und Kosten.<\/p>\n<\/div>","protected":false},"excerpt":{"rendered":"<table>\n<thead>\n<tr>\n<th>Startport<\/th>\n<th>Guangzhou<\/th>\n<\/tr>\n<\/thead>\n<tbody>\n<tr>\n<td>Produktionskapazit\u00e4t<\/td>\n<td>10000 Einheiten\/Monat<\/td>\n<\/tr>\n<tr>\n<td>Herkunftsort<\/td>\n<td>Guangdong, China<\/td>\n<\/tr>\n<tr>\n<td>Zahlung<\/td>\n<td>T\/T, Alibaba Trade Assurance, paypal<\/td>\n<\/tr>\n<tr>\n<td>moq<\/td>\n<td>1 St\u00fcck<\/td>\n<\/tr>\n<tr>\n<td>Lieferfrist<\/td>\n<td>Innerhalb von 7 Arbeitstagen<\/td>\n<\/tr>\n<tr>\n<td>Zertifizierung<\/td>\n<td>ISO 9001<\/td>\n<\/tr>\n<tr>\n<td>Marke<\/td>\n<td>OEM\/Lvyuan<\/td>\n<\/tr>\n<\/tbody>\n<\/table>","protected":false},"featured_media":2292,"comment_status":"open","ping_status":"closed","template":"","meta":{"_gspb_post_css":""},"product_brand":[],"product_cat":[17,22],"product_tag":[954,289,260,280,282,953],"class_list":{"0":"post-2289","1":"product","2":"type-product","3":"status-publish","4":"has-post-thumbnail","6":"product_cat-sediment-filter","7":"product_cat-sintered-filter-cartridge","8":"product_tag-custom-paper-tubes","9":"product_tag-guangzhou-shipping","10":"product_tag-iso-9001","11":"product_tag-low-moq","12":"product_tag-oem-lvyuan","13":"product_tag-paper-tube-packaging","15":"first","16":"instock","17":"shipping-taxable","18":"product-type-simple"},"_links":{"self":[{"href":"https:\/\/lyfilter.com\/de\/wp-json\/wp\/v2\/product\/2289","targetHints":{"allow":["GET"]}}],"collection":[{"href":"https:\/\/lyfilter.com\/de\/wp-json\/wp\/v2\/product"}],"about":[{"href":"https:\/\/lyfilter.com\/de\/wp-json\/wp\/v2\/types\/product"}],"replies":[{"embeddable":true,"href":"https:\/\/lyfilter.com\/de\/wp-json\/wp\/v2\/comments?post=2289"}],"wp:featuredmedia":[{"embeddable":true,"href":"https:\/\/lyfilter.com\/de\/wp-json\/wp\/v2\/media\/2292"}],"wp:attachment":[{"href":"https:\/\/lyfilter.com\/de\/wp-json\/wp\/v2\/media?parent=2289"}],"wp:term":[{"taxonomy":"product_brand","embeddable":true,"href":"https:\/\/lyfilter.com\/de\/wp-json\/wp\/v2\/product_brand?post=2289"},{"taxonomy":"product_cat","embeddable":true,"href":"https:\/\/lyfilter.com\/de\/wp-json\/wp\/v2\/product_cat?post=2289"},{"taxonomy":"product_tag","embeddable":true,"href":"https:\/\/lyfilter.com\/de\/wp-json\/wp\/v2\/product_tag?post=2289"}],"curies":[{"name":"wp","href":"https:\/\/api.w.org\/{rel}","templated":true}]}}