{"id":2283,"date":"2026-01-07T01:37:49","date_gmt":"2026-01-07T01:37:49","guid":{"rendered":"https:\/\/lyfilter.com\/?post_type=product&#038;p=2283"},"modified":"2026-01-07T01:37:49","modified_gmt":"2026-01-07T01:37:49","slug":"sintered-plastic-pe-pp-ptfe-outdoor-moisture-filter","status":"publish","type":"product","link":"https:\/\/lyfilter.com\/de\/sintered-plastic-pe-pp-ptfe-outdoor-moisture-filter\/","title":{"rendered":"Gesinterter Kunststoff PE PP PTFE Feuchtigkeitsfilter f\u00fcr den Au\u00dfenbereich"},"content":{"rendered":"<div class=\"unit-detail-html-tabs__content-attr\">\n<div class=\"unit-product-attrparam\">\n<div class=\"unit-product-attrparam__items row\">\n<div class=\"col-12 col-md-6\">\n<div class=\"unit-product-attrparam__item\">\n<div class=\"unit-product-attrparam__label\">\n<table>\n<thead>\n<tr>\n<th>Material<\/th>\n<th>pe<\/th>\n<\/tr>\n<\/thead>\n<tbody>\n<tr>\n<td>Verf\u00fcgbarkeit<\/td>\n<td>OEM\/ODM<\/td>\n<\/tr>\n<\/tbody>\n<\/table>\n<\/div>\n<\/div>\n<\/div>\n<\/div>\n<\/div>\n<\/div>\n<div class=\"unit-detail-html-tabs__content-featuresAttr\"><\/div>\n<div class=\"unit-detail-html-tabs__content-html\">\n<p><strong>Gesinterter Kunststoff PE PP PTFE Feuchtigkeitsfilter f\u00fcr den Au\u00dfenbereich<\/strong><\/p>\n<div class=\"table-responsive\">\n<table width=\"462\" cellspacing=\"0\" cellpadding=\"0\" data-spm-anchor-id=\"a2700.details.0.i31.45026d68wBggxE\">\n<tbody>\n<tr class=\"firstRow\">\n<td width=\"205\" height=\"10\">\n<p data-spm-anchor-id=\"a2700.details.0.i30.45026d68wBggxE\">Stil<\/p>\n<\/td>\n<td width=\"237\" height=\"10\">Zylinder<\/td>\n<\/tr>\n<tr>\n<td width=\"205\" height=\"2\">Materialzusammensetzung<\/td>\n<td width=\"237\" height=\"2\">PE,PP<\/td>\n<\/tr>\n<tr>\n<td width=\"205\" height=\"27\">Artikel Nr.<\/td>\n<td width=\"237\" height=\"27\">SPF1522170PEDGM20<\/td>\n<\/tr>\n<tr>\n<td width=\"205\" height=\"27\">Form<\/td>\n<td width=\"237\" height=\"27\">Zylinder<\/td>\n<\/tr>\n<tr>\n<td width=\"205\" height=\"27\">ID<\/td>\n<td width=\"237\" height=\"27\">15<\/td>\n<\/tr>\n<tr>\n<td width=\"205\" height=\"27\">OD<\/td>\n<td width=\"237\" height=\"27\">22<\/td>\n<\/tr>\n<tr>\n<td width=\"205\" height=\"27\">L\u00e4nge<\/td>\n<td width=\"237\" height=\"27\">170<\/td>\n<\/tr>\n<tr>\n<td width=\"205\" height=\"30\">Entfernt Partikel bis zu einer Gr\u00f6\u00dfe von<\/td>\n<td width=\"237\" height=\"30\">\n<p data-spm-anchor-id=\"a2700.details.0.i32.45026d68wBggxE\">20 Mikron<\/p>\n<\/td>\n<\/tr>\n<tr>\n<td width=\"205\" height=\"21\">Maximale Durchflussmenge<\/td>\n<td width=\"237\" height=\"21\">9 scfm @ 100psi<\/td>\n<\/tr>\n<\/tbody>\n<\/table>\n<\/div>\n<p><img decoding=\"async\" src=\"https:\/\/img.yfisher.com\/m6076\/17257326288n0\/png70-t3-scale100.webp\" alt=\"Sinterkunststoff PE PP PTFE Au\u00dfenfeuchtigkeitsfilter 2\" data-lazy=\"2\" title=\"\"><\/p>\n<p>- Druckabfall. Die Porosit\u00e4t verringert den Druck der Fl\u00fcssigkeit, die durch sie zirkuliert. Verschiedene Anwendungen sind: Druckkontrolle in pneumatischen und hydraulischen Kreisl\u00e4ufen (Kompensatoren, Ablasser, Regler), Schalld\u00e4mpfung von Gasleitungen (Schalld\u00e4mpfer), Pneumatikzylinder, Schutz von Sensoren und Manometern, Getriebe usw.<\/p>\n<p>- Durchflusskontrolle. Die isotrope und homogene Porosit\u00e4t erm\u00f6glicht es, dass eine Fl\u00fcssigkeit, die durch sie zirkuliert, am Ausgang des por\u00f6sen Teils einen konstanten Durchfluss hat. Typische Anwendungen sind W\u00e4rmetauscher, medizinische Gase, Tauchen, Industriegase usw.<\/p>\n<p>- Bel\u00fcftung. Die Luftzirkulation durch die Porosit\u00e4t f\u00fchrt zu einem konstanten und kontrollierten Luftstrom am Ausgang des por\u00f6sen Bauteils. Die Anwendungsbereiche sind: Fl\u00fcssigkeitsumw\u00e4lzung in der Lebensmittelindustrie (Lik\u00f6re, Weine und Gasgetr\u00e4nke), Ionisierung, Gasbrenner, Aquarien, klinische Analysen, usw.<\/p>\n<p>- Fluidisierung. Die Luftzirkulation durch das por\u00f6se Bauteil hat zur Folge, dass der Austrittsstrom an allen Stellen mit dem gleichen Druck verteilt wird, was die kontrollierte F\u00f6rderung von pulverf\u00f6rmigen Produkten erm\u00f6glicht. Diese Eigenschaft wird genutzt f\u00fcr: den Transport von Zement, Mehl, Tonerde, Asche, Tonerpulver, etc.<\/p>\n<\/div>","protected":false},"excerpt":{"rendered":"<table>\n<thead>\n<tr>\n<th>Startport<\/th>\n<th>Guangzhou<\/th>\n<\/tr>\n<\/thead>\n<tbody>\n<tr>\n<td>Produktionskapazit\u00e4t<\/td>\n<td>10000 Einheiten\/Monat<\/td>\n<\/tr>\n<tr>\n<td>Herkunftsort<\/td>\n<td>Guangdong, China<\/td>\n<\/tr>\n<tr>\n<td>Zahlung<\/td>\n<td>T\/T<\/td>\n<\/tr>\n<tr>\n<td>moq<\/td>\n<td>1 St\u00fcck<\/td>\n<\/tr>\n<tr>\n<td>Modell<\/td>\n<td>LY-FB<\/td>\n<\/tr>\n<tr>\n<td>Lieferfrist<\/td>\n<td>Innerhalb von 7 Arbeitstagen<\/td>\n<\/tr>\n<tr>\n<td>Marke<\/td>\n<td>OEM\/Lvyuan<\/td>\n<\/tr>\n<\/tbody>\n<\/table>","protected":false},"featured_media":2290,"comment_status":"open","ping_status":"closed","template":"","meta":{"_gspb_post_css":""},"product_brand":[],"product_cat":[17,22],"product_tag":[954,263,289,280,282,953],"class_list":{"0":"post-2283","1":"product","2":"type-product","3":"status-publish","4":"has-post-thumbnail","6":"product_cat-sediment-filter","7":"product_cat-sintered-filter-cartridge","8":"product_tag-custom-paper-tubes","9":"product_tag-fast-delivery","10":"product_tag-guangzhou-shipping","11":"product_tag-low-moq","12":"product_tag-oem-lvyuan","13":"product_tag-paper-tube-packaging","15":"first","16":"instock","17":"shipping-taxable","18":"product-type-simple"},"_links":{"self":[{"href":"https:\/\/lyfilter.com\/de\/wp-json\/wp\/v2\/product\/2283","targetHints":{"allow":["GET"]}}],"collection":[{"href":"https:\/\/lyfilter.com\/de\/wp-json\/wp\/v2\/product"}],"about":[{"href":"https:\/\/lyfilter.com\/de\/wp-json\/wp\/v2\/types\/product"}],"replies":[{"embeddable":true,"href":"https:\/\/lyfilter.com\/de\/wp-json\/wp\/v2\/comments?post=2283"}],"wp:featuredmedia":[{"embeddable":true,"href":"https:\/\/lyfilter.com\/de\/wp-json\/wp\/v2\/media\/2290"}],"wp:attachment":[{"href":"https:\/\/lyfilter.com\/de\/wp-json\/wp\/v2\/media?parent=2283"}],"wp:term":[{"taxonomy":"product_brand","embeddable":true,"href":"https:\/\/lyfilter.com\/de\/wp-json\/wp\/v2\/product_brand?post=2283"},{"taxonomy":"product_cat","embeddable":true,"href":"https:\/\/lyfilter.com\/de\/wp-json\/wp\/v2\/product_cat?post=2283"},{"taxonomy":"product_tag","embeddable":true,"href":"https:\/\/lyfilter.com\/de\/wp-json\/wp\/v2\/product_tag?post=2283"}],"curies":[{"name":"wp","href":"https:\/\/api.w.org\/{rel}","templated":true}]}}