{"id":2274,"date":"2026-01-07T01:30:24","date_gmt":"2026-01-07T01:30:24","guid":{"rendered":"https:\/\/lyfilter.com\/?post_type=product&#038;p=2274"},"modified":"2026-01-07T01:30:24","modified_gmt":"2026-01-07T01:30:24","slug":"stainless-steel-sintered-filter-disc-custom-metal-filter-discs","status":"publish","type":"product","link":"https:\/\/lyfilter.com\/de\/stainless-steel-sintered-filter-disc-custom-metal-filter-discs\/","title":{"rendered":"Edelstahl-Sinterfilterscheibe Kundenspezifische Metallfilterscheiben"},"content":{"rendered":"<p>Edelstahl-Sinterfilterscheibe Kundenspezifische Metallfilterscheiben<\/p>\n<p>Die gesinterten Scheibenfilter von Lvyuan bestehen aus hochgradig gleichm\u00e4\u00dfigen, miteinander verbundenen Porennetzen mit gewundenen Bahnen, die Feststoffpartikel in Gasen oder Fl\u00fcssigkeiten zur\u00fcckhalten. Hervorragende Tiefenfilter mit \u00fcberlegener mechanischer Festigkeit. Edelstahl Typ 316L h\u00e4lt Temperaturen von bis zu 399\u00b0C (750\u00b0F) in oxidierenden und 482\u00b0C (900\u00b0F) in reduzierenden Umgebungen stand. Diese Filter k\u00f6nnen mit anderen Methoden gereinigt werden, z. B. in Ultraschallb\u00e4dern oder durch R\u00fccksp\u00fclen. Wenn Ihre Anwendung eine noch h\u00f6here Korrosions-, Temperatur-, Verschlei\u00df- und Vibrationsbest\u00e4ndigkeit erfordert, sind auch andere Nickelbasislegierungen erh\u00e4ltlich. Bitte kontaktieren Sie uns<\/p>\n<p>info@lyfilter.com<\/p>","protected":false},"excerpt":{"rendered":"<table>\n<thead>\n<tr>\n<th>Startport<\/th>\n<th>Guangzhou<\/th>\n<\/tr>\n<\/thead>\n<tbody>\n<tr>\n<td>Produktionskapazit\u00e4t<\/td>\n<td>10000 Einheiten\/Monat<\/td>\n<\/tr>\n<tr>\n<td>Herkunftsort<\/td>\n<td>Guangdong, China<\/td>\n<\/tr>\n<tr>\n<td>Zahlung<\/td>\n<td>T\/T, Western Union<\/td>\n<\/tr>\n<tr>\n<td>moq<\/td>\n<td>1 St\u00fcck<\/td>\n<\/tr>\n<tr>\n<td>Modell<\/td>\n<td>LY-FB<\/td>\n<\/tr>\n<tr>\n<td>Lieferfrist<\/td>\n<td>Innerhalb von 7 Arbeitstagen<\/td>\n<\/tr>\n<tr>\n<td>Zertifizierung<\/td>\n<td>ISO 9001<\/td>\n<\/tr>\n<tr>\n<td>Marke<\/td>\n<td>OEM\/Lvyuan<\/td>\n<\/tr>\n<\/tbody>\n<\/table>","protected":false},"featured_media":2279,"comment_status":"open","ping_status":"closed","template":"","meta":{"_gspb_post_css":""},"product_brand":[],"product_cat":[17,22],"product_tag":[956,954,289,260,282,953],"class_list":{"0":"post-2274","1":"product","2":"type-product","3":"status-publish","4":"has-post-thumbnail","6":"product_cat-sediment-filter","7":"product_cat-sintered-filter-cartridge","8":"product_tag-1-piece-moq","9":"product_tag-custom-paper-tubes","10":"product_tag-guangzhou-shipping","11":"product_tag-iso-9001","12":"product_tag-oem-lvyuan","13":"product_tag-paper-tube-packaging","15":"first","16":"instock","17":"shipping-taxable","18":"product-type-simple"},"_links":{"self":[{"href":"https:\/\/lyfilter.com\/de\/wp-json\/wp\/v2\/product\/2274","targetHints":{"allow":["GET"]}}],"collection":[{"href":"https:\/\/lyfilter.com\/de\/wp-json\/wp\/v2\/product"}],"about":[{"href":"https:\/\/lyfilter.com\/de\/wp-json\/wp\/v2\/types\/product"}],"replies":[{"embeddable":true,"href":"https:\/\/lyfilter.com\/de\/wp-json\/wp\/v2\/comments?post=2274"}],"wp:featuredmedia":[{"embeddable":true,"href":"https:\/\/lyfilter.com\/de\/wp-json\/wp\/v2\/media\/2279"}],"wp:attachment":[{"href":"https:\/\/lyfilter.com\/de\/wp-json\/wp\/v2\/media?parent=2274"}],"wp:term":[{"taxonomy":"product_brand","embeddable":true,"href":"https:\/\/lyfilter.com\/de\/wp-json\/wp\/v2\/product_brand?post=2274"},{"taxonomy":"product_cat","embeddable":true,"href":"https:\/\/lyfilter.com\/de\/wp-json\/wp\/v2\/product_cat?post=2274"},{"taxonomy":"product_tag","embeddable":true,"href":"https:\/\/lyfilter.com\/de\/wp-json\/wp\/v2\/product_tag?post=2274"}],"curies":[{"name":"wp","href":"https:\/\/api.w.org\/{rel}","templated":true}]}}