{"id":2270,"date":"2026-01-07T01:26:34","date_gmt":"2026-01-07T01:26:34","guid":{"rendered":"https:\/\/lyfilter.com\/?post_type=product&#038;p=2270"},"modified":"2026-05-08T01:23:44","modified_gmt":"2026-05-08T01:23:44","slug":"microns-porous-sinter-filter-tube-plastic-pe","status":"publish","type":"product","link":"https:\/\/lyfilter.com\/de\/microns-porous-sinter-filter-tube-plastic-pe\/","title":{"rendered":"Mikrometer por\u00f6ser Sinterfilterschlauch Kunststoff PE"},"content":{"rendered":"<p><strong>Mikrometer por\u00f6ser Sinterfilterschlauch Kunststoff PE\u00a0<\/strong><\/p>\n<p>Lvyuan Sinterfilter besteht haupts\u00e4chlich aus ultrahochmolekularem Polyethylen (PE und PA), Polytetrafluorethylen (PTFE), Edelstahlpulver, Sinterung von Kupferpulver und anderen Materialien, kompakt, stark, leicht, in der Lage, unter hohem Druck zu arbeiten, ungiftig geschmacklos, haben eine gute Korrosionsbest\u00e4ndigkeit gegen S\u00e4ure, Alkali und L\u00f6sungsmittel. Sinterfilter Auswahl, Arbeitssicherheit, Verbesserung der Produktionsumgebung und der Bereich ist klein, Fl\u00fcssigkeitsstrom Filtrationsbereich unter jeder Auswahl (1 - 200m2), besonders geeignet f\u00fcr lage Wasseraufbereitung und chemische Herstellung, pharmazeutische, Lebensmittel und andere Fl\u00fcssigkeit Filtration.<\/p>\n<p><img decoding=\"async\" src=\"https:\/\/img.yfisher.com\/m6076\/1725732617lty\/png70-t3-scale100.webp\" alt=\"Mikrometer por\u00f6ser Sinterfilterschlauch Kunststoff PE 2\" data-lazy=\"2\" title=\"\"><\/p>\n<p><strong>Test auf Hydrophobie und Hydrophilie<\/strong><\/p>\n<p><img decoding=\"async\" src=\"https:\/\/img.yfisher.com\/m6076\/1725732617qyx\/png70-t3-scale100.webp\" alt=\"Mikrometer por\u00f6ser Sinterfilterschlauch Kunststoff PE 3\" data-lazy=\"2\" title=\"\"><\/p>\n<p><img decoding=\"async\" src=\"https:\/\/img.yfisher.com\/m6076\/172573261772x\/png70-t3-scale100.webp\" alt=\"Mikrometer por\u00f6ser Sinterfilterschlauch Kunststoff PE 4\" data-lazy=\"2\" title=\"\"><\/p>\n<p>Wenn unsere Standardgr\u00f6\u00dfen Ihren Anforderungen nicht gen\u00fcgen, k\u00f6nnen Sie Sondergr\u00f6\u00dfen bestellen. Die Muster f\u00fcr Ihre Sondergr\u00f6\u00dfe sind schnell verf\u00fcgbar.<\/p>","protected":false},"excerpt":{"rendered":"<table>\n<thead>\n<tr>\n<th>Artikel<\/th>\n<th>Details<\/th>\n<\/tr>\n<\/thead>\n<tbody>\n<tr>\n<td>Startport<\/td>\n<td>Guangzhou<\/td>\n<\/tr>\n<tr>\n<td>Produktionskapazit\u00e4t<\/td>\n<td>10000 Einheiten\/Monat<\/td>\n<\/tr>\n<tr>\n<td>Herkunftsort<\/td>\n<td>Guangdong, China<\/td>\n<\/tr>\n<tr>\n<td>Zahlung<\/td>\n<td>Western Union, Alibaba Handelsgarantie<\/td>\n<\/tr>\n<tr>\n<td>moq<\/td>\n<td>1 St\u00fcck<\/td>\n<\/tr>\n<tr>\n<td>Modell<\/td>\n<td>LY-FB<\/td>\n<\/tr>\n<tr>\n<td>Lieferfrist<\/td>\n<td>Innerhalb von 7 Arbeitstagen<\/td>\n<\/tr>\n<tr>\n<td>Zertifizierung<\/td>\n<td>ISO 9001<\/td>\n<\/tr>\n<tr>\n<td>Marke<\/td>\n<td>OEM\/Lvyuan<\/td>\n<\/tr>\n<\/tbody>\n<\/table>","protected":false},"featured_media":2273,"comment_status":"open","ping_status":"closed","template":"","meta":{"_gspb_post_css":""},"product_brand":[],"product_cat":[17,22],"product_tag":[956,954,289,260,282,953],"class_list":{"0":"post-2270","1":"product","2":"type-product","3":"status-publish","4":"has-post-thumbnail","6":"product_cat-sediment-filter","7":"product_cat-sintered-filter-cartridge","8":"product_tag-1-piece-moq","9":"product_tag-custom-paper-tubes","10":"product_tag-guangzhou-shipping","11":"product_tag-iso-9001","12":"product_tag-oem-lvyuan","13":"product_tag-paper-tube-packaging","15":"first","16":"instock","17":"shipping-taxable","18":"product-type-simple"},"_links":{"self":[{"href":"https:\/\/lyfilter.com\/de\/wp-json\/wp\/v2\/product\/2270","targetHints":{"allow":["GET"]}}],"collection":[{"href":"https:\/\/lyfilter.com\/de\/wp-json\/wp\/v2\/product"}],"about":[{"href":"https:\/\/lyfilter.com\/de\/wp-json\/wp\/v2\/types\/product"}],"replies":[{"embeddable":true,"href":"https:\/\/lyfilter.com\/de\/wp-json\/wp\/v2\/comments?post=2270"}],"wp:featuredmedia":[{"embeddable":true,"href":"https:\/\/lyfilter.com\/de\/wp-json\/wp\/v2\/media\/2273"}],"wp:attachment":[{"href":"https:\/\/lyfilter.com\/de\/wp-json\/wp\/v2\/media?parent=2270"}],"wp:term":[{"taxonomy":"product_brand","embeddable":true,"href":"https:\/\/lyfilter.com\/de\/wp-json\/wp\/v2\/product_brand?post=2270"},{"taxonomy":"product_cat","embeddable":true,"href":"https:\/\/lyfilter.com\/de\/wp-json\/wp\/v2\/product_cat?post=2270"},{"taxonomy":"product_tag","embeddable":true,"href":"https:\/\/lyfilter.com\/de\/wp-json\/wp\/v2\/product_tag?post=2270"}],"curies":[{"name":"wp","href":"https:\/\/api.w.org\/{rel}","templated":true}]}}