{"id":2266,"date":"2026-01-07T01:16:53","date_gmt":"2026-01-07T01:16:53","guid":{"rendered":"https:\/\/lyfilter.com\/?post_type=product&#038;p=2266"},"modified":"2026-01-07T01:16:53","modified_gmt":"2026-01-07T01:16:53","slug":"plastic-sintered-liquid-cartridge-filter-industrial-waste-water-gas-air-treatment","status":"publish","type":"product","link":"https:\/\/lyfilter.com\/de\/plastic-sintered-liquid-cartridge-filter-industrial-waste-water-gas-air-treatment\/","title":{"rendered":"Gesinterte Kunststoff-Fl\u00fcssigkeitskartuschenfilter Industrielle Abwasser-, Gas- und Luftbehandlung"},"content":{"rendered":"<div class=\"unit-detail-html-tabs__content-attr\">\n<div class=\"unit-product-attrparam\">\n<div class=\"unit-product-attrparam__items row\">\n<div class=\"col-12 col-md-6\">\n<div class=\"unit-product-attrparam__item\">\n<div class=\"unit-product-attrparam__label\">Material<\/div>\n<div class=\"unit-product-attrparam__value\" title=\"pe \">pe<\/div>\n<\/div>\n<\/div>\n<div class=\"col-12 col-md-6\">\n<div class=\"unit-product-attrparam__item\">\n<div class=\"unit-product-attrparam__label\">Verf\u00fcgbarkeit<\/div>\n<div class=\"unit-product-attrparam__value\" title=\"OEM\">OEM<\/div>\n<\/div>\n<\/div>\n<\/div>\n<\/div>\n<\/div>\n<div class=\"unit-detail-html-tabs__content-featuresAttr\"><\/div>\n<div class=\"unit-detail-html-tabs__content-html\">\n<div>\n<div id=\"detail_decorate_root\" data-host=\"112190218\" data-id=\"detail_decorate_root\" data-magic-global=\"%7B%22bizId%22%3A17381045746%2C%22pageId%22%3A5101297240%2C%22siteId%22%3A5005126472%7D\">\n<div class=\"J_module\">\n<div class=\"detail-decorate-json-renderer-container\">\n<div class=\"magic-0\">\n<h3 class=\"magic-1\" data-id=\"title0\">Gesinterte Kunststoff-Fl\u00fcssigkeitskartuschenfilter Industrielle Abwasser-, Gas- und Luftbehandlung<\/h3>\n<\/div>\n<\/div>\n<\/div>\n<div class=\"J_module\">\n<div class=\"detail-decorate-json-renderer-container\">\n<div class=\"magic-0\">\n<div class=\"magic-2\">\n<div class=\"magic-3\">\n<div class=\"magic-4\" data-id=\"paragraph0\">Lvyuan produziert eine breite Palette von gesinterten por\u00f6sen Kunststoff-Filterprodukten, einschlie\u00dflich por\u00f6sem PE, HDPE, PTFE, PVDF, PA, Nylon 6, Glasfaser mit Formen von Rohren, St\u00e4ben, Kerzen, Platten, Scheiben, St\u00f6cken usw. Mit verschiedenen Filtrationsraten, Formen und Eigenschaften werden gesinterte por\u00f6se Kunststoff-Filterkerzen weithin in der Wasseraufbereitung, der chemischen Technik, der medizinischen Behandlung, der Automobilindustrie, dem Umweltschutz und anderen Industrien verwendet, wie z.B. \u00d6l-Wasser-Abscheider und Schalld\u00e4mpfer, Trunkenheit am Steuer, Blindstopfen f\u00fcr die mediale Behandlung, Sirup- und Fettfilterger\u00e4te, explosionsgesch\u00fctzte Scheiben f\u00fcr Industriebatterien, s\u00e4urefeste Scheiben f\u00fcr Autobatterien, Abwasserbehandlung, Wasserreinigungsfiltersysteme und vieles mehr. Lvyuan gesinterte por\u00f6se Platikfilter k\u00f6nnen die Anforderungen der verschiedenen Kunden erf\u00fcllen. Kundenspezifisch geformte Formen sind verf\u00fcgbar.<\/div>\n<\/div>\n<\/div>\n<\/div>\n<\/div>\n<\/div>\n<div class=\"J_module\">\n<div id=\"ali-anchor-AliMagic-9dmlpd\" class=\"magic-5\" data-section=\"AliMagic-9dmlpd\" data-section-title=\"Product Feature\">Produktmerkmal<\/div>\n<\/div>\n<div class=\"J_module\">\n<div class=\"detail-decorate-json-renderer-container\">\n<div class=\"magic-0\">\n<div class=\"magic-2\">\n<div class=\"magic-3\">\n<div class=\"magic-4\">1. Hohe Porosit\u00e4t, um einen gr\u00f6\u00dferen Durchfluss pro Fl\u00e4cheneinheit zu gew\u00e4hrleisten; 2. glatte \u00e4u\u00dfere Oberfl\u00e4che, Verunreinigungen sind nicht leicht zu haften, R\u00fccksp\u00fclung einfach und gr\u00fcndlich; 3. Anti-Fouling-F\u00e4higkeit: die geringe Gr\u00f6\u00dfe des Filters, so dass Verunreinigungen nicht in den Filterk\u00f6rper zur\u00fcckgehalten werden k\u00f6nnen; 4. Best\u00e4ndigkeit gegen starke S\u00e4ure, Alkali Korrosion, Best\u00e4ndigkeit gegen organische L\u00f6sungsmittel; 5. hervorragende mechanische Eigenschaften; 6. keine Partikelfreisetzung. 7. Breite Produktpalette und breiter Anwendungsbereich<\/div>\n<\/div>\n<\/div>\n<\/div>\n<\/div>\n<\/div>\n<div class=\"J_module\">\n<div class=\"ife-detail-decorate-table\">\n<div class=\"table-responsive\">\n<table class=\"hight-light-first-column all magic-19\">\n<tbody>\n<tr class=\"firstRow\">\n<td colspan=\"1\" rowspan=\"1\">\n<div class=\"magic-20\">Filtermedien<\/div>\n<\/td>\n<td colspan=\"1\" rowspan=\"1\">\n<div class=\"magic-21\">PE, HDPE, PTFE, PVDF, PA\/Nylon usw.<\/div>\n<\/td>\n<\/tr>\n<tr>\n<td colspan=\"1\" rowspan=\"1\">\n<div class=\"magic-20\">Mikron-Rate<\/div>\n<\/td>\n<td colspan=\"1\" rowspan=\"1\">\n<div class=\"magic-21\">0,2um, 0,5um, 1um, 3um, 5um, 10um, 25um, 30um, 50um, 75um, 100um, etc<\/div>\n<\/td>\n<\/tr>\n<tr>\n<td colspan=\"1\" rowspan=\"1\">\n<div class=\"magic-20\">Referenzma\u00df<\/p>\n<div>(mm)<\/div>\n<\/div>\n<\/td>\n<td colspan=\"1\" rowspan=\"1\">\n<div class=\"magic-21\">31x12x1000, 31x20x1000, 38x20x1000, 38x18x1000, 38x20x1200, 38x20x1300, 38x20x150, 38x20x400, 38x20x250, 38x20x200, 38x20x180,<br \/>\n38x20x150, 50x20x1000, 50x31x1000, 50x38x1000, 65x31x1000, 65x38x1000, 64x44x1000, 78x62x750mm, etc.<\/div>\n<\/td>\n<\/tr>\n<tr>\n<td colspan=\"1\" rowspan=\"1\">\n<div class=\"magic-20\">Steckertyp<\/div>\n<\/td>\n<td colspan=\"1\" rowspan=\"1\">\n<div class=\"magic-21\">DOE, SOE, Flach, Einsatz, Gewinde, 226, 222, 215, M36, M30, M27, M25, M22, M14, M12, oder nach Wunsch.<\/div>\n<\/td>\n<\/tr>\n<tr>\n<td colspan=\"1\" rowspan=\"1\">\n<div class=\"magic-20\">Max. Betriebstemperatur<\/div>\n<\/td>\n<td colspan=\"1\" rowspan=\"1\">\n<div class=\"magic-21\">PE\u226482\u2103; PTFE\u2265200\u2103; PA\u2264120\u2103<\/div>\n<\/td>\n<\/tr>\n<\/tbody>\n<\/table>\n<\/div>\n<p><img decoding=\"async\" src=\"https:\/\/img.yfisher.com\/m6076\/17257326026ld\/jpg70-t3-scale100.webp\" alt=\"Kunststoffsinter-Fl\u00fcssigkeitskartuschenfilter Industrieabwasser Gas Luftbehandlung 2\" data-lazy=\"2\" title=\"\"><\/p>\n<\/div>\n<\/div>\n<div class=\"J_module\">\n<div class=\"detail-decorate-json-renderer-container\">\n<div class=\"magic-0\">\n<h3 class=\"magic-1\" data-id=\"title0\">Medizin und Pharmazie<\/h3>\n<div class=\"magic-2\">\n<div class=\"magic-3\">\n<div class=\"magic-4\" data-id=\"paragraph0\">1. Entfernung von Verunreinigungen, Entkohlung und Feinfiltration. 2. Trockenabzug von saurem Gas 3. Entkohlungsfiltration 4. Selbstdichtende Filter in Saugbeuteln<\/div>\n<\/div>\n<\/div>\n<\/div>\n<\/div>\n<\/div>\n<div class=\"J_module\">\n<div class=\"detail-decorate-json-renderer-container\">\n<div class=\"magic-0\">\n<h3 class=\"magic-1\" data-id=\"title0\">Essen &amp; Trinken<\/h3>\n<div class=\"magic-2\">\n<div class=\"magic-3\">\n<div class=\"magic-4\" data-id=\"paragraph0\">1. Resthefe- und Kieselgurfiltration 2. Kl\u00e4rfiltration in Getr\u00e4nken 3. Wasserfiltration in Getr\u00e4nken, Brauerei 4. Sterilluftfiltration in Bier und Brauerei<\/div>\n<\/div>\n<\/div>\n<\/div>\n<\/div>\n<\/div>\n<div class=\"J_module\">\n<div class=\"detail-decorate-json-renderer-container\">\n<div class=\"magic-0\">\n<h3 class=\"magic-1\" data-id=\"title0\">\u00d6l und Gas<\/h3>\n<div class=\"magic-2\">\n<div class=\"magic-3\">\n<div class=\"magic-4\" data-id=\"paragraph0\">1. Recycling-Filtration organischer L\u00f6sungsmittel 2. Filtration von Einspritzwasser 3. Dampf-, Druckluft- und Katalysatorfiltration 4. Endprodukt-Filtration<\/div>\n<\/div>\n<\/div>\n<\/div>\n<\/div>\n<\/div>\n<div class=\"J_module\">\n<div class=\"detail-decorate-json-renderer-container\">\n<div class=\"magic-0\">\n<h3 class=\"magic-1\" data-id=\"title0\">Chemisch<\/h3>\n<div class=\"magic-2\">\n<div class=\"magic-3\">\n<div class=\"magic-4\" data-id=\"paragraph0\">1. R\u00fcckgewinnung von Katalysatoren 2. Entkohlung von Medikamentenzwischenprodukten und Feinfiltration 3. H2O2-Prozess-Filtration<\/div>\n<\/div>\n<\/div>\n<\/div>\n<\/div>\n<\/div>\n<div class=\"J_module\">\n<div class=\"detail-decorate-json-renderer-container\">\n<div class=\"magic-0\">\n<h3 class=\"magic-1\" data-id=\"title0\">Wasseraufbereitung<\/h3>\n<div class=\"magic-2\">\n<div class=\"magic-3\">\n<div class=\"magic-4\" data-id=\"paragraph0\">1. Schutz der Umkehrosmose bei der Entsalzung von Meerwasser 2. Sterile Ozonfiltration und Ozonbel\u00fcftung 3. Schutz von Ultrafiltern, RO, EDI-Systemen<\/div>\n<\/div>\n<\/div>\n<\/div>\n<\/div>\n<\/div>\n<div class=\"J_module\">\n<div class=\"detail-decorate-json-renderer-container\">\n<div class=\"magic-0\">\n<h3 class=\"magic-1\" data-id=\"title0\">Industrie<\/h3>\n<div class=\"magic-2\">\n<div class=\"magic-3\">\n<div class=\"magic-4\" data-id=\"paragraph0\">1. Filter in Rauchgasanalyse- und CEMS-Systemen 2. Luftbel\u00fcftung 3. Schalld\u00e4mpfer und Auspufft\u00f6pfe 4. Druckluftfiltration 5. CMI-Filter f\u00fcr por\u00f6se Metallinstrumente<\/div>\n<\/div>\n<\/div>\n<\/div>\n<\/div>\n<\/div>\n<div class=\"J_module\">\n<div id=\"ali-anchor-AliMagic-q1wbbq\" class=\"magic-5\" data-section=\"AliMagic-q1wbbq\" data-section-title=\"Certifications\">Zertifizierungen<\/div>\n<\/div>\n<\/div>\n<\/div>\n<\/div>","protected":false},"excerpt":{"rendered":"<table>\n<thead>\n<tr>\n<th>Artikel<\/th>\n<th>Details<\/th>\n<\/tr>\n<\/thead>\n<tbody>\n<tr>\n<td>Startport<\/td>\n<td>Guangzhou<\/td>\n<\/tr>\n<tr>\n<td>Produktionskapazit\u00e4t<\/td>\n<td>10000 Einheiten\/Monat<\/td>\n<\/tr>\n<tr>\n<td>Herkunftsort<\/td>\n<td>Guangdong, China<\/td>\n<\/tr>\n<tr>\n<td>Zahlung<\/td>\n<td>T\/T, Alibaba Trade Assurance, paypal<\/td>\n<\/tr>\n<tr>\n<td>moq<\/td>\n<td>1 St\u00fcck<\/td>\n<\/tr>\n<tr>\n<td>Modell<\/td>\n<td>LY-HFPL<\/td>\n<\/tr>\n<tr>\n<td>Lieferfrist<\/td>\n<td>Innerhalb von 7 Arbeitstagen<\/td>\n<\/tr>\n<tr>\n<td>Zertifizierung<\/td>\n<td>ISO 9001<\/td>\n<\/tr>\n<tr>\n<td>Marke<\/td>\n<td>OEM\/Lvyuan<\/td>\n<\/tr>\n<\/tbody>\n<\/table>","protected":false},"featured_media":2268,"comment_status":"open","ping_status":"closed","template":"","meta":{"_gspb_post_css":""},"product_brand":[],"product_cat":[17,22],"product_tag":[954,289,260,280,955,953],"class_list":{"0":"post-2266","1":"product","2":"type-product","3":"status-publish","4":"has-post-thumbnail","6":"product_cat-sediment-filter","7":"product_cat-sintered-filter-cartridge","8":"product_tag-custom-paper-tubes","9":"product_tag-guangzhou-shipping","10":"product_tag-iso-9001","11":"product_tag-low-moq","12":"product_tag-oem-packaging","13":"product_tag-paper-tube-packaging","15":"first","16":"instock","17":"shipping-taxable","18":"product-type-simple"},"_links":{"self":[{"href":"https:\/\/lyfilter.com\/de\/wp-json\/wp\/v2\/product\/2266","targetHints":{"allow":["GET"]}}],"collection":[{"href":"https:\/\/lyfilter.com\/de\/wp-json\/wp\/v2\/product"}],"about":[{"href":"https:\/\/lyfilter.com\/de\/wp-json\/wp\/v2\/types\/product"}],"replies":[{"embeddable":true,"href":"https:\/\/lyfilter.com\/de\/wp-json\/wp\/v2\/comments?post=2266"}],"wp:featuredmedia":[{"embeddable":true,"href":"https:\/\/lyfilter.com\/de\/wp-json\/wp\/v2\/media\/2268"}],"wp:attachment":[{"href":"https:\/\/lyfilter.com\/de\/wp-json\/wp\/v2\/media?parent=2266"}],"wp:term":[{"taxonomy":"product_brand","embeddable":true,"href":"https:\/\/lyfilter.com\/de\/wp-json\/wp\/v2\/product_brand?post=2266"},{"taxonomy":"product_cat","embeddable":true,"href":"https:\/\/lyfilter.com\/de\/wp-json\/wp\/v2\/product_cat?post=2266"},{"taxonomy":"product_tag","embeddable":true,"href":"https:\/\/lyfilter.com\/de\/wp-json\/wp\/v2\/product_tag?post=2266"}],"curies":[{"name":"wp","href":"https:\/\/api.w.org\/{rel}","templated":true}]}}