{"id":2259,"date":"2026-01-06T10:24:19","date_gmt":"2026-01-06T10:24:19","guid":{"rendered":"https:\/\/lyfilter.com\/?post_type=product&#038;p=2259"},"modified":"2026-01-06T10:24:19","modified_gmt":"2026-01-06T10:24:19","slug":"liquid-filtration-30mpa-mini-sintered-uhmwpe-pvdf-porous-filter-disc","status":"publish","type":"product","link":"https:\/\/lyfilter.com\/de\/liquid-filtration-30mpa-mini-sintered-uhmwpe-pvdf-porous-filter-disc\/","title":{"rendered":"Fl\u00fcssigkeitsfiltration 30Mpa Mini gesinterte UHMWPE PVDF por\u00f6se Filterscheibe"},"content":{"rendered":"<div class=\"unit-detail-html-tabs__content-attr\">\n<div class=\"unit-product-attrparam\">\n<div class=\"unit-product-attrparam__items row\">\n<div class=\"col-12 col-md-6\">\n<div class=\"unit-product-attrparam__item\">\n<div class=\"unit-product-attrparam__label\">Material:pe<br \/>\nVerf\u00fcgbarkeit: OEM\/ODM<\/div>\n<\/div>\n<\/div>\n<\/div>\n<\/div>\n<\/div>\n<div class=\"unit-detail-html-tabs__content-featuresAttr\"><\/div>\n<div class=\"unit-detail-html-tabs__content-html\">\n<div class=\"detail-decorate-json-renderer-container\">\n<div class=\"magic-0\">\n<h3 class=\"magic-1\" data-id=\"title0\"><strong>Gesinterte synthetische Filterscheiben Mini-Luftfilterscheibe f\u00fcr gesintertes PVDF PTFE PE<\/strong><\/h3>\n<\/div>\n<\/div>\n<div id=\"ali-anchor-AliMagic-vfkybt\" class=\"magic-5\" data-section=\"AliMagic-vfkybt\" data-section-title=\"Product Description\">Beschreibung des Produkts<\/div>\n<div class=\"magic-5\" data-section=\"AliMagic-vfkybt\" data-section-title=\"Product Description\"><\/div>\n<div class=\"magic-5\" data-section=\"AliMagic-vfkybt\" data-section-title=\"Product Description\">Sinterfilter werden haupts\u00e4chlich aus ultrahochmolekularem Polyethylen (PE und PA), Polytetrafluorethylen (PTFE), Edelstahlpulver, gesintertem Kupferpulver und anderen Materialien hergestellt. Sie sind kompakt, stark, leicht, k\u00f6nnen unter hohem Druck arbeiten, sind ungiftig und geschmacksneutral und haben eine gute Korrosionsbest\u00e4ndigkeit gegen\u00fcber S\u00e4uren, Laugen und L\u00f6sungsmitteln.<\/div>\n<div class=\"icbu-pc-detailManyImage magic-6\" data-module-name=\"icbu-pc-detailManyImage\">\n<div class=\"magic-7\"><\/div>\n<\/div>\n<div class=\"detail-decorate-json-renderer-container\">\n<div class=\"magic-0\">\n<div class=\"magic-15\">\n<div class=\"magic-3\">\n<div class=\"magic-4\" data-id=\"paragraph0\"><img decoding=\"async\" src=\"https:\/\/img.yfisher.com\/m6076\/17257325984ow\/jpg70-t3-scale100.webp\" alt=\"Fl\u00fcssigkeitsfiltration 30Mpa Mini gesinterte UHMWPE PVDF por\u00f6se Filterscheibe 2\" data-lazy=\"2\" title=\"\"><\/div>\n<\/div>\n<\/div>\n<\/div>\n<\/div>\n<div class=\"magic-5\" data-section=\"AliMagic-12llv1\" data-section-title=\"Product Feature\"><\/div>\n<div class=\"table-responsive\">\n<table border=\"1\" width=\"475\" cellspacing=\"0\" cellpadding=\"0\">\n<colgroup>\n<col \/>\n<col \/><\/colgroup>\n<tbody>\n<tr class=\"firstRow\">\n<td height=\"41\">\n<div data-spm-anchor-id=\"a2700.details.pronpeci14.i2.fb5d3b02h2q9RT\">Produktname<\/div>\n<\/td>\n<td>\n<div>kunststoff 2 mikron gesinterter pe medizinischer befeuchter scheibenfilter<\/div>\n<\/td>\n<\/tr>\n<tr>\n<td height=\"39\">\n<div data-spm-anchor-id=\"a2700.details.pronpeci14.i1.fb5d3b02h2q9RT\">Material<\/div>\n<\/td>\n<td>\n<div>Ultrahochmolekulares Polyethylen (UHMWPE)<\/div>\n<\/td>\n<\/tr>\n<tr>\n<td height=\"21\">\n<div>Farbe<\/div>\n<\/td>\n<td>\n<div>wei\u00df<\/div>\n<\/td>\n<\/tr>\n<tr>\n<td height=\"21\">\n<div>Standard<\/div>\n<\/td>\n<td>\n<div>ISO SGS<\/div>\n<\/td>\n<\/tr>\n<tr>\n<td height=\"58\">\n<div>Gebraucht<\/div>\n<\/td>\n<td>\n<div>Reines Wasser, lebendiges Wasser, Getr\u00e4nke, Medizin, Galvanikfl\u00fcssigkeit, Emulsion, Waschfl\u00fcssigkeit, S\u00e4ure- oder Laugenl\u00f6sung<\/div>\n<\/td>\n<\/tr>\n<\/tbody>\n<\/table>\n<\/div>\n<p>&nbsp;<\/p>\n<div class=\"magic-5\" data-section=\"AliMagic-jjk5wz\" data-section-title=\"Application\"><\/div>\n<div class=\"magic-5\" data-section=\"AliMagic-jjk5wz\" data-section-title=\"Application\"><strong>Unser Service<\/strong><\/div>\n<div class=\"magic-5\" data-section=\"AliMagic-jjk5wz\" data-section-title=\"Application\"><\/div>\n<div class=\"magic-5\" data-section=\"AliMagic-jjk5wz\" data-section-title=\"Application\">\n<ul>\n<li>Nach dem Motto \u201cWas der Kunde braucht, sollten wir auch tun\u201d halten wir uns stets an unsere Qualit\u00e4tspolitik:<\/li>\n<li>Den Markt durch \u00fcberlegene Qualit\u00e4t gewinnen,<\/li>\n<li>Erzielung einer hohen Effizienz und eines hohen Nutzens durch hervorragendes Management,<\/li>\n<li>Aufrichtigkeit und Ehrlichkeit durch Einhaltung der Gesetze und Vorschriften,<\/li>\n<li>F\u00f6rderung der Entwicklung durch kontinuierliche Verbesserung.<\/li>\n<li>Gem\u00e4\u00df unserem Motto \u201cKreativit\u00e4t, Service und Win-Win-Ansatz\" werden wir unser Bestes tun, um unseren Kunden hervorragende Produkte und Dienstleistungen zu bieten.<\/li>\n<\/ul>\n<\/div>\n<\/div>","protected":false},"excerpt":{"rendered":"<table>\n<thead>\n<tr>\n<th>Artikel<\/th>\n<th>Details<\/th>\n<\/tr>\n<\/thead>\n<tbody>\n<tr>\n<td>Startport<\/td>\n<td>guangzhou<\/td>\n<\/tr>\n<tr>\n<td>Produktionskapazit\u00e4t<\/td>\n<td>10000 Einheiten\/Monat<\/td>\n<\/tr>\n<tr>\n<td>Herkunftsort<\/td>\n<td>guangdong, china<\/td>\n<\/tr>\n<tr>\n<td>Zahlung<\/td>\n<td>t\/t, alibaba Handelsgarantie<\/td>\n<\/tr>\n<tr>\n<td>Modell<\/td>\n<td>ly-hfpl<\/td>\n<\/tr>\n<tr>\n<td>Lieferfrist<\/td>\n<td>innerhalb von 7 Arbeitstagen<\/td>\n<\/tr>\n<tr>\n<td>Zertifizierung<\/td>\n<td>iso 9001<\/td>\n<\/tr>\n<tr>\n<td>Marke<\/td>\n<td>Erstausr\u00fcster\/Lvyuan<\/td>\n<\/tr>\n<\/tbody>\n<\/table>","protected":false},"featured_media":2240,"comment_status":"open","ping_status":"closed","template":"","meta":{"_gspb_post_css":""},"product_brand":[],"product_cat":[17,22],"product_tag":[279,261,262,260,268,282],"class_list":{"0":"post-2259","1":"product","2":"type-product","3":"status-publish","4":"has-post-thumbnail","6":"product_cat-sediment-filter","7":"product_cat-sintered-filter-cartridge","8":"product_tag-alibaba-trade-assurance","9":"product_tag-guangdong-china","10":"product_tag-guangzhou-port","11":"product_tag-iso-9001","12":"product_tag-ly-hfpl","13":"product_tag-oem-lvyuan","15":"first","16":"instock","17":"shipping-taxable","18":"product-type-simple"},"_links":{"self":[{"href":"https:\/\/lyfilter.com\/de\/wp-json\/wp\/v2\/product\/2259","targetHints":{"allow":["GET"]}}],"collection":[{"href":"https:\/\/lyfilter.com\/de\/wp-json\/wp\/v2\/product"}],"about":[{"href":"https:\/\/lyfilter.com\/de\/wp-json\/wp\/v2\/types\/product"}],"replies":[{"embeddable":true,"href":"https:\/\/lyfilter.com\/de\/wp-json\/wp\/v2\/comments?post=2259"}],"wp:featuredmedia":[{"embeddable":true,"href":"https:\/\/lyfilter.com\/de\/wp-json\/wp\/v2\/media\/2240"}],"wp:attachment":[{"href":"https:\/\/lyfilter.com\/de\/wp-json\/wp\/v2\/media?parent=2259"}],"wp:term":[{"taxonomy":"product_brand","embeddable":true,"href":"https:\/\/lyfilter.com\/de\/wp-json\/wp\/v2\/product_brand?post=2259"},{"taxonomy":"product_cat","embeddable":true,"href":"https:\/\/lyfilter.com\/de\/wp-json\/wp\/v2\/product_cat?post=2259"},{"taxonomy":"product_tag","embeddable":true,"href":"https:\/\/lyfilter.com\/de\/wp-json\/wp\/v2\/product_tag?post=2259"}],"curies":[{"name":"wp","href":"https:\/\/api.w.org\/{rel}","templated":true}]}}