{"id":2254,"date":"2026-01-06T10:22:45","date_gmt":"2026-01-06T10:22:45","guid":{"rendered":"https:\/\/lyfilter.com\/?post_type=product&#038;p=2254"},"modified":"2026-01-06T10:22:45","modified_gmt":"2026-01-06T10:22:45","slug":"silencer-solenoid-valve-muffler-pneumatic-muffler-air-quick-exhaust-muffler-absorb-noise-reduce-filter","status":"publish","type":"product","link":"https:\/\/lyfilter.com\/de\/silencer-solenoid-valve-muffler-pneumatic-muffler-air-quick-exhaust-muffler-absorb-noise-reduce-filter\/","title":{"rendered":"Schalld\u00e4mpfer Magnetventil Schalld\u00e4mpfer Pneumatischer Schalld\u00e4mpfer Air Quick Auspuff Schalld\u00e4mpfer Absorbieren L\u00e4rm Reduzieren Filter"},"content":{"rendered":"<div class=\"unit-detail-html-tabs__content-attr\">\n<div class=\"unit-product-attrparam\">\n<div class=\"unit-product-attrparam__items row\">\n<div class=\"col-12 col-md-6\">\n<div class=\"unit-product-attrparam__item\">\n<div class=\"unit-product-attrparam__label\">Material:pe<br \/>\nVerf\u00fcgbarkeit: OEM\/ODM<\/div>\n<\/div>\n<\/div>\n<\/div>\n<\/div>\n<\/div>\n<div class=\"unit-detail-html-tabs__content-featuresAttr\"><\/div>\n<div class=\"unit-detail-html-tabs__content-html\">\n<div class=\"J_module\">\n<div class=\"detail-decorate-json-renderer-container\">\n<div class=\"magic-3\">\n<div class=\"magic-4\" data-spm-anchor-id=\"a2700.details.0.i28.57886adf9zMyVE\">\n<div class=\"magic-5\">\n<div class=\"magic-6\">Eigenschaften<\/p>\n<div><span class=\"magic-8\">- Der mittlere Porenabstand ist variabel und reicht von 1 \u00b5m bis 250 \u00b5m. - Es handelt sich um Tiefenschalld\u00e4mpfer, die einen sehr hohen Wirkungsgrad haben. - Sie arbeiten bei hohen Temperaturen und hohem Druck ohne Verformung. - Die chemische Best\u00e4ndigkeit ist gut. - Die Schalld\u00e4mpfer k\u00f6nnen nach der endg\u00fcltigen Form geschwei\u00dft und bearbeitet werden, so dass sie an spezifische Montagezwecke angepasst werden k\u00f6nnen.<\/span><\/div>\n<\/div>\n<\/div>\n<\/div>\n<\/div>\n<\/div>\n<\/div>\n<div class=\"J_module\">\n<div class=\"detail-decorate-json-renderer-container\">\n<div class=\"magic-3\">\n<div class=\"magic-4\">\n<div class=\"magic-5\">\n<div class=\"magic-6\">\n<div><\/div>\n<p>Anmeldung<\/p>\n<div>1. Verwendet f\u00fcr die Unterdr\u00fcckung des Ger\u00e4usches der Luftabgabe, angewandt auf den Entl\u00fcftungsanschluss der Maschine.<br \/>\n2. Ausgezeichnete Ger\u00e4uschunterdr\u00fcckung Wirkung.<br \/>\n3. Mehrere Optionen des Materials (Messing, Edelstahl, Kunststoff).<br \/>\n4. Kompaktes Design ist geeignet f\u00fcr die Installation in engen psace.<\/p>\n<div><\/div>\n<div>\n<div>\n<div><\/div>\n<\/div>\n<\/div>\n<\/div>\n<\/div>\n<\/div>\n<\/div>\n<\/div>\n<\/div>\n<\/div>\n<div class=\"J_module\">\n<div class=\"ife-detail-decorate-table\">\n<div class=\"table-responsive\">\n<table class=\"is-zebra all magic-14\" width=\"750\">\n<tbody>\n<tr class=\"firstRow\">\n<td colspan=\"1\" rowspan=\"1\" height=\"20\">\n<div class=\"magic-15\">\n<div class=\"magic-16\" data-spm-anchor-id=\"a2700.pc-decorate.0.i58.83213333ztJarr\">Modell<\/div>\n<\/div>\n<\/td>\n<td colspan=\"1\" rowspan=\"1\" height=\"20\">\n<div class=\"magic-17\">\n<div class=\"magic-16\">Thema<\/div>\n<\/div>\n<\/td>\n<td colspan=\"1\" rowspan=\"1\" height=\"20\">\n<div class=\"magic-15\">\n<div class=\"magic-16\">S<\/div>\n<\/div>\n<\/td>\n<\/tr>\n<tr>\n<td colspan=\"1\" rowspan=\"1\" height=\"20\">\n<div class=\"magic-18\">\n<div class=\"magic-16\">PSU M5<\/div>\n<\/div>\n<\/td>\n<td colspan=\"1\" rowspan=\"1\" height=\"20\">\n<div class=\"magic-19\">\n<div class=\"magic-16\" data-spm-anchor-id=\"a2700.pc-decorate.0.i31.48933333wAodNt\">M5<\/div>\n<\/div>\n<\/td>\n<td colspan=\"1\" rowspan=\"1\" height=\"20\">\n<div class=\"magic-18\">\n<div class=\"magic-16\">10<\/div>\n<\/div>\n<\/td>\n<\/tr>\n<tr>\n<td colspan=\"1\" rowspan=\"1\" height=\"20\">\n<div class=\"magic-15\">\n<div class=\"magic-16\" data-spm-anchor-id=\"a2700.pc-decorate.0.i22.83213333ztJarr\">PSU 06<\/div>\n<\/div>\n<\/td>\n<td colspan=\"1\" rowspan=\"1\" height=\"20\">\n<div class=\"magic-17\">\n<div class=\"magic-16\" data-spm-anchor-id=\"a2700.pc-decorate.0.i42.83213333ztJarr\">1\/8\u2033<\/div>\n<\/div>\n<\/td>\n<td colspan=\"1\" rowspan=\"1\" height=\"20\">\n<div class=\"magic-15\">\n<div class=\"magic-16\" data-spm-anchor-id=\"a2700.pc-decorate.0.i17.48933333wAodNt\">15<\/div>\n<\/div>\n<\/td>\n<\/tr>\n<tr>\n<td colspan=\"1\" rowspan=\"1\" height=\"20\">\n<div class=\"magic-15\">\n<div class=\"magic-16\" data-spm-anchor-id=\"a2700.pc-decorate.0.i23.83213333ztJarr\">PSU 08<\/div>\n<\/div>\n<\/td>\n<td colspan=\"1\" rowspan=\"1\" height=\"20\">\n<div class=\"magic-17\">\n<div class=\"magic-16\" data-spm-anchor-id=\"a2700.pc-decorate.0.i43.83213333ztJarr\">1\/4\u2033<\/div>\n<\/div>\n<\/td>\n<td colspan=\"1\" rowspan=\"1\" height=\"20\">\n<div class=\"magic-15\">\n<div class=\"magic-16\" data-spm-anchor-id=\"a2700.pc-decorate.0.i18.48933333wAodNt\">20<\/div>\n<\/div>\n<\/td>\n<\/tr>\n<tr>\n<td colspan=\"1\" rowspan=\"1\" height=\"20\">\n<div class=\"magic-15\">\n<div class=\"magic-16\" data-spm-anchor-id=\"a2700.pc-decorate.0.i24.83213333ztJarr\">PSU 10<\/div>\n<\/div>\n<\/td>\n<td colspan=\"1\" rowspan=\"1\" height=\"20\">\n<div class=\"magic-17\">\n<div class=\"magic-16\" data-spm-anchor-id=\"a2700.pc-decorate.0.i44.83213333ztJarr\">3\/8\u2033<\/div>\n<\/div>\n<\/td>\n<td colspan=\"1\" rowspan=\"1\" height=\"20\">\n<div class=\"magic-15\">\n<div class=\"magic-16\" data-spm-anchor-id=\"a2700.pc-decorate.0.i19.48933333wAodNt\">25<\/div>\n<\/div>\n<\/td>\n<\/tr>\n<tr>\n<td colspan=\"1\" rowspan=\"1\" height=\"20\">\n<div class=\"magic-15\">\n<div class=\"magic-16\" data-spm-anchor-id=\"a2700.pc-decorate.0.i25.83213333ztJarr\">PSU 15<\/div>\n<\/div>\n<\/td>\n<td colspan=\"1\" rowspan=\"1\" height=\"20\">\n<div class=\"magic-17\">\n<div class=\"magic-16\" data-spm-anchor-id=\"a2700.pc-decorate.0.i45.83213333ztJarr\">1\/2\u2033<\/div>\n<\/div>\n<\/td>\n<td colspan=\"1\" rowspan=\"1\" height=\"20\">\n<div class=\"magic-15\">\n<div class=\"magic-16\" data-spm-anchor-id=\"a2700.pc-decorate.0.i20.48933333wAodNt\">30<\/div>\n<\/div>\n<\/td>\n<\/tr>\n<tr>\n<td colspan=\"1\" rowspan=\"1\" height=\"20\">\n<div class=\"magic-15\">\n<div class=\"magic-16\" data-spm-anchor-id=\"a2700.pc-decorate.0.i26.83213333ztJarr\">PSU 20<\/div>\n<\/div>\n<\/td>\n<td colspan=\"1\" rowspan=\"1\" height=\"20\">\n<div class=\"magic-17\">\n<div class=\"magic-16\" data-spm-anchor-id=\"a2700.pc-decorate.0.i46.83213333ztJarr\">3\/4\u2033<\/div>\n<\/div>\n<\/td>\n<td colspan=\"1\" rowspan=\"1\" height=\"20\">\n<div class=\"magic-15\">\n<div class=\"magic-16\" data-spm-anchor-id=\"a2700.pc-decorate.0.i21.48933333wAodNt\">45<\/div>\n<\/div>\n<\/td>\n<\/tr>\n<tr>\n<td colspan=\"1\" rowspan=\"1\" height=\"20\">\n<div class=\"magic-15\">\n<div class=\"magic-16\" data-spm-anchor-id=\"a2700.pc-decorate.0.i14.c47b3333DMCZ14\">PSU 25<\/div>\n<\/div>\n<\/td>\n<td colspan=\"1\" rowspan=\"1\" height=\"20\">\n<div class=\"magic-17\">\n<div class=\"magic-16\">1\u201c<\/div>\n<\/div>\n<\/td>\n<td colspan=\"1\" rowspan=\"1\" height=\"20\">\n<div class=\"magic-15\">\n<div class=\"magic-16\" data-spm-anchor-id=\"a2700.pc-decorate.0.i22.48933333wAodNt\">45<\/div>\n<\/div>\n<\/td>\n<\/tr>\n<\/tbody>\n<\/table>\n<\/div>\n<\/div>\n<\/div>\n<p><img decoding=\"async\" src=\"https:\/\/img.yfisher.com\/m6076\/1725732595lo1\/png70-t3-scale100.webp\" alt=\"Schalld\u00e4mpfer Magnetventil Schalld\u00e4mpfer Pneumatischer Schalld\u00e4mpfer Air Quick Auspuff Schalld\u00e4mpfer Absorbieren L\u00e4rm Reduzieren Filter 2\" data-lazy=\"2\" title=\"\"><\/p>\n<\/div>","protected":false},"excerpt":{"rendered":"<table>\n<thead>\n<tr>\n<th>Artikel<\/th>\n<th>Details<\/th>\n<\/tr>\n<\/thead>\n<tbody>\n<tr>\n<td>Startport<\/td>\n<td>guangzhou<\/td>\n<\/tr>\n<tr>\n<td>Produktionskapazit\u00e4t<\/td>\n<td>10000 Einheiten\/Monat<\/td>\n<\/tr>\n<tr>\n<td>Herkunftsort<\/td>\n<td>guangdong, china<\/td>\n<\/tr>\n<tr>\n<td>Zahlung<\/td>\n<td>t\/t<\/td>\n<\/tr>\n<tr>\n<td>Modell<\/td>\n<td>ly-hfpl<\/td>\n<\/tr>\n<tr>\n<td>Lieferfrist<\/td>\n<td>innerhalb von 7 Arbeitstagen<\/td>\n<\/tr>\n<tr>\n<td>Zertifizierung<\/td>\n<td>iso 9001<\/td>\n<\/tr>\n<tr>\n<td>Marke<\/td>\n<td>Erstausr\u00fcster\/Lvyuan<\/td>\n<\/tr>\n<\/tbody>\n<\/table>","protected":false},"featured_media":2261,"comment_status":"open","ping_status":"closed","template":"","meta":{"_gspb_post_css":""},"product_brand":[],"product_cat":[17,22],"product_tag":[261,262,260,268,282,946],"class_list":{"0":"post-2254","1":"product","2":"type-product","3":"status-publish","4":"has-post-thumbnail","6":"product_cat-sediment-filter","7":"product_cat-sintered-filter-cartridge","8":"product_tag-guangdong-china","9":"product_tag-guangzhou-port","10":"product_tag-iso-9001","11":"product_tag-ly-hfpl","12":"product_tag-oem-lvyuan","13":"product_tag-t-t-payment","15":"first","16":"instock","17":"shipping-taxable","18":"product-type-simple"},"_links":{"self":[{"href":"https:\/\/lyfilter.com\/de\/wp-json\/wp\/v2\/product\/2254","targetHints":{"allow":["GET"]}}],"collection":[{"href":"https:\/\/lyfilter.com\/de\/wp-json\/wp\/v2\/product"}],"about":[{"href":"https:\/\/lyfilter.com\/de\/wp-json\/wp\/v2\/types\/product"}],"replies":[{"embeddable":true,"href":"https:\/\/lyfilter.com\/de\/wp-json\/wp\/v2\/comments?post=2254"}],"wp:featuredmedia":[{"embeddable":true,"href":"https:\/\/lyfilter.com\/de\/wp-json\/wp\/v2\/media\/2261"}],"wp:attachment":[{"href":"https:\/\/lyfilter.com\/de\/wp-json\/wp\/v2\/media?parent=2254"}],"wp:term":[{"taxonomy":"product_brand","embeddable":true,"href":"https:\/\/lyfilter.com\/de\/wp-json\/wp\/v2\/product_brand?post=2254"},{"taxonomy":"product_cat","embeddable":true,"href":"https:\/\/lyfilter.com\/de\/wp-json\/wp\/v2\/product_cat?post=2254"},{"taxonomy":"product_tag","embeddable":true,"href":"https:\/\/lyfilter.com\/de\/wp-json\/wp\/v2\/product_tag?post=2254"}],"curies":[{"name":"wp","href":"https:\/\/api.w.org\/{rel}","templated":true}]}}