{"id":2248,"date":"2026-01-06T10:18:37","date_gmt":"2026-01-06T10:18:37","guid":{"rendered":"https:\/\/lyfilter.com\/?post_type=product&#038;p=2248"},"modified":"2026-01-06T10:18:38","modified_gmt":"2026-01-06T10:18:38","slug":"hospital-chemical-filter-0-45-5-1-10-microns-pe-polyethylene-powder-sintered-filter","status":"publish","type":"product","link":"https:\/\/lyfilter.com\/de\/hospital-chemical-filter-0-45-5-1-10-microns-pe-polyethylene-powder-sintered-filter\/","title":{"rendered":"Krankenhaus-Chemiefilter 0,45 5 1 10 Mikrometer PE Polyethylen-Pulver-Sinterfilter"},"content":{"rendered":"<div class=\"unit-detail-html-tabs__content-attr\">\n<div class=\"unit-product-attrparam\">\n<div class=\"unit-product-attrparam__items row\">\n<div class=\"col-12 col-md-6\">\n<div class=\"unit-product-attrparam__item\">\n<div class=\"unit-product-attrparam__label\">Verf\u00fcgbarkeit<\/div>\n<div class=\"unit-product-attrparam__value\" title=\"OEM\">OEM<\/div>\n<\/div>\n<\/div>\n<\/div>\n<\/div>\n<\/div>\n<div class=\"unit-detail-html-tabs__content-featuresAttr\"><\/div>\n<div class=\"unit-detail-html-tabs__content-html\">\n<div>\n<div>\n<div id=\"myybv\">\n<h3>Krankenhaus-Chemiefilter 0,45 5 1 10 Mikron PE Polyethylen-Pulver-Sinterfilter<\/h3>\n<\/div>\n<div id=\"moyu5\">\n<p>Unser Unternehmen stellt Sinterfilter aus ultrahochmolekularem Polyethylen mit einem Molekulargewicht von mehr als 3 Millionen her, die mit Hilfe einer Form im Sinterofen unter Druck gesetzt werden.mikropor\u00f6se Materialien werden aufgrund ihres g\u00fcnstigen Preises h\u00e4ufig zur Behandlung von Abgasen und Abw\u00e4ssern eingesetzt. Durch die Zugabe von funktionellen Materialien verschiedener Art, wie z.B. Aktivkohle, zu herk\u00f6mmlichen Kunststoffrohstoffen k\u00f6nnen umweltsch\u00e4dliche Stoffe in Gasen und Fl\u00fcssigkeiten, wie z.B. Geruchsstoffe und organische Stoffe, wirksam entfernt werden. Kaliumtitanat-Whisker zum Beispiel k\u00f6nnen die im Abwasser enthaltenen Schwermetallionen austauschen und haben daher eine hervorragende Leistung bei der Abwasserreinigung.<\/p>\n<p><img decoding=\"async\" src=\"https:\/\/img.yfisher.com\/m6076\/1725732589a2l\/png70-t3-scale100.webp\" alt=\"Krankenhaus-Chemiefilter 0,45 5 1 10 Mikrometer PE Polyethylen-Pulver-Sinterfilter 2\" data-lazy=\"2\" title=\"\"><\/p>\n<\/div>\n<\/div>\n<\/div>\n<div>\n<div id=\"xxvdi\">\n<div class=\"table-responsive\">\n<table class=\"aliDataTable\">\n<tbody>\n<tr class=\"firstRow\">\n<td>\n<div>Name des Produkts<\/div>\n<\/td>\n<td colspan=\"3\">\n<div>Hydrophiler Filterschlauch PE-Pulver 10\/50 Mikron gesintertes Polyethylen\u00a0<a href=\"https:\/\/lyfilter.com\/de\/products.html\/\">Filtereinsatz<\/a>\u00a0f\u00fcr Sauerstoffflasche Krankenhaus<\/div>\n<\/td>\n<\/tr>\n<tr>\n<td>\n<div>Durchmesser<\/div>\n<\/td>\n<td colspan=\"3\">\n<div>10mm,20mm,30mm,40mm,50mm,60mm,70mm,80mm,90mm,100mm,110mm,<br \/>\n120mm, 200mm, etc.<\/div>\n<\/td>\n<\/tr>\n<tr>\n<td>\n<div>L\u00e4nge<\/div>\n<\/td>\n<td colspan=\"3\">\n<div>1\u2033, 2,5\u2033, 5\u2033, 10\u2033, 20\u2033, 30\u2033, 40\u2033, 50\u2033 usw.<\/div>\n<\/td>\n<\/tr>\n<tr>\n<td>\n<div>Mikron-Rate<\/div>\n<\/td>\n<td colspan=\"3\">\n<div>0.2um,0.3um,0.45um,1um,3um,5um,10um,20um,30um,40um,50um,100um,etc.<\/div>\n<\/td>\n<\/tr>\n<tr>\n<td>\n<div>Arbeitstemperatur<\/div>\n<\/td>\n<td colspan=\"3\">\n<div>PE\u226480\u2103; PTFE\u2265200\u2103;PA\u2264120\u2103<\/div>\n<\/td>\n<\/tr>\n<tr>\n<td>\n<div>Filter-Anschluss<\/div>\n<\/td>\n<td colspan=\"3\">\n<div>FLACH, EINSATZTYP, GEWINDETYP, 226, 222, 215, KUNDENSPEZIFISCH<\/div>\n<\/td>\n<\/tr>\n<tr>\n<td>\n<div>Bemerkung<\/div>\n<\/td>\n<td colspan=\"3\">\n<div><strong>Filtergr\u00f6\u00dfe und Mikronzahl k\u00f6nnen individuell angepasst werden. Kleinere Gr\u00f6\u00dfe oder gr\u00f6\u00dfere Gr\u00f6\u00dfe!<\/strong><\/div>\n<\/td>\n<\/tr>\n<\/tbody>\n<\/table>\n<\/div>\n<\/div>\n<\/div>\n<div>\n<div>\n<div id=\"68vz7\">\n<p><strong>A.Leichtindustrie und Lebensmittelindustrie<\/strong><br \/>\n(1) Sirupfiltration<br \/>\n(2) Getr\u00e4nkefiltration<br \/>\n(3) Wein- und Spiritusfiltration<br \/>\n(4) Pr\u00e4zisionsfiltration von Pflanzen\u00f6l<br \/>\n(5) Filtration von \u00e4therischen \u00d6len<br \/>\n(6)Mineralwasserfiltration<\/p>\n<p><strong>B.Maschinen- und \u00d6lindustrie<\/strong><br \/>\n(1) Filtration der Beschichtungsl\u00f6sung<br \/>\n(2) Reinigungsfl\u00fcssigkeit f\u00fcr Verbrennungsmotoren Pr\u00e4zisionsfiltration<br \/>\n(3) \u00d6lfeld-Waschfiltration<br \/>\n(4) Reinstwasserger\u00e4te f\u00fcr die Elektroindustrie<\/p>\n<p><strong>C.Abwasserbehandlung<\/strong><br \/>\n(1) Behandlung von Abw\u00e4ssern mit schweren mentalen Hydroxiden<br \/>\n(2) Behandlung von Schwermetallabw\u00e4ssern im Mixverfahren<br \/>\n(3) Chemische Abwasserbehandlung<br \/>\n(4) Keramische Abwasserbehandlung<br \/>\n(5) Behandlung aluminiumhaltiger Abw\u00e4sser<br \/>\n(6) Sonstige Abwasserbehandlung.<\/p>\n<\/div>\n<\/div>\n<\/div>\n<\/div>","protected":false},"excerpt":{"rendered":"<table>\n<thead>\n<tr>\n<th>Artikel<\/th>\n<th>Details<\/th>\n<\/tr>\n<\/thead>\n<tbody>\n<tr>\n<td>Startport<\/td>\n<td>guangzhou<\/td>\n<\/tr>\n<tr>\n<td>Produktionskapazit\u00e4t<\/td>\n<td>10000 Einheiten\/Monat<\/td>\n<\/tr>\n<tr>\n<td>Herkunftsort<\/td>\n<td>guangdong, china<\/td>\n<\/tr>\n<tr>\n<td>Zahlung<\/td>\n<td>t\/t, alibaba Handelsgarantie<\/td>\n<\/tr>\n<tr>\n<td>moq<\/td>\n<td>1 St\u00fcck<\/td>\n<\/tr>\n<tr>\n<td>Modell<\/td>\n<td>ly-hfpl<\/td>\n<\/tr>\n<tr>\n<td>Lieferfrist<\/td>\n<td>innerhalb von 7 Arbeitstagen<\/td>\n<\/tr>\n<tr>\n<td>Zertifizierung<\/td>\n<td>iso 9001<\/td>\n<\/tr>\n<tr>\n<td>Marke<\/td>\n<td>Erstausr\u00fcster\/Lvyuan<\/td>\n<\/tr>\n<\/tbody>\n<\/table>","protected":false},"featured_media":2253,"comment_status":"open","ping_status":"closed","template":"","meta":{"_gspb_post_css":""},"product_brand":[],"product_cat":[17,22],"product_tag":[939,261,262,260,268,282],"class_list":{"0":"post-2248","1":"product","2":"type-product","3":"status-publish","4":"has-post-thumbnail","6":"product_cat-sediment-filter","7":"product_cat-sintered-filter-cartridge","8":"product_tag-1-pcs-moq","9":"product_tag-guangdong-china","10":"product_tag-guangzhou-port","11":"product_tag-iso-9001","12":"product_tag-ly-hfpl","13":"product_tag-oem-lvyuan","15":"first","16":"instock","17":"shipping-taxable","18":"product-type-simple"},"_links":{"self":[{"href":"https:\/\/lyfilter.com\/de\/wp-json\/wp\/v2\/product\/2248","targetHints":{"allow":["GET"]}}],"collection":[{"href":"https:\/\/lyfilter.com\/de\/wp-json\/wp\/v2\/product"}],"about":[{"href":"https:\/\/lyfilter.com\/de\/wp-json\/wp\/v2\/types\/product"}],"replies":[{"embeddable":true,"href":"https:\/\/lyfilter.com\/de\/wp-json\/wp\/v2\/comments?post=2248"}],"wp:featuredmedia":[{"embeddable":true,"href":"https:\/\/lyfilter.com\/de\/wp-json\/wp\/v2\/media\/2253"}],"wp:attachment":[{"href":"https:\/\/lyfilter.com\/de\/wp-json\/wp\/v2\/media?parent=2248"}],"wp:term":[{"taxonomy":"product_brand","embeddable":true,"href":"https:\/\/lyfilter.com\/de\/wp-json\/wp\/v2\/product_brand?post=2248"},{"taxonomy":"product_cat","embeddable":true,"href":"https:\/\/lyfilter.com\/de\/wp-json\/wp\/v2\/product_cat?post=2248"},{"taxonomy":"product_tag","embeddable":true,"href":"https:\/\/lyfilter.com\/de\/wp-json\/wp\/v2\/product_tag?post=2248"}],"curies":[{"name":"wp","href":"https:\/\/api.w.org\/{rel}","templated":true}]}}