{"id":2245,"date":"2026-01-06T10:17:16","date_gmt":"2026-01-06T10:17:16","guid":{"rendered":"https:\/\/lyfilter.com\/?post_type=product&#038;p=2245"},"modified":"2026-01-06T10:17:16","modified_gmt":"2026-01-06T10:17:16","slug":"m22-m20-thread-0-2-0-5-microns-pe-ptfe-sintered-disc-filter","status":"publish","type":"product","link":"https:\/\/lyfilter.com\/de\/m22-m20-thread-0-2-0-5-microns-pe-ptfe-sintered-disc-filter\/","title":{"rendered":"M22 M20 Gewinde 0,2 0,5 Mikrometer PE PTFE Sinterscheibenfilter"},"content":{"rendered":"<div id=\"ali-anchor-AliMagic-lhfchv\" class=\"magic-0\" data-section=\"AliMagic-lhfchv\" data-section-title=\"Product Description\"><strong>0,2 0,5 1 5 10 25 50 100 Mikrometer Por\u00f6ses Sinter-PE-PTFE-Fransenscheibe Gesinterte Kunststoff-Filterscheibe<\/strong><\/div>\n<div class=\"magic-0\" data-section=\"AliMagic-lhfchv\" data-section-title=\"Product Description\"><\/div>\n<div class=\"icbu-pc-detailManyImage magic-1\" data-module-name=\"icbu-pc-detailManyImage\">\n<div class=\"magic-2\">Das PE-Filterelement hat eine gleichm\u00e4\u00dfige Porengr\u00f6\u00dfenverteilung, eine hohe S\u00e4ure- und Laugenbest\u00e4ndigkeit, eine hohe Temperaturbest\u00e4ndigkeit, gute mechanische Eigenschaften und eine hohe Best\u00e4ndigkeit gegen organische L\u00f6sungsmittel. Die Produktion von gro\u00dfen Wasseraufbereitungsanlagen kann automatische oder manuelle R\u00fccksp\u00fclung Schlackenentfernung Methode, feste Partikel k\u00f6nnen durch trockene Schlackenentfernung, ohne h\u00e4ufigen Austausch von Filterelementen, automatischen Betrieb, niedrige Filtrationskosten und andere Vorteile, die gut von den Nutzern angenommen werden zur\u00fcckgewonnen werden.<\/div>\n<\/div>\n<div class=\"detail-decorate-json-renderer-container\">\n<div class=\"magic-4\">\n<div class=\"magic-15\">\n<div class=\"magic-10\">\n<div class=\"magic-16\"><\/div>\n<\/div>\n<\/div>\n<\/div>\n<\/div>\n<div class=\"icbu-pc-images magic-22\">\n<div class=\"flex-layout-v\">\n<div class=\"flex-layout-h magic-22\">\n<div class=\"magic-23\"><img decoding=\"async\" src=\"https:\/\/img.yfisher.com\/m6076\/17257325876wq\/png70-t3-scale100.webp\" alt=\"M22 M20 Gewinde 0,2 0,5 Mikrometer PE PTFE Sinterscheibenfilter 2\" data-lazy=\"2\" title=\"\"><\/div>\n<div class=\"magic-23\"><img decoding=\"async\" src=\"https:\/\/img.yfisher.com\/m6076\/1729225219lmv\/png70-t3-scale100.webp\" alt=\"M22 M20 Gewinde 0,2 0,5 Mikrometer PE PTFE Sinterscheibenfilter 3\" data-lazy=\"2\" title=\"\"><\/div>\n<div class=\"magic-23\"><\/div>\n<div class=\"magic-23\"><strong>FAQ<\/strong><\/div>\n<\/div>\n<\/div>\n<\/div>\n<div class=\"icbu-pc-images magic-22\">\n<div class=\"flex-layout-v\">\n<div class=\"flex-layout-h magic-22\">\n<div class=\"magic-23\"><\/div>\n<\/div>\n<\/div>\n<\/div>\n<div id=\"ali-anchor-AliMagic-i4q4yj\" class=\"magic-0\" data-section=\"AliMagic-i4q4yj\" data-section-title=\"Application\">\n<p>Antwort: Normalerweise braucht es MOQ hier, aber wir haben ein breites Lager von Produkten, k\u00f6nnen Sie Probeauftrag. Wir k\u00f6nnen f\u00fcr Sie liefern. f\u00fchrend<br \/>\nDie Zeit ist abh\u00e4ngig von der Menge;<\/p>\n<p>Q2: Kann ich ein Muster erhalten, bevor ich eine offizielle Bestellung aufgebe?<br \/>\nAntwort: Ja: Ja. Wir k\u00f6nnen Ihnen kostenlose Proben zur Verf\u00fcgung stellen, um unsere Qualit\u00e4t zu \u00fcberpr\u00fcfen, aber die Fracht muss gesammelt werden, wenn Sie ein Expresskonto haben,<br \/>\nwir k\u00f6nnten auch Ihr Konto nutzen, um Ihnen unsere Muster zu schicken.<\/p>\n<p>&nbsp;<\/p>\n<p>Q3:Ich bin ein kleiner Gro\u00dfh\u00e4ndler, akzeptieren Sie kleine Bestellungen?<br \/>\nA: Es ist kein Problem, wenn Sie ein kleiner Gro\u00dfh\u00e4ndler sind, wir w\u00fcrden gerne mit Ihnen zusammen wachsen.<\/p>\n<p>Q4:Kann ich mein Logo auf den medizinischen Produkten anbringen?<br \/>\nA: Ja, OEM und ODM sind f\u00fcr uns verf\u00fcgbar.<\/p>\n<\/div>","protected":false},"excerpt":{"rendered":"<table>\n<thead>\n<tr>\n<th>Abschnitt<\/th>\n<th>Details<\/th>\n<\/tr>\n<\/thead>\n<tbody>\n<tr>\n<td>Produkt<\/td>\n<td>por\u00f6se gesinterte Kunststoff-Filterscheibe \/ Frittenscheibe (pe, ptfe)<\/td>\n<\/tr>\n<tr>\n<td>Mikron-Einstufungen<\/td>\n<td>0,2, 0,5, 1, 5, 10, 25, 50, 100 Mikrometer<\/td>\n<\/tr>\n<tr>\n<td>Materialien<\/td>\n<td>pe, ptfe<\/td>\n<\/tr>\n<tr>\n<td>Hauptmerkmale<\/td>\n<td>gleichm\u00e4\u00dfige Porenverteilung; starke S\u00e4ure-\/Laugenbest\u00e4ndigkeit; hohe Temperaturbest\u00e4ndigkeit; gute mechanische Festigkeit; best\u00e4ndig gegen organische L\u00f6sungsmittel<\/td>\n<\/tr>\n<tr>\n<td>typische Anwendung<\/td>\n<td>Gro\u00dfger\u00e4te zur Wasseraufbereitung<\/td>\n<\/tr>\n<tr>\n<td>Reinigung\/Wartung<\/td>\n<td>automatische oder manuelle R\u00fccksp\u00fclung zur Schlackenentfernung; trockene Schlackenentfernung erm\u00f6glicht die R\u00fcckgewinnung von Feststoffpartikeln; kein h\u00e4ufiger Austausch von Elementen; unterst\u00fctzt den automatischen Betrieb; niedrige Filtrationskosten<\/td>\n<\/tr>\n<tr>\n<td>gezeigte Gewindeoptionen<\/td>\n<td>m22, m20<\/td>\n<\/tr>\n<tr>\n<td>Beispielartikel aufgelistet<\/td>\n<td>\u201cm22 m20 gewinde 0,2 0,5 mikron pe ptfe sinterscheibenfilter 2\u201d; \u201c... filter 3\u201d<\/td>\n<\/tr>\n<tr>\n<td>Anfrage\/Bestellung<\/td>\n<td>Es kann eine Mindestbestellmenge gelten, aber ein gro\u00dfer Lagerbestand erm\u00f6glicht Probebestellungen; die Vorlaufzeit h\u00e4ngt von der Menge ab.<\/td>\n<\/tr>\n<tr>\n<td>Proben<\/td>\n<td>kostenlose Muster zur Qualit\u00e4tspr\u00fcfung; frachtfrei; Versand \u00fcber Ihr Expresskonto m\u00f6glich<\/td>\n<\/tr>\n<tr>\n<td>Kleinauftr\u00e4ge<\/td>\n<td>akzeptiert; geeignet f\u00fcr kleine Gro\u00dfh\u00e4ndler<\/td>\n<\/tr>\n<tr>\n<td>Personalisierung<\/td>\n<td>oem\/odm verf\u00fcgbar; Logo kann hinzugef\u00fcgt werden<\/td>\n<\/tr>\n<\/tbody>\n<\/table>","protected":false},"featured_media":2250,"comment_status":"open","ping_status":"closed","template":"","meta":{"_gspb_post_css":""},"product_brand":[],"product_cat":[17,22],"product_tag":[951,952,949,950,948,642],"class_list":{"0":"post-2245","1":"product","2":"type-product","3":"status-publish","4":"has-post-thumbnail","6":"product_cat-sediment-filter","7":"product_cat-sintered-filter-cartridge","8":"product_tag-0-2-micron-filter","9":"product_tag-oem-odm-available","10":"product_tag-porous-pe-filter","11":"product_tag-ptfe-fritted-disc","12":"product_tag-sintered-filter-disc","13":"product_tag-water-treatment-filtration","15":"first","16":"instock","17":"shipping-taxable","18":"product-type-simple"},"_links":{"self":[{"href":"https:\/\/lyfilter.com\/de\/wp-json\/wp\/v2\/product\/2245","targetHints":{"allow":["GET"]}}],"collection":[{"href":"https:\/\/lyfilter.com\/de\/wp-json\/wp\/v2\/product"}],"about":[{"href":"https:\/\/lyfilter.com\/de\/wp-json\/wp\/v2\/types\/product"}],"replies":[{"embeddable":true,"href":"https:\/\/lyfilter.com\/de\/wp-json\/wp\/v2\/comments?post=2245"}],"wp:featuredmedia":[{"embeddable":true,"href":"https:\/\/lyfilter.com\/de\/wp-json\/wp\/v2\/media\/2250"}],"wp:attachment":[{"href":"https:\/\/lyfilter.com\/de\/wp-json\/wp\/v2\/media?parent=2245"}],"wp:term":[{"taxonomy":"product_brand","embeddable":true,"href":"https:\/\/lyfilter.com\/de\/wp-json\/wp\/v2\/product_brand?post=2245"},{"taxonomy":"product_cat","embeddable":true,"href":"https:\/\/lyfilter.com\/de\/wp-json\/wp\/v2\/product_cat?post=2245"},{"taxonomy":"product_tag","embeddable":true,"href":"https:\/\/lyfilter.com\/de\/wp-json\/wp\/v2\/product_tag?post=2245"}],"curies":[{"name":"wp","href":"https:\/\/api.w.org\/{rel}","templated":true}]}}