{"id":2243,"date":"2026-01-06T10:15:27","date_gmt":"2026-01-06T10:15:27","guid":{"rendered":"https:\/\/lyfilter.com\/?post_type=product&#038;p=2243"},"modified":"2026-01-06T10:15:27","modified_gmt":"2026-01-06T10:15:27","slug":"medical-industry-sintered-60um-polyethylene-porous-filter-disc","status":"publish","type":"product","link":"https:\/\/lyfilter.com\/de\/medical-industry-sintered-60um-polyethylene-porous-filter-disc\/","title":{"rendered":"Medizinische Industrie Gesinterte por\u00f6se 60um Polyethylen-Filterscheibe"},"content":{"rendered":"<div class=\"unit-detail-html-tabs__content-attr\">\n<div class=\"unit-product-attrparam\">\n<div class=\"unit-product-attrparam__items row\">\n<div class=\"col-12 col-md-6\">\n<div class=\"unit-product-attrparam__item\">\n<div class=\"unit-product-attrparam__label\">Material<\/div>\n<div class=\"unit-product-attrparam__value\" title=\"pe \">pe<\/div>\n<\/div>\n<\/div>\n<div class=\"col-12 col-md-6\">\n<div class=\"unit-product-attrparam__item\">\n<div class=\"unit-product-attrparam__label\">Verf\u00fcgbarkeit<\/div>\n<div class=\"unit-product-attrparam__value\" title=\"OEM\">OEM<\/div>\n<\/div>\n<\/div>\n<\/div>\n<\/div>\n<\/div>\n<div class=\"unit-detail-html-tabs__content-featuresAttr\"><\/div>\n<div class=\"unit-detail-html-tabs__content-html\">\n<div id=\"_root\" class=\"engine-app\" data-reactroot=\"\">\n<div id=\"ali-anchor-AliMagic-4nwo8b\" class=\"magic-0\" data-section=\"AliMagic-4nwo8b\" data-section-title=\"Product Description\"><strong>Gesintertes Polyethylen PE Por\u00f6ser PP Filter Scheibenfilter f\u00fcr die medizinische Industrie<\/strong><\/div>\n<div class=\"magic-0\" data-section=\"AliMagic-4nwo8b\" data-section-title=\"Product Description\"><\/div>\n<div class=\"magic-0\" data-section=\"AliMagic-4nwo8b\" data-section-title=\"Product Description\"><strong>Beschreibung des Produkts<\/strong><\/div>\n<p>&nbsp;<\/p>\n<p><img decoding=\"async\" src=\"https:\/\/img.yfisher.com\/m6076\/17257325856xw\/png70-t3-scale100.webp\" alt=\"Medizinische Industrie Gesinterte por\u00f6se 60um Polyethylen-Filterscheibe 2\" data-lazy=\"2\" title=\"\"><\/p>\n<p><img decoding=\"async\" src=\"https:\/\/img.yfisher.com\/m6076\/17257325850nm\/png70-t3-scale100.webp\" alt=\"Medizinische Industrie Gesinterte por\u00f6se 60um Polyethylen-Filterscheibe 3\" data-lazy=\"2\" title=\"\"><\/p>\n<div class=\"icbu-pc-images magic-1\">\n<div class=\"flex-layout-v\">\n<div class=\"flex-layout-h magic-1\">\n<div class=\"magic-2\"><\/div>\n<\/div>\n<\/div>\n<\/div>\n<div class=\"detail-decorate-json-renderer-container\">\n<div class=\"magic-4\">\n<div class=\"magic-7\">\n<div class=\"magic-8\">\n<div class=\"magic-9\">\n<p><strong>Vorteile der mikropor\u00f6sen PP\/PE-Produkte<\/strong><\/p>\n<p>Ungiftig<br \/>\nZufriedenstellende Makellosigkeit<br \/>\nHohe Filtrationsgenauigkeit 5-60um<br \/>\nHervorragende Korrosionsbest\u00e4ndigkeit<br \/>\nLange Lebensdauer und einfacher Wechsel<\/p>\n<\/div>\n<\/div>\n<\/div>\n<\/div>\n<\/div>\n<div class=\"icbu-pc-images magic-1\">\n<div class=\"flex-layout-v\">\n<div class=\"flex-layout-h magic-1\">\n<div class=\"magic-13\"><\/div>\n<\/div>\n<\/div>\n<\/div>\n<div id=\"ali-anchor-AliMagic-u5zd9b\" class=\"magic-0\" data-section=\"AliMagic-u5zd9b\" data-section-title=\"Specification\">Spezifikation<\/div>\n<div class=\"magic-0\" data-section=\"AliMagic-u5zd9b\" data-section-title=\"Specification\"><\/div>\n<div class=\"table-responsive\">\n<table border=\"1\" width=\"475\" cellspacing=\"0\" cellpadding=\"0\">\n<colgroup>\n<col \/>\n<col \/><\/colgroup>\n<tbody>\n<tr class=\"firstRow\">\n<td height=\"19\" data-spm-anchor-id=\"a2700.details.pronpeci14.i1.31556e41v5knch\">Material<\/td>\n<td>PP PE-Pulver<\/td>\n<\/tr>\n<tr>\n<td height=\"19\">Porengr\u00f6\u00dfe<\/td>\n<td>5-60micron<\/td>\n<\/tr>\n<tr>\n<td height=\"19\">Form<\/td>\n<td>Scheibe, Rohr, Stab oder kundenspezifisch<\/td>\n<\/tr>\n<tr>\n<td height=\"19\">MOQ<\/td>\n<td>1St\u00fcck<\/td>\n<\/tr>\n<\/tbody>\n<\/table>\n<\/div>\n<p>&nbsp;<\/p>\n<p>Eigenschaften<\/p>\n<div class=\"magic-0\" data-section=\"AliMagic-0xxzp9\" data-section-title=\"Features\"><\/div>\n<div class=\"detail-decorate-json-renderer-container\">\n<div class=\"magic-4\">\n<div class=\"magic-7\">\n<div class=\"magic-8\">\n<div class=\"magic-9\">\n<p class=\"magic-10\">1. Hohe Porosit\u00e4t (60%), um einen gr\u00f6\u00dferen Durchfluss pro Fl\u00e4cheneinheit zu gew\u00e4hrleisten.<br \/>\n2. Smoth \u00e4u\u00dfere Oberfl\u00e4che, Verunreinigungen sind nicht leicht Haftung, zur\u00fcck waschen einfach und gr\u00fcndlich.<br \/>\n3. Steif, hervorragende mechanische Eigenschaften.<br \/>\n4. Ausgezeichnete Best\u00e4ndigkeit gegen starke S\u00e4uren und Laugen sowie gegen organische L\u00f6sungsmittel.<br \/>\n5. Keine Partikelfreisetzung.<\/p>\n<p class=\"magic-10\">\n<\/div>\n<\/div>\n<\/div>\n<\/div>\n<\/div>\n<div id=\"ali-anchor-AliMagic-9lb9rt\" class=\"magic-0\" data-section=\"AliMagic-9lb9rt\" data-section-title=\"Application\">Anmeldung<\/div>\n<div class=\"detail-decorate-json-renderer-container\">\n<div class=\"magic-4\">\n<div class=\"magic-7\">\n<div class=\"magic-8\">\n<div class=\"magic-9\">\n<p class=\"magic-10\">1. Pharmazeutische Industrie<br \/>\n2. Chemische Industrie<br \/>\n3. Leichtindustrie und Lebensmittelindustrie<br \/>\n4. Maschinenbau und Erd\u00f6lindustrie<br \/>\n5. Chemiefaser- und Textilindustrie<br \/>\n6. Abwasserbehandlungsindustrie<\/p>\n<\/div>\n<\/div>\n<\/div>\n<\/div>\n<\/div>\n<div class=\"magic-0\" data-section=\"AliMagic-nc32gj\" data-section-title=\"Our Company\"><\/div>\n<div id=\"ali-anchor-AliMagic-nc32gj\" class=\"magic-0\" data-section=\"AliMagic-nc32gj\" data-section-title=\"Our Company\">Unser Unternehmen<\/div>\n<div class=\"icbu-pc-images magic-1\">\n<div class=\"flex-layout-v\">\n<div class=\"flex-layout-h magic-1\">\n<div class=\"magic-18\"><\/div>\n<\/div>\n<\/div>\n<\/div>\n<div class=\"icbu-pc-images magic-1\">\n<div class=\"flex-layout-v\">\n<div class=\"flex-layout-h magic-1\">\n<div class=\"magic-22\">Wir sind auf die Entwicklung und Herstellung verschiedener Filterkerne spezialisiert, darunter ultrahochmolekulare PE-Filterkerne, Filterkerne f\u00fcr Befeuchtungsflaschen und gelochte Filterkerne f\u00fcr medizinische Zwecke mit einer Filtergenauigkeit von 5-100 Mikrometern. Die Produkte dehnen sich sofort in Wasser oder Fl\u00fcssigkeit aus und bilden eine Schutzschicht auf der Oberfl\u00e4che. Unter einem Druck von 0,06-0,05mpa verhindert der Filter das Auslaufen von Fl\u00fcssigkeit. Filterkerne und -k\u00f6pfe zur Verhinderung des Auslaufens von Fl\u00fcssigkeiten finden breite Anwendung in medizinischen Instrumenten wie Einweg-Abfallsammelbeuteln, Geh\u00e4useschl\u00e4uchen f\u00fcr ESR-Tests und Injektionen usw. Wir haben erfolgreich das ISO9001:2008 Zertifikat erhalten.<\/div>\n<\/div>\n<\/div>\n<\/div>\n<\/div>\n<\/div>","protected":false},"excerpt":{"rendered":"<table>\n<thead>\n<tr>\n<th>Artikel<\/th>\n<th>Details<\/th>\n<\/tr>\n<\/thead>\n<tbody>\n<tr>\n<td>Startport<\/td>\n<td>guangzhou<\/td>\n<\/tr>\n<tr>\n<td>Produktionskapazit\u00e4t<\/td>\n<td>10000 Einheiten\/Monat<\/td>\n<\/tr>\n<tr>\n<td>Herkunftsort<\/td>\n<td>guangdong, china<\/td>\n<\/tr>\n<tr>\n<td>Zahlung<\/td>\n<td>t\/t<\/td>\n<\/tr>\n<tr>\n<td>moq<\/td>\n<td>1 St\u00fcck<\/td>\n<\/tr>\n<tr>\n<td>Modell<\/td>\n<td>ly-hfpl-7<\/td>\n<\/tr>\n<tr>\n<td>Lieferfrist<\/td>\n<td>innerhalb von 7 Arbeitstagen<\/td>\n<\/tr>\n<tr>\n<td>Zertifizierung<\/td>\n<td>iso 9001<\/td>\n<\/tr>\n<tr>\n<td>Marke<\/td>\n<td>Erstausr\u00fcster\/Lvyuan<\/td>\n<\/tr>\n<\/tbody>\n<\/table>","protected":false},"featured_media":2246,"comment_status":"open","ping_status":"closed","template":"","meta":{"_gspb_post_css":""},"product_brand":[],"product_cat":[17,22],"product_tag":[939,261,262,260,278,282],"class_list":{"0":"post-2243","1":"product","2":"type-product","3":"status-publish","4":"has-post-thumbnail","6":"product_cat-sediment-filter","7":"product_cat-sintered-filter-cartridge","8":"product_tag-1-pcs-moq","9":"product_tag-guangdong-china","10":"product_tag-guangzhou-port","11":"product_tag-iso-9001","12":"product_tag-ly-hfpl-7","13":"product_tag-oem-lvyuan","15":"first","16":"instock","17":"shipping-taxable","18":"product-type-simple"},"_links":{"self":[{"href":"https:\/\/lyfilter.com\/de\/wp-json\/wp\/v2\/product\/2243","targetHints":{"allow":["GET"]}}],"collection":[{"href":"https:\/\/lyfilter.com\/de\/wp-json\/wp\/v2\/product"}],"about":[{"href":"https:\/\/lyfilter.com\/de\/wp-json\/wp\/v2\/types\/product"}],"replies":[{"embeddable":true,"href":"https:\/\/lyfilter.com\/de\/wp-json\/wp\/v2\/comments?post=2243"}],"wp:featuredmedia":[{"embeddable":true,"href":"https:\/\/lyfilter.com\/de\/wp-json\/wp\/v2\/media\/2246"}],"wp:attachment":[{"href":"https:\/\/lyfilter.com\/de\/wp-json\/wp\/v2\/media?parent=2243"}],"wp:term":[{"taxonomy":"product_brand","embeddable":true,"href":"https:\/\/lyfilter.com\/de\/wp-json\/wp\/v2\/product_brand?post=2243"},{"taxonomy":"product_cat","embeddable":true,"href":"https:\/\/lyfilter.com\/de\/wp-json\/wp\/v2\/product_cat?post=2243"},{"taxonomy":"product_tag","embeddable":true,"href":"https:\/\/lyfilter.com\/de\/wp-json\/wp\/v2\/product_tag?post=2243"}],"curies":[{"name":"wp","href":"https:\/\/api.w.org\/{rel}","templated":true}]}}