{"id":2241,"date":"2026-01-06T10:14:02","date_gmt":"2026-01-06T10:14:02","guid":{"rendered":"https:\/\/lyfilter.com\/?post_type=product&#038;p=2241"},"modified":"2026-01-06T10:14:02","modified_gmt":"2026-01-06T10:14:02","slug":"500mm-width-0-5-1-10-micron-polyethylene-sintered-disc-filter","status":"publish","type":"product","link":"https:\/\/lyfilter.com\/de\/500mm-width-0-5-1-10-micron-polyethylene-sintered-disc-filter\/","title":{"rendered":"500mm Breite 0,5 1 10 Mikron Polyethylen Sinterscheibenfilter"},"content":{"rendered":"<div class=\"unit-detail-html-tabs__content-attr\">\n<div class=\"unit-product-attrparam\">\n<div class=\"unit-product-attrparam__items row\">\n<div class=\"col-12 col-md-6\">\n<div class=\"unit-product-attrparam__item\">\n<div class=\"unit-product-attrparam__label\">Material:pe<br \/>\nVerf\u00fcgbarkeit: OEM\/ODM<\/div>\n<\/div>\n<\/div>\n<\/div>\n<\/div>\n<\/div>\n<div class=\"unit-detail-html-tabs__content-featuresAttr\"><\/div>\n<div class=\"unit-detail-html-tabs__content-html\">\n<div class=\"detail-decorate-json-renderer-container\"><strong>500mm Breite 0,5 1 10 Mikron Polyethylen Sinterscheibenfilter<\/strong><\/p>\n<div class=\"magic-0\">\n<h3 class=\"magic-1\" data-id=\"title0\"><\/h3>\n<\/div>\n<\/div>\n<div id=\"ali-anchor-AliMagic-ernild\" class=\"magic-5\" data-section=\"AliMagic-ernild\" data-section-title=\"Product Description\">Beschreibung des Produkts<\/div>\n<div class=\"magic-5\" data-section=\"AliMagic-ernild\" data-section-title=\"Product Description\">Das gesinterte PE-Filterelement besteht aus gesintertem und geformtem Polyethylen mit ultrahohem Molekulargewicht, das eine kompakte Struktur aufweist, stark und leicht ist, einem hohen Filtrationsdruck standh\u00e4lt, ungiftig und geschmacksneutral ist und eine gute Korrosionsbest\u00e4ndigkeit gegen\u00fcber sauren und alkalischen L\u00f6sungsmitteln aufweist.<br \/>\nDas PE-Filterelement hat eine gleichm\u00e4\u00dfige Porengr\u00f6\u00dfenverteilung, eine hohe S\u00e4ure- und Laugenbest\u00e4ndigkeit, eine hohe Temperaturbest\u00e4ndigkeit, gute mechanische Eigenschaften und eine hohe Best\u00e4ndigkeit gegen organische L\u00f6sungsmittel. Die Produktion von gro\u00dfen Wasseraufbereitungsanlagen kann automatische oder manuelle R\u00fccksp\u00fclung Schlacke Entfernung Methode, feste Partikel k\u00f6nnen durch trockene Schlacke Entfernung, ohne h\u00e4ufigen Austausch von Filterelementen, automatischer Betrieb, niedrige Filtrationskosten und andere Vorteile, die von den Nutzern gut angenommen werden zur\u00fcckgewonnen werden.<\/div>\n<div class=\"icbu-pc-detailManyImage magic-6\" data-module-name=\"icbu-pc-detailManyImage\">\n<div class=\"magic-7\">\n<div class=\"magic-10\">\n<div class=\"magic-16\">\n<div class=\"table-responsive\">\n<table border=\"1\" width=\"523\" cellspacing=\"0\" cellpadding=\"0\">\n<colgroup>\n<col \/>\n<col \/><\/colgroup>\n<tbody>\n<tr class=\"firstRow\">\n<td height=\"22\" data-spm-anchor-id=\"a2700.details.pronpeci14.i0.361d6ac1iKO6Ch\">Material<\/td>\n<td>Kunststoff PE PP<\/td>\n<\/tr>\n<tr>\n<td height=\"42\">Anmeldung<\/td>\n<td>Produktionsanlagen, Lebensmittel- und Getr\u00e4nkefabriken, Bauernh\u00f6fe, Hausgebrauch, Energie und Bergbau, Filtersysteme<\/td>\n<\/tr>\n<tr>\n<td height=\"43\">Porengr\u00f6\u00dfe<\/td>\n<td>0,5um, 2um, 5um, 10um, 15um, 20um, 40um, 60um, 90um, 100um<\/td>\n<\/tr>\n<tr>\n<td rowspan=\"2\" height=\"42\">Merkmal<\/td>\n<td><\/td>\n<\/tr>\n<tr>\n<td height=\"22\">Gleichm\u00e4\u00dfige Verteilung der Partikel, keine Schlacke, sch\u00f6nes Aussehen<\/td>\n<\/tr>\n<tr>\n<td height=\"22\">Filter Bewertung<\/td>\n<td>99.99%<\/td>\n<\/tr>\n<tr>\n<td height=\"22\">Dicke<\/td>\n<td>1-1000mm<\/td>\n<\/tr>\n<tr>\n<td height=\"22\">Breite<\/td>\n<td>0,1-500 mm<\/td>\n<\/tr>\n<tr>\n<td height=\"21\">Form<\/td>\n<td>Scheibe, Rohr, Becher oder kundenspezifische Form<\/td>\n<\/tr>\n<tr>\n<td height=\"20\">Verwendung<\/td>\n<td>Luftfilter<\/td>\n<\/tr>\n<\/tbody>\n<\/table>\n<\/div>\n<\/div>\n<\/div>\n<\/div>\n<\/div>\n<p><img decoding=\"async\" src=\"https:\/\/img.yfisher.com\/m6076\/1725732581yet\/jpg70-t3-scale100.webp\" alt=\"500mm Breite 0,5 1 10 Mikron Polyethylen Sinterscheibenfilter 2\" data-lazy=\"2\" title=\"\"><\/p>\n<div class=\"icbu-pc-images magic-22\">\n<div class=\"flex-layout-v\">\n<div class=\"flex-layout-h magic-22\">\n<div class=\"magic-28\">\n<p><strong>Unsere Vorteile:<\/strong><\/p>\n<ul>\n<li>Professioneller Hersteller mit langj\u00e4hriger Erfahrung<\/li>\n<li>Gute Qualit\u00e4t mit konkurrenzf\u00e4higem Preis<\/li>\n<li>OEM &amp; ODM sind willkommen<\/li>\n<li>Fertigung nach Ihrem Muster oder Ihrer Zeichnung<\/li>\n<li>Verschiedene Zahlungsmittel sind zul\u00e4ssig<\/li>\n<li>Guter Service durch erfahrenen Manager<\/li>\n<li>Jedes Produkt wird einzeln einer strengen Kontrolle unterzogen<\/li>\n<li>P\u00fcnktliche Lieferung<\/li>\n<li>Kleines MOQ ist akzeptabel<\/li>\n<li>Reiche Erfahrung mit dem Export nach Afrika, dem Nahen Osten, S\u00fcdostasien und S\u00fcdamerika<\/li>\n<\/ul>\n<\/div>\n<\/div>\n<\/div>\n<\/div>\n<\/div>","protected":false},"excerpt":{"rendered":"<table>\n<thead>\n<tr>\n<th>Artikel<\/th>\n<th>Details<\/th>\n<\/tr>\n<\/thead>\n<tbody>\n<tr>\n<td>Startport<\/td>\n<td>guangzhou<\/td>\n<\/tr>\n<tr>\n<td>Produktionskapazit\u00e4t<\/td>\n<td>10000 Einheiten\/Monat<\/td>\n<\/tr>\n<tr>\n<td>Herkunftsort<\/td>\n<td>guangdong, china<\/td>\n<\/tr>\n<tr>\n<td>Zahlung<\/td>\n<td>t\/t, alibaba trade assurance, paypal<\/td>\n<\/tr>\n<tr>\n<td>moq<\/td>\n<td>1 St\u00fcck<\/td>\n<\/tr>\n<tr>\n<td>Modell<\/td>\n<td>ly-hfpl<\/td>\n<\/tr>\n<tr>\n<td>Lieferfrist<\/td>\n<td>innerhalb von 7 Arbeitstagen<\/td>\n<\/tr>\n<tr>\n<td>Zertifizierung<\/td>\n<td>iso 9001<\/td>\n<\/tr>\n<tr>\n<td>Marke<\/td>\n<td>oem\/lvyu<\/td>\n<\/tr>\n<\/tbody>\n<\/table>","protected":false},"featured_media":2244,"comment_status":"open","ping_status":"closed","template":"","meta":{"_gspb_post_css":""},"product_brand":[],"product_cat":[17,22],"product_tag":[939,261,262,260,268,947],"class_list":{"0":"post-2241","1":"product","2":"type-product","3":"status-publish","4":"has-post-thumbnail","6":"product_cat-sediment-filter","7":"product_cat-sintered-filter-cartridge","8":"product_tag-1-pcs-moq","9":"product_tag-guangdong-china","10":"product_tag-guangzhou-port","11":"product_tag-iso-9001","12":"product_tag-ly-hfpl","13":"product_tag-oem-lvyu","15":"first","16":"instock","17":"shipping-taxable","18":"product-type-simple"},"_links":{"self":[{"href":"https:\/\/lyfilter.com\/de\/wp-json\/wp\/v2\/product\/2241","targetHints":{"allow":["GET"]}}],"collection":[{"href":"https:\/\/lyfilter.com\/de\/wp-json\/wp\/v2\/product"}],"about":[{"href":"https:\/\/lyfilter.com\/de\/wp-json\/wp\/v2\/types\/product"}],"replies":[{"embeddable":true,"href":"https:\/\/lyfilter.com\/de\/wp-json\/wp\/v2\/comments?post=2241"}],"wp:featuredmedia":[{"embeddable":true,"href":"https:\/\/lyfilter.com\/de\/wp-json\/wp\/v2\/media\/2244"}],"wp:attachment":[{"href":"https:\/\/lyfilter.com\/de\/wp-json\/wp\/v2\/media?parent=2241"}],"wp:term":[{"taxonomy":"product_brand","embeddable":true,"href":"https:\/\/lyfilter.com\/de\/wp-json\/wp\/v2\/product_brand?post=2241"},{"taxonomy":"product_cat","embeddable":true,"href":"https:\/\/lyfilter.com\/de\/wp-json\/wp\/v2\/product_cat?post=2241"},{"taxonomy":"product_tag","embeddable":true,"href":"https:\/\/lyfilter.com\/de\/wp-json\/wp\/v2\/product_tag?post=2241"}],"curies":[{"name":"wp","href":"https:\/\/api.w.org\/{rel}","templated":true}]}}