{"id":2239,"date":"2026-01-06T10:12:21","date_gmt":"2026-01-06T10:12:21","guid":{"rendered":"https:\/\/lyfilter.com\/?post_type=product&#038;p=2239"},"modified":"2026-01-06T10:12:21","modified_gmt":"2026-01-06T10:12:21","slug":"60-sintered-microporous-ptfe-tubing-30mpa-polyethylene-filters","status":"publish","type":"product","link":"https:\/\/lyfilter.com\/de\/60-sintered-microporous-ptfe-tubing-30mpa-polyethylene-filters\/","title":{"rendered":"60\u201d gesinterter mikropor\u00f6ser PTFE-Schlauch 30Mpa Polyethylen-Filter"},"content":{"rendered":"<div class=\"unit-detail-html-tabs__content-attr\">\n<div class=\"unit-product-attrparam\">\n<div class=\"unit-product-attrparam__items row\">\n<div class=\"col-12 col-md-6\">\n<div class=\"unit-product-attrparam__item\">\n<div class=\"unit-product-attrparam__label\">Material:pe<br \/>\nVerf\u00fcgbarkeit: OEM\/ODM<\/div>\n<\/div>\n<\/div>\n<\/div>\n<\/div>\n<\/div>\n<div class=\"unit-detail-html-tabs__content-featuresAttr\"><\/div>\n<div class=\"unit-detail-html-tabs__content-html\">\n<div class=\"detail-decorate-json-renderer-container\">60\u201d gesinterter mikropor\u00f6ser PTFE-Schlauch 30Mpa Polyethylen-Filter<\/p>\n<div class=\"magic-0\"><\/div>\n<\/div>\n<div id=\"ali-anchor-AliMagic-crxh1x\" class=\"magic-5\" data-section=\"AliMagic-crxh1x\" data-section-title=\"Product Description\"><strong>Merkmale:<\/strong><\/div>\n<div class=\"detail-decorate-json-renderer-container\">\n<div class=\"magic-0\">\n<div class=\"magic-2\">\n<div class=\"magic-3\">\n<div class=\"magic-4\" data-id=\"paragraph0\">1. Die fluidisierte Platte ist f\u00fcr die Pulverbeschichtung Ausr\u00fcstung oder industrielle Maschine verwenden.<br \/>\n2. Jede Dicke der Pulverbeschichtung Fluidisierung Platte: 3 bis 50mm oder andere.<br \/>\n3. Gr\u00f6\u00dfe und Form (rund oder quadratisch) k\u00f6nnen als Anforderungen angepasst werden.<br \/>\n4. Diese fluidisierende Platte ist weit verbreitet in Pulverbeschichtung Trichter, notwendigen Teil f\u00fcr glatte und gleichm\u00e4\u00dfige Pulver spr\u00fchen verwendet.<br \/>\n5. Die Fluidisierungsplatte ist aus antistatischem, chemikalienbest\u00e4ndigem und wasserfestem Material hergestellt.<\/div>\n<\/div>\n<\/div>\n<\/div>\n<\/div>\n<div class=\"detail-decorate-json-renderer-container\">\n<div class=\"magic-0\">\n<div class=\"magic-2\">\n<div class=\"magic-3\">\n<div class=\"magic-4\">1. Hohe Porosit\u00e4t, um einen gr\u00f6\u00dferen Durchfluss pro Fl\u00e4cheneinheit zu gew\u00e4hrleisten; 2. glatte \u00e4u\u00dfere Oberfl\u00e4che, Verunreinigungen sind nicht leicht zu haften, R\u00fccksp\u00fclung einfach und gr\u00fcndlich; 3. Anti-Fouling-F\u00e4higkeit: die geringe Gr\u00f6\u00dfe des Filters, so dass Verunreinigungen nicht in den Filterk\u00f6rper zur\u00fcckgehalten werden k\u00f6nnen; 4. Best\u00e4ndigkeit gegen starke S\u00e4ure, Alkali Korrosion, Best\u00e4ndigkeit gegen organische L\u00f6sungsmittel; 5. hervorragende mechanische Eigenschaften; 6. keine Partikelfreisetzung. 7. Breite Produktpalette und breiter Anwendungsbereich<\/div>\n<\/div>\n<\/div>\n<\/div>\n<\/div>\n<div class=\"ife-detail-decorate-table\">\n<div class=\"table-responsive\">\n<table class=\"hight-light-first-column all magic-19\" border=\"1\" cellspacing=\"0\" cellpadding=\"0\">\n<tbody>\n<tr class=\"firstRow\">\n<td colspan=\"1\" rowspan=\"1\">\n<div class=\"magic-20\">Filtermedien<\/div>\n<\/td>\n<td colspan=\"1\" rowspan=\"1\">\n<div class=\"magic-21\">PE, HDPE, PTFE, PVDF, PA\/Nylon usw.<\/div>\n<\/td>\n<\/tr>\n<tr>\n<td colspan=\"1\" rowspan=\"1\">\n<div class=\"magic-20\">Mikron-Rate<\/div>\n<\/td>\n<td colspan=\"1\" rowspan=\"1\">\n<div class=\"magic-21\">0,2um, 0,5um, 1um, 3um, 5um, 10um, 25um, 30um, 50um, 75um, 100um, etc<\/div>\n<\/td>\n<\/tr>\n<tr>\n<td colspan=\"1\" rowspan=\"1\">\n<div class=\"magic-20\">Referenzma\u00df<\/p>\n<div>(mm)<\/div>\n<\/div>\n<\/td>\n<td colspan=\"1\" rowspan=\"1\">\n<div class=\"magic-21\">31x12x1000, 31x20x1000, 38x20x1000, 38x18x1000, 38x20x1200, 38x20x1300, 38x20x150, 38x20x400, 38x20x250, 38x20x200, 38x20x180,<br \/>\n38x20x150, 50x20x1000, 50x31x1000, 50x38x1000, 65x31x1000, 65x38x1000, 64x44x1000, 78x62x750mm, etc.<\/div>\n<\/td>\n<\/tr>\n<tr>\n<td colspan=\"1\" rowspan=\"1\">\n<div class=\"magic-20\">Steckertyp<\/div>\n<\/td>\n<td colspan=\"1\" rowspan=\"1\">\n<div class=\"magic-21\">DOE, SOE, Flach, Einsatz, Gewinde, 226, 222, 215, M36, M30, M27, M25, M22, M14, M12, oder nach Wunsch.<\/div>\n<\/td>\n<\/tr>\n<tr>\n<td colspan=\"1\" rowspan=\"1\">\n<div class=\"magic-20\">Max. Betriebstemperatur<\/div>\n<\/td>\n<td colspan=\"1\" rowspan=\"1\">\n<div class=\"magic-21\">PE\u226482\u2103; PTFE\u2265200\u2103; PA\u2264120\u2103<\/div>\n<\/td>\n<\/tr>\n<\/tbody>\n<\/table>\n<\/div>\n<\/div>\n<p><img decoding=\"async\" src=\"https:\/\/img.yfisher.com\/m6076\/1725732580py8\/png70-t3-scale100.webp\" alt=\"60&#039;&#039; Gesinterter mikropor\u00f6ser PTFE-Schlauch 30Mpa Polyethylen-Filter 2\" data-lazy=\"2\" title=\"\"><\/p>\n<div class=\"icbu-pc-images magic-22\">\n<div class=\"flex-layout-v\">\n<div class=\"flex-layout-h magic-22\">\n<div class=\"magic-30\"><strong>FAQ<\/strong><\/div>\n<\/div>\n<\/div>\n<\/div>\n<div id=\"ali-anchor-AliMagic-9ckahp\" class=\"magic-5\" data-section=\"AliMagic-9ckahp\" data-section-title=\"Contact\">\n<p>Q1: Sind Sie Hersteller?<br \/>\nA: Ja, wir sind Hersteller, unsere Fabrik befindet sich in Langfang City, Hebei Province, China. Willkommen, uns zu besuchen!<\/p>\n<p>Q2: Akzeptieren Sie OEM?<br \/>\nA: Ja, wir k\u00f6nnen nach Ihren Anforderungen fertigen.<\/p>\n<p>Q3. Kann ich einige Muster erhalten?<br \/>\nA: Es ist uns eine Ehre, Ihnen Muster anzubieten. Au\u00dfer Fracht.<\/p>\n<p>Q4. Wie lang ist die Lieferfrist?<br \/>\nA: Wenn die Waren auf Lager sind, ist es in der Regel 2-3 Tage. Wenn die Waren nicht auf Lager sind, ist es in der Regel 7-15 Tage. Wir setzen auch die Lieferzeit auf der Grundlage der Anzahl der Artikel.<\/p>\n<p>Q5. Wie lauten die Zahlungsbedingungen?<br \/>\nA: T\/T 30% als Anzahlung, und 70% vor der Lieferung. Wir zeigen Ihnen die Fotos der Produkte und der Pakete, bevor Sie das zahlen<br \/>\nBilanzierung.<\/p>\n<\/div>\n<\/div>","protected":false},"excerpt":{"rendered":"<table>\n<thead>\n<tr>\n<th>Artikel<\/th>\n<th>Details<\/th>\n<\/tr>\n<\/thead>\n<tbody>\n<tr>\n<td>Startport<\/td>\n<td>guangzhou<\/td>\n<\/tr>\n<tr>\n<td>Produktionskapazit\u00e4t<\/td>\n<td>10000 Einheiten\/Monat<\/td>\n<\/tr>\n<tr>\n<td>Herkunftsort<\/td>\n<td>guangdong, china<\/td>\n<\/tr>\n<tr>\n<td>Zahlung<\/td>\n<td>t\/t, alibaba trade assurance, paypal<\/td>\n<\/tr>\n<tr>\n<td>moq<\/td>\n<td>1 St\u00fcck<\/td>\n<\/tr>\n<tr>\n<td>Modell<\/td>\n<td>ly-hfpl<\/td>\n<\/tr>\n<tr>\n<td>Lieferfrist<\/td>\n<td>innerhalb von 7 Arbeitstagen<\/td>\n<\/tr>\n<tr>\n<td>Marke<\/td>\n<td>Erstausr\u00fcster\/Lvyuan<\/td>\n<\/tr>\n<\/tbody>\n<\/table>","protected":false},"featured_media":2242,"comment_status":"open","ping_status":"closed","template":"","meta":{"_gspb_post_css":""},"product_brand":[],"product_cat":[22,17],"product_tag":[939,261,262,268,282,941],"class_list":{"0":"post-2239","1":"product","2":"type-product","3":"status-publish","4":"has-post-thumbnail","6":"product_cat-sintered-filter-cartridge","7":"product_cat-sediment-filter","8":"product_tag-1-pcs-moq","9":"product_tag-guangdong-china","10":"product_tag-guangzhou-port","11":"product_tag-ly-hfpl","12":"product_tag-oem-lvyuan","13":"product_tag-paypal-payment","15":"first","16":"instock","17":"shipping-taxable","18":"product-type-simple"},"_links":{"self":[{"href":"https:\/\/lyfilter.com\/de\/wp-json\/wp\/v2\/product\/2239","targetHints":{"allow":["GET"]}}],"collection":[{"href":"https:\/\/lyfilter.com\/de\/wp-json\/wp\/v2\/product"}],"about":[{"href":"https:\/\/lyfilter.com\/de\/wp-json\/wp\/v2\/types\/product"}],"replies":[{"embeddable":true,"href":"https:\/\/lyfilter.com\/de\/wp-json\/wp\/v2\/comments?post=2239"}],"wp:featuredmedia":[{"embeddable":true,"href":"https:\/\/lyfilter.com\/de\/wp-json\/wp\/v2\/media\/2242"}],"wp:attachment":[{"href":"https:\/\/lyfilter.com\/de\/wp-json\/wp\/v2\/media?parent=2239"}],"wp:term":[{"taxonomy":"product_brand","embeddable":true,"href":"https:\/\/lyfilter.com\/de\/wp-json\/wp\/v2\/product_brand?post=2239"},{"taxonomy":"product_cat","embeddable":true,"href":"https:\/\/lyfilter.com\/de\/wp-json\/wp\/v2\/product_cat?post=2239"},{"taxonomy":"product_tag","embeddable":true,"href":"https:\/\/lyfilter.com\/de\/wp-json\/wp\/v2\/product_tag?post=2239"}],"curies":[{"name":"wp","href":"https:\/\/api.w.org\/{rel}","templated":true}]}}