{"id":2237,"date":"2026-01-06T10:10:54","date_gmt":"2026-01-06T10:10:54","guid":{"rendered":"https:\/\/lyfilter.com\/?post_type=product&#038;p=2237"},"modified":"2026-01-06T10:10:54","modified_gmt":"2026-01-06T10:10:54","slug":"beverage-gas-0-5um-2um-synthetic-glass-porous-filter-disc","status":"publish","type":"product","link":"https:\/\/lyfilter.com\/de\/beverage-gas-0-5um-2um-synthetic-glass-porous-filter-disc\/","title":{"rendered":"Getr\u00e4nkegas 0,5um 2um Synthetisches Glas Por\u00f6se Filterscheibe"},"content":{"rendered":"<div class=\"unit-detail-html-tabs__content-attr\">\n<div class=\"unit-product-attrparam\">\n<div class=\"unit-product-attrparam__items row\">\n<div class=\"col-12 col-md-6\">\n<div class=\"unit-product-attrparam__item\">\n<div class=\"unit-product-attrparam__label\">Material<\/div>\n<div class=\"unit-product-attrparam__value\" title=\"pe \">pe<\/div>\n<\/div>\n<\/div>\n<div class=\"col-12 col-md-6\">\n<div class=\"unit-product-attrparam__item\">\n<div class=\"unit-product-attrparam__label\">Verf\u00fcgbarkeit<\/div>\n<div class=\"unit-product-attrparam__value\" title=\"OEM\">OEM<\/div>\n<\/div>\n<\/div>\n<\/div>\n<\/div>\n<\/div>\n<div class=\"unit-detail-html-tabs__content-featuresAttr\"><\/div>\n<div class=\"unit-detail-html-tabs__content-html\">\n<div class=\"detail-decorate-json-renderer-container\">\n<div class=\"magic-0\">\n<h3 class=\"magic-1\" data-id=\"title0\"><strong>Kundenspezifische Sinterglas Polyethylen-Filterscheibe Synthetische Kunststoff-Filterscheibe<\/strong><\/h3>\n<div class=\"magic-2\">\n<div class=\"magic-3\">\n<div class=\"magic-4\" data-id=\"paragraph0\">Gesinterte Filterelemente sind weit verbreitet in der Chemie, Erd\u00f6l, Metallurgie, Luftfahrt, Gas, Elektronik, Pharmazie, Pneumatik, Luftregulierungskomponenten, Druck\u00a0<a href=\"https:\/\/lyfilter.com\/de\/products.html\/\">Filtereinsatz<\/a>s, Luftfilter und weitere Bereiche.<\/div>\n<div class=\"magic-4\" data-id=\"paragraph0\"><\/div>\n<p>&nbsp;<\/p>\n<div class=\"table-responsive\">\n<table border=\"1\" width=\"395\" cellspacing=\"0\" cellpadding=\"0\">\n<colgroup>\n<col \/>\n<col \/><\/colgroup>\n<tbody>\n<tr class=\"firstRow\">\n<td height=\"22\" data-spm-anchor-id=\"a2700.details.pronpeci14.i2.724435c5sezBu7\">Material<\/td>\n<td>Kunststoff PE PP<\/td>\n<\/tr>\n<tr>\n<td height=\"87\">Anmeldung<\/td>\n<td>Produktionsanlagen, Lebensmittel- und Getr\u00e4nkefabriken, Bauernh\u00f6fe, Hausgebrauch, Energie und Bergbau, Filtersysteme<\/td>\n<\/tr>\n<tr>\n<td height=\"76\">Porengr\u00f6\u00dfe<\/td>\n<td>0,5um, 2um, 5um, 10um, 15um, 20um, 40um, 60um, 90um, 100um<\/td>\n<\/tr>\n<tr>\n<td rowspan=\"2\" height=\"62\">Merkmal<\/td>\n<td><\/td>\n<\/tr>\n<tr>\n<td height=\"43\">Gleichm\u00e4\u00dfige Verteilung der Partikel, keine Schlacke, sch\u00f6nes Aussehen<\/td>\n<\/tr>\n<tr>\n<td height=\"43\">Filter Bewertung<\/td>\n<td>99.99%<\/td>\n<\/tr>\n<tr>\n<td height=\"22\">Dicke<\/td>\n<td>1-1000mm<\/td>\n<\/tr>\n<tr>\n<td height=\"41\">Breite<\/td>\n<td>0,1-500 mm<\/td>\n<\/tr>\n<tr>\n<td height=\"48\">Form<\/td>\n<td>Scheibe, Rohr, Becher oder kundenspezifische Form<\/p>\n<p>&nbsp;<\/td>\n<\/tr>\n<\/tbody>\n<\/table>\n<\/div>\n<p>&nbsp;<\/p>\n<p><img decoding=\"async\" src=\"https:\/\/img.yfisher.com\/m6076\/1725732578oap\/jpg70-t3-scale100.webp\" alt=\"Getr\u00e4nkegas 0,5um 2um Synthetisches Glas Por\u00f6se Filterscheibe 2\" data-lazy=\"2\" title=\"\"><\/p>\n<div class=\"magic-4\" data-id=\"paragraph0\"><\/div>\n<div class=\"magic-4\" data-id=\"paragraph0\">\n<p><strong>Unsere Vorteile:<\/strong><\/p>\n<p>&nbsp;<\/p>\n<ul>\n<li>Professioneller Hersteller mit langj\u00e4hriger Erfahrung<\/li>\n<li>Gute Qualit\u00e4t mit konkurrenzf\u00e4higem Preis<\/li>\n<li>OEM &amp; ODM sind willkommen<\/li>\n<li>Fertigung nach Ihrem Muster oder Ihrer Zeichnung<\/li>\n<li>Verschiedene Zahlungsmittel sind zul\u00e4ssig<\/li>\n<li>Guter Service durch erfahrenen Manager<\/li>\n<li>Jedes Produkt wird einzeln einer strengen Kontrolle unterzogen<\/li>\n<li>P\u00fcnktliche Lieferung<\/li>\n<li>Kleines MOQ ist akzeptabel<\/li>\n<li>Reiche Erfahrung mit dem Export nach Afrika, dem Nahen Osten, S\u00fcdostasien und S\u00fcdamerika<\/li>\n<\/ul>\n<\/div>\n<\/div>\n<\/div>\n<\/div>\n<\/div>\n<\/div>","protected":false},"excerpt":{"rendered":"<table>\n<thead>\n<tr>\n<th>Artikel<\/th>\n<th>Details<\/th>\n<\/tr>\n<\/thead>\n<tbody>\n<tr>\n<td>Startport<\/td>\n<td>guangzhou<\/td>\n<\/tr>\n<tr>\n<td>Produktionskapazit\u00e4t<\/td>\n<td>10000 Einheiten\/Monat<\/td>\n<\/tr>\n<tr>\n<td>Herkunftsort<\/td>\n<td>guangdong, china<\/td>\n<\/tr>\n<tr>\n<td>Zahlung<\/td>\n<td>t\/t, alibaba trade assurance, paypal<\/td>\n<\/tr>\n<tr>\n<td>moq<\/td>\n<td>1 St\u00fcck<\/td>\n<\/tr>\n<tr>\n<td>Modell<\/td>\n<td>ly-hfpl<\/td>\n<\/tr>\n<tr>\n<td>Lieferfrist<\/td>\n<td>innerhalb von 7 Arbeitstagen<\/td>\n<\/tr>\n<tr>\n<td>Zertifizierung<\/td>\n<td>iso 9001<\/td>\n<\/tr>\n<\/tbody>\n<\/table>","protected":false},"featured_media":2240,"comment_status":"open","ping_status":"closed","template":"","meta":{"_gspb_post_css":""},"product_brand":[],"product_cat":[15],"product_tag":[939,261,262,260,268,941],"class_list":{"0":"post-2237","1":"product","2":"type-product","3":"status-publish","4":"has-post-thumbnail","6":"product_cat-stainless-steel-filter-housing","7":"product_tag-1-pcs-moq","8":"product_tag-guangdong-china","9":"product_tag-guangzhou-port","10":"product_tag-iso-9001","11":"product_tag-ly-hfpl","12":"product_tag-paypal-payment","14":"first","15":"instock","16":"shipping-taxable","17":"product-type-simple"},"_links":{"self":[{"href":"https:\/\/lyfilter.com\/de\/wp-json\/wp\/v2\/product\/2237","targetHints":{"allow":["GET"]}}],"collection":[{"href":"https:\/\/lyfilter.com\/de\/wp-json\/wp\/v2\/product"}],"about":[{"href":"https:\/\/lyfilter.com\/de\/wp-json\/wp\/v2\/types\/product"}],"replies":[{"embeddable":true,"href":"https:\/\/lyfilter.com\/de\/wp-json\/wp\/v2\/comments?post=2237"}],"wp:featuredmedia":[{"embeddable":true,"href":"https:\/\/lyfilter.com\/de\/wp-json\/wp\/v2\/media\/2240"}],"wp:attachment":[{"href":"https:\/\/lyfilter.com\/de\/wp-json\/wp\/v2\/media?parent=2237"}],"wp:term":[{"taxonomy":"product_brand","embeddable":true,"href":"https:\/\/lyfilter.com\/de\/wp-json\/wp\/v2\/product_brand?post=2237"},{"taxonomy":"product_cat","embeddable":true,"href":"https:\/\/lyfilter.com\/de\/wp-json\/wp\/v2\/product_cat?post=2237"},{"taxonomy":"product_tag","embeddable":true,"href":"https:\/\/lyfilter.com\/de\/wp-json\/wp\/v2\/product_tag?post=2237"}],"curies":[{"name":"wp","href":"https:\/\/api.w.org\/{rel}","templated":true}]}}