{"id":2234,"date":"2026-01-06T10:09:40","date_gmt":"2026-01-06T10:09:40","guid":{"rendered":"https:\/\/lyfilter.com\/?post_type=product&#038;p=2234"},"modified":"2026-01-06T10:09:40","modified_gmt":"2026-01-06T10:09:40","slug":"sintered-porous-polyethylene-pe-hdpe-resin-filter","status":"publish","type":"product","link":"https:\/\/lyfilter.com\/de\/sintered-porous-polyethylene-pe-hdpe-resin-filter\/","title":{"rendered":"Gesintertes por\u00f6ses Polyethylen PE Hdpe Harz Filter"},"content":{"rendered":"<div class=\"unit-detail-html-tabs__content-attr\">\n<div class=\"unit-product-attrparam\">\n<div class=\"unit-product-attrparam__items row\">\n<div class=\"col-12 col-md-6\">\n<div class=\"unit-product-attrparam__item\">\n<div class=\"unit-product-attrparam__label\">Verf\u00fcgbarkeit:OEM<\/div>\n<\/div>\n<\/div>\n<\/div>\n<\/div>\n<\/div>\n<div class=\"unit-detail-html-tabs__content-featuresAttr\"><\/div>\n<div class=\"unit-detail-html-tabs__content-html\">\n<p><strong>Gesinterte por\u00f6se Polyethylen PE Hdpe Harze Filter<\/strong><\/p>\n<p>&nbsp;<\/p>\n<p>Vorteile der mikropor\u00f6sen PP\/PE-Produkte<br \/>\nUngiftig<br \/>\nZufriedenstellende Makellosigkeit<br \/>\nHohe Filtrationsgenauigkeit 5-60um<br \/>\nHervorragende Korrosionsbest\u00e4ndigkeit<br \/>\nLange Lebensdauer und einfacher Wechsel<\/p>\n<p><img decoding=\"async\" src=\"https:\/\/img.yfisher.com\/m6076\/1725732576zgq\/jpg70-t3-scale100.webp\" alt=\"Gesintertes por\u00f6ses Polyethylen PE Hdpe Harz Filter 2\" data-lazy=\"2\" title=\"\"><\/p>\n<div class=\"table-responsive\">\n<table border=\"1\" width=\"400\" cellspacing=\"0\" cellpadding=\"0\">\n<colgroup>\n<col \/>\n<col \/><\/colgroup>\n<tbody>\n<tr class=\"firstRow\">\n<td height=\"19\">Material<\/td>\n<td>PP PE-Pulver<\/td>\n<\/tr>\n<tr>\n<td height=\"19\">Porengr\u00f6\u00dfe<\/td>\n<td>5-60micron<\/td>\n<\/tr>\n<tr>\n<td height=\"19\">Form<\/td>\n<td>Scheibe, Rohr, Stab oder kundenspezifisch<\/td>\n<\/tr>\n<tr>\n<td height=\"19\">MOQ<\/td>\n<td data-spm-anchor-id=\"a2700.details.0.i28.10c16e41LF1TJI\">1St\u00fcck<\/td>\n<\/tr>\n<\/tbody>\n<\/table>\n<\/div>\n<p>Unser Unternehmen umfasst den gesamten Prozess der Forschung, des Entwurfs, der Herstellung, des Verkaufs und des Kundendienstes. Wir haben professionelle technische F\u00e4higkeiten und ein systematisches Qualit\u00e4tsmanagementsystem. Wir zielen darauf ab, hohe Qualit\u00e4t Import Ersatz und perfekte Design-Plan zu bieten.<\/p>\n<p><strong>Unsere Vorteile:<\/strong><\/p>\n<p>Professioneller Hersteller mit langj\u00e4hriger Erfahrung<br \/>\nGute Qualit\u00e4t mit konkurrenzf\u00e4higem Preis<br \/>\nOEM &amp; ODM sind willkommen<br \/>\nFertigung nach Ihrem Muster oder Ihrer Zeichnung<br \/>\nVerschiedene Zahlungsmittel sind zul\u00e4ssig<br \/>\nGuter Service durch erfahrenen Manager<br \/>\nJedes Produkt wird einzeln einer strengen Kontrolle unterzogen<br \/>\nP\u00fcnktliche Lieferung<br \/>\nKleines MOQ ist akzeptabel<br \/>\nReiche Erfahrung mit dem Export nach Afrika, dem Nahen Osten, S\u00fcdostasien und S\u00fcdamerika<\/p>\n<\/div>","protected":false},"excerpt":{"rendered":"<table>\n<thead>\n<tr>\n<th>Artikel<\/th>\n<th>Details<\/th>\n<\/tr>\n<\/thead>\n<tbody>\n<tr>\n<td>Startport<\/td>\n<td>guangzhou<\/td>\n<\/tr>\n<tr>\n<td>Produktionskapazit\u00e4t<\/td>\n<td>10000 Einheiten\/Monat<\/td>\n<\/tr>\n<tr>\n<td>Zahlung<\/td>\n<td>t\/t, alibaba Handelsgarantie<\/td>\n<\/tr>\n<tr>\n<td>moq<\/td>\n<td>1 St\u00fcck<\/td>\n<\/tr>\n<tr>\n<td>Modell<\/td>\n<td>ly-hfpl<\/td>\n<\/tr>\n<tr>\n<td>Lieferfrist<\/td>\n<td>innerhalb von 7 Arbeitstagen<\/td>\n<\/tr>\n<tr>\n<td>Zertifizierung<\/td>\n<td>iso 9001<\/td>\n<\/tr>\n<\/tbody>\n<\/table>","protected":false},"featured_media":2238,"comment_status":"open","ping_status":"closed","template":"","meta":{"_gspb_post_css":""},"product_brand":[],"product_cat":[17,22],"product_tag":[939,279,262,260,268,946],"class_list":{"0":"post-2234","1":"product","2":"type-product","3":"status-publish","4":"has-post-thumbnail","6":"product_cat-sediment-filter","7":"product_cat-sintered-filter-cartridge","8":"product_tag-1-pcs-moq","9":"product_tag-alibaba-trade-assurance","10":"product_tag-guangzhou-port","11":"product_tag-iso-9001","12":"product_tag-ly-hfpl","13":"product_tag-t-t-payment","15":"first","16":"instock","17":"shipping-taxable","18":"product-type-simple"},"_links":{"self":[{"href":"https:\/\/lyfilter.com\/de\/wp-json\/wp\/v2\/product\/2234","targetHints":{"allow":["GET"]}}],"collection":[{"href":"https:\/\/lyfilter.com\/de\/wp-json\/wp\/v2\/product"}],"about":[{"href":"https:\/\/lyfilter.com\/de\/wp-json\/wp\/v2\/types\/product"}],"replies":[{"embeddable":true,"href":"https:\/\/lyfilter.com\/de\/wp-json\/wp\/v2\/comments?post=2234"}],"wp:featuredmedia":[{"embeddable":true,"href":"https:\/\/lyfilter.com\/de\/wp-json\/wp\/v2\/media\/2238"}],"wp:attachment":[{"href":"https:\/\/lyfilter.com\/de\/wp-json\/wp\/v2\/media?parent=2234"}],"wp:term":[{"taxonomy":"product_brand","embeddable":true,"href":"https:\/\/lyfilter.com\/de\/wp-json\/wp\/v2\/product_brand?post=2234"},{"taxonomy":"product_cat","embeddable":true,"href":"https:\/\/lyfilter.com\/de\/wp-json\/wp\/v2\/product_cat?post=2234"},{"taxonomy":"product_tag","embeddable":true,"href":"https:\/\/lyfilter.com\/de\/wp-json\/wp\/v2\/product_tag?post=2234"}],"curies":[{"name":"wp","href":"https:\/\/api.w.org\/{rel}","templated":true}]}}