{"id":2232,"date":"2026-01-06T10:08:12","date_gmt":"2026-01-06T10:08:12","guid":{"rendered":"https:\/\/lyfilter.com\/?post_type=product&#038;p=2232"},"modified":"2026-01-06T10:08:12","modified_gmt":"2026-01-06T10:08:12","slug":"thread-rod-20-30-50-100-microns-polyethylene-sintered-plastic-filter","status":"publish","type":"product","link":"https:\/\/lyfilter.com\/de\/thread-rod-20-30-50-100-microns-polyethylene-sintered-plastic-filter\/","title":{"rendered":"Gewindestange 20 30 50 100 Mikrometer Polyethylen Sinterkunststofffilter"},"content":{"rendered":"<div class=\"unit-detail-html-tabs__content-attr\">\n<div class=\"unit-product-attrparam\">\n<div class=\"unit-product-attrparam__items row\">\n<div class=\"col-12 col-md-6\">\n<div class=\"unit-product-attrparam__item\">\n<div class=\"unit-product-attrparam__label\">Material:pe<br \/>\nVerf\u00fcgbarkeit: OEM\/ODM<\/div>\n<\/div>\n<\/div>\n<\/div>\n<\/div>\n<\/div>\n<div class=\"unit-detail-html-tabs__content-featuresAttr\"><\/div>\n<div class=\"unit-detail-html-tabs__content-html\">\n<div class=\"J_module\">\n<div class=\"detail-decorate-json-renderer-container\">\n<div class=\"magic-0\">\n<div class=\"magic-1\">\n<div class=\"magic-2\">\n<div class=\"magic-3\"><strong>Gewindestange Kunststoff por\u00f6ser PE-Filter 20 30 50 100 Mikron gesinterter Kunststoff Polyethylen-Filter<\/strong><\/div>\n<div class=\"magic-3\"><\/div>\n<\/div>\n<\/div>\n<\/div>\n<\/div>\n<\/div>\n<div class=\"J_module\">\n<div id=\"ali-anchor-AliMagic-wrvzoi\" class=\"magic-4\" data-section=\"AliMagic-wrvzoi\" data-section-title=\"Product Description\"><strong>Beschreibung des Produkts<\/strong><\/div>\n<\/div>\n<div class=\"J_module\">\n<div class=\"icbu-pc-images magic-5\">\n<div class=\"flex-layout-v\">\n<div class=\"flex-layout-h magic-5\">\n<div class=\"magic-6\"><\/div>\n<\/div>\n<\/div>\n<\/div>\n<\/div>\n<div class=\"J_module\">\n<div class=\"detail-decorate-json-renderer-container\">\n<div class=\"magic-0\">\n<div class=\"magic-1\">\n<div class=\"magic-2\">\n<p class=\"magic-12\">Unser Unternehmen fertigt die ultrahochmolekulare Polyethylen gesintert Filter, Molekulargewicht ist mehr als 3 Millionen von Sinterteilchen.Verwenden Sie eine Form, um den Druck in den Sinterofen zu verwenden.gesinterte Filter Elemente sind weit verbreitet in der chemischen, Erd\u00f6l, Metallurgie, Luft-Handwerk, Gas, Elektronik, Pharmazie, pneumatische, Luft-Regler-Komponenten, Druck\u00a0<a href=\"https:\/\/lyfilter.com\/de\/products.html\/\">Filtereinsatz<\/a>s, Luftfilter und weitere Bereiche<\/p>\n<p class=\"magic-12\">\n<div class=\"table-responsive\">\n<table class=\"all magic-21\" border=\"1\" cellspacing=\"0\" cellpadding=\"0\">\n<tbody>\n<tr class=\"firstRow\">\n<td colspan=\"1\" rowspan=\"1\">\n<div class=\"magic-22\">\n<div><\/div>\n<p>Name des Produkts<\/p><\/div>\n<\/td>\n<td colspan=\"3\" rowspan=\"1\">\n<div class=\"magic-23\">Gewindestab Kunststoff por\u00f6ser PE Filter 20 30 50 100 Mikron gesinterter Kunststoff Polyethylen Filter f\u00fcr Wasser &amp; Fl\u00fcssigkeit &amp; Gasfluss<\/div>\n<\/td>\n<td class=\"magic-24\" rowspan=\"0\">\n<div class=\"magic-25\"><\/div>\n<\/td>\n<td class=\"magic-24\" rowspan=\"0\">\n<div class=\"magic-25\"><\/div>\n<\/td>\n<\/tr>\n<tr>\n<td colspan=\"1\" rowspan=\"1\">\n<div class=\"magic-22\">Durchmesser<\/div>\n<\/td>\n<td colspan=\"3\" rowspan=\"1\">\n<div class=\"magic-23\">10mm,20mm,30mm,40mm,50mm,60mm,70mm,80mm,90mm,100mm,110mm,<br \/>\n120mm, 200mm, etc.<\/div>\n<\/td>\n<td class=\"magic-24\" rowspan=\"0\">\n<div class=\"magic-25\"><\/div>\n<\/td>\n<td class=\"magic-24\" rowspan=\"0\">\n<div class=\"magic-25\"><\/div>\n<\/td>\n<\/tr>\n<tr>\n<td colspan=\"1\" rowspan=\"1\">\n<div class=\"magic-22\">L\u00e4nge<\/div>\n<\/td>\n<td colspan=\"3\" rowspan=\"1\">\n<div class=\"magic-23\">1\u2033, 2,5\u2033, 5\u2033, 10\u2033, 20\u2033, 30\u2033, 40\u2033, 50\u2033 usw.<\/div>\n<\/td>\n<td class=\"magic-24\" rowspan=\"0\">\n<div class=\"magic-25\"><\/div>\n<\/td>\n<td class=\"magic-24\" rowspan=\"0\">\n<div class=\"magic-25\"><\/div>\n<\/td>\n<\/tr>\n<tr>\n<td colspan=\"1\" rowspan=\"1\">\n<div class=\"magic-22\">Mikron-Rate<\/div>\n<\/td>\n<td colspan=\"3\" rowspan=\"1\">\n<div class=\"magic-26\">0.2um,0.3um,0.45um,1um,3um,5um,10um,20um,30um,40um,50um,100um,etc.<\/div>\n<\/td>\n<td class=\"magic-24\" rowspan=\"0\">\n<div class=\"magic-25\"><\/div>\n<\/td>\n<td class=\"magic-24\" rowspan=\"0\">\n<div class=\"magic-25\"><\/div>\n<\/td>\n<\/tr>\n<tr>\n<td colspan=\"1\" rowspan=\"1\">\n<div class=\"magic-22\">Arbeitstemperatur<\/div>\n<\/td>\n<td colspan=\"3\" rowspan=\"1\">\n<div class=\"magic-26\">PE\u226480\u2103; PTFE\u2265200\u2103;PA\u2264120\u2103<\/div>\n<\/td>\n<td class=\"magic-24\" rowspan=\"0\">\n<div class=\"magic-25\"><\/div>\n<\/td>\n<td class=\"magic-24\" rowspan=\"0\">\n<div class=\"magic-25\"><\/div>\n<\/td>\n<\/tr>\n<tr>\n<td colspan=\"1\" rowspan=\"1\">\n<div class=\"magic-22\">Filter-Anschluss<\/div>\n<\/td>\n<td colspan=\"3\" rowspan=\"1\">\n<div class=\"magic-26\">FLACH, EINSATZTYP, GEWINDETYP, 226, 222, 215, KUNDENSPEZIFISCH<\/div>\n<\/td>\n<td class=\"magic-24\" rowspan=\"0\">\n<div class=\"magic-25\"><\/div>\n<\/td>\n<td class=\"magic-24\" rowspan=\"0\">\n<div class=\"magic-25\"><\/div>\n<\/td>\n<\/tr>\n<tr>\n<td colspan=\"1\" rowspan=\"1\">\n<div class=\"magic-22\">Bemerkung<\/div>\n<\/td>\n<td colspan=\"3\" rowspan=\"1\">\n<div class=\"magic-26\"><strong>Filtergr\u00f6\u00dfe und Mikronzahl k\u00f6nnen individuell angepasst werden. Kleinere Gr\u00f6\u00dfe oder gr\u00f6\u00dfere Gr\u00f6\u00dfe!<\/strong><\/div>\n<\/td>\n<td colspan=\"1\" rowspan=\"1\"><\/td>\n<td colspan=\"1\" rowspan=\"1\"><\/td>\n<\/tr>\n<\/tbody>\n<\/table>\n<\/div>\n<p>&nbsp;<\/p>\n<p><img decoding=\"async\" src=\"https:\/\/img.yfisher.com\/m6076\/17257325747kz\/png70-t3-scale100.webp\" alt=\"Gewindestange 20 30 50 100 Mikrometer Polyethylen Sinterkunststofffilter 2\" data-lazy=\"2\" title=\"\"><\/p>\n<p><img decoding=\"async\" src=\"https:\/\/img.yfisher.com\/m6076\/1725732574kxe\/png70-t3-scale100.webp\" alt=\"Gewindestange 20 30 50 100 Mikrometer Polyethylen Sinterkunststofffilter 3\" data-lazy=\"2\" title=\"\"><\/p>\n<\/div>\n<\/div>\n<\/div>\n<\/div>\n<\/div>\n<div class=\"J_module\">\n<div class=\"icbu-pc-images magic-5\">\n<div class=\"flex-layout-v\">\n<div class=\"flex-layout-h magic-5\">\n<div class=\"magic-40\"><\/div>\n<\/div>\n<\/div>\n<\/div>\n<\/div>\n<div class=\"J_module\">\n<div id=\"ali-anchor-AliMagic-ooeczd\" class=\"magic-4\" data-section=\"AliMagic-ooeczd\" data-section-title=\"Application\"><strong>Anmeldung<\/strong><\/div>\n<\/div>\n<div class=\"J_module\">\n<div class=\"detail-decorate-json-renderer-container\">\n<div class=\"magic-0\">\n<div class=\"magic-41\">\n<div class=\"magic-42\">\n<div class=\"magic-43\"><\/div>\n<\/div>\n<\/div>\n<\/div>\n<\/div>\n<\/div>\n<div class=\"J_module\">\n<div class=\"detail-decorate-json-renderer-container\">\n<div class=\"magic-0\">\n<div class=\"magic-1\">\n<div class=\"magic-2\">\n<div class=\"magic-3\">\n<p class=\"magic-12\">A. Pharmazeutische Industrie<br \/>\nB. Chemische Industrie<br \/>\nC. Chemiefaser- und Textilindustrie<br \/>\nD. Leichtindustrie und Lebensmittelindustrie<br \/>\nE. Maschinen- und \u00d6lindustrie<br \/>\nF. Behandlung von Abw\u00e4ssern<\/p>\n<\/div>\n<\/div>\n<\/div>\n<\/div>\n<\/div>\n<\/div>\n<\/div>","protected":false},"excerpt":{"rendered":"<table>\n<thead>\n<tr>\n<th>Artikel<\/th>\n<th>Details<\/th>\n<\/tr>\n<\/thead>\n<tbody>\n<tr>\n<td>Startport<\/td>\n<td>guangzhou<\/td>\n<\/tr>\n<tr>\n<td>Produktionskapazit\u00e4t<\/td>\n<td>10000 Einheiten\/Monat<\/td>\n<\/tr>\n<tr>\n<td>Lieferfrist<\/td>\n<td>innerhalb von 7 Arbeitstagen<\/td>\n<\/tr>\n<\/tbody>\n<\/table>","protected":false},"featured_media":2235,"comment_status":"open","ping_status":"closed","template":"","meta":{"_gspb_post_css":""},"product_brand":[],"product_cat":[17,22],"product_tag":[937,284,944,943,286,945],"class_list":{"0":"post-2232","1":"product","2":"type-product","3":"status-publish","4":"has-post-thumbnail","6":"product_cat-sediment-filter","7":"product_cat-sintered-filter-cartridge","8":"product_tag-10000-units-per-month","9":"product_tag-7-working-days-delivery","10":"product_tag-bulk-production-capacity","11":"product_tag-fast-lead-time","12":"product_tag-guangzhou-start-port","13":"product_tag-shipping-details","15":"first","16":"instock","17":"shipping-taxable","18":"product-type-simple"},"_links":{"self":[{"href":"https:\/\/lyfilter.com\/de\/wp-json\/wp\/v2\/product\/2232","targetHints":{"allow":["GET"]}}],"collection":[{"href":"https:\/\/lyfilter.com\/de\/wp-json\/wp\/v2\/product"}],"about":[{"href":"https:\/\/lyfilter.com\/de\/wp-json\/wp\/v2\/types\/product"}],"replies":[{"embeddable":true,"href":"https:\/\/lyfilter.com\/de\/wp-json\/wp\/v2\/comments?post=2232"}],"wp:featuredmedia":[{"embeddable":true,"href":"https:\/\/lyfilter.com\/de\/wp-json\/wp\/v2\/media\/2235"}],"wp:attachment":[{"href":"https:\/\/lyfilter.com\/de\/wp-json\/wp\/v2\/media?parent=2232"}],"wp:term":[{"taxonomy":"product_brand","embeddable":true,"href":"https:\/\/lyfilter.com\/de\/wp-json\/wp\/v2\/product_brand?post=2232"},{"taxonomy":"product_cat","embeddable":true,"href":"https:\/\/lyfilter.com\/de\/wp-json\/wp\/v2\/product_cat?post=2232"},{"taxonomy":"product_tag","embeddable":true,"href":"https:\/\/lyfilter.com\/de\/wp-json\/wp\/v2\/product_tag?post=2232"}],"curies":[{"name":"wp","href":"https:\/\/api.w.org\/{rel}","templated":true}]}}