{"id":2230,"date":"2026-01-06T10:06:40","date_gmt":"2026-01-06T10:06:40","guid":{"rendered":"https:\/\/lyfilter.com\/?post_type=product&#038;p=2230"},"modified":"2026-01-06T10:06:40","modified_gmt":"2026-01-06T10:06:40","slug":"square-10mm-30-microns-porous-uhmwpe-sintered-plastic-filter","status":"publish","type":"product","link":"https:\/\/lyfilter.com\/de\/square-10mm-30-microns-porous-uhmwpe-sintered-plastic-filter\/","title":{"rendered":"Quadratischer 10mm 30 Mikrometer por\u00f6ser UHMWPE gesinterter Kunststofffilter"},"content":{"rendered":"<div class=\"J_module\">\n<div class=\"detail-decorate-json-renderer-container\">\n<div class=\"magic-0\">\n<div class=\"magic-1\">\n<div class=\"magic-2\">\n<div class=\"magic-3\"><strong>Quadratische PE-Filterplatte f\u00fcr hohe Fl\u00fcssigkeitsfiltration, 30 Mikrometer, gesintertes por\u00f6ses PE-Pulver<\/strong><\/div>\n<\/div>\n<\/div>\n<\/div>\n<\/div>\n<\/div>\n<div class=\"J_module\">\n<div class=\"magic-4\" data-section=\"AliMagic-s2vhcq\" data-section-title=\"Product Description\"><\/div>\n<div id=\"ali-anchor-AliMagic-s2vhcq\" class=\"magic-4\" data-section=\"AliMagic-s2vhcq\" data-section-title=\"Product Description\">Beschreibung des Produkts<\/div>\n<\/div>\n<div class=\"J_module\">\n<div class=\"icbu-pc-images magic-5\">\n<div class=\"flex-layout-v\">\n<div class=\"flex-layout-h magic-5\">\n<div class=\"magic-6\"><\/div>\n<\/div>\n<\/div>\n<\/div>\n<\/div>\n<div class=\"J_module\">\n<div class=\"detail-decorate-json-renderer-container\">\n<div class=\"magic-0\">\n<div class=\"magic-1\">\n<div class=\"magic-2\">\n<div class=\"magic-3\" data-id=\"paragraph0\">\n<p class=\"magic-13\">Das gesinterte PTFE-Filterelement wird aus reinen PTFE-Rohstoffen hergestellt und bei hoher Temperatur und hohem Druck gesintert. Daher hat das Filterelement starke S\u00e4ure- und Alkalibest\u00e4ndigkeit, starke Alkalibest\u00e4ndigkeit, hohe Festigkeit und Z\u00e4higkeit des Filterelements, und das Filterelement kann Hohe Temperaturbest\u00e4ndigkeit bis zu 200\u2103, es hat den Ruf des \u201cK\u00f6nigs der Filterelemente\u201d.<\/p>\n<p class=\"magic-13\">Sinterfilter ist haupts\u00e4chlich aus ultrahochmolekularem Polyethylen (PE und PA), Polytetrafluorethylen (PTFE), Edelstahlpulver, Sinterung von Kupferpulver und anderen Materialien, kompakt, stark, leicht, in der Lage, unter hohem Druck zu arbeiten, ungiftig geschmacklos, haben eine gute Korrosionsbest\u00e4ndigkeit gegen S\u00e4ure, Alkali und L\u00f6sungsmittel. Sinterfilter Auswahl, Arbeitssicherheit, Verbesserung der Produktionsumgebung und der Bereich ist klein, Fl\u00fcssigkeitsstrom Filtrationsbereich unter jeder Auswahl (1 - 200m2), besonders geeignet f\u00fcr lage Wasseraufbereitung und chemische Herstellung, pharmazeutische, Lebensmittel und andere Fl\u00fcssigkeit Filtration.<\/p>\n<p class=\"magic-13\">\n<p>&nbsp;<\/p>\n<div class=\"table-responsive\">\n<table border=\"1\" width=\"523\" cellspacing=\"0\" cellpadding=\"0\">\n<colgroup>\n<col \/>\n<col \/><\/colgroup>\n<tbody>\n<tr class=\"firstRow\">\n<td height=\"41\">Produktname<\/td>\n<td>Tiantai Fabrik liefern PE gesinterten Kunststoff mikropor\u00f6sen Filter<\/td>\n<\/tr>\n<tr>\n<td height=\"21\">Material<\/td>\n<td>Ultrahochmolekulares Polyethylen (UHMWPE)<\/td>\n<\/tr>\n<tr>\n<td height=\"21\">Farbe<\/td>\n<td>wei\u00df<\/td>\n<\/tr>\n<tr>\n<td height=\"21\">Standard<\/td>\n<td>ISO SGS<\/td>\n<\/tr>\n<tr>\n<td height=\"39\">Gebraucht<\/td>\n<td>Reines Wasser, lebendiges Wasser, Getr\u00e4nke, Medizin, Galvanikfl\u00fcssigkeit, Emulsion, Waschfl\u00fcssigkeit, S\u00e4ure- oder Laugenl\u00f6sung<\/td>\n<\/tr>\n<\/tbody>\n<\/table>\n<\/div>\n<p>&nbsp;<\/p>\n<p><img decoding=\"async\" src=\"https:\/\/img.yfisher.com\/m6076\/1725732572w86\/png70-t3-scale100.webp\" alt=\"Quadratischer 10mm 30 Mikrometer por\u00f6ser UHMWPE gesinterter Kunststofffilter 2\" data-lazy=\"2\" title=\"\"><\/p>\n<\/div>\n<\/div>\n<\/div>\n<\/div>\n<\/div>\n<\/div>\n<div class=\"J_module\">\n<div class=\"magic-4\" data-section=\"AliMagic-sz4s61\" data-section-title=\"Our Company\"><\/div>\n<\/div>\n<div class=\"J_module\">\n<div class=\"icbu-pc-images magic-5\">\n<div class=\"flex-layout-v\">\n<div class=\"flex-layout-h magic-5\">\n<div class=\"magic-47\"><img decoding=\"async\" src=\"https:\/\/img.yfisher.com\/m6076\/1729225216zsq\/png70-t3-scale100.webp\" alt=\"Quadratischer 10mm 30 Mikrometer por\u00f6ser UHMWPE gesinterter Kunststofffilter 3\" data-lazy=\"2\" title=\"\"><\/div>\n<\/div>\n<\/div>\n<\/div>\n<\/div>","protected":false},"excerpt":{"rendered":"<table>\n<thead>\n<tr>\n<th>Artikel<\/th>\n<th>Details<\/th>\n<\/tr>\n<\/thead>\n<tbody>\n<tr>\n<td>Startport<\/td>\n<td>guangzhou<\/td>\n<\/tr>\n<tr>\n<td>Produktionskapazit\u00e4t<\/td>\n<td>10000 Einheiten\/Monat<\/td>\n<\/tr>\n<tr>\n<td>Herkunftsort<\/td>\n<td>guangdong, china<\/td>\n<\/tr>\n<tr>\n<td>Zahlung<\/td>\n<td>t\/t, alibaba Handelsgarantie<\/td>\n<\/tr>\n<tr>\n<td>moq<\/td>\n<td>1 St\u00fcck<\/td>\n<\/tr>\n<tr>\n<td>Modell<\/td>\n<td>ly-hfpl<\/td>\n<\/tr>\n<tr>\n<td>Lieferfrist<\/td>\n<td>innerhalb von 7 Arbeitstagen<\/td>\n<\/tr>\n<tr>\n<td>Zertifizierung<\/td>\n<td>iso 9001<\/td>\n<\/tr>\n<tr>\n<td>Marke<\/td>\n<td>Erstausr\u00fcster\/Lvyuan<\/td>\n<\/tr>\n<\/tbody>\n<\/table>","protected":false},"featured_media":2233,"comment_status":"open","ping_status":"closed","template":"","meta":{"_gspb_post_css":""},"product_brand":[],"product_cat":[17,22],"product_tag":[939,279,261,262,260,268],"class_list":{"0":"post-2230","1":"product","2":"type-product","3":"status-publish","4":"has-post-thumbnail","6":"product_cat-sediment-filter","7":"product_cat-sintered-filter-cartridge","8":"product_tag-1-pcs-moq","9":"product_tag-alibaba-trade-assurance","10":"product_tag-guangdong-china","11":"product_tag-guangzhou-port","12":"product_tag-iso-9001","13":"product_tag-ly-hfpl","15":"first","16":"instock","17":"shipping-taxable","18":"product-type-simple"},"_links":{"self":[{"href":"https:\/\/lyfilter.com\/de\/wp-json\/wp\/v2\/product\/2230","targetHints":{"allow":["GET"]}}],"collection":[{"href":"https:\/\/lyfilter.com\/de\/wp-json\/wp\/v2\/product"}],"about":[{"href":"https:\/\/lyfilter.com\/de\/wp-json\/wp\/v2\/types\/product"}],"replies":[{"embeddable":true,"href":"https:\/\/lyfilter.com\/de\/wp-json\/wp\/v2\/comments?post=2230"}],"wp:featuredmedia":[{"embeddable":true,"href":"https:\/\/lyfilter.com\/de\/wp-json\/wp\/v2\/media\/2233"}],"wp:attachment":[{"href":"https:\/\/lyfilter.com\/de\/wp-json\/wp\/v2\/media?parent=2230"}],"wp:term":[{"taxonomy":"product_brand","embeddable":true,"href":"https:\/\/lyfilter.com\/de\/wp-json\/wp\/v2\/product_brand?post=2230"},{"taxonomy":"product_cat","embeddable":true,"href":"https:\/\/lyfilter.com\/de\/wp-json\/wp\/v2\/product_cat?post=2230"},{"taxonomy":"product_tag","embeddable":true,"href":"https:\/\/lyfilter.com\/de\/wp-json\/wp\/v2\/product_tag?post=2230"}],"curies":[{"name":"wp","href":"https:\/\/api.w.org\/{rel}","templated":true}]}}