{"id":2227,"date":"2026-01-06T10:05:21","date_gmt":"2026-01-06T10:05:21","guid":{"rendered":"https:\/\/lyfilter.com\/?post_type=product&#038;p=2227"},"modified":"2026-01-06T10:05:21","modified_gmt":"2026-01-06T10:05:21","slug":"300-micron-hd-uhmw-powder-pe-ptfe-porous-plastic-filter","status":"publish","type":"product","link":"https:\/\/lyfilter.com\/de\/300-micron-hd-uhmw-powder-pe-ptfe-porous-plastic-filter\/","title":{"rendered":"300 Mikron HD UHMW-Pulver PE PTFE Por\u00f6ser Kunststofffilter"},"content":{"rendered":"<div class=\"unit-detail-html-tabs__content-attr\">\n<div class=\"unit-product-attrparam\">\n<div class=\"unit-product-attrparam__items row\">\n<div class=\"col-12 col-md-6\">\n<div class=\"unit-product-attrparam__item\">\n<div class=\"unit-product-attrparam__label\">Material:pe<br \/>\nVerf\u00fcgbarkeit: OEM\/ODM<\/div>\n<\/div>\n<\/div>\n<\/div>\n<\/div>\n<\/div>\n<div class=\"unit-detail-html-tabs__content-featuresAttr\"><\/div>\n<div class=\"unit-detail-html-tabs__content-html\">\n<div class=\"detail-decorate-json-renderer-container\">\n<div class=\"magic-0\">\n<h3 class=\"magic-1\" data-id=\"title0\">Gesinterte HD UHMW Pulver PTFE PE Por\u00f6se Filter f\u00fcr Luft Wasser Blase Rohre Bl\u00e4tter Tassen<\/h3>\n<\/div>\n<\/div>\n<div id=\"ali-anchor-AliMagic-8izkee\" class=\"magic-5\" data-section=\"AliMagic-8izkee\" data-section-title=\"Product Description\"><strong>Beschreibung des Produkts<\/strong><\/div>\n<p>&nbsp;<\/p>\n<p>Filter f\u00fcr medizinische Zwecke<\/p>\n<p>Wir k\u00f6nnen den Filter nach Zeichnung oder Muster des Kunden herstellen. Der Kunde kann den Durchmesser, die L\u00e4nge, die Breite, die H\u00f6he oder eine unregelm\u00e4\u00dfige Form anpassen.<\/p>\n<p>Funktionen:<\/p>\n<p>hydrophil oder hydrophob, dnase-\/rnasefrei, selbstdichtender Filter oder Aktivkohlefilter.<\/p>\n<p>Merkmal:<\/p>\n<p>schlagfest, best\u00e4ndig gegen starke S\u00e4uren, starke Laugen und stark oxidierende L\u00f6sungen. Die Mikroporen sind gut verteilt, die Dichte ist hoch, die Durchl\u00e4ssigkeit gut.<\/p>\n<p>Der Filterdruck kann in einem Bereich von 0,5 Mikrometern bis 150 Mikrometern gehalten werden.<\/p>\n<div class=\"detail-decorate-json-renderer-container\">\n<div class=\"magic-0\">\n<p>\u00a0<img decoding=\"async\" src=\"https:\/\/img.yfisher.com\/m6076\/1725732571y91\/png70-t3-scale100.webp\" alt=\"300 Mikron HD UHMW-Pulver PE PTFE Por\u00f6ser Kunststofffilter 2\" data-lazy=\"2\" title=\"\"><\/p>\n<p>Anwendung:<\/p>\n<p>Biologische Medizin, medizinische Behandlung, Biowissenschaften, Wasseraufbereitung, Umweltschutz, Elektronik, Gasfiltration, chemische Analyse, Antik\u00f6rper-\/Protein-\/DNA-Reinigung, Probenvorbereitung, Fest-Fl\u00fcssig-Trennung und Filter f\u00fcr Spezialger\u00e4te.<\/p>\n<\/div>\n<\/div>\n<div class=\"detail-decorate-json-renderer-container\">\n<div class=\"magic-0\">\n<div class=\"magic-9\">\n<div class=\"magic-3\">\n<div class=\"magic-4\" data-id=\"paragraph1\">Por\u00f6se Platten, Bleche, Scheibenformen<\/div>\n<\/div>\n<\/div>\n<\/div>\n<\/div>\n<div class=\"detail-decorate-json-renderer-container\">\n<div class=\"magic-0\">\n<div class=\"magic-15\">\n<div class=\"magic-10\">\n<div class=\"magic-16\">Das gesinterte PE-Filterelement besteht aus gesintertem und geformtem Polyethylen mit ultrahohem Molekulargewicht, das eine kompakte Struktur aufweist, stark und leicht ist, einem hohen Filtrationsdruck standh\u00e4lt, ungiftig und geschmacksneutral ist und eine gute Korrosionsbest\u00e4ndigkeit gegen\u00fcber sauren und alkalischen L\u00f6sungsmitteln aufweist.<\/div>\n<div class=\"magic-16\">\nDas PE-Filterelement hat eine gleichm\u00e4\u00dfige Porengr\u00f6\u00dfenverteilung, eine hohe S\u00e4ure- und Laugenbest\u00e4ndigkeit, eine hohe Temperaturbest\u00e4ndigkeit, gute mechanische Eigenschaften und eine hohe Best\u00e4ndigkeit gegen organische L\u00f6sungsmittel. Die Produktion von gro\u00dfen Wasseraufbereitungsanlagen kann automatische oder manuelle R\u00fccksp\u00fclung Schlacke Entfernung Methode, feste Partikel k\u00f6nnen durch trockene Schlacke Entfernung, ohne h\u00e4ufigen Austausch von Filterelementen, automatischer Betrieb, niedrige Filtrationskosten und andere Vorteile, die von den Nutzern gut angenommen werden zur\u00fcckgewonnen werden.<\/div>\n<\/div>\n<\/div>\n<\/div>\n<\/div>\n<\/div>","protected":false},"excerpt":{"rendered":"<table>\n<thead>\n<tr>\n<th>Artikel<\/th>\n<th>Details<\/th>\n<\/tr>\n<\/thead>\n<tbody>\n<tr>\n<td>Startport<\/td>\n<td>guangzhou<\/td>\n<\/tr>\n<tr>\n<td>Produktionskapazit\u00e4t<\/td>\n<td>10000 Einheiten\/Monat<\/td>\n<\/tr>\n<tr>\n<td>Herkunftsort<\/td>\n<td>guangdong, china<\/td>\n<\/tr>\n<tr>\n<td>Zahlung<\/td>\n<td>t\/t, alibaba trade assurance, paypal<\/td>\n<\/tr>\n<tr>\n<td>moq<\/td>\n<td>1 St\u00fcck<\/td>\n<\/tr>\n<tr>\n<td>Modell<\/td>\n<td>ly-hfpl<\/td>\n<\/tr>\n<tr>\n<td>Lieferfrist<\/td>\n<td>innerhalb von 7 Arbeitstagen<\/td>\n<\/tr>\n<tr>\n<td>Zertifizierung<\/td>\n<td>iso 9001<\/td>\n<\/tr>\n<tr>\n<td>Marke<\/td>\n<td>Erstausr\u00fcster\/Lvyuan<\/td>\n<\/tr>\n<\/tbody>\n<\/table>","protected":false},"featured_media":2231,"comment_status":"open","ping_status":"closed","template":"","meta":{"_gspb_post_css":""},"product_brand":[],"product_cat":[22,17],"product_tag":[939,279,261,262,260,268],"class_list":{"0":"post-2227","1":"product","2":"type-product","3":"status-publish","4":"has-post-thumbnail","6":"product_cat-sintered-filter-cartridge","7":"product_cat-sediment-filter","8":"product_tag-1-pcs-moq","9":"product_tag-alibaba-trade-assurance","10":"product_tag-guangdong-china","11":"product_tag-guangzhou-port","12":"product_tag-iso-9001","13":"product_tag-ly-hfpl","15":"first","16":"instock","17":"shipping-taxable","18":"product-type-simple"},"_links":{"self":[{"href":"https:\/\/lyfilter.com\/de\/wp-json\/wp\/v2\/product\/2227","targetHints":{"allow":["GET"]}}],"collection":[{"href":"https:\/\/lyfilter.com\/de\/wp-json\/wp\/v2\/product"}],"about":[{"href":"https:\/\/lyfilter.com\/de\/wp-json\/wp\/v2\/types\/product"}],"replies":[{"embeddable":true,"href":"https:\/\/lyfilter.com\/de\/wp-json\/wp\/v2\/comments?post=2227"}],"wp:featuredmedia":[{"embeddable":true,"href":"https:\/\/lyfilter.com\/de\/wp-json\/wp\/v2\/media\/2231"}],"wp:attachment":[{"href":"https:\/\/lyfilter.com\/de\/wp-json\/wp\/v2\/media?parent=2227"}],"wp:term":[{"taxonomy":"product_brand","embeddable":true,"href":"https:\/\/lyfilter.com\/de\/wp-json\/wp\/v2\/product_brand?post=2227"},{"taxonomy":"product_cat","embeddable":true,"href":"https:\/\/lyfilter.com\/de\/wp-json\/wp\/v2\/product_cat?post=2227"},{"taxonomy":"product_tag","embeddable":true,"href":"https:\/\/lyfilter.com\/de\/wp-json\/wp\/v2\/product_tag?post=2227"}],"curies":[{"name":"wp","href":"https:\/\/api.w.org\/{rel}","templated":true}]}}