{"id":2219,"date":"2026-01-06T10:01:46","date_gmt":"2026-01-06T10:01:46","guid":{"rendered":"https:\/\/lyfilter.com\/?post_type=product&#038;p=2219"},"modified":"2026-01-06T10:01:46","modified_gmt":"2026-01-06T10:01:46","slug":"cylinder-micron-porous-sintered-ptfe-water-filter","status":"publish","type":"product","link":"https:\/\/lyfilter.com\/de\/cylinder-micron-porous-sintered-ptfe-water-filter\/","title":{"rendered":"Zylinder Mikron por\u00f6ses gesintertes PTFE Wasserfilter"},"content":{"rendered":"<div class=\"unit-detail-html-tabs__content-attr\">\n<div class=\"unit-product-attrparam\">\n<div class=\"unit-product-attrparam__items row\">\n<div class=\"col-12 col-md-6\">\n<div class=\"unit-product-attrparam__item\">\n<div class=\"unit-product-attrparam__label\">Material:pe<br \/>\nVerf\u00fcgbarkeit: OEM\/ODM<\/div>\n<\/div>\n<\/div>\n<\/div>\n<\/div>\n<\/div>\n<div class=\"unit-detail-html-tabs__content-featuresAttr\"><\/div>\n<div class=\"unit-detail-html-tabs__content-html\">\n<p>Zylinder Mikron por\u00f6ses gesintertes PTFE Wasserfilter<\/p>\n<div id=\"_root\" class=\"engine-app\" data-reactroot=\"\">\n<div class=\"magic-0\" data-section=\"AliMagic-bc5p1g\" data-section-title=\"Product Description\"><strong>Spezifikation :<\/strong><\/div>\n<div class=\"magic-0\" data-section=\"AliMagic-bc5p1g\" data-section-title=\"Product Description\">\n<div class=\"ife-detail-decorate-table\">\n<div class=\"table-responsive\">\n<table class=\"all magic-11\" border=\"1\" cellspacing=\"0\" cellpadding=\"0\">\n<tbody>\n<tr class=\"firstRow\">\n<td colspan=\"1\" rowspan=\"1\">\n<div class=\"magic-12\">Filtermedien<\/div>\n<\/td>\n<td colspan=\"1\" rowspan=\"1\">\n<div class=\"magic-13\">PE\/PTFE<\/div>\n<\/td>\n<\/tr>\n<tr>\n<td colspan=\"1\" rowspan=\"1\">\n<div class=\"magic-12\">Steckertyp<\/div>\n<\/td>\n<td colspan=\"1\" rowspan=\"1\">\n<div class=\"magic-13\">Flach, Einsatztyp, Gewindetyp, Lamelle<\/div>\n<\/td>\n<\/tr>\n<tr>\n<td colspan=\"1\" rowspan=\"1\">\n<div class=\"magic-12\">Endkappen<\/div>\n<\/td>\n<td colspan=\"1\" rowspan=\"1\">\n<div class=\"magic-13\">PP, M36, M30, M25, M22, M14, M12 oder kundenspezifisch<\/div>\n<\/td>\n<\/tr>\n<tr>\n<td colspan=\"1\" rowspan=\"1\">\n<div class=\"magic-12\">\u00c4u\u00dferer Durchmesser<\/div>\n<\/td>\n<td colspan=\"1\" rowspan=\"1\">\n<div class=\"magic-13\">10mm, 20mm, 30mm, 40mm, 50mm, 60mm, 70mm, 80mm, oder kundenspezifisch<\/div>\n<\/td>\n<\/tr>\n<tr>\n<td colspan=\"1\" rowspan=\"1\">\n<div class=\"magic-12\">Innendurchmesser<\/div>\n<\/td>\n<td colspan=\"1\" rowspan=\"1\">\n<div class=\"magic-13\">12 mm, 16 mm, 18 mm, 28 mm oder kundenspezifisch<\/div>\n<\/td>\n<\/tr>\n<tr>\n<td colspan=\"1\" rowspan=\"1\">\n<div class=\"magic-12\">Entfernungsrate<\/div>\n<\/td>\n<td colspan=\"1\" rowspan=\"1\">\n<div class=\"magic-13\">0,1, 0,2, 0,45, 0,65, 0,8, 1, 2, 3, 5, 10, 20, 25, 30, 50, 60 Mikron<\/div>\n<\/td>\n<\/tr>\n<tr>\n<td colspan=\"1\" rowspan=\"1\">\n<div class=\"magic-12\">Max. Betriebsdruck<\/div>\n<\/td>\n<td colspan=\"1\" rowspan=\"1\">\n<div class=\"magic-13\">6,0 bar<\/div>\n<\/td>\n<\/tr>\n<tr>\n<td colspan=\"1\" rowspan=\"1\">\n<div class=\"magic-12\">Max. Betriebstemperatur<\/div>\n<\/td>\n<td colspan=\"1\" rowspan=\"1\">\n<div class=\"magic-13\">\u226480\u2103<\/div>\n<\/td>\n<\/tr>\n<\/tbody>\n<\/table>\n<\/div>\n<\/div>\n<\/div>\n<div class=\"magic-0\" data-section=\"AliMagic-bc5p1g\" data-section-title=\"Product Description\"><\/div>\n<div class=\"detail-decorate-json-renderer-container\">\n<div class=\"magic-4\">\n<div class=\"magic-5\">\n<div class=\"magic-6\">\n<div class=\"magic-7\">\n<p class=\"magic-8\"><img decoding=\"async\" src=\"https:\/\/img.yfisher.com\/m6076\/172573256689w\/jpg70-t3-scale100.webp\" alt=\"Zylinder Mikron por\u00f6ses gesintertes PTFE Wasserfilter 2\" data-lazy=\"2\" title=\"\"><\/p>\n<p class=\"magic-8\"><strong>Merkmale:<\/strong><\/p>\n<p class=\"magic-8\"><span style=\"font-family: Arial, Helvetica;\"><b><br \/>\n<\/b><\/span>1. Hohe Porosit\u00e4t (60%), um einen gr\u00f6\u00dferen Durchfluss pro Fl\u00e4che zu gew\u00e4hrleisten.<br \/>\n2. glatte \u00e4u\u00dfere Oberfl\u00e4che, Verunreinigungen sind nicht leicht Anhaftung, R\u00fccken waschen einfach und gr\u00fcndlich;<br \/>\n3. Anti-Flouling-F\u00e4higkeit: die geringe Gr\u00f6\u00dfe des Filters, so dass Verunreinigungen nicht in den Filterk\u00f6rper zur\u00fcckgehalten werden k\u00f6nnen;<br \/>\n4. Widerstand gegen starke S\u00e4ure, alkai Korrosion, Widerstand gegen orangnische L\u00f6sungsmittel;<\/p>\n<p class=\"magic-8\">5. Ausgezeichnete mechanische Eigenschaften<\/p>\n<p class=\"magic-8\">6. Keine Partikelfreisetzung.<\/p>\n<\/div>\n<\/div>\n<\/div>\n<\/div>\n<\/div>\n<div id=\"ali-anchor-AliMagic-606h8g\" class=\"magic-0\" data-section=\"AliMagic-606h8g\" data-section-title=\"Application\"><strong>Anmeldung<\/strong><\/div>\n<div class=\"detail-decorate-json-renderer-container\">\n<div class=\"magic-4\">\n<div class=\"magic-5\">\n<div class=\"magic-6\">\n<div class=\"magic-7\">\n<p class=\"magic-8\">1. Pharmazeutische Industrie 2. Chemische Industrie<\/p>\n<p class=\"magic-8\">3. Chemiefaser- und Textilindustrie 4. Leichtindustrie und Lebensmittelindustrie<br \/>\n5. Maschinen- und Erd\u00f6lindustrie 6. Industrie der Abwasserbehandlung<\/p>\n<p class=\"magic-8\"><img decoding=\"async\" src=\"https:\/\/img.yfisher.com\/m6076\/172573256612g\/png70-t3-scale100.webp\" alt=\"Zylinder Mikron por\u00f6ses gesintertes PTFE Wasserfilter 3\" data-lazy=\"2\" title=\"\"><\/p>\n<\/div>\n<\/div>\n<\/div>\n<\/div>\n<\/div>\n<div class=\"icbu-pc-images magic-1\">\n<div>\n<div class=\"flex-layout-v\">\n<div class=\"flex-layout-h magic-1\">\n<div class=\"magic-26\"><\/div>\n<\/div>\n<\/div>\n<\/div>\n<\/div>\n<div id=\"ali-anchor-AliMagic-hdqmv8\" class=\"magic-0\" data-section=\"AliMagic-hdqmv8\" data-section-title=\"About us\"><strong>\u00dcber uns<\/strong><\/div>\n<div class=\"magic-0\" data-section=\"AliMagic-hdqmv8\" data-section-title=\"About us\"><\/div>\n<div class=\"detail-decorate-json-renderer-container\">\n<div class=\"magic-4\">\n<div class=\"magic-5\">\n<div class=\"magic-6\">\n<div class=\"magic-7\">\n<p class=\"magic-8\">1. 10 Jahre Erfahrung als professioneller Hersteller.<br \/>\n2. Wir bieten OEM- und ODM-Kundenservice, Sie k\u00f6nnen alle Arten von Filterpatronen und Filtergeh\u00e4usen in unserem Unternehmen finden.<br \/>\n3. Alle Produkte haben eine Qualit\u00e4tsgarantie. Unsere Zertifizierung: CE ISO SGS<br \/>\n4. Unsere Arbeiter sind effizient und unsere Verk\u00e4ufe sind professionell, wir werden den professionellen kundenspezifischen Service geben.<br \/>\n5. Unsere Produkte werden in mehr als 100 L\u00e4nder und Regionen exportiert. Erhielt einen guten Ruf.<br \/>\n6. Viele Kooperationspartner stehen uns seit vielen Jahren zur Seite.<br \/>\n7. wir sind entschlossen, unseren Kunden weltweit den besten Service und die beste Qualit\u00e4t zu bieten, und wir werden in Zukunft immer mehr ein professionelles Unternehmen sein.<\/p>\n<\/div>\n<\/div>\n<\/div>\n<\/div>\n<\/div>\n<\/div>\n<\/div>","protected":false},"excerpt":{"rendered":"<table>\n<thead>\n<tr>\n<th>Artikel<\/th>\n<th>Details<\/th>\n<\/tr>\n<\/thead>\n<tbody>\n<tr>\n<td>Startport<\/td>\n<td>guangzhou<\/td>\n<\/tr>\n<tr>\n<td>Produktionskapazit\u00e4t<\/td>\n<td>10000 Einheiten\/Monat<\/td>\n<\/tr>\n<tr>\n<td>Herkunftsort<\/td>\n<td>guangdong, china<\/td>\n<\/tr>\n<tr>\n<td>Zahlung<\/td>\n<td>l\/c, t\/t, alibaba trade assurance, paypal<\/td>\n<\/tr>\n<tr>\n<td>moq<\/td>\n<td>1 St\u00fcck<\/td>\n<\/tr>\n<tr>\n<td>Modell<\/td>\n<td>ly-hfpl-6<\/td>\n<\/tr>\n<tr>\n<td>Lieferfrist<\/td>\n<td>innerhalb von 7 Arbeitstagen<\/td>\n<\/tr>\n<tr>\n<td>Zertifizierung<\/td>\n<td>iso 9001<\/td>\n<\/tr>\n<tr>\n<td>Marke<\/td>\n<td>Erstausr\u00fcster\/Lvyuan<\/td>\n<\/tr>\n<\/tbody>\n<\/table>","protected":false},"featured_media":2223,"comment_status":"open","ping_status":"closed","template":"","meta":{"_gspb_post_css":""},"product_brand":[],"product_cat":[17,22],"product_tag":[939,261,262,260,942,281],"class_list":{"0":"post-2219","1":"product","2":"type-product","3":"status-publish","4":"has-post-thumbnail","6":"product_cat-sediment-filter","7":"product_cat-sintered-filter-cartridge","8":"product_tag-1-pcs-moq","9":"product_tag-guangdong-china","10":"product_tag-guangzhou-port","11":"product_tag-iso-9001","12":"product_tag-l-c-payment","13":"product_tag-ly-hfpl-6","15":"first","16":"instock","17":"shipping-taxable","18":"product-type-simple"},"_links":{"self":[{"href":"https:\/\/lyfilter.com\/de\/wp-json\/wp\/v2\/product\/2219","targetHints":{"allow":["GET"]}}],"collection":[{"href":"https:\/\/lyfilter.com\/de\/wp-json\/wp\/v2\/product"}],"about":[{"href":"https:\/\/lyfilter.com\/de\/wp-json\/wp\/v2\/types\/product"}],"replies":[{"embeddable":true,"href":"https:\/\/lyfilter.com\/de\/wp-json\/wp\/v2\/comments?post=2219"}],"wp:featuredmedia":[{"embeddable":true,"href":"https:\/\/lyfilter.com\/de\/wp-json\/wp\/v2\/media\/2223"}],"wp:attachment":[{"href":"https:\/\/lyfilter.com\/de\/wp-json\/wp\/v2\/media?parent=2219"}],"wp:term":[{"taxonomy":"product_brand","embeddable":true,"href":"https:\/\/lyfilter.com\/de\/wp-json\/wp\/v2\/product_brand?post=2219"},{"taxonomy":"product_cat","embeddable":true,"href":"https:\/\/lyfilter.com\/de\/wp-json\/wp\/v2\/product_cat?post=2219"},{"taxonomy":"product_tag","embeddable":true,"href":"https:\/\/lyfilter.com\/de\/wp-json\/wp\/v2\/product_tag?post=2219"}],"curies":[{"name":"wp","href":"https:\/\/api.w.org\/{rel}","templated":true}]}}