{"id":2194,"date":"2026-01-06T09:49:07","date_gmt":"2026-01-06T09:49:07","guid":{"rendered":"https:\/\/lyfilter.com\/?post_type=product&#038;p=2194"},"modified":"2026-01-06T09:49:07","modified_gmt":"2026-01-06T09:49:07","slug":"hydrophobic-215-226-adaptor-0-2-micron-60um-ptfe-water-filter","status":"publish","type":"product","link":"https:\/\/lyfilter.com\/de\/hydrophobic-215-226-adaptor-0-2-micron-60um-ptfe-water-filter\/","title":{"rendered":"Hydrophober 215 226 Adapter 0,2 Mikron 60um PTFE Wasserfilter"},"content":{"rendered":"<div class=\"unit-detail-html-tabs__content-attr\">\n<div class=\"unit-product-attrparam\">\n<div class=\"unit-product-attrparam__items row\">\n<div class=\"col-12 col-md-6\">\n<div class=\"unit-product-attrparam__item\">\n<div class=\"unit-product-attrparam__label\">Material:pp<\/div>\n<\/div>\n<\/div>\n<div class=\"col-12 col-md-6\">\n<div class=\"unit-product-attrparam__item\">\n<div class=\"unit-product-attrparam__label\">Verf\u00fcgbarkeit: OEM\/ODM<\/div>\n<\/div>\n<\/div>\n<\/div>\n<\/div>\n<\/div>\n<div class=\"unit-detail-html-tabs__content-featuresAttr\"><\/div>\n<div class=\"unit-detail-html-tabs__content-html\">\n<div id=\"_root\" class=\"engine-app\" data-reactroot=\"\">\n<div id=\"ali-anchor-AliMagic-qb7w6x\" class=\"magic-0\" data-section=\"AliMagic-qb7w6x\" data-section-title=\"Product Description\"><strong>Hydrophobe 0,2 Mikron PTFE-Membran Faltenfilterpatrone Bel\u00fcftungsfilter mit 215 226er Adapter<\/strong><\/div>\n<p>PTFE-Faltenfilterpatrone<\/p>\n<div class=\"icbu-pc-images magic-1\">\n<div class=\"flex-layout-h\">\n<div class=\"text-wrapper magic-15\">\n<div class=\"text-wrapper-right text-theme-light text-align-left\">\n<div class=\"text-content\">\n<p class=\"magic-11\"><strong>Hydrophobe Faltenfilterpatrone der PTFE-Serie<\/strong>\u00a0besteht aus einer hydrophoben PTFE-Membran, die eine ausgezeichnete chemische Vertr\u00e4glichkeit und Korrosionsbest\u00e4ndigkeit aufweist. Diese Filterpatrone ist geeignet f\u00fcr die Filtration von Fl\u00fcssigkeiten und Gasen mit stark aggressiven und oxidativen Bestandteilen.<\/p>\n<p><strong>Hydrophile Faltenfilterpatrone der PTFE-Serie<\/strong>\u00a0besteht aus einer hydrophilen PTFE-Membran, die eine ausgezeichnete chemische Kompatibilit\u00e4t und Korrosionsbest\u00e4ndigkeit aufweist. Die Membran ist hydrophil und kann Fl\u00fcssigkeit direkt ohne Vorbefeuchtung filtern, was die Betriebszeit verk\u00fcrzt.<\/p>\n<\/div>\n<\/div>\n<\/div>\n<\/div>\n<\/div>\n<div class=\"icbu-pc-images magic-1\">\n<div class=\"flex-layout-h\">\n<div class=\"flex-layout-v magic-12\">\n<p>&nbsp;<\/p>\n<p>&nbsp;<\/p>\n<\/div>\n<\/div>\n<\/div>\n<div id=\"ali-anchor-AliMagic-tbcwpl\" class=\"magic-0\" data-section=\"AliMagic-tbcwpl\" data-section-title=\"Specification\"><strong>Spezifikation<\/strong><\/div>\n<div class=\"magic-0\" data-section=\"AliMagic-tbcwpl\" data-section-title=\"Specification\"><\/div>\n<div class=\"ife-detail-decorate-table\">\n<div class=\"table-responsive\">\n<table class=\"all magic-16\">\n<tbody>\n<tr class=\"firstRow\">\n<td>\n<div class=\"magic-17\">Option Filtermedien<\/div>\n<\/td>\n<td>\n<div class=\"magic-18\">PP<\/div>\n<\/td>\n<td>\n<div class=\"magic-19\">PES<\/div>\n<\/td>\n<td>\n<div class=\"magic-17\">PTFE<\/div>\n<\/td>\n<td>\n<div class=\"magic-20\">Nylon 6\/66<\/div>\n<\/td>\n<td>\n<div class=\"magic-21\">PVDF<\/div>\n<\/td>\n<\/tr>\n<tr>\n<td>\n<div class=\"magic-17\">L\u00e4nge<\/div>\n<\/td>\n<td>\n<div class=\"magic-18\">2,5\u201d, 5, 10, 20, 30, 40 Zoll<\/div>\n<\/td>\n<td>\n<div class=\"magic-19\">2,5\u201d, 5, 10, 20, 30, 40 Zoll<\/div>\n<\/td>\n<td>\n<div class=\"magic-17\">2,5\u201d, 5, 10, 20, 30, 40 Zoll<\/div>\n<\/td>\n<td>\n<div class=\"magic-20\">2,5\u201d, 5, 10, 20, 30, 40 Zoll<\/div>\n<\/td>\n<td>\n<div class=\"magic-21\">2,5\u201d, 5, 10, 20, 30, 40 Zoll<\/div>\n<\/td>\n<\/tr>\n<tr>\n<td>\n<div class=\"magic-17\">Mikron Rate<\/div>\n<\/td>\n<td>\n<div class=\"magic-18\">0,1, 0,2, 0,45, 0,65, 0,8, 1, 2, 3, 5, 10, 20, 25, 30, 50, 60 Mikron<\/div>\n<\/td>\n<td>\n<div class=\"magic-19\">0,1, 0,2, 0,45, 0,65 Mikron<\/div>\n<\/td>\n<td>\n<div class=\"magic-17\">0,2, 0,45 Mikron<\/div>\n<\/td>\n<td>\n<div class=\"magic-20\">0,2, 0,45, 0,65, 1 Mikron<\/div>\n<\/td>\n<td>\n<div class=\"magic-21\">0,2, 0,45 Mikron<\/div>\n<\/td>\n<\/tr>\n<tr>\n<td>\n<div class=\"magic-17\">Endkappe<\/div>\n<\/td>\n<td>\n<div class=\"magic-18\">DOE, 222+Fin, 222+Flat, 226+Fin, 226+Flat<\/div>\n<\/td>\n<td>\n<div class=\"magic-19\">DOE, 222+Fin, 222+Flat, 226+Fin, 226+Flat<\/div>\n<\/td>\n<td>\n<div class=\"magic-17\">DOE, 222+Fin, 222+Flat, 226+Fin, 226+Flat<\/div>\n<\/td>\n<td>\n<div class=\"magic-20\">DOE, 222+Fin, 222+Flat, 226+Fin, 226+Flat<\/div>\n<\/td>\n<td>\n<div class=\"magic-21\">DOE, 222+Fin, 222+Flat, 226+Fin, 226+Flat<\/div>\n<\/td>\n<\/tr>\n<tr>\n<td>\n<div class=\"magic-17\">Innendurchmesser<\/div>\n<\/td>\n<td>\n<div class=\"magic-18\">28mm<\/div>\n<\/td>\n<td>\n<div class=\"magic-19\">28mm<\/div>\n<\/td>\n<td>\n<div class=\"magic-17\">28mm<\/div>\n<\/td>\n<td>\n<div class=\"magic-20\">28mm<\/div>\n<\/td>\n<td>\n<div class=\"magic-21\">28mm<\/div>\n<\/td>\n<\/tr>\n<tr>\n<td>\n<div class=\"magic-17\">\u00c4u\u00dferer Durchmesser<\/div>\n<\/td>\n<td>\n<div class=\"magic-18\">69mm (kann angepasst werden)<\/div>\n<\/td>\n<td>\n<div class=\"magic-19\">69mm (kann angepasst werden)<\/div>\n<\/td>\n<td>\n<div class=\"magic-17\">69mm (kann angepasst werden)<\/div>\n<\/td>\n<td>\n<div class=\"magic-20\">69mm (kann angepasst werden)<\/div>\n<\/td>\n<td>\n<div class=\"magic-21\">69mm (kann angepasst werden)<\/div>\n<\/td>\n<\/tr>\n<tr>\n<td>\n<div class=\"magic-17\">Material der Dichtung\/des Rings<\/div>\n<\/td>\n<td>\n<div class=\"magic-18\">Silizium\/EPDM\/NBR\/Viton\/Teflon<\/div>\n<\/td>\n<td>\n<div class=\"magic-19\">Silizium\/EPDM\/NBR\/Viton\/Teflon<\/div>\n<\/td>\n<td>\n<div class=\"magic-17\">Silizium\/EPDM\/NBR\/Viton\/Teflon<\/div>\n<\/td>\n<td>\n<div class=\"magic-20\">Silizium\/EPDM\/NBR\/Viton\/Teflon<\/div>\n<\/td>\n<td>\n<div class=\"magic-21\">Silizium\/EPDM\/NBR\/Viton\/Teflon<\/div>\n<\/td>\n<\/tr>\n<tr>\n<td>\n<div class=\"magic-17\">Effektive Filtrationsfl\u00e4che<\/div>\n<\/td>\n<td>\n<div class=\"magic-18\">0.4-0.7m\u00b2;<\/div>\n<\/td>\n<td>\n<div class=\"magic-19\">\u22655m\u00b2;<\/div>\n<\/td>\n<td>\n<div class=\"magic-17\">\u22650.72m\u00b2;<\/div>\n<\/td>\n<td>\n<div class=\"magic-20\">\u22650.6m\u00b2;<\/div>\n<\/td>\n<td>\n<div class=\"magic-21\">\u22650.72m\u00b2;<\/div>\n<\/td>\n<\/tr>\n<tr>\n<td>\n<div class=\"magic-17\">Max. Betriebsdruckdifferenz<\/div>\n<\/td>\n<td>\n<div class=\"magic-18\">0.42Mpa bei 25\u00baC<\/div>\n<\/td>\n<td>\n<div class=\"magic-19\">0.42Mpa bei 25\u00baC<\/div>\n<\/td>\n<td>\n<div class=\"magic-17\">0.42Mpa bei 25\u00baC<\/div>\n<\/td>\n<td>\n<div class=\"magic-20\">0.42Mpa bei 25\u00baC<\/div>\n<\/td>\n<td>\n<div class=\"magic-21\">0.42Mpa bei 25\u00baC<\/div>\n<\/td>\n<\/tr>\n<tr>\n<td>\n<div class=\"magic-17\">Max. Gegendruck<\/div>\n<\/td>\n<td>\n<div class=\"magic-18\">0,28Mpa bei 60\u00baC<\/div>\n<\/td>\n<td>\n<div class=\"magic-19\">0.21Mpa bei 25\u00baC<\/div>\n<\/td>\n<td>\n<div class=\"magic-17\">0,35Mpa bei 60\u00baC<\/div>\n<\/td>\n<td>\n<div class=\"magic-20\">0,35Mpa bei 25\u00baC<\/div>\n<\/td>\n<td>\n<div class=\"magic-21\">0.21Mpa bei 25\u00baC<\/div>\n<\/td>\n<\/tr>\n<tr>\n<td>\n<div class=\"magic-17\">Max. Arbeitstemperatur<\/div>\n<\/td>\n<td>\n<div class=\"magic-18\">88\u00baC bei 0,28Mpa, 60\u00baC bei 0,42Mpa<\/div>\n<\/td>\n<td>\n<div class=\"magic-19\">140\u00baC bei 0,28Mpa<\/div>\n<\/td>\n<td>\n<div class=\"magic-17\">142\u00baC bei 0,276Mpa<\/div>\n<\/td>\n<td>\n<div class=\"magic-20\">49\u00baC bei 0,21Mpa<\/div>\n<\/td>\n<td>\n<div class=\"magic-21\">80\u00baC bei 0,173Mpa<\/div>\n<\/td>\n<\/tr>\n<tr>\n<td>\n<div class=\"magic-17\">Temperatur der Sterilisation<\/div>\n<\/td>\n<td>\n<div class=\"magic-18\">121\u2103, 30Minuten<\/div>\n<\/td>\n<td>\n<div class=\"magic-19\">121\u2103, 30Minuten<\/div>\n<\/td>\n<td>\n<div class=\"magic-17\">121\u2103, 30Minuten<\/div>\n<\/td>\n<td>\n<div class=\"magic-20\">121\u2103, 30Minuten<\/div>\n<\/td>\n<td>\n<div class=\"magic-21\">121\u2103, 30Minuten<\/div>\n<\/td>\n<\/tr>\n<\/tbody>\n<\/table>\n<\/div>\n<\/div>\n<div class=\"magic-0\" data-section=\"AliMagic-3su540\" data-section-title=\"Application\"><\/div>\n<div id=\"ali-anchor-AliMagic-3su540\" class=\"magic-0\" data-section=\"AliMagic-3su540\" data-section-title=\"Application\"><strong>Anmeldung<\/strong><\/div>\n<div class=\"magic-0\" data-section=\"AliMagic-3su540\" data-section-title=\"Application\"><\/div>\n<div class=\"detail-decorate-json-renderer-container\">\n<div class=\"magic-4\">\n<div class=\"magic-8\">\n<div class=\"magic-9\">\n<div class=\"magic-10\">\n<p class=\"magic-11\">1. Elektronische Industrie: Vorfiltration von RO-Umkehrosmose-Wasseranlagen, Vorfiltration von deionisiertem Wasser.<br \/>\n2. Lebensmittelindustrie: Filtration von Getr\u00e4nken, Bier und Mineralwasser.<br \/>\n3. Chemische Industrie: Filtration von organischen L\u00f6sungsmitteln und Tinte.<br \/>\n4. Pharmazeutische Industrie: Filtration von Arzneimitteln, biologischen Stoffen, Serumprodukten, Druckluft und Gas.<br \/>\n5. Sonstige: Filtration von Beschichtungsl\u00f6sungen, Prozessfl\u00fcssigkeiten, Fotolack und magnetischen Medien<\/p>\n<\/div>\n<\/div>\n<\/div>\n<\/div>\n<\/div>\n<\/div>\n<\/div>","protected":false},"excerpt":{"rendered":"<table>\n<thead>\n<tr>\n<th>Artikel<\/th>\n<th>Details<\/th>\n<\/tr>\n<\/thead>\n<tbody>\n<tr>\n<td>Startport<\/td>\n<td>guangzhou<\/td>\n<\/tr>\n<tr>\n<td>Produktionskapazit\u00e4t<\/td>\n<td>10000 Einheiten\/Monat<\/td>\n<\/tr>\n<tr>\n<td>Herkunftsort<\/td>\n<td>guangdong, china<\/td>\n<\/tr>\n<tr>\n<td>Zahlung<\/td>\n<td>t\/t, western union, alibaba trade assurance<\/td>\n<\/tr>\n<tr>\n<td>moq<\/td>\n<td>1 St\u00fcck<\/td>\n<\/tr>\n<tr>\n<td>Modell<\/td>\n<td>ly-hfpl-7<\/td>\n<\/tr>\n<tr>\n<td>Lieferfrist<\/td>\n<td>innerhalb von 7 Arbeitstagen<\/td>\n<\/tr>\n<tr>\n<td>Zertifizierung<\/td>\n<td>iso 9001<\/td>\n<\/tr>\n<tr>\n<td>Marke<\/td>\n<td>Erstausr\u00fcster\/Lvyuan<\/td>\n<\/tr>\n<\/tbody>\n<\/table>","protected":false},"featured_media":2204,"comment_status":"open","ping_status":"closed","template":"","meta":{"_gspb_post_css":""},"product_brand":[],"product_cat":[17,21],"product_tag":[939,261,262,260,278,282],"class_list":{"0":"post-2194","1":"product","2":"type-product","3":"status-publish","4":"has-post-thumbnail","6":"product_cat-sediment-filter","7":"product_cat-pleated-filter-cartridge","8":"product_tag-1-pcs-moq","9":"product_tag-guangdong-china","10":"product_tag-guangzhou-port","11":"product_tag-iso-9001","12":"product_tag-ly-hfpl-7","13":"product_tag-oem-lvyuan","15":"first","16":"instock","17":"shipping-taxable","18":"product-type-simple"},"_links":{"self":[{"href":"https:\/\/lyfilter.com\/de\/wp-json\/wp\/v2\/product\/2194","targetHints":{"allow":["GET"]}}],"collection":[{"href":"https:\/\/lyfilter.com\/de\/wp-json\/wp\/v2\/product"}],"about":[{"href":"https:\/\/lyfilter.com\/de\/wp-json\/wp\/v2\/types\/product"}],"replies":[{"embeddable":true,"href":"https:\/\/lyfilter.com\/de\/wp-json\/wp\/v2\/comments?post=2194"}],"wp:featuredmedia":[{"embeddable":true,"href":"https:\/\/lyfilter.com\/de\/wp-json\/wp\/v2\/media\/2204"}],"wp:attachment":[{"href":"https:\/\/lyfilter.com\/de\/wp-json\/wp\/v2\/media?parent=2194"}],"wp:term":[{"taxonomy":"product_brand","embeddable":true,"href":"https:\/\/lyfilter.com\/de\/wp-json\/wp\/v2\/product_brand?post=2194"},{"taxonomy":"product_cat","embeddable":true,"href":"https:\/\/lyfilter.com\/de\/wp-json\/wp\/v2\/product_cat?post=2194"},{"taxonomy":"product_tag","embeddable":true,"href":"https:\/\/lyfilter.com\/de\/wp-json\/wp\/v2\/product_tag?post=2194"}],"curies":[{"name":"wp","href":"https:\/\/api.w.org\/{rel}","templated":true}]}}