{"id":2190,"date":"2026-01-06T09:40:03","date_gmt":"2026-01-06T09:40:03","guid":{"rendered":"https:\/\/lyfilter.com\/?post_type=product&#038;p=2190"},"modified":"2026-01-06T09:46:57","modified_gmt":"2026-01-06T09:46:57","slug":"hydrophilic-porous-membrane-filter-ptfe-water-filter","status":"publish","type":"product","link":"https:\/\/lyfilter.com\/de\/hydrophilic-porous-membrane-filter-ptfe-water-filter\/","title":{"rendered":"Hydrophiler por\u00f6ser Membranfilter PTFE-Wasserfilter"},"content":{"rendered":"<p>Hydrophiler por\u00f6ser Membranfilter PTFE-Wasserfilter<\/p>\n<p>Die gefaltete Polypropylen-Filterpatrone oder PP-Filterpatrone besteht aus einem Polypropylen-Medium mit gro\u00dfer Oberfl\u00e4che (mikropor\u00f6se PP-Membran) f\u00fcr einen geringen anf\u00e4nglichen Druckabfall und eine hohe Schmutzaufnahmekapazit\u00e4t und ist ein effizienter Membran-Vorfilter und kann als abschlie\u00dfender Polierfilter f\u00fcr zahlreiche Fl\u00fcssigkeitsraffinationsprozesse dienen. Die Filterpatronen sind mit einem hochbelastbaren, geformten K\u00e4fig ausgestattet, der einen hohen Druckabfall aushalten kann.<\/p>\n<p>&nbsp;<\/p>\n<p>&nbsp;<\/p>\n<div class=\"table-responsive\">\n<table width=\"475\" cellspacing=\"0\" cellpadding=\"0\">\n<colgroup>\n<col \/>\n<col \/><\/colgroup>\n<tbody>\n<tr class=\"firstRow\">\n<td width=\"152\" height=\"39\">Anwendbare Industrien<\/td>\n<td width=\"323\">Hotels, Baum\u00e4rkte, Hausgebrauch, Einzelhandel, Bauarbeiten<\/td>\n<\/tr>\n<tr>\n<td width=\"152\" height=\"20\">Gr\u00f6\u00dfe<\/td>\n<td width=\"323\">10 Zoll<\/td>\n<\/tr>\n<tr>\n<td width=\"152\" height=\"20\">Name des Produkts<\/td>\n<td width=\"323\">Plissierte Wasserfilterpatrone<\/td>\n<\/tr>\n<tr>\n<td width=\"152\" height=\"20\">Typ<\/td>\n<td width=\"323\">Conditioner (Wasseraufbereiter)<\/td>\n<\/tr>\n<tr>\n<td width=\"152\" height=\"20\">Material<\/td>\n<td width=\"323\">PP;PES;PVDF<\/td>\n<\/tr>\n<tr>\n<td width=\"152\" height=\"20\">Mikron-Rate<\/td>\n<td width=\"323\">0,2-100micron<\/td>\n<\/tr>\n<tr>\n<td width=\"152\" height=\"20\">Anmeldung<\/td>\n<td width=\"323\">Wasseraufbereitung f\u00fcr Haushalte<\/td>\n<\/tr>\n<\/tbody>\n<\/table>\n<\/div>\n<p><strong>Eigenschaften<\/strong><\/p>\n<p>1 Mikron-Bewertungen von 1 bis 100 \u03bcm - breiter Anwendungsbereich<\/p>\n<p>2 Polypropylen-Konstruktion - inert gegen\u00fcber vielen Prozessfl\u00fcssigkeiten (hohe chemische Vertr\u00e4glichkeit)<\/p>\n<p>3 Verschiedene Dichtungs-\/O-Ring-Materialien f\u00fcr Sie zur Auswahl, um Ihre unterschiedlichen Bed\u00fcrfnisse zu befriedigen<\/p>\n<p>4 Hochbelastbarer geformter K\u00e4fig - hohe strukturelle Festigkeit<\/p>\n<p>5 Thermisch geschwei\u00dfte Konstruktion.<\/p>\n<p>6 PP-Mikroprous-Membran bietet hohe Filtrationsleistung und lange Lebensdauer<\/p>\n<p>Unser Team<\/p>\n<p><img decoding=\"async\" src=\"https:\/\/img.yfisher.com\/m6076\/17257325525aj\/jpg70-t3-scale100.webp\" alt=\"Hydrophiler por\u00f6ser Membranfilter PTFE-Wasserfilter 4\" data-lazy=\"2\" title=\"\"><\/p>\n<p>Wir sind innerhalb von 24 Stunden erreichbar, kontaktieren Sie uns info@lyfilter.com<\/p>","protected":false},"excerpt":{"rendered":"<table>\n<thead>\n<tr>\n<th>Artikel<\/th>\n<th>Details<\/th>\n<\/tr>\n<\/thead>\n<tbody>\n<tr>\n<td>Startport<\/td>\n<td>guangzhou<\/td>\n<\/tr>\n<tr>\n<td>Produktionskapazit\u00e4t<\/td>\n<td>10000 Einheiten\/Monat<\/td>\n<\/tr>\n<tr>\n<td>Herkunftsort<\/td>\n<td>guangdong, china<\/td>\n<\/tr>\n<tr>\n<td>Zahlung<\/td>\n<td>t\/t, western union, alibaba trade assurance<\/td>\n<\/tr>\n<tr>\n<td>moq<\/td>\n<td>1 St\u00fcck<\/td>\n<\/tr>\n<tr>\n<td>Modell<\/td>\n<td>ly-hfpl-7<\/td>\n<\/tr>\n<tr>\n<td>Lieferfrist<\/td>\n<td>innerhalb von 7 Arbeitstagen<\/td>\n<\/tr>\n<tr>\n<td>Zertifizierung<\/td>\n<td>iso 9001<\/td>\n<\/tr>\n<tr>\n<td>Marke<\/td>\n<td>Erstausr\u00fcster\/Lvyuan<\/td>\n<\/tr>\n<\/tbody>\n<\/table>","protected":false},"featured_media":2193,"comment_status":"open","ping_status":"closed","template":"","meta":{"_gspb_post_css":""},"product_brand":[],"product_cat":[17,22],"product_tag":[939,261,262,260,278,282],"class_list":{"0":"post-2190","1":"product","2":"type-product","3":"status-publish","4":"has-post-thumbnail","6":"product_cat-sediment-filter","7":"product_cat-sintered-filter-cartridge","8":"product_tag-1-pcs-moq","9":"product_tag-guangdong-china","10":"product_tag-guangzhou-port","11":"product_tag-iso-9001","12":"product_tag-ly-hfpl-7","13":"product_tag-oem-lvyuan","15":"first","16":"instock","17":"shipping-taxable","18":"product-type-simple"},"_links":{"self":[{"href":"https:\/\/lyfilter.com\/de\/wp-json\/wp\/v2\/product\/2190","targetHints":{"allow":["GET"]}}],"collection":[{"href":"https:\/\/lyfilter.com\/de\/wp-json\/wp\/v2\/product"}],"about":[{"href":"https:\/\/lyfilter.com\/de\/wp-json\/wp\/v2\/types\/product"}],"replies":[{"embeddable":true,"href":"https:\/\/lyfilter.com\/de\/wp-json\/wp\/v2\/comments?post=2190"}],"wp:featuredmedia":[{"embeddable":true,"href":"https:\/\/lyfilter.com\/de\/wp-json\/wp\/v2\/media\/2193"}],"wp:attachment":[{"href":"https:\/\/lyfilter.com\/de\/wp-json\/wp\/v2\/media?parent=2190"}],"wp:term":[{"taxonomy":"product_brand","embeddable":true,"href":"https:\/\/lyfilter.com\/de\/wp-json\/wp\/v2\/product_brand?post=2190"},{"taxonomy":"product_cat","embeddable":true,"href":"https:\/\/lyfilter.com\/de\/wp-json\/wp\/v2\/product_cat?post=2190"},{"taxonomy":"product_tag","embeddable":true,"href":"https:\/\/lyfilter.com\/de\/wp-json\/wp\/v2\/product_tag?post=2190"}],"curies":[{"name":"wp","href":"https:\/\/api.w.org\/{rel}","templated":true}]}}