{"id":2188,"date":"2026-01-06T09:35:42","date_gmt":"2026-01-06T09:35:42","guid":{"rendered":"https:\/\/lyfilter.com\/?post_type=product&#038;p=2188"},"modified":"2026-01-06T09:50:53","modified_gmt":"2026-01-06T09:50:53","slug":"microporous-membrane-filter-222-fin-10mm-polyethylene-filters","status":"publish","type":"product","link":"https:\/\/lyfilter.com\/de\/microporous-membrane-filter-222-fin-10mm-polyethylene-filters\/","title":{"rendered":"Mikropor\u00f6se Membranfilter 222 Fin 10mm Polyethylen-Filter"},"content":{"rendered":"<div class=\"unit-detail-html-tabs__content-attr\">\n<div class=\"unit-product-attrparam\">\n<div class=\"unit-product-attrparam__items row\">\n<div class=\"col-12 col-md-6\">\n<div class=\"unit-product-attrparam__item\"><\/div>\n<\/div>\n<\/div>\n<\/div>\n<\/div>\n<div class=\"unit-detail-html-tabs__content-featuresAttr\">Das gesinterte Filterelement wird in einem speziellen Verfahren aus einer Vielzahl von Verbundwerkstoffen hergestellt. Es hat hydrophile Eigenschaften. Es kann nicht nur mechanische Verunreinigungen im Medium herausfiltern, sondern auch durch Demulgierung und Koaleszenz, so dass das Wasser im emulgierten Zustand aus dem Medium entfernt werden kann. Das Filterelement wird abgeschieden und koalesziert zu koaxialen Wassertr\u00f6pfchen, um die weitere Reinigung des Mediums zu erleichtern.<\/div>\n<div class=\"unit-detail-html-tabs__content-html\">\n<p>Das Glasfaser-Koaleszenz-Filterelement ist eine Glasfaser mit hohem Dichtegradienten, die den Fl\u00fcssigkeitsnebel und die Umwandlung im Luftstrom effizient koalesziert und eine hohe Filtrationsgenauigkeit aufweist. Die Struktur ist stabil, es gibt keine Verdr\u00e4ngung der Medienfasern, und es verursacht keine Verschmutzung der Umwelt und der nachgeschalteten Produkte. Gute Kompatibilit\u00e4t, guter Umweltschutz, synthetische Materialien, vollst\u00e4ndige Verbrennung ohne R\u00fcckst\u00e4nde.<\/p>\n<p><img decoding=\"async\" src=\"https:\/\/img.yfisher.com\/m6076\/1725732550toi\/png70-t3-scale100.webp\" alt=\"Mikropor\u00f6se Membranfilter 222 Fin 10mm Polyethylen-Filter 4\" data-lazy=\"2\" title=\"\"><\/p>\n<p>Wir sind ein professioneller Hersteller und Verk\u00e4ufer von Ersatz-Filterelementen und Filtergeh\u00e4usen aus Edelstahl. Wir bieten OEM-Anpassungsservice, um die Anforderungen der verschiedenen Kunden zu erf\u00fcllen, um die verschiedenen Gr\u00f6\u00dfen Anpassung f\u00fcr Filterelemente, Patronenfiltergeh\u00e4use und Taschenfiltergeh\u00e4use zu akzeptieren. Wir haben mehr als Hunderte von L\u00e4ndern exportiert, darunter Europa, der Nahe Osten, S\u00fcdostasien, S\u00fcdostamerika, Nordamerika usw. Unsere Technologie und unser Service sind von den Kunden allgemein anerkannt. Kontaktieren Sie uns: Info@lyfilter.com<\/p>\n<\/div>","protected":false},"excerpt":{"rendered":"<table>\n<thead>\n<tr>\n<th>Artikel<\/th>\n<th>Details<\/th>\n<\/tr>\n<\/thead>\n<tbody>\n<tr>\n<td>Startport<\/td>\n<td>guangzhou<\/td>\n<\/tr>\n<tr>\n<td>Produktionskapazit\u00e4t<\/td>\n<td>10000 Einheiten\/Monat<\/td>\n<\/tr>\n<tr>\n<td>Herkunftsort<\/td>\n<td>guangdong, china<\/td>\n<\/tr>\n<tr>\n<td>Zahlung<\/td>\n<td>t\/t, western union, alibaba trade assurance, paypal<\/td>\n<\/tr>\n<tr>\n<td>Modell<\/td>\n<td>ly-hfpl-7<\/td>\n<\/tr>\n<tr>\n<td>Lieferfrist<\/td>\n<td>innerhalb von 7 Arbeitstagen<\/td>\n<\/tr>\n<tr>\n<td>Zertifizierung<\/td>\n<td>iso 9001<\/td>\n<\/tr>\n<tr>\n<td>Marke<\/td>\n<td>Erstausr\u00fcster\/Lvyuan<\/td>\n<\/tr>\n<\/tbody>\n<\/table>","protected":false},"featured_media":2191,"comment_status":"open","ping_status":"closed","template":"","meta":{"_gspb_post_css":""},"product_brand":[],"product_cat":[17,22],"product_tag":[284,261,262,260,278,282],"class_list":{"0":"post-2188","1":"product","2":"type-product","3":"status-publish","4":"has-post-thumbnail","6":"product_cat-sediment-filter","7":"product_cat-sintered-filter-cartridge","8":"product_tag-7-working-days-delivery","9":"product_tag-guangdong-china","10":"product_tag-guangzhou-port","11":"product_tag-iso-9001","12":"product_tag-ly-hfpl-7","13":"product_tag-oem-lvyuan","15":"first","16":"instock","17":"shipping-taxable","18":"product-type-simple"},"_links":{"self":[{"href":"https:\/\/lyfilter.com\/de\/wp-json\/wp\/v2\/product\/2188","targetHints":{"allow":["GET"]}}],"collection":[{"href":"https:\/\/lyfilter.com\/de\/wp-json\/wp\/v2\/product"}],"about":[{"href":"https:\/\/lyfilter.com\/de\/wp-json\/wp\/v2\/types\/product"}],"replies":[{"embeddable":true,"href":"https:\/\/lyfilter.com\/de\/wp-json\/wp\/v2\/comments?post=2188"}],"wp:featuredmedia":[{"embeddable":true,"href":"https:\/\/lyfilter.com\/de\/wp-json\/wp\/v2\/media\/2191"}],"wp:attachment":[{"href":"https:\/\/lyfilter.com\/de\/wp-json\/wp\/v2\/media?parent=2188"}],"wp:term":[{"taxonomy":"product_brand","embeddable":true,"href":"https:\/\/lyfilter.com\/de\/wp-json\/wp\/v2\/product_brand?post=2188"},{"taxonomy":"product_cat","embeddable":true,"href":"https:\/\/lyfilter.com\/de\/wp-json\/wp\/v2\/product_cat?post=2188"},{"taxonomy":"product_tag","embeddable":true,"href":"https:\/\/lyfilter.com\/de\/wp-json\/wp\/v2\/product_tag?post=2188"}],"curies":[{"name":"wp","href":"https:\/\/api.w.org\/{rel}","templated":true}]}}