{"id":2186,"date":"2026-01-06T09:08:15","date_gmt":"2026-01-06T09:08:15","guid":{"rendered":"https:\/\/lyfilter.com\/?post_type=product&#038;p=2186"},"modified":"2026-01-06T09:55:13","modified_gmt":"2026-01-06T09:55:13","slug":"factory-oem-white-porous-filter-disc-for-filtration-industrial","status":"publish","type":"product","link":"https:\/\/lyfilter.com\/de\/factory-oem-white-porous-filter-disc-for-filtration-industrial\/","title":{"rendered":"Fabrik OEM wei\u00dfe por\u00f6se Filterscheibe f\u00fcr die industrielle Filtration"},"content":{"rendered":"<table>\n<thead>\n<tr>\n<th>Artikel<\/th>\n<th>Details<\/th>\n<\/tr>\n<\/thead>\n<tbody>\n<tr>\n<td>Material<\/td>\n<td>pe<\/td>\n<\/tr>\n<tr>\n<td>Verf\u00fcgbarkeit<\/td>\n<td>Erstausr\u00fcster<\/td>\n<\/tr>\n<\/tbody>\n<\/table>\n<p>Fabrik OEM wei\u00dfe por\u00f6se Filterscheibe f\u00fcr die industrielle Filtration<\/p>\n<p>Die PE\u00a0<a href=\"https:\/\/lyfilter.com\/de\/products.html\/\">Filtereinsatz<\/a>\u00a0hat eine gleichm\u00e4\u00dfige Porengr\u00f6\u00dfenverteilung, starke S\u00e4ure- und Laugenbest\u00e4ndigkeit, hohe Temperaturbest\u00e4ndigkeit, gute mechanische Eigenschaften und eine hohe Best\u00e4ndigkeit gegen organische L\u00f6sungsmittel. Die Produktion von gro\u00dfen Wasseraufbereitungsanlagen kann automatische oder manuelle R\u00fccksp\u00fclung Schlacke Entfernung Methode, feste Partikel k\u00f6nnen durch trockene Schlacke Entfernung wiederhergestellt werden, ohne h\u00e4ufigen Austausch von Filterelementen, automatischer Betrieb, niedrige Filtrationskosten und andere Vorteile, die von den Benutzern gut angenommen werden.<\/p>\n<p><img decoding=\"async\" src=\"https:\/\/img.yfisher.com\/m6076\/1725732549x15\/png70-t3-scale100.webp\" alt=\"Fabrik OEM wei\u00dfe por\u00f6se Filterscheibe f\u00fcr die industrielle Filtration 2\" data-lazy=\"2\" title=\"\"><\/p>\n<p><img decoding=\"async\" src=\"https:\/\/img.yfisher.com\/m6076\/1725732549vtb\/png70-t3-scale100.webp\" alt=\"Fabrik OEM wei\u00dfe por\u00f6se Filterscheibe f\u00fcr die industrielle Filtration 3\" data-lazy=\"2\" title=\"\"><\/p>\n<p>FAQ<\/p>\n<p>Antwort: Normalerweise braucht es MOQ hier, aber wir haben ein breites Lager von Produkten, k\u00f6nnen Sie Probeauftrag. Wir k\u00f6nnen f\u00fcr Sie liefern. f\u00fchrend<\/p>\n<p>Die Zeit ist abh\u00e4ngig von der Menge;<\/p>\n<p>Q2: Kann ich ein Muster erhalten, bevor ich eine offizielle Bestellung aufgebe?<\/p>\n<p>Antwort: Ja: Ja. Wir k\u00f6nnen Ihnen kostenlose Proben zur Verf\u00fcgung stellen, um unsere Qualit\u00e4t zu \u00fcberpr\u00fcfen, aber die Fracht muss gesammelt werden, wenn Sie ein Expresskonto haben,<\/p>\n<p>wir k\u00f6nnten auch Ihr Konto nutzen, um Ihnen unsere Muster zu schicken.<\/p>\n<p>Q3:Ich bin ein kleiner Gro\u00dfh\u00e4ndler, akzeptieren Sie kleine Bestellungen?<\/p>\n<p>A: Es ist kein Problem, wenn Sie ein kleiner Gro\u00dfh\u00e4ndler sind, wir w\u00fcrden gerne mit Ihnen zusammen wachsen.<\/p>\n<p>Q4:Kann ich mein Logo auf den medizinischen Produkten anbringen?<\/p>\n<p>A: Ja, OEM und ODM sind f\u00fcr uns verf\u00fcgbar.<\/p>","protected":false},"excerpt":{"rendered":"<table>\n<thead>\n<tr>\n<th>Artikel<\/th>\n<th>Details<\/th>\n<\/tr>\n<\/thead>\n<tbody>\n<tr>\n<td>Modell<\/td>\n<td>ly-hfpl-7<\/td>\n<\/tr>\n<tr>\n<td>Herkunftsort<\/td>\n<td>guangdong, china<\/td>\n<\/tr>\n<tr>\n<td>Startport<\/td>\n<td>guangzhou<\/td>\n<\/tr>\n<tr>\n<td>Produktionskapazit\u00e4t<\/td>\n<td>10.000 Einheiten\/Monat<\/td>\n<\/tr>\n<tr>\n<td>moq<\/td>\n<td>1 St\u00fcck<\/td>\n<\/tr>\n<tr>\n<td>Lieferfrist<\/td>\n<td>innerhalb von 7 Arbeitstagen<\/td>\n<\/tr>\n<tr>\n<td>Zertifizierung<\/td>\n<td>iso 9001<\/td>\n<\/tr>\n<tr>\n<td>Zahlung<\/td>\n<td>t\/t; alibaba trade assurance; paypal<\/td>\n<\/tr>\n<\/tbody>\n<\/table>","protected":false},"featured_media":2189,"comment_status":"open","ping_status":"closed","template":"","meta":{"_gspb_post_css":""},"product_brand":[],"product_cat":[17,22],"product_tag":[284,286,936,938,285,935],"class_list":{"0":"post-2186","1":"product","2":"type-product","3":"status-publish","4":"has-post-thumbnail","6":"product_cat-sediment-filter","7":"product_cat-sintered-filter-cartridge","8":"product_tag-7-working-days-delivery","9":"product_tag-guangzhou-start-port","10":"product_tag-iso-9001-certified","11":"product_tag-ly-hfpl-7-filter-element","12":"product_tag-moq-1-pcs","13":"product_tag-oem-filter-element-supplier","15":"first","16":"instock","17":"shipping-taxable","18":"product-type-simple"},"_links":{"self":[{"href":"https:\/\/lyfilter.com\/de\/wp-json\/wp\/v2\/product\/2186","targetHints":{"allow":["GET"]}}],"collection":[{"href":"https:\/\/lyfilter.com\/de\/wp-json\/wp\/v2\/product"}],"about":[{"href":"https:\/\/lyfilter.com\/de\/wp-json\/wp\/v2\/types\/product"}],"replies":[{"embeddable":true,"href":"https:\/\/lyfilter.com\/de\/wp-json\/wp\/v2\/comments?post=2186"}],"wp:featuredmedia":[{"embeddable":true,"href":"https:\/\/lyfilter.com\/de\/wp-json\/wp\/v2\/media\/2189"}],"wp:attachment":[{"href":"https:\/\/lyfilter.com\/de\/wp-json\/wp\/v2\/media?parent=2186"}],"wp:term":[{"taxonomy":"product_brand","embeddable":true,"href":"https:\/\/lyfilter.com\/de\/wp-json\/wp\/v2\/product_brand?post=2186"},{"taxonomy":"product_cat","embeddable":true,"href":"https:\/\/lyfilter.com\/de\/wp-json\/wp\/v2\/product_cat?post=2186"},{"taxonomy":"product_tag","embeddable":true,"href":"https:\/\/lyfilter.com\/de\/wp-json\/wp\/v2\/product_tag?post=2186"}],"curies":[{"name":"wp","href":"https:\/\/api.w.org\/{rel}","templated":true}]}}