{"id":2184,"date":"2026-01-06T09:06:08","date_gmt":"2026-01-06T09:06:08","guid":{"rendered":"https:\/\/lyfilter.com\/?post_type=product&#038;p=2184"},"modified":"2026-01-06T09:57:07","modified_gmt":"2026-01-06T09:57:07","slug":"frited-filter-discs-porous-discs-for-use-in-fabrication-of-special-glass","status":"publish","type":"product","link":"https:\/\/lyfilter.com\/de\/frited-filter-discs-porous-discs-for-use-in-fabrication-of-special-glass\/","title":{"rendered":"FRITED FILTER DISCS Por\u00f6se Scheiben zur Verwendung bei der Herstellung von Spezialglas"},"content":{"rendered":"<div class=\"unit-detail-html-tabs__content-attr\">\n<div class=\"unit-product-attrparam\">\n<div class=\"unit-product-attrparam__items row\">\n<div class=\"col-12 col-md-6\">\n<div class=\"unit-product-attrparam__item\">\n<div class=\"unit-product-attrparam__label\">Material:pe<\/div>\n<\/div>\n<\/div>\n<div class=\"col-12 col-md-6\">\n<div class=\"unit-product-attrparam__item\">\n<div class=\"unit-product-attrparam__label\">Verf\u00fcgbarkeit:OEM<\/div>\n<\/div>\n<\/div>\n<\/div>\n<\/div>\n<\/div>\n<div class=\"unit-detail-html-tabs__content-featuresAttr\"><\/div>\n<div class=\"unit-detail-html-tabs__content-html\">\n<p>FRITED FILTER DISCS Por\u00f6se Scheiben zur Verwendung bei der Herstellung von Spezialglas<\/p>\n<p><img decoding=\"async\" src=\"https:\/\/img.yfisher.com\/m6076\/1725732548xrf\/jpg70-t3-scale100.webp\" alt=\"FRITED FILTER DISCS Por\u00f6se Scheiben zur Verwendung bei der Herstellung von Spezialglas 2\" data-lazy=\"2\" title=\"\"><\/p>\n<p><img decoding=\"async\" src=\"https:\/\/img.yfisher.com\/m6076\/1725732548f7l\/jpg70-t3-scale100.webp\" alt=\"FRITED FILTER DISCS Por\u00f6se Scheiben zur Verwendung bei der Herstellung von Spezialglas 3\" data-lazy=\"2\" title=\"\"><\/p>\n<p>Medizin und Pharmazie<\/p>\n<p>1. Entfernung von Verunreinigungen, Entkohlung und Feinfiltration. 2. Trockenabzug von saurem Gas 3. Entkohlungsfiltration 4. Selbstdichtende Filter in Saugbeuteln<\/p>\n<p>Essen &amp; Trinken<\/p>\n<p>1. Resthefe- und Kieselgurfiltration 2. Kl\u00e4rfiltration in Getr\u00e4nken 3. Wasserfiltration in Getr\u00e4nken, Brauerei 4. Sterilluftfiltration in Bier und Brauerei<\/p>\n<p>\u00d6l und Gas<\/p>\n<p>1. Recycling-Filtration organischer L\u00f6sungsmittel 2. Filtration von Einspritzwasser 3. Dampf-, Druckluft- und Katalysatorfiltration 4. Endprodukt-Filtration<\/p>\n<p>Chemisch<\/p>\n<p>1. R\u00fcckgewinnung von Katalysatoren 2. Entkohlung von Medikamentenzwischenprodukten und Feinfiltration 3. H2O2-Prozess-Filtration<\/p>\n<p>Wasseraufbereitung<\/p>\n<p>1. Schutz der Umkehrosmose bei der Entsalzung von Meerwasser 2. Sterile Ozonfiltration und Ozonbel\u00fcftung 3. Schutz von Ultrafiltern, RO, EDI-Systemen<\/p>\n<p>Industrie<\/p>\n<p>1. Filter in Rauchgasanalyse- und CEMS-Systemen 2. Luftbel\u00fcftung 3. Schalld\u00e4mpfer und Auspufft\u00f6pfe 4. Druckluftfiltration 5. CMI-Filter f\u00fcr por\u00f6se Metallinstrumente<\/p>\n<p><img decoding=\"async\" src=\"https:\/\/img.yfisher.com\/m6076\/1725732548phi\/jpg70-t3-scale100.webp\" alt=\"FRITED FILTER DISCS Por\u00f6se Scheiben zur Verwendung bei der Herstellung von Spezialglas 4\" data-lazy=\"2\" title=\"\"><\/p>\n<\/div>","protected":false},"excerpt":{"rendered":"<table>\n<thead>\n<tr>\n<th>Artikel<\/th>\n<th>Details<\/th>\n<\/tr>\n<\/thead>\n<tbody>\n<tr>\n<td>Modell<\/td>\n<td>ly-hfpl<\/td>\n<\/tr>\n<tr>\n<td>Zertifizierung<\/td>\n<td>iso 9001<\/td>\n<\/tr>\n<tr>\n<td>Startport<\/td>\n<td>guangzhou<\/td>\n<\/tr>\n<tr>\n<td>Produktionskapazit\u00e4t<\/td>\n<td>10.000 Einheiten\/Monat<\/td>\n<\/tr>\n<tr>\n<td>moq<\/td>\n<td>1 St\u00fcck<\/td>\n<\/tr>\n<tr>\n<td>Lieferfrist<\/td>\n<td>innerhalb von 7 Arbeitstagen<\/td>\n<\/tr>\n<tr>\n<td>Zahlung<\/td>\n<td>t\/t; western union; alibaba trade assurance<\/td>\n<\/tr>\n<\/tbody>\n<\/table>","protected":false},"featured_media":2187,"comment_status":"open","ping_status":"closed","template":"","meta":{"_gspb_post_css":""},"product_brand":[],"product_cat":[17,22],"product_tag":[937,284,936,926,285,935],"class_list":{"0":"post-2184","1":"product","2":"type-product","3":"status-publish","4":"has-post-thumbnail","6":"product_cat-sediment-filter","7":"product_cat-sintered-filter-cartridge","8":"product_tag-10000-units-per-month","9":"product_tag-7-working-days-delivery","10":"product_tag-iso-9001-certified","11":"product_tag-ly-hfpl-filter-element","12":"product_tag-moq-1-pcs","13":"product_tag-oem-filter-element-supplier","15":"first","16":"instock","17":"shipping-taxable","18":"product-type-simple"},"_links":{"self":[{"href":"https:\/\/lyfilter.com\/de\/wp-json\/wp\/v2\/product\/2184","targetHints":{"allow":["GET"]}}],"collection":[{"href":"https:\/\/lyfilter.com\/de\/wp-json\/wp\/v2\/product"}],"about":[{"href":"https:\/\/lyfilter.com\/de\/wp-json\/wp\/v2\/types\/product"}],"replies":[{"embeddable":true,"href":"https:\/\/lyfilter.com\/de\/wp-json\/wp\/v2\/comments?post=2184"}],"wp:featuredmedia":[{"embeddable":true,"href":"https:\/\/lyfilter.com\/de\/wp-json\/wp\/v2\/media\/2187"}],"wp:attachment":[{"href":"https:\/\/lyfilter.com\/de\/wp-json\/wp\/v2\/media?parent=2184"}],"wp:term":[{"taxonomy":"product_brand","embeddable":true,"href":"https:\/\/lyfilter.com\/de\/wp-json\/wp\/v2\/product_brand?post=2184"},{"taxonomy":"product_cat","embeddable":true,"href":"https:\/\/lyfilter.com\/de\/wp-json\/wp\/v2\/product_cat?post=2184"},{"taxonomy":"product_tag","embeddable":true,"href":"https:\/\/lyfilter.com\/de\/wp-json\/wp\/v2\/product_tag?post=2184"}],"curies":[{"name":"wp","href":"https:\/\/api.w.org\/{rel}","templated":true}]}}