{"id":2181,"date":"2026-01-06T09:03:59","date_gmt":"2026-01-06T09:03:59","guid":{"rendered":"https:\/\/lyfilter.com\/?post_type=product&#038;p=2181"},"modified":"2026-01-06T09:03:59","modified_gmt":"2026-01-06T09:03:59","slug":"membrane-filter-222-fin-10mm-polyethylene-filters","status":"publish","type":"product","link":"https:\/\/lyfilter.com\/de\/membrane-filter-222-fin-10mm-polyethylene-filters\/","title":{"rendered":"Membranfilter 222 Fin 10mm Polyethylen-Filter"},"content":{"rendered":"<p>Membranfilter 222 Fin 10mm Polyethylen-Filter<\/p>\n<p>&nbsp;<\/p>\n<div class=\"J_module\">\n<div class=\"detail-decorate-json-renderer-container\">\n<div class=\"magic-4\">\n<div class=\"magic-10\">\n<div class=\"magic-11\">\n<div class=\"magic-12\" data-id=\"paragraph0\">\n<p>Das gesinterte Filterelement wird in einem speziellen Verfahren aus einer Vielzahl von Verbundwerkstoffen hergestellt. Es hat hydrophile Eigenschaften. Es kann nicht nur mechanische Verunreinigungen im Medium herausfiltern, sondern auch durch Demulgierung und Koaleszenz, so dass das Wasser im emulgierten Zustand aus dem Medium entfernt werden kann. Das Filterelement wird abgeschieden und koalesziert zu koaxialen Wassertr\u00f6pfchen, um die weitere Reinigung des Mediums zu erleichtern.<\/p>\n<p>&nbsp;<\/p>\n<\/div>\n<\/div>\n<\/div>\n<\/div>\n<\/div>\n<\/div>\n<div class=\"J_module\">\n<div class=\"icbu-pc-images magic-1\">\n<div class=\"flex-layout-h\">\n<div class=\"text-wrapper magic-15\">\n<div class=\"text-wrapper-left text-theme-light text-align-left\">\n<div class=\"text-title\" data-id=\"left-title\">\n<div class=\"table-responsive\">\n<table border=\"1\" width=\"293\" cellspacing=\"0\" cellpadding=\"0\" data-id=\"table0\">\n<colgroup>\n<col \/>\n<col \/><\/colgroup>\n<tbody>\n<tr class=\"firstRow\">\n<td height=\"21\">\n<div data-spm-anchor-id=\"a2700.details.pronpeci14.i0.3d7757d7z2aB2B\">Attribute<\/div>\n<\/td>\n<td>\n<div>Einzelheiten<\/div>\n<\/td>\n<\/tr>\n<tr>\n<td height=\"39\">\n<div>Ort der Herkunft<\/div>\n<\/td>\n<td>\n<div>Hebei,CHINA<\/div>\n<\/td>\n<\/tr>\n<tr>\n<td height=\"21\">\n<div>Zustand<\/div>\n<\/td>\n<td>\n<div>NEU<\/div>\n<\/td>\n<\/tr>\n<tr>\n<td height=\"21\">\n<div>Marke<\/div>\n<\/td>\n<td>\n<div>POKE<\/div>\n<\/td>\n<\/tr>\n<tr>\n<td height=\"21\">\n<div>Zertifikat<\/div>\n<\/td>\n<td>\n<div>ISO9001<\/div>\n<\/td>\n<\/tr>\n<tr>\n<td height=\"39\">\n<div>Paket<\/div>\n<\/td>\n<td>\n<div>Neutrale Verpackung<\/div>\n<\/td>\n<\/tr>\n<tr>\n<td height=\"39\">\n<div>Lieferfrist<\/div>\n<\/td>\n<td>\n<div data-spm-anchor-id=\"a2700.details.pronpeci14.i1.3d7757d7z2aB2B\">7-15 Tage<\/div>\n<\/td>\n<\/tr>\n<\/tbody>\n<\/table>\n<\/div>\n<h3 class=\"magic-16\">\u00a0<img decoding=\"async\" src=\"https:\/\/img.yfisher.com\/m6076\/17257325468ns\/png70-t3-scale100.webp\" alt=\"Membranfilter 222 Fin 10mm Polyethylen-Filter 2\" data-lazy=\"2\" title=\"\"><\/h3>\n<\/div>\n<\/div>\n<\/div>\n<\/div>\n<\/div>\n<\/div>\n<p>&nbsp;<\/p>\n<div class=\"J_module\">\n<div class=\"ife-detail-decorate-table\">\n<div class=\"table-responsive\"><\/div>\n<\/div>\n<\/div>\n<div class=\"J_module\">\n<div id=\"ali-anchor-AliMagic-unme00\" class=\"magic-0\" data-section=\"AliMagic-unme00\" data-section-title=\"Application\"><strong>Anmeldung<\/strong><\/div>\n<\/div>\n<div class=\"J_module\">\n<div class=\"detail-decorate-json-renderer-container\">\n<div class=\"magic-4\">\n<div class=\"magic-10\">\n<div class=\"magic-11\">\n<div class=\"magic-12\">\n<p class=\"magic-13\">(1) Gro\u00dfe Infusion von Wasser, pharmazeutische Zwischenprodukte Dekarbonisierung Filtration; Fermentationsbr\u00fche, m\u00fcndliche Fl\u00fcssigkeit<br \/>\n(2) Pulver-Aktivkohle mit Entf\u00e4rbungsfilter (medizinische Fl\u00fcssigkeit Glukose, Antibiotika, synthetische Medizin, Vorbereitung, chinesische Kr\u00e4utermedizin Fl\u00fcssigkeit, etc.)<br \/>\n(3) Injektionsfl\u00fcssigkeit<br \/>\n(4) Einspritzluftfilter<br \/>\n(5) Injektion Waschflasche Wasser<br \/>\n(6) Medizinische Liquorfiltration<\/p>\n<\/div>\n<\/div>\n<\/div>\n<\/div>\n<\/div>\n<\/div>\n<p>Guangzhou Lvyuan Water Purification Equipment Co. Ltd. ist einer der professionellen Hersteller von Filtrationsprodukten. Unser Unternehmen wurde im Jahr 2009 in der N\u00e4he des Pearl River Branch gegr\u00fcndet. Wir haben bis zu 10 Jahre Erfahrung f\u00fcr den Export und Inland, und professionelle technische F\u00e4higkeiten, und systematische Qualit\u00e4tsmanagement-System.<\/p>\n<p>Wir sind ein professioneller Hersteller und Verk\u00e4ufer von Ersatz-Filterelementen und Filtergeh\u00e4usen aus Edelstahl. Wir bieten OEM-Anpassungsservice, um die Anforderungen der verschiedenen Kunden zu erf\u00fcllen, um die verschiedenen Gr\u00f6\u00dfen Anpassung f\u00fcr Filterelemente, Patronenfiltergeh\u00e4use und Taschenfiltergeh\u00e4use zu akzeptieren. Wir haben mehr als Hunderte von L\u00e4ndern exportiert, darunter Europa, der Nahe Osten, S\u00fcdostasien, S\u00fcdostamerika, Nordamerika usw. Unsere Technologie und unser Service sind von den Kunden allgemein anerkannt.<\/p>","protected":false},"excerpt":{"rendered":"<p>Diesmal haben Sie die Produktspezifikationen nicht angegeben, so dass ich noch keine genaue Meta-Beschreibung, Tags oder Tabelle erstellen kann. F\u00fcgen Sie die Details ein (Material, Modell, Mikron\/Gr\u00f6\u00dfe\/L\u00e4nge, Zertifizierungen, Anwendung, Verpackung, Vorlaufzeit), und ich werde alles sofort im gleichen Stil formatieren.<\/p>","protected":false},"featured_media":2185,"comment_status":"open","ping_status":"closed","template":"","meta":{"_gspb_post_css":""},"product_brand":[],"product_cat":[22,17],"product_tag":[930,934,933,888,932,931],"class_list":{"0":"post-2181","1":"product","2":"type-product","3":"status-publish","4":"has-post-thumbnail","6":"product_cat-sintered-filter-cartridge","7":"product_cat-sediment-filter","8":"product_tag-custom-micron-filter","9":"product_tag-custom-size-filter-media","10":"product_tag-industrial-filtration-parts","11":"product_tag-oem-filter-element","12":"product_tag-process-liquid-filter-cartridge","13":"product_tag-water-filtration-element","15":"first","16":"instock","17":"shipping-taxable","18":"product-type-simple"},"_links":{"self":[{"href":"https:\/\/lyfilter.com\/de\/wp-json\/wp\/v2\/product\/2181","targetHints":{"allow":["GET"]}}],"collection":[{"href":"https:\/\/lyfilter.com\/de\/wp-json\/wp\/v2\/product"}],"about":[{"href":"https:\/\/lyfilter.com\/de\/wp-json\/wp\/v2\/types\/product"}],"replies":[{"embeddable":true,"href":"https:\/\/lyfilter.com\/de\/wp-json\/wp\/v2\/comments?post=2181"}],"wp:featuredmedia":[{"embeddable":true,"href":"https:\/\/lyfilter.com\/de\/wp-json\/wp\/v2\/media\/2185"}],"wp:attachment":[{"href":"https:\/\/lyfilter.com\/de\/wp-json\/wp\/v2\/media?parent=2181"}],"wp:term":[{"taxonomy":"product_brand","embeddable":true,"href":"https:\/\/lyfilter.com\/de\/wp-json\/wp\/v2\/product_brand?post=2181"},{"taxonomy":"product_cat","embeddable":true,"href":"https:\/\/lyfilter.com\/de\/wp-json\/wp\/v2\/product_cat?post=2181"},{"taxonomy":"product_tag","embeddable":true,"href":"https:\/\/lyfilter.com\/de\/wp-json\/wp\/v2\/product_tag?post=2181"}],"curies":[{"name":"wp","href":"https:\/\/api.w.org\/{rel}","templated":true}]}}