{"id":2175,"date":"2026-01-06T08:55:35","date_gmt":"2026-01-06T08:55:35","guid":{"rendered":"https:\/\/lyfilter.com\/?post_type=product&#038;p=2175"},"modified":"2026-01-06T08:55:35","modified_gmt":"2026-01-06T08:55:35","slug":"pleated-filter-element-polyethylene-filters","status":"publish","type":"product","link":"https:\/\/lyfilter.com\/de\/pleated-filter-element-polyethylene-filters\/","title":{"rendered":"Plissierte Filterelemente Polyethylen-Filter"},"content":{"rendered":"<div class=\"unit-detail-html-tabs__content-attr\">\n<div class=\"unit-product-attrparam\">\n<div class=\"unit-product-attrparam__items row\">\n<div class=\"col-12 col-md-6\">\n<div class=\"unit-product-attrparam__item\">\n<div class=\"unit-product-attrparam__label\">Material<\/div>\n<div class=\"unit-product-attrparam__value\" title=\"pe \">pe<\/div>\n<\/div>\n<\/div>\n<div class=\"col-12 col-md-6\">\n<div class=\"unit-product-attrparam__item\">\n<div class=\"unit-product-attrparam__label\">Verf\u00fcgbarkeit<\/div>\n<div class=\"unit-product-attrparam__value\" title=\"OEM\">OEM<\/div>\n<\/div>\n<\/div>\n<\/div>\n<\/div>\n<\/div>\n<div class=\"unit-detail-html-tabs__content-featuresAttr\"><\/div>\n<div class=\"unit-detail-html-tabs__content-html\">\n<div class=\"J_module\">\n<div class=\"detail-decorate-json-renderer-container\">\n<div class=\"magic-0\">\n<h1 class=\"magic-1\" data-id=\"title0\">Plissierte Filterelemente Polyethylen-Filter<\/h1>\n<\/div>\n<\/div>\n<\/div>\n<div class=\"J_module\">\n<div id=\"ali-anchor-AliMagic-bs4eha\" class=\"magic-5\" data-section=\"AliMagic-bs4eha\" data-section-title=\"Product Description\"><strong>Beschreibung des Produkts<\/strong><\/div>\n<\/div>\n<div class=\"J_module\">\n<div class=\"detail-decorate-json-renderer-container\">\n<div class=\"magic-0\">\n<div class=\"magic-2\">\n<div class=\"magic-3\">\n<div class=\"magic-4\" data-id=\"paragraph0\">\n<p class=\"magic-14\">Das gesinterte PE\u00a0<a href=\"https:\/\/lyfilter.com\/de\/products.html\/\">Filtereinsatz<\/a>\u00a0besteht aus gesintertem und geformtem Polyethylen mit ultrahohem Molekulargewicht, das eine kompakte Struktur aufweist, stark und leicht ist, einem hohen Filtrationsdruck standh\u00e4lt, ungiftig und geschmacksneutral ist und eine gute Korrosionsbest\u00e4ndigkeit gegen\u00fcber sauren und alkalischen L\u00f6sungsmitteln aufweist.<\/p>\n<p class=\"magic-14\">Produktverwendung Das PE-Sinterfilterelement wird haupts\u00e4chlich f\u00fcr die Filtration und Abwasserbehandlung von reinem Wasser, Haushaltswasser, Getr\u00e4nken, medizinischer Behandlung, galvanischen Fl\u00fcssigkeiten, Emulsionen, Waschfl\u00fcssigkeiten, S\u00e4ure-Basen-L\u00f6sungen und anderen Fl\u00fcssigkeiten verwendet. Es kann nicht nur suspendierte Feststoffe in der Fl\u00fcssigkeit filtern, sondern auch Chlor, organische Verunreinigungen, Farbe, Geruch, etc. in der Fl\u00fcssigkeit entfernen.<\/p>\n<p class=\"magic-14\">Betriebsbedingungen 0-40\u2103 Maximale Betriebsdruckdifferenz 6bar<br \/>\nMaximale Betriebsdruckdifferenz bei 60\u2103 5bar<br \/>\n80\u2103 maximale Betriebsdruckdifferenz 4,5bar<br \/>\n120\u2103 maximale Betriebsdruckdifferenz 4bar<\/p>\n<p class=\"magic-14\">\n<div class=\"table-responsive\">\n<table border=\"1\" width=\"473\" cellspacing=\"0\" cellpadding=\"0\">\n<colgroup>\n<col \/>\n<col \/><\/colgroup>\n<tbody>\n<tr class=\"firstRow\">\n<td height=\"58\"><span data-spm-anchor-id=\"a2700.details.pronpeci14.i2.630b620erd6B2X\">Material<\/span><\/td>\n<td>rostfreier Stahl304\/316L, Bronze, Messing, Kunststoff PE PP<\/td>\n<\/tr>\n<tr>\n<td height=\"114\">Anmeldung<\/td>\n<td>Produktionsanlagen, Lebensmittel- und Getr\u00e4nkefabriken, Bauernh\u00f6fe, Hausgebrauch, Energie und Bergbau, Filtersysteme<\/td>\n<\/tr>\n<tr>\n<td height=\"59\">Porengr\u00f6\u00dfe<\/td>\n<td>0,5um, 2um, 5um, 10um, 15um, 20um, 40um, 60um, 90um, 100um<\/td>\n<\/tr>\n<tr>\n<td rowspan=\"2\" height=\"73\">Merkmal<\/td>\n<td><\/td>\n<\/tr>\n<tr>\n<td height=\"53\">Gleichm\u00e4\u00dfige Verteilung der Partikel, keine Schlacke, sch\u00f6nes Aussehen<\/td>\n<\/tr>\n<tr>\n<td height=\"22\">Filter Bewertung<\/td>\n<td>99.99%<\/td>\n<\/tr>\n<tr>\n<td height=\"22\">Dicke<\/td>\n<td>1-1000mm<\/td>\n<\/tr>\n<tr>\n<td height=\"22\">Breite<\/td>\n<td>0,1-500 mm<\/td>\n<\/tr>\n<tr>\n<td height=\"47\">Form<\/td>\n<td data-spm-anchor-id=\"a2700.details.pronpeci14.i5.630b620erd6B2X\">Scheibe, Rohr, Becher oder kundenspezifische Form<\/td>\n<\/tr>\n<tr>\n<td height=\"20\">Verwendung<\/td>\n<td>Luftfilter<\/td>\n<\/tr>\n<\/tbody>\n<\/table>\n<\/div>\n<p>&nbsp;<\/p>\n<\/div>\n<\/div>\n<\/div>\n<\/div>\n<\/div>\n<\/div>\n<div class=\"J_module\">\n<div class=\"icbu-pc-images magic-6\">\n<div class=\"flex-layout-v\">\n<p>\u00a0<img decoding=\"async\" src=\"https:\/\/img.yfisher.com\/m6076\/1725732543nb1\/png70-t3-scale100.webp\" alt=\"Faltenfilterelement Polyethylen-Filter 2\" data-lazy=\"2\" title=\"\"><\/p>\n<\/div>\n<\/div>\n<\/div>\n<div class=\"J_module\">\n<div class=\"icbu-pc-images magic-6\">\n<div class=\"flex-layout-v\">\n<div class=\"flex-layout-h magic-6\">\n<div class=\"magic-44\">\n<p><strong>Unsere Vorteile:<\/strong><\/p>\n<p>&nbsp;<\/p>\n<p>Professioneller Hersteller mit langj\u00e4hriger Erfahrung<br \/>\nGute Qualit\u00e4t mit konkurrenzf\u00e4higem Preis<br \/>\nOEM &amp; ODM sind willkommen<br \/>\nFertigung nach Ihrem Muster oder Ihrer Zeichnung<\/p>\n<\/div>\n<\/div>\n<\/div>\n<\/div>\n<\/div>\n<\/div>","protected":false},"excerpt":{"rendered":"<p>Sie erhalten ein starkes, leichtes PE-Sinterfilterelement, das zur Reinigung von Wasser und Prozessfl\u00fcssigkeiten beitr\u00e4gt, ohne Geschmack oder Geruch zu verursachen. Es h\u00e4lt hohem Druck stand, ist s\u00e4ure- und laugenbest\u00e4ndig und kann nach Ihrer Gr\u00f6\u00dfe oder Zeichnung gefertigt werden.<\/p>","protected":false},"featured_media":2179,"comment_status":"open","ping_status":"closed","template":"","meta":{"_gspb_post_css":""},"product_brand":[],"product_cat":[17,22],"product_tag":[922,923,925,920,921,924],"class_list":{"0":"post-2175","1":"product","2":"type-product","3":"status-publish","4":"has-post-thumbnail","6":"product_cat-sediment-filter","7":"product_cat-sintered-filter-cartridge","8":"product_tag-0-5-100-micron-pe-filter","9":"product_tag-acid-alkali-resistant-filter","10":"product_tag-oem-odm-custom-filter","11":"product_tag-pe-sintered-filter-element","12":"product_tag-pleated-pe-filter-element","13":"product_tag-water-and-beverage-filtration","15":"first","16":"instock","17":"shipping-taxable","18":"product-type-simple"},"_links":{"self":[{"href":"https:\/\/lyfilter.com\/de\/wp-json\/wp\/v2\/product\/2175","targetHints":{"allow":["GET"]}}],"collection":[{"href":"https:\/\/lyfilter.com\/de\/wp-json\/wp\/v2\/product"}],"about":[{"href":"https:\/\/lyfilter.com\/de\/wp-json\/wp\/v2\/types\/product"}],"replies":[{"embeddable":true,"href":"https:\/\/lyfilter.com\/de\/wp-json\/wp\/v2\/comments?post=2175"}],"wp:featuredmedia":[{"embeddable":true,"href":"https:\/\/lyfilter.com\/de\/wp-json\/wp\/v2\/media\/2179"}],"wp:attachment":[{"href":"https:\/\/lyfilter.com\/de\/wp-json\/wp\/v2\/media?parent=2175"}],"wp:term":[{"taxonomy":"product_brand","embeddable":true,"href":"https:\/\/lyfilter.com\/de\/wp-json\/wp\/v2\/product_brand?post=2175"},{"taxonomy":"product_cat","embeddable":true,"href":"https:\/\/lyfilter.com\/de\/wp-json\/wp\/v2\/product_cat?post=2175"},{"taxonomy":"product_tag","embeddable":true,"href":"https:\/\/lyfilter.com\/de\/wp-json\/wp\/v2\/product_tag?post=2175"}],"curies":[{"name":"wp","href":"https:\/\/api.w.org\/{rel}","templated":true}]}}