{"id":2169,"date":"2026-01-06T08:52:45","date_gmt":"2026-01-06T08:52:45","guid":{"rendered":"https:\/\/lyfilter.com\/?post_type=product&#038;p=2169"},"modified":"2026-01-06T08:55:13","modified_gmt":"2026-01-06T08:55:13","slug":"soe-doe-sintered-pe-polyethylene-filters","status":"publish","type":"product","link":"https:\/\/lyfilter.com\/de\/soe-doe-sintered-pe-polyethylene-filters\/","title":{"rendered":"SOE DOE Gesinterte PE Polyethylen-Filter"},"content":{"rendered":"<div class=\"unit-detail-html-tabs__content-attr\">\n<div class=\"unit-product-attrparam\">\n<div class=\"unit-product-attrparam__items row\">\n<div class=\"col-12 col-md-6\">\n<div class=\"unit-product-attrparam__item\">\n<div class=\"unit-product-attrparam__label\">Material<\/div>\n<div class=\"unit-product-attrparam__value\" title=\"pe \">pe<\/div>\n<\/div>\n<\/div>\n<div class=\"col-12 col-md-6\">\n<div class=\"unit-product-attrparam__item\">\n<div class=\"unit-product-attrparam__label\">Verf\u00fcgbarkeit<\/div>\n<div class=\"unit-product-attrparam__value\" title=\"OEM\">OEM<\/div>\n<\/div>\n<\/div>\n<\/div>\n<\/div>\n<\/div>\n<div class=\"unit-detail-html-tabs__content-featuresAttr\"><\/div>\n<div class=\"unit-detail-html-tabs__content-html\">\n<p><strong>SOE DOE Gesinterte PE Polyethylen-Filter<\/strong><\/p>\n<div class=\"J_module\">\n<div id=\"ali-anchor-AliMagic-y6yz6z\" class=\"magic-4\" data-section=\"AliMagic-y6yz6z\" data-section-title=\"Product Description\"><strong>Beschreibung des Produkts<\/strong><\/div>\n<div class=\"magic-4\" data-section=\"AliMagic-y6yz6z\" data-section-title=\"Product Description\"><\/div>\n<\/div>\n<div class=\"J_module\">\n<div class=\"detail-decorate-json-renderer-container\">\n<div class=\"magic-0\">\n<div class=\"magic-1\">\n<div class=\"magic-2\">\n<div class=\"magic-3\" data-id=\"paragraph0\">\n<p class=\"magic-13\">Lvyuan stellt verschiedene Produkte her, die sich durch eine hohe Filtrationsgenauigkeit und eine gro\u00dfe und lange Schmutzaufnahmekapazit\u00e4t auszeichnen. Zu den Produkten geh\u00f6ren: Staubfilter, Hydraulikfilter, Staubfilter, \u00d6l-Wasser-Trennfilter, Edelstahl-Faltfilter, Hydraulik\u00f6lfilter, High-Flow-Wasserfilter, etc.<\/p>\n<\/div>\n<\/div>\n<\/div>\n<\/div>\n<\/div>\n<\/div>\n<div class=\"J_module\">\n<div class=\"icbu-pc-images magic-5\">\n<div class=\"flex-layout-v\">\n<div class=\"flex-layout-h magic-5\">\n<div class=\"magic-25\"><\/div>\n<\/div>\n<\/div>\n<\/div>\n<\/div>\n<div class=\"J_module\">\n<div class=\"ife-detail-decorate-table\">\n<div class=\"table-responsive\">\n<table class=\"all magic-26\" border=\"1\" cellspacing=\"0\" cellpadding=\"0\">\n<tbody>\n<tr class=\"firstRow\">\n<td colspan=\"1\" rowspan=\"1\">\n<div class=\"magic-27\">\n<div data-spm-anchor-id=\"0.0.0.i1.4f2a4f05b619fX\">Name des Produkts<\/div>\n<\/div>\n<\/td>\n<td colspan=\"3\" rowspan=\"1\">\n<div class=\"magic-28\">Rohr 300mm 500mm 700mm Filter 5 Mikron por\u00f6se gesinterte PE Kunststoffrohrfilter f\u00fcr Schwimmbadwasseraufbereitung<\/div>\n<\/td>\n<td class=\"magic-29\" rowspan=\"0\">\n<div class=\"magic-30\"><\/div>\n<\/td>\n<td class=\"magic-29\" rowspan=\"0\">\n<div class=\"magic-30\"><\/div>\n<\/td>\n<\/tr>\n<tr>\n<td colspan=\"1\" rowspan=\"1\">\n<div class=\"magic-27\">Durchmesser<\/div>\n<\/td>\n<td colspan=\"3\" rowspan=\"1\">\n<div class=\"magic-28\">10mm,20mm,30mm,40mm,50mm,60mm,70mm,80mm,90mm,100mm,110mm,<br \/>\n120mm, 200mm, etc.<\/div>\n<\/td>\n<td class=\"magic-29\" rowspan=\"0\">\n<div class=\"magic-30\"><\/div>\n<\/td>\n<td class=\"magic-29\" rowspan=\"0\">\n<div class=\"magic-30\"><\/div>\n<\/td>\n<\/tr>\n<tr>\n<td colspan=\"1\" rowspan=\"1\">\n<div class=\"magic-27\">L\u00e4nge<\/div>\n<\/td>\n<td colspan=\"3\" rowspan=\"1\">\n<div class=\"magic-28\">1\u2033, 2,5\u2033, 5\u2033, 10\u2033, 20\u2033, 30\u2033, 40\u2033, 50\u2033 usw.<\/div>\n<\/td>\n<td class=\"magic-29\" rowspan=\"0\">\n<div class=\"magic-30\"><\/div>\n<\/td>\n<td class=\"magic-29\" rowspan=\"0\">\n<div class=\"magic-30\"><\/div>\n<\/td>\n<\/tr>\n<tr>\n<td colspan=\"1\" rowspan=\"1\">\n<div class=\"magic-27\">Mikron-Rate<\/div>\n<\/td>\n<td colspan=\"3\" rowspan=\"1\">\n<div class=\"magic-31\">0.2um,0.3um,0.45um,1um,3um,5um,10um,20um,30um,40um,50um,100um,etc.<\/div>\n<\/td>\n<td class=\"magic-29\" rowspan=\"0\">\n<div class=\"magic-30\"><\/div>\n<\/td>\n<td class=\"magic-29\" rowspan=\"0\">\n<div class=\"magic-30\"><\/div>\n<\/td>\n<\/tr>\n<tr>\n<td colspan=\"1\" rowspan=\"1\">\n<div class=\"magic-27\">Arbeitstemperatur<\/div>\n<\/td>\n<td colspan=\"3\" rowspan=\"1\">\n<div class=\"magic-31\">PE\u226480\u2103; PTFE\u2265200\u2103;PA\u2264120\u2103<\/div>\n<\/td>\n<td class=\"magic-29\" rowspan=\"0\">\n<div class=\"magic-30\"><\/div>\n<\/td>\n<td class=\"magic-29\" rowspan=\"0\">\n<div class=\"magic-30\"><\/div>\n<\/td>\n<\/tr>\n<tr>\n<td colspan=\"1\" rowspan=\"1\">\n<div class=\"magic-27\">Filter-Anschluss<\/div>\n<\/td>\n<td colspan=\"3\" rowspan=\"1\">\n<div class=\"magic-31\">FLACH, EINSATZTYP, GEWINDETYP, 226, 222, 215, KUNDENSPEZIFISCH<\/div>\n<\/td>\n<td class=\"magic-29\" rowspan=\"0\">\n<div class=\"magic-30\"><\/div>\n<\/td>\n<td class=\"magic-29\" rowspan=\"0\">\n<div class=\"magic-30\"><\/div>\n<\/td>\n<\/tr>\n<tr>\n<td colspan=\"1\" rowspan=\"1\">\n<div class=\"magic-27\">Bemerkung<\/div>\n<\/td>\n<td colspan=\"3\" rowspan=\"1\">\n<div class=\"magic-31\"><strong>Filtergr\u00f6\u00dfe und Mikronzahl k\u00f6nnen individuell angepasst werden. Kleinere Gr\u00f6\u00dfe oder gr\u00f6\u00dfere Gr\u00f6\u00dfe!<\/strong><\/div>\n<\/td>\n<td class=\"magic-29\" rowspan=\"0\">\n<div class=\"magic-30\"><\/div>\n<\/td>\n<td class=\"magic-29\" rowspan=\"0\">\n<div class=\"magic-30\"><\/div>\n<\/td>\n<\/tr>\n<\/tbody>\n<\/table>\n<\/div>\n<\/div>\n<\/div>\n<div class=\"J_module\">\n<div class=\"icbu-pc-images magic-5\">\n<div class=\"flex-layout-h\">\n<div class=\"magic-33\"><\/div>\n<\/div>\n<\/div>\n<\/div>\n<div class=\"J_module\">\n<div class=\"icbu-pc-images magic-5\">\n<div class=\"flex-layout-v\">\n<div class=\"flex-layout-h magic-5\">\n<p>\u00a0<img decoding=\"async\" src=\"https:\/\/img.yfisher.com\/m6076\/1725732541imv\/png70-t3-scale100.webp\" alt=\"SOE DOE Gesinterte PE Polyethylen-Filter 2\" data-lazy=\"2\" title=\"\"><\/p>\n<\/div>\n<\/div>\n<\/div>\n<\/div>\n<div class=\"J_module\">\n<div id=\"ali-anchor-AliMagic-gir0c3\" class=\"magic-4\" data-section=\"AliMagic-gir0c3\" data-section-title=\"Application\"><strong>Anmeldung<\/strong><\/div>\n<\/div>\n<div class=\"J_module\">\n<div class=\"detail-decorate-json-renderer-container\">\n<div class=\"magic-0\">\n<div class=\"magic-47\">\n<div class=\"magic-48\">\n<div class=\"magic-49\"><\/div>\n<\/div>\n<div class=\"magic-2\">\n<div class=\"magic-3\" data-id=\"paragraph0\">\n<p class=\"magic-13\">Lebensmittelindustrie<\/p>\n<\/div>\n<\/div>\n<\/div>\n<div class=\"magic-47\">\n<div class=\"magic-2\">\n<div class=\"magic-3\" data-id=\"paragraph1\">\n<p class=\"magic-13\">\u00d6lindustrie<\/p>\n<\/div>\n<\/div>\n<\/div>\n<\/div>\n<\/div>\n<\/div>\n<div class=\"J_module\">\n<div class=\"detail-decorate-json-renderer-container\">\n<div class=\"magic-0\">\n<div class=\"magic-47\">\n<div class=\"magic-2\">\n<div class=\"magic-3\" data-id=\"paragraph0\">\n<p class=\"magic-13\">Behandlung von Abw\u00e4ssern<\/p>\n<\/div>\n<\/div>\n<\/div>\n<div class=\"magic-47\">\n<div class=\"magic-2\">\n<div class=\"magic-3\" data-id=\"paragraph1\">\n<p class=\"magic-13\">Maschinenindustrie<br \/>\n(1) Behandlung von Abw\u00e4ssern mit schweren mentalen Hydroxiden<br \/>\n(2) Behandlung von Schwermetallabw\u00e4ssern im Mixverfahren<br \/>\n(3) Chemische Abwasserbehandlung<br \/>\n(4) Keramische Abwasserbehandlung<br \/>\n(5) Behandlung aluminiumhaltiger Abw\u00e4sser<br \/>\n(6) Sonstige Abwasserbehandlung<\/p>\n<\/div>\n<\/div>\n<\/div>\n<\/div>\n<\/div>\n<\/div>\n<div class=\"J_module\">\n<div id=\"ali-anchor-AliMagic-dy3ixv\" class=\"magic-4\" data-section=\"AliMagic-dy3ixv\" data-section-title=\"Packing &amp; Delivery\">Verpackung &amp; Lieferung<\/div>\n<\/div>\n<div class=\"J_module\">\n<div class=\"icbu-pc-images magic-5\">\n<div class=\"flex-layout-v\">\n<div class=\"flex-layout-h magic-5\">\n<div class=\"magic-44\"><\/div>\n<div class=\"magic-46\">\u00a0Unser Werk<\/div>\n<\/div>\n<\/div>\n<\/div>\n<\/div>\n<div class=\"J_module\">\n<p><img decoding=\"async\" src=\"https:\/\/img.yfisher.com\/m6076\/1725732541lwj\/png70-t3-scale100.webp\" alt=\"SOE DOE Gesinterte PE Polyethylen-Filter 3\" data-lazy=\"2\" title=\"\"><\/p>\n<\/div>\n<div class=\"J_module\">\n<div class=\"icbu-pc-images magic-5\">\n<div>\n<div class=\"flex-layout-v\">\n<div class=\"flex-layout-h magic-5\">\n<div class=\"magic-54\"><\/div>\n<div class=\"magic-54\"><\/div>\n<div class=\"magic-54\"><strong>Guter Service<\/strong><\/div>\n<ul>\n<li class=\"magic-54\">Guter Service durch erfahrenen Manager<\/li>\n<li class=\"magic-54\">Jedes Produkt wird einzeln einer strengen Kontrolle unterzogen<\/li>\n<li class=\"magic-54\">P\u00fcnktliche Lieferung<\/li>\n<li class=\"magic-54\">Kleines MOQ ist akzeptabel<\/li>\n<li class=\"magic-54\">Reiche Erfahrung mit dem Export nach Afrika, dem Nahen Osten, S\u00fcdostasien und S\u00fcdamerika<\/li>\n<li class=\"magic-54\">5-60 Mikron kundenspezifische Gr\u00f6\u00dfe PE Kunststoff Sinterfilter<\/li>\n<\/ul>\n<\/div>\n<\/div>\n<\/div>\n<\/div>\n<\/div>\n<\/div>","protected":false},"excerpt":{"rendered":"<p>Sie erhalten einen langlebigen, por\u00f6sen PE-Sinterrohrfilter, der feine Partikel abf\u00e4ngt und Ihr Wasser sauberer h\u00e4lt. W\u00e4hlen Sie den Durchmesser, die L\u00e4nge und die Mikronzahl, die Sie ben\u00f6tigen, und passen Sie dann den Anschluss an, damit er problemlos in Ihr System passt.<\/p>","protected":false},"featured_media":2176,"comment_status":"open","ping_status":"closed","template":"","meta":{"_gspb_post_css":""},"product_brand":[],"product_cat":[17,22],"product_tag":[919,917,918,915,914,916],"class_list":{"0":"post-2169","1":"product","2":"type-product","3":"status-publish","4":"has-post-thumbnail","6":"product_cat-sediment-filter","7":"product_cat-sintered-filter-cartridge","8":"product_tag-222-226-215-connectors","9":"product_tag-5-micron-pe-tube-filter","10":"product_tag-oem-pe-filter-element","11":"product_tag-porous-pe-tube-filter","12":"product_tag-sintered-pe-filter","13":"product_tag-swimming-pool-water-treatment-filter","15":"first","16":"instock","17":"shipping-taxable","18":"product-type-simple"},"_links":{"self":[{"href":"https:\/\/lyfilter.com\/de\/wp-json\/wp\/v2\/product\/2169","targetHints":{"allow":["GET"]}}],"collection":[{"href":"https:\/\/lyfilter.com\/de\/wp-json\/wp\/v2\/product"}],"about":[{"href":"https:\/\/lyfilter.com\/de\/wp-json\/wp\/v2\/types\/product"}],"replies":[{"embeddable":true,"href":"https:\/\/lyfilter.com\/de\/wp-json\/wp\/v2\/comments?post=2169"}],"wp:featuredmedia":[{"embeddable":true,"href":"https:\/\/lyfilter.com\/de\/wp-json\/wp\/v2\/media\/2176"}],"wp:attachment":[{"href":"https:\/\/lyfilter.com\/de\/wp-json\/wp\/v2\/media?parent=2169"}],"wp:term":[{"taxonomy":"product_brand","embeddable":true,"href":"https:\/\/lyfilter.com\/de\/wp-json\/wp\/v2\/product_brand?post=2169"},{"taxonomy":"product_cat","embeddable":true,"href":"https:\/\/lyfilter.com\/de\/wp-json\/wp\/v2\/product_cat?post=2169"},{"taxonomy":"product_tag","embeddable":true,"href":"https:\/\/lyfilter.com\/de\/wp-json\/wp\/v2\/product_tag?post=2169"}],"curies":[{"name":"wp","href":"https:\/\/api.w.org\/{rel}","templated":true}]}}