{"id":2162,"date":"2026-01-06T08:48:32","date_gmt":"2026-01-06T08:48:32","guid":{"rendered":"https:\/\/lyfilter.com\/?post_type=product&#038;p=2162"},"modified":"2026-01-06T08:48:33","modified_gmt":"2026-01-06T08:48:33","slug":"best-price-20-40-inch-ppf-water-filter-cartridge-5-micron-40-inch-1-micron-pp-water-filter-candle","status":"publish","type":"product","link":"https:\/\/lyfilter.com\/de\/best-price-20-40-inch-ppf-water-filter-cartridge-5-micron-40-inch-1-micron-pp-water-filter-candle\/","title":{"rendered":"Bester Preis 20 40 Zoll ppf Wasserfilterpatrone 5 Mikron\/40 Zoll 1 Mikron pp Wasserfilterkerze"},"content":{"rendered":"<table>\n<thead>\n<tr>\n<th>Artikel<\/th>\n<th>Details<\/th>\n<\/tr>\n<\/thead>\n<tbody>\n<tr>\n<td>Herkunftsort<\/td>\n<td>guangdong, china<\/td>\n<\/tr>\n<tr>\n<td>Markenname<\/td>\n<td>lvyuan \/ Erstausr\u00fcster<\/td>\n<\/tr>\n<tr>\n<td>Modellnummer<\/td>\n<td>ly-pp<\/td>\n<\/tr>\n<tr>\n<td>Leistung (w)<\/td>\n<td>0<\/td>\n<\/tr>\n<tr>\n<td>Spannung (v)<\/td>\n<td>0<\/td>\n<\/tr>\n<tr>\n<td>Zertifizierung<\/td>\n<td>ce; gs; rohs; bv<\/td>\n<\/tr>\n<tr>\n<td>Typ<\/td>\n<td>Vorfiltration<\/td>\n<\/tr>\n<tr>\n<td>verwenden.<\/td>\n<td>Sicherheitsfiltergeh\u00e4use<\/td>\n<\/tr>\n<tr>\n<td>Genauigkeit<\/td>\n<td>1-100 Mikron<\/td>\n<\/tr>\n<tr>\n<td>L\u00e4nge<\/td>\n<td>10\u2033 (254mm); 20\u2033 (508mm); 30\u2033 (762mm); 40\u2033 (1016mm)<\/td>\n<\/tr>\n<tr>\n<td>Au\u00dfendurchmesser<\/td>\n<td>60-65 mm<\/td>\n<\/tr>\n<tr>\n<td>Innendurchmesser<\/td>\n<td>28 mm \/ 30 mm<\/td>\n<\/tr>\n<tr>\n<td>Filtertyp<\/td>\n<td>Rille; Pr\u00e4gung; Punkte; Firmenlogo<\/td>\n<\/tr>\n<tr>\n<td>Filterschnittstelle<\/td>\n<td>flacher Typ; Typ 222; Typ 226; Typ 215<\/td>\n<\/tr>\n<tr>\n<td>h\u00f6chste Temperatur<\/td>\n<td>80\u2103<\/td>\n<\/tr>\n<tr>\n<td>Arbeitsdruckabfall<\/td>\n<td>0,1 kgf\/c\u33a1<\/td>\n<\/tr>\n<tr>\n<td>h\u00f6chst beengt<\/td>\n<td>5 kgf\/c\u33a1<\/td>\n<\/tr>\n<tr>\n<td>maximaler Druckverlust<\/td>\n<td>3 kgf\/c\u33a1<\/td>\n<\/tr>\n<tr>\n<td>Lieferf\u00e4higkeit<\/td>\n<td>1000 St\u00fcck\/St\u00fccke pro Tag<\/td>\n<\/tr>\n<\/tbody>\n<\/table>\n<div class=\"pro_aliData\">\n<div class=\"detail-box\">\n<div class=\"scc-wrapper detail-module module-productSpecification\" data-spm=\"pronpeci14\">\n<div id=\"J-rich-text-description\" class=\"richtext richtext-detail rich-text-description\">\n<p>Einleitung:<\/p>\n<p>PP Melt-blown-Filterpatronen (PPF) werden aus Polypropylen hergestellt.<\/p>\n<p>Es kann Schwebstoffe, Partikel und Rost wirksam entfernen.<\/p>\n<p>Diese Art von Patrone wird f\u00fcr die vordere Filterpatrone verwendet, um andere zu sch\u00fctzen.<\/p>\n<p>&nbsp;<\/p>\n<p>&nbsp;<\/p>\n<p>&nbsp;<\/p>\n<p>&nbsp;<\/p>\n<p>Parameter:<\/p>\n<div class=\"table-responsive\">\n<table class=\"aliDataTable\">\n<tbody>\n<tr align=\"left\">\n<td valign=\"top\">Produkt<\/td>\n<td valign=\"top\">5-Mikron-Filterpatrone aus gesponnenem Polypropylen mit PP-Kern<\/td>\n<\/tr>\n<tr align=\"left\">\n<td valign=\"top\">Material<\/td>\n<td valign=\"top\">PP, Polypropylen<\/td>\n<\/tr>\n<tr align=\"left\">\n<td valign=\"top\">Stil<\/td>\n<td valign=\"top\">Rille, Druckpunkte, flach, kreuzend<\/td>\n<\/tr>\n<tr align=\"left\">\n<td valign=\"top\">Pr\u00e4zisionsfiltration<\/td>\n<td valign=\"top\">1~100micron<\/td>\n<\/tr>\n<tr align=\"left\">\n<td valign=\"top\">\u00c4u\u00dferer Durchmesser<\/td>\n<td valign=\"top\">60~65mm<\/td>\n<\/tr>\n<tr align=\"left\">\n<td valign=\"top\">Innendurchmesser<\/td>\n<td valign=\"top\">28mm oder 30mm<\/td>\n<\/tr>\n<tr align=\"left\">\n<td valign=\"top\">Schnittstelle<\/td>\n<td valign=\"top\">Flach, eingesetzt, geschraubt<\/td>\n<\/tr>\n<tr align=\"left\">\n<td valign=\"top\">Endkappen-Typ<\/td>\n<td valign=\"top\">222flach, 222fin, 226flach, 226fin, 215flach, 215fin<\/td>\n<\/tr>\n<tr align=\"left\">\n<td valign=\"top\">L\u00e4nge<\/td>\n<td valign=\"top\">5\u201d,10\u201d,20\u201d,30\u201d,40\u201d,50\u2033, 60\u2033<\/td>\n<\/tr>\n<tr align=\"left\">\n<td valign=\"top\">Maximaler Differenzdruck<\/td>\n<td valign=\"top\">3 kgf\/cm\u00b2<\/td>\n<\/tr>\n<tr align=\"left\">\n<td valign=\"top\">Maximale Betriebstemperatur<\/td>\n<td valign=\"top\">80\u00b0c<\/td>\n<\/tr>\n<tr align=\"left\">\n<td valign=\"top\">Betriebsdifferenzdruck<\/td>\n<td valign=\"top\">0,1kgf\/cm2<\/td>\n<\/tr>\n<tr align=\"left\">\n<td valign=\"top\">Marke<\/td>\n<td valign=\"top\">Lvyuan\/OEM<\/td>\n<\/tr>\n<tr align=\"left\">\n<td valign=\"top\">Gemeinsames Gewicht<\/td>\n<td valign=\"top\">100- 120g\/10\u2033 (kann angepasst werden)<\/td>\n<\/tr>\n<\/tbody>\n<\/table>\n<\/div>\n<p>&nbsp;<\/p>\n<p>&nbsp;<\/p>\n<p>&nbsp;<\/p>\n<p>&nbsp;<\/p>\n<p>Merkmale:<\/p>\n<p>1. Bewegen Sie Schwebstoffe, Partikel und Rost effektiv.<\/p>\n<p>2. Vorfiltrierung von Wasser<\/p>\n<p>3. Breite chemische Vertr\u00e4glichkeit<\/p>\n<p>4. Druckfest<\/p>\n<p>5. Hohe chemische Best\u00e4ndigkeit.<\/p>\n<p>6. Alle Arten von Adaptern sind verf\u00fcgbar<\/p>\n<p>7. Hohe Schadstoffaufnahmekapazit\u00e4t und lange Lebensdauer.<\/p>\n<p>&nbsp;<\/p>\n<p>&nbsp;<\/p>\n<p>&nbsp;<\/p>\n<p>&nbsp;<\/p>\n<p>Umfang:<\/p>\n<p>Vorfiltration oder RO-System, L\u00f6sungsmittel, chemische Industrie, \u00d6lindustrie,<\/p>\n<p>Trinkwasseraufbereitung, Elektronik- und Energieindustrie, Galvanotechnik,<\/p>\n<p>Lebensmittel und Getr\u00e4nke, Wein, usw.<\/p>\n<p>&nbsp;<\/p>\n<p>&nbsp;<\/p>\n<p>&nbsp;<\/p>\n<p>Verpackung Detail: 10\u2033:50PCS\/CTN; 20\u2033:25PCS\/CTN; 30\u2033:25PC\/CTN;40\u2033:25PCS\/CTN<\/p>\n<p>Detail der Lieferung: Innerhalb von 7 Tagen nach Erhalt 30% Ablagerung<\/p>\n<p>&nbsp;<\/p>\n<p>&nbsp;<\/p>\n<p>&nbsp;<\/p>\n<p>&nbsp;<\/p>\n<p>&nbsp;<\/p>\n<p>Produkt zeigt:<\/p>\n<p><img decoding=\"async\" src=\"https:\/\/img.yfisher.com\/m6076\/1725731201we9\/jpg70-t3-scale100.webp\" alt=\"Bester Preis 20 40 Zoll ppf Wasserfilterpatrone 5 Mikron\/40 Zoll 1 Mikron pp Wasserfilterkerze 7\" data-alt=\"Best price 20 40 inch ppf water filter cartridge 5 micron\/40 inch 1 micron pp water filter candle\" data-=\"\" data-lazy=\"2\" title=\"\"><\/p>\n<p><img decoding=\"async\" src=\"https:\/\/img.yfisher.com\/m6076\/1725727044jk0\/jpg70-t3-scale100.webp\" alt=\"Bester Preis 20 40 Zoll ppf Wasserfilterpatrone 5 Mikron\/40 Zoll 1 Mikron pp Wasserfilterkerze 9\" data-alt=\"Best price 20 40 inch ppf water filter cartridge 5 micron\/40 inch 1 micron pp water filter candle\" data-=\"\" data-lazy=\"2\" title=\"\"><\/p>\n<p><img decoding=\"async\" src=\"https:\/\/img.yfisher.com\/m6076\/1725727044ad0\/jpg70-t3-scale100.webp\" alt=\"Bester Preis 20 40 Zoll ppf Wasserfilterpatrone 5 Mikron\/40 Zoll 1 Mikron pp Wasserfilterkerze 11\" data-alt=\"Best price 20 40 inch ppf water filter cartridge 5 micron\/40 inch 1 micron pp water filter candle\" data-=\"\" data-lazy=\"2\" title=\"\"><\/p>\n<p><img decoding=\"async\" src=\"https:\/\/img.yfisher.com\/m6076\/1725727044yry\/jpg70-t3-scale100.webp\" alt=\"Bester Preis 20 40 Zoll ppf Wasserfilterpatrone 5 Mikron\/40 Zoll 1 Mikron pp Wasserfilterkerze 13\" data-alt=\"Best price 20 40 inch ppf water filter cartridge 5 micron\/40 inch 1 micron pp water filter candle\" data-=\"\" data-lazy=\"2\" title=\"\"><\/p>\n<p><img decoding=\"async\" src=\"https:\/\/img.yfisher.com\/m6076\/17257312014p8\/jpg70-t3-scale100.webp\" alt=\"Bester Preis 20 40 Zoll ppf Wasserfilterpatrone 5 Mikron\/40 Zoll 1 Mikron pp Wasserfilterkerze 15\" data-alt=\"Best price 20 40 inch ppf water filter cartridge 5 micron\/40 inch 1 micron pp water filter candle\" data-=\"\" data-lazy=\"2\" title=\"\"><\/p>\n<p><img decoding=\"async\" src=\"https:\/\/img.yfisher.com\/m6076\/17257270449f1\/jpg70-t3-scale100.webp\" alt=\"Bester Preis 20 40 Zoll ppf Wasserfilterpatrone 5 Mikron\/40 Zoll 1 Mikron pp Wasserfilterkerze 17\" data-alt=\"Best price 20 40 inch ppf water filter cartridge 5 micron\/40 inch 1 micron pp water filter candle\" data-=\"\" data-lazy=\"2\" title=\"\"><\/p>\n<p><img decoding=\"async\" src=\"https:\/\/img.yfisher.com\/m6076\/1725727044bwm\/jpg70-t3-scale100.webp\" alt=\"Bester Preis 20 40 Zoll ppf Wasserfilterpatrone 5 Mikron\/40 Zoll 1 Mikron pp Wasserfilterkerze 19\" data-alt=\"Best price 20 40 inch ppf water filter cartridge 5 micron\/40 inch 1 micron pp water filter candle\" data-=\"\" data-lazy=\"2\" title=\"\"><\/p>\n<p>&nbsp;<\/p>\n<p>&nbsp;<\/p>\n<p>&nbsp;<\/p>\n<p>&nbsp;<\/p>\n<p>Bitte kontaktieren Sie uns f\u00fcr weitere Details oder Angebote<\/p>\n<p>wenn Sie an unseren Produkten oder unserem Unternehmen interessiert sind : )<\/p>\n<p>&nbsp;<\/p>\n<p>&nbsp;<\/p>\n<p>&nbsp;<\/p>\n<p><strong>Meine Kontaktinformationen --<\/strong><\/p>\n<p><img decoding=\"async\" src=\"https:\/\/img.yfisher.com\/m6076\/172572799710g\/jpg70-t3-scale100.webp\" alt=\"Bester Preis 20 40 Zoll ppf Wasserfilterpatrone 5 Mikron\/40 Zoll 1 Mikron pp Wasserfilterkerze 21\" data-alt=\"Best price 20 40 inch ppf water filter cartridge 5 micron\/40 inch 1 micron pp water filter candle\" data-=\"\" data-lazy=\"2\" title=\"\"><\/p>\n<\/div>\n<\/div>\n<div data-module=\"detailMarketPackage\"><\/div>\n<div data-module=\"productAuth\"><\/div>\n<\/div>\n<\/div>\n<div class=\"diffStatement\">Verglichen mit anderen\u00a0<a href=\"https:\/\/lyfilter.com\/de\/products.html\/\">Wasserfilterpatronen<\/a>\u00a0Guangzhou Lvyuan Water Purification Equipment Co., Ltd. ist technischer und wertbewusster als andere Unternehmen und verf\u00fcgt \u00fcber eine gro\u00dfe Anzahl hervorragender F&amp;E-Talente. Guangzhou Lvyuan Water Purification Equipment Co., Ltd. hat mehr Vorteile bei Wasserfilterpatronen als andere Unternehmen in China. Kundenspezifische Endkappen-Konfigurationen sind verf\u00fcgbar, um spezifische Anforderungen zu erf\u00fcllen<\/div>","protected":false},"excerpt":{"rendered":"<p>W\u00e4hlen Sie die L\u00e4nge, die Sie ben\u00f6tigen, passen Sie die richtige Schnittstelle an und f\u00fcgen Sie eine Rillen-\/Pr\u00e4gung oder Ihr Logo hinzu, um einen einfachen, einheitlichen Austausch zu gew\u00e4hrleisten.<\/p>","protected":false},"featured_media":2170,"comment_status":"open","ping_status":"closed","template":"","meta":{"_gspb_post_css":""},"product_brand":[],"product_cat":[23,17],"product_tag":[910,911,909,669,913,912],"class_list":{"0":"post-2162","1":"product","2":"type-product","3":"status-publish","4":"has-post-thumbnail","6":"product_cat-pp-filter-cartridge","7":"product_cat-sediment-filter","8":"product_tag-1-100-micron-pre-filtration","9":"product_tag-10-40-inch-pp-cartridge","10":"product_tag-ly-pp-filter-cartridge","11":"product_tag-pp-sediment-filter-cartridge","12":"product_tag-security-filter-housing-prefilter","13":"product_tag-type-222-226-215-interface","15":"first","16":"instock","17":"shipping-taxable","18":"product-type-simple"},"_links":{"self":[{"href":"https:\/\/lyfilter.com\/de\/wp-json\/wp\/v2\/product\/2162","targetHints":{"allow":["GET"]}}],"collection":[{"href":"https:\/\/lyfilter.com\/de\/wp-json\/wp\/v2\/product"}],"about":[{"href":"https:\/\/lyfilter.com\/de\/wp-json\/wp\/v2\/types\/product"}],"replies":[{"embeddable":true,"href":"https:\/\/lyfilter.com\/de\/wp-json\/wp\/v2\/comments?post=2162"}],"wp:featuredmedia":[{"embeddable":true,"href":"https:\/\/lyfilter.com\/de\/wp-json\/wp\/v2\/media\/2170"}],"wp:attachment":[{"href":"https:\/\/lyfilter.com\/de\/wp-json\/wp\/v2\/media?parent=2162"}],"wp:term":[{"taxonomy":"product_brand","embeddable":true,"href":"https:\/\/lyfilter.com\/de\/wp-json\/wp\/v2\/product_brand?post=2162"},{"taxonomy":"product_cat","embeddable":true,"href":"https:\/\/lyfilter.com\/de\/wp-json\/wp\/v2\/product_cat?post=2162"},{"taxonomy":"product_tag","embeddable":true,"href":"https:\/\/lyfilter.com\/de\/wp-json\/wp\/v2\/product_tag?post=2162"}],"curies":[{"name":"wp","href":"https:\/\/api.w.org\/{rel}","templated":true}]}}