{"id":2141,"date":"2026-01-06T08:38:36","date_gmt":"2026-01-06T08:38:36","guid":{"rendered":"https:\/\/lyfilter.com\/?post_type=product&#038;p=2141"},"modified":"2026-01-06T08:38:36","modified_gmt":"2026-01-06T08:38:36","slug":"pp-cto-udf-water-micro-filter-cartridge-for-reverse-osmosis","status":"publish","type":"product","link":"https:\/\/lyfilter.com\/de\/pp-cto-udf-water-micro-filter-cartridge-for-reverse-osmosis\/","title":{"rendered":"PP CTO UDF Wasser Mikrofilterpatrone f\u00fcr Umkehrosmose"},"content":{"rendered":"<p><strong>PP CTO UDF Wasser Mikrofilterpatrone Produktbeschreibung<\/strong><\/p>\n<p>&nbsp;<\/p>\n<p>PP, CTO und UDF sind die Hauptbestandteile der Wasserfilterpatrone.\u00a0\u00a0<strong>PP(Polypropylen)-Wasserfilter<\/strong>\u00a0oft die erste Stufe, ist ein Spinnfasernetz, das gr\u00f6\u00dfere Partikel wie Rost, Sand und Schutt mit Porengr\u00f6\u00dfen von typischerweise 3-5 Mikrometern zur\u00fcckh\u00e4lt.\u00a0<strong>CTO (Komprimierter Kohlenstoffblock) Filter<\/strong>, in der Regel die zweite oder dritte Stufe, ist eine dicht gepackte Aktivkohlepatrone. Sie entfernt effektiv Chlor, schlechten Geschmack, Ger\u00fcche und feine Poren fangen auch winzige Verunreinigungen ein.\u00a0<strong>UDF-Filter (k\u00f6rnige Aktivkohle)<\/strong>, Bei der UDF, die je nach Systemaufbau vor oder nach der CTO platziert werden kann, wird loses Kohlenstoffgranulat verwendet, um Verunreinigungen zu adsorbieren und das Wasser weiter zu verfeinern, indem alle verbleibenden Verunreinigungen und Ger\u00fcche beseitigt werden. Im Gegensatz zu CTO kann UDF etwas schnellere Durchflussraten haben, aber aufgrund der Bewegung der Kohlepartikel m\u00f6glicherweise eine weniger gleichm\u00e4\u00dfige Filtration. Mit diesen PP-UDF-CTO-Filtern k\u00f6nnen Schadstoffe wirksam gefiltert, die Wasserqualit\u00e4t verbessert und sicheres Trinkwasser gew\u00e4hrleistet werden.<\/p>\n<p>&nbsp;<\/p>\n<table class=\"aliDataTable\">\n<tbody>\n<tr class=\"firstRow\">\n<td>\n<div><strong>Produkt<\/strong><\/div>\n<\/td>\n<td>\n<div>Schmelzgeblasene PP UDF-Sedimentfilterpatrone<\/div>\n<\/td>\n<\/tr>\n<tr>\n<td>\n<div><strong>L\u00e4nge<\/strong><\/div>\n<\/td>\n<td>\n<div>5\u2033, 10\u2033, 20\u2033, 30\u2033, 40\u2033, 50\u201d, 60\u201d Zoll<\/div>\n<\/td>\n<\/tr>\n<tr>\n<td>\n<div><strong>Mikron Rate<\/strong><\/div>\n<\/td>\n<td>\n<div>1~100micron kundenspezifisch, insbesondere 1, 3, 5, 10 micron<\/div>\n<\/td>\n<\/tr>\n<tr>\n<td>\n<div><strong>Endkappe<\/strong><\/div>\n<\/td>\n<td>\n<div>DOE, 222+Fin, 222+Flat, 226+Fin, 226+Flat<\/div>\n<\/td>\n<\/tr>\n<tr>\n<td>\n<div><strong>Innendurchmesser<\/strong><\/div>\n<\/td>\n<td>\n<div>28~30mm<\/div>\n<\/td>\n<\/tr>\n<tr>\n<td>\n<div><strong>\u00c4u\u00dferer Durchmesser<\/strong><\/div>\n<\/td>\n<td>\n<div>60~65mm, Jumbo 110~115mm<\/div>\n<\/td>\n<\/tr>\n<tr>\n<td>\n<div><strong>Material der Dichtung\/des Rings<\/strong><\/div>\n<\/td>\n<td>\n<div>Silizium\/EPDM\/NBR\/Viton<\/div>\n<\/td>\n<\/tr>\n<tr>\n<td>\n<div><strong>Material<\/strong><\/div>\n<\/td>\n<td>\n<div>PP \/ Polypropylen<\/div>\n<\/td>\n<\/tr>\n<tr>\n<td>\n<div><strong>Stil<\/strong><\/div>\n<\/td>\n<td>\n<div>Rille, Druckstellen, flach, kreuzend<\/div>\n<\/td>\n<\/tr>\n<tr>\n<td>\n<div><strong>Innerer Kern<\/strong><\/div>\n<\/td>\n<td>\n<div>PP oder keine<\/div>\n<\/td>\n<\/tr>\n<tr>\n<td>\n<div><strong>Schnittstelle<\/strong><\/div>\n<\/td>\n<td>\n<div>Flach, Einsatz<\/div>\n<\/td>\n<\/tr>\n<tr>\n<td>\n<div><strong>Maximaler Differenzdruck<\/strong><\/div>\n<\/td>\n<td>\n<div>3 kgf\/cm\u00b2<\/div>\n<\/td>\n<\/tr>\n<tr>\n<td>\n<div><strong>Maximale Betriebstemperatur<\/strong><\/div>\n<\/td>\n<td>\n<div>80\u00b0c<\/div>\n<\/td>\n<\/tr>\n<tr>\n<td>\n<div><strong>Betriebsdifferenzdruck<\/strong><\/div>\n<\/td>\n<td>\n<div>0,1kgf\/cm2<\/div>\n<\/td>\n<\/tr>\n<tr>\n<td>\n<div><strong>Gemeinsames Gewicht<\/strong><\/div>\n<\/td>\n<td>\n<div>100- 120g\/10\u2033 (kann angepasst werden)<\/div>\n<\/td>\n<\/tr>\n<\/tbody>\n<\/table>","protected":false},"excerpt":{"rendered":"<table>\n<thead>\n<tr>\n<th>Artikel<\/th>\n<th>Details<\/th>\n<\/tr>\n<\/thead>\n<tbody>\n<tr>\n<td>Marke<\/td>\n<td>OEM \/ kundenspezifisch<\/td>\n<\/tr>\n<tr>\n<td>Modell<\/td>\n<td>lvyuan-<\/td>\n<\/tr>\n<tr>\n<td>Zertifizierung<\/td>\n<td>sgs<\/td>\n<\/tr>\n<tr>\n<td>Startport<\/td>\n<td>guangzhou<\/td>\n<\/tr>\n<tr>\n<td>Herkunftsort<\/td>\n<td>guangzhou \/ shenzhen<\/td>\n<\/tr>\n<tr>\n<td>Produktionskapazit\u00e4t<\/td>\n<td>10.000 St\u00fcck\/Monat<\/td>\n<\/tr>\n<tr>\n<td>moq<\/td>\n<td>1 St\u00fcck<\/td>\n<\/tr>\n<tr>\n<td>Lieferfrist<\/td>\n<td>15-20 Tage<\/td>\n<\/tr>\n<tr>\n<td>Zahlung<\/td>\n<td>t\/t; western union; alibaba trade assurance<\/td>\n<\/tr>\n<\/tbody>\n<\/table>","protected":false},"featured_media":2149,"comment_status":"open","ping_status":"closed","template":"","meta":{"_gspb_post_css":""},"product_brand":[],"product_cat":[17,23],"product_tag":[903,904,286,285,902,302],"class_list":{"0":"post-2141","1":"product","2":"type-product","3":"status-publish","4":"has-post-thumbnail","6":"product_cat-sediment-filter","7":"product_cat-pp-filter-cartridge","8":"product_tag-10000-pcs-per-month-capacity","9":"product_tag-15-20-days-delivery","10":"product_tag-guangzhou-start-port","11":"product_tag-moq-1-pcs","12":"product_tag-oem-customized-filter-element","13":"product_tag-sgs-certified-filter","15":"first","16":"instock","17":"shipping-taxable","18":"product-type-simple"},"_links":{"self":[{"href":"https:\/\/lyfilter.com\/de\/wp-json\/wp\/v2\/product\/2141","targetHints":{"allow":["GET"]}}],"collection":[{"href":"https:\/\/lyfilter.com\/de\/wp-json\/wp\/v2\/product"}],"about":[{"href":"https:\/\/lyfilter.com\/de\/wp-json\/wp\/v2\/types\/product"}],"replies":[{"embeddable":true,"href":"https:\/\/lyfilter.com\/de\/wp-json\/wp\/v2\/comments?post=2141"}],"wp:featuredmedia":[{"embeddable":true,"href":"https:\/\/lyfilter.com\/de\/wp-json\/wp\/v2\/media\/2149"}],"wp:attachment":[{"href":"https:\/\/lyfilter.com\/de\/wp-json\/wp\/v2\/media?parent=2141"}],"wp:term":[{"taxonomy":"product_brand","embeddable":true,"href":"https:\/\/lyfilter.com\/de\/wp-json\/wp\/v2\/product_brand?post=2141"},{"taxonomy":"product_cat","embeddable":true,"href":"https:\/\/lyfilter.com\/de\/wp-json\/wp\/v2\/product_cat?post=2141"},{"taxonomy":"product_tag","embeddable":true,"href":"https:\/\/lyfilter.com\/de\/wp-json\/wp\/v2\/product_tag?post=2141"}],"curies":[{"name":"wp","href":"https:\/\/api.w.org\/{rel}","templated":true}]}}