{"id":2134,"date":"2026-01-06T08:35:27","date_gmt":"2026-01-06T08:35:27","guid":{"rendered":"https:\/\/lyfilter.com\/?post_type=product&#038;p=2134"},"modified":"2026-01-06T08:35:27","modified_gmt":"2026-01-06T08:35:27","slug":"10-20-inch-jumbo-big-pp-melt-blown-filter-making-machine-1-to-100-micron-cartridge","status":"publish","type":"product","link":"https:\/\/lyfilter.com\/de\/10-20-inch-jumbo-big-pp-melt-blown-filter-making-machine-1-to-100-micron-cartridge\/","title":{"rendered":"10 20 Zoll Jumbo Big PP schmelzen geblasen Filter machen Maschine 1 bis 100 Mikron Patrone"},"content":{"rendered":"<table>\n<thead>\n<tr>\n<th>Artikel<\/th>\n<th>Details<\/th>\n<\/tr>\n<\/thead>\n<tbody>\n<tr>\n<td>Zustand<\/td>\n<td>neu<\/td>\n<\/tr>\n<tr>\n<td>anwendbare Industrien<\/td>\n<td>Hotels; Bekleidungsgesch\u00e4fte; Baumaterialiengesch\u00e4fte; Produktionsanlagen; Maschinenreparaturwerkst\u00e4tten; Lebensmittel- und Getr\u00e4nkefabriken; Bauernh\u00f6fe; Restaurants; Hausgebrauch; Einzelhandel; Lebensmittelgesch\u00e4fte; Druckereien; Bauarbeiten; Energie und Bergbau; Lebensmittel- und Getr\u00e4nkegesch\u00e4fte; Werbeunternehmen<\/td>\n<\/tr>\n<tr>\n<td>Herkunftsort<\/td>\n<td>guangdong, china<\/td>\n<\/tr>\n<tr>\n<td>Markenname<\/td>\n<td>lvyuan \/ Erstausr\u00fcster<\/td>\n<\/tr>\n<tr>\n<td>Material<\/td>\n<td>Karton<\/td>\n<\/tr>\n<tr>\n<td>Gewicht<\/td>\n<td>h\u00e4ngt<\/td>\n<\/tr>\n<tr>\n<td>Gr\u00f6\u00dfe<\/td>\n<td>h\u00e4ngt<\/td>\n<\/tr>\n<tr>\n<td>Macht<\/td>\n<td>0<\/td>\n<\/tr>\n<tr>\n<td>Garantie<\/td>\n<td>nicht verf\u00fcgbar<\/td>\n<\/tr>\n<tr>\n<td>Service nach der Garantie<\/td>\n<td>Online-Support<\/td>\n<\/tr>\n<tr>\n<td>lokaler Servicestandort<\/td>\n<td>keine<\/td>\n<\/tr>\n<tr>\n<td>Standort des Ausstellungsraums<\/td>\n<td>keine<\/td>\n<\/tr>\n<tr>\n<td>Produktname<\/td>\n<td>pp schmelzen geblasen filter herstellung maschine<\/td>\n<\/tr>\n<tr>\n<td>Mikron-Rate (Kartusche)<\/td>\n<td>1, 3, 5, 10, 20 Mikron<\/td>\n<\/tr>\n<tr>\n<td>Zertifizierung<\/td>\n<td>ce; sgs<\/td>\n<\/tr>\n<tr>\n<td>Anmeldung<\/td>\n<td>Wasserfilterteile; Umkehrosmose<\/td>\n<\/tr>\n<tr>\n<td>L\u00e4nge (Kartusche)<\/td>\n<td>5\u2033, 10\u2033, 20\u2033, 30\u2033, 40\u2033, 50\u2033 Zoll<\/td>\n<\/tr>\n<tr>\n<td>Filtermedien<\/td>\n<td>Polypropylen (pp)-Membran<\/td>\n<\/tr>\n<tr>\n<td>Endkappen-Optionen<\/td>\n<td>Ricke; 222 + Flosse; 222 + flach; 226 + Flosse; 226 + flach<\/td>\n<\/tr>\n<tr>\n<td>Dichtungsmaterial \/ O-Ring<\/td>\n<td>Silikon; Epdm; Viton<\/td>\n<\/tr>\n<tr>\n<td>Verwendung<\/td>\n<td>Fl\u00fcssigkeits-Patronenfilter<\/td>\n<\/tr>\n<tr>\n<td>innerer Kern<\/td>\n<td>pp oder keine<\/td>\n<\/tr>\n<tr>\n<td>Verkaufseinheiten<\/td>\n<td>Einzelposten<\/td>\n<\/tr>\n<tr>\n<td>einzelne Packungsgr\u00f6\u00dfe<\/td>\n<td>55 \u00d7 15 \u00d7 15 cm<\/td>\n<\/tr>\n<tr>\n<td>Einzelbruttogewicht<\/td>\n<td>2.000 kg<\/td>\n<\/tr>\n<tr>\n<td>Pakettyp<\/td>\n<td>10 Zoll: 50pcs\/ctn 400\u00d7400\u00d7685mm; 20 Zoll: 25pcs\/ctn 400\u00d7400\u00d7685mm; 30 Zoll: 25pcs\/ctn 835\u00d7435\u00d7425mm; 40 Zoll: 25pcs\/ctn 1100\u00d7395\u00d7400mm<\/td>\n<\/tr>\n<tr>\n<td>Vorlaufzeit (1-50000 St\u00fcck)<\/td>\n<td>15 Tage<\/td>\n<\/tr>\n<tr>\n<td>Vorlaufzeit (&gt;50000 St\u00fcck)<\/td>\n<td>noch zu verhandeln<\/td>\n<\/tr>\n<\/tbody>\n<\/table>","protected":false},"excerpt":{"rendered":"<p>Sie erhalten eine neue, fabrikfertige Maschine, die die Herstellung von geblasenen pp-Melt-Filterkerzen f\u00fcr die Fl\u00fcssigkeitsfiltration unterst\u00fctzt. Sie ist f\u00fcr den Betrieb in hohen St\u00fcckzahlen ausgelegt und wird mit Online-Support nach der Garantiezeit geliefert, damit Sie nicht allein dastehen.<\/p>","protected":false},"featured_media":2142,"comment_status":"open","ping_status":"closed","template":"","meta":{"_gspb_post_css":""},"product_brand":[],"product_cat":[17,23],"product_tag":[899,900,897,901,898,896],"class_list":{"0":"post-2134","1":"product","2":"type-product","3":"status-publish","4":"has-post-thumbnail","6":"product_cat-sediment-filter","7":"product_cat-pp-filter-cartridge","8":"product_tag-1-20-micron-cartridge-making","9":"product_tag-ce-sgs-filter-machine","10":"product_tag-filter-cartridge-making-machine","11":"product_tag-lvyuan-oem-equipment","12":"product_tag-pp-filter-production-line","13":"product_tag-pp-melt-blown-filter-machine","15":"first","16":"instock","17":"shipping-taxable","18":"product-type-simple"},"_links":{"self":[{"href":"https:\/\/lyfilter.com\/de\/wp-json\/wp\/v2\/product\/2134","targetHints":{"allow":["GET"]}}],"collection":[{"href":"https:\/\/lyfilter.com\/de\/wp-json\/wp\/v2\/product"}],"about":[{"href":"https:\/\/lyfilter.com\/de\/wp-json\/wp\/v2\/types\/product"}],"replies":[{"embeddable":true,"href":"https:\/\/lyfilter.com\/de\/wp-json\/wp\/v2\/comments?post=2134"}],"wp:featuredmedia":[{"embeddable":true,"href":"https:\/\/lyfilter.com\/de\/wp-json\/wp\/v2\/media\/2142"}],"wp:attachment":[{"href":"https:\/\/lyfilter.com\/de\/wp-json\/wp\/v2\/media?parent=2134"}],"wp:term":[{"taxonomy":"product_brand","embeddable":true,"href":"https:\/\/lyfilter.com\/de\/wp-json\/wp\/v2\/product_brand?post=2134"},{"taxonomy":"product_cat","embeddable":true,"href":"https:\/\/lyfilter.com\/de\/wp-json\/wp\/v2\/product_cat?post=2134"},{"taxonomy":"product_tag","embeddable":true,"href":"https:\/\/lyfilter.com\/de\/wp-json\/wp\/v2\/product_tag?post=2134"}],"curies":[{"name":"wp","href":"https:\/\/api.w.org\/{rel}","templated":true}]}}