{"id":2120,"date":"2026-01-06T08:31:33","date_gmt":"2026-01-06T08:31:33","guid":{"rendered":"https:\/\/lyfilter.com\/?post_type=product&#038;p=2120"},"modified":"2026-01-06T08:31:33","modified_gmt":"2026-01-06T08:31:33","slug":"ppf-melt-blown-water-filter-cartridge-sgs-water-quality-association-certification","status":"publish","type":"product","link":"https:\/\/lyfilter.com\/de\/ppf-melt-blown-water-filter-cartridge-sgs-water-quality-association-certification\/","title":{"rendered":"PPF Melt Blown Wasserfilterpatrone SGS Water Quality Association Zertifizierung"},"content":{"rendered":"<div class=\"pro_aliData\">\n<div class=\"detail-box\">\n<div class=\"scc-wrapper detail-module module-productPackagingAndQuickDetail\" data-spm=\"prilinga1e\">\n<div class=\"widget-detail-overview\">\n<div class=\"do-title\">\n<p>PP Melt Blown Filter (PPF) ist ein r\u00f6hrenf\u00f6rmiger Filter, der aus ungiftigen und geruchlosen Polypropylenpartikeln durch Prozesse wie Erhitzen, Schmelzen und Formen hergestellt wird. Er wird aufgrund seiner effizienten Filterleistung in vielen Bereichen eingesetzt!<\/p>\n<p>&nbsp;<\/p>\n<h2 id=\"-product-overview\">\u2728 Produkt\u00fcbersicht<\/h2>\n<p>Die PP-Meltblown-Filterpatrone (oft auch als PP-Baumwollfilterpatrone bezeichnet) ist eine r\u00f6hrenf\u00f6rmige Filterpatrone aus ungiftigen und geruchsneutralen Polypropylenpartikeln in Lebensmittelqualit\u00e4t, die erhitzt und geschmolzen und durch zus\u00e4tzliche Prozesse wie das Formen hergestellt werden. Bei der Herstellung dieser Filterpatrone werden keine chemischen Klebstoffe verwendet, sondern sie beruht vollst\u00e4ndig auf den thermischen Bindungseigenschaften der Polypropylenfasern, wodurch sie den hohen Anforderungen an Hygiene und Sicherheit besser gerecht wird.<\/p>\n<p>&nbsp;<\/p>\n<p>Seine Einzigartigkeit liegt in der Verwendung einer Tiefenfiltrationsstruktur, bei der die Fasern eine unregelm\u00e4\u00dfige por\u00f6se Netzwerkstruktur aufweisen und eine progressive Dichtestruktur haben (auch bekannt als Gradientenfiltration), bei der die Poren zwischen den Fasern von au\u00dfen nach innen allm\u00e4hlich von gro\u00df zu klein werden! Diese Konstruktion erm\u00f6glicht es dem Filterelement, gr\u00f6\u00dfere Partikel und Verunreinigungen auf der \u00e4u\u00dferen Schicht aufzunehmen und eine schnelle Verstopfung zu verhindern, w\u00e4hrend die innere Schicht kleine Partikel zur\u00fcckhalten kann, die Filtrationsgenauigkeit gew\u00e4hrleistet, den Filtrationswiderstand verringert und die Lebensdauer verl\u00e4ngert;<\/p>\n<\/div>\n<\/div>\n<\/div>\n<\/div>\n<\/div>\n<p>&nbsp;<\/p>\n<p><img decoding=\"async\" title=\"PPF Schmelzgeblasene Sediment-Filterpatrone\" src=\"https:\/\/img.yfisher.com\/m6076\/1725727036217\/jpg70-t3-scale100.webp\" alt=\"PPF Schmelzgeblasene Sediment-Filterpatrone\" border=\"0\" vspace=\"0\" data-lazy=\"2\" \/><\/p>\n<div class=\"pro_aliData\">\n<p>&nbsp;<\/p>\n<div class=\"detail-box\">\n<div class=\"scc-wrapper detail-module module-productPackagingAndQuickDetail\" data-spm=\"prilinga1e\">\n<div class=\"widget-detail-overview\">\n<div class=\"do-title\">\n<h2 id=\"-product-parameter-table\">\ud83d\udcca Parameter PP-Schmelzblasfilter (PPF)<\/h2>\n<p>Die folgende Tabelle gibt einen \u00dcberblick \u00fcber die wichtigsten technischen Parameter von PP-Meltblown-Filterkerzen:<\/p>\n<p>&nbsp;<\/p>\n<table>\n<thead>\n<tr>\n<th>Parameter Kategorie<\/th>\n<th>Spezifische Parameter<\/th>\n<\/tr>\n<\/thead>\n<tbody>\n<tr>\n<td>L\u00e4nge<\/td>\n<td>5 \u201c, 60\u201d<\/td>\n<\/tr>\n<tr>\n<td>\u00c4u\u00dferer Durchmesser<\/td>\n<td>60-115 mm (62-65 mm)<\/td>\n<\/tr>\n<tr>\n<td>Innendurchmesser<\/td>\n<td>28 mm oder 30 mm (die Abteilung kann 15-35 mm anpassen)<\/td>\n<\/tr>\n<tr>\n<td>Leistungsparameter<\/td>\n<\/tr>\n<tr>\n<td>Genauigkeit der Filterung<\/td>\n<td>0,5-100 \u03bc m (1,50 \u03bc m)<\/td>\n<\/tr>\n<tr>\n<td>Maximal zul\u00e4ssige Spannung<\/td>\n<td>\u2264 0,5 MPa<\/td>\n<\/tr>\n<tr>\n<td>Maximaler Druckverlust<\/td>\n<td>0,2-0,4 MPa (es wird empfohlen, die Druckdifferenz von 0,1-0,2 MPa zu ersetzen)<\/td>\n<\/tr>\n<tr>\n<td>Maximale Arbeitstemperatur<\/td>\n<td>\u2264 60-70 \u2103 (kurzfristig bis zu 90 \u2103)<\/td>\n<\/tr>\n<tr>\n<td>Anwendbarer pH-Bereich<\/td>\n<td>1-13<\/td>\n<\/tr>\n<tr>\n<td>Einhaltung der Filterung<\/td>\n<td>\u2265 98% -99%<\/td>\n<\/tr>\n<\/tbody>\n<\/table>\n<h2><\/h2>\n<h2 id=\"-product-structure-and-process-characteristics\">\ud83d\udd2c Produktstruktur und Prozessmerkmale<\/h2>\n<p>Strukturelles Design Die Grundstruktur von PP-Meltblown-Filterelementen ist ein r\u00f6hrenf\u00f6rmiges Design, das einen allm\u00e4hlichen Dichtegradienten von au\u00dfen nach innen erzeugt. Hochwertige Produkte werden in der Regel mit dem \u201cDrei-Spr\u00fch-Verfahren\u201d hergestellt, um mehrschichtige Strukturen wie flauschige Schichten, dichte Schichten und verdichtete Schichten zu bilden!<\/p>\n<p>&nbsp;<\/p>\n<p>Standard- und Skelett-Typ: Einige schmelzgeblasene PP-Filterkerzen haben ein eingebautes Polypropylen-Skelett, das besonders f\u00fcr l\u00e4ngere Spezifikationen (wie 30 \u201c, 40\u201d) oder Betriebsszenarien geeignet ist, die eine h\u00f6here Druckfestigkeit erfordern, und das eine Verformung der Filterkerze wirksam verhindern kann. -<em>\u00a0<\/em>Big Fat Filter : Mit seinem vergr\u00f6\u00dferten Au\u00dfendurchmesser bietet er eine gr\u00f6\u00dfere Filterfl\u00e4che und Schmutzaufnahmekapazit\u00e4t und eignet sich f\u00fcr die Filterung von Umgebungen mit hohem Verunreinigungsgehalt.<\/p>\n<p>&nbsp;<\/p>\n<p>Prozessmerkmale W\u00e4hrend des Produktionsprozesses wird durch die Kontrolle des Faserdurchmessers und des Spaltes eine mikropor\u00f6se Struktur mit einer kleinen Innenschicht und einer gro\u00dfen Au\u00dfenschicht gebildet, die die Durchflussrate und die Schadstoffaufnahmekapazit\u00e4t erh\u00f6ht. Hochwertige Filterpatronen sollten keine losen Fasern aufweisen (\u201ckein Haarverlust\u201d), wodurch die Reinheit des Filtermediums gew\u00e4hrleistet wird.<\/p>\n<p>&nbsp;<\/p>\n<h2 id=\"-product-advantages-and-features\">\ud83d\udca1 Produktvorteile und -merkmale<\/h2>\n<div><\/div>\n<ul>\n<li><strong>Gute Filtrationsleistung:\u00a0<\/strong>Die PP Melt Blown Filterpatrone hat eine tiefe Filtrationsstruktur mit gleichm\u00e4\u00dfiger Porengr\u00f6\u00dfe, sp\u00e4rlich au\u00dfen und dicht innen, und kann eine Filtration Compliance von \u00fcber 98% -99% erreichen! Die progressive Dichtestruktur erm\u00f6glicht eine hohe Schadstoffaufnahmekapazit\u00e4t, eine hohe Durchflussrate und einen geringen Druckverlust;<\/li>\n<li><strong>Hervorragende chemische Stabilit\u00e4t:\u00a0<\/strong>Das Produkt ist s\u00e4urebest\u00e4ndig, best\u00e4ndig gegen organische L\u00f6sungen, hat eine gute chemische Stabilit\u00e4t, eignet sich f\u00fcr einen pH-Bereich von 1-13 und kann Fl\u00fcssigkeiten mit unterschiedlichen chemischen Eigenschaften verarbeiten!<\/li>\n<li>Die physikalische Leistung ist in der Tat stark, und das Filterelement verformt sich nicht, wenn der Wasserdruckunterschied zwischen dem Einlass und dem Auslass des Filters \u00fcber 0,4 MPa liegt; Wenn die Temperatur \u00fcber 90 \u2103 liegt, nimmt die Filtrationsleistung nicht ab.<\/li>\n<li><strong>Sicherheit und Hygiene:\u00a0<\/strong>Hergestellt aus ungiftigen und geruchlosen Polypropylen-Rohstoffen, ohne chemische Klebstoffe, geeignet f\u00fcr die Hygiene- und Sicherheitsanforderungen der Lebensmittel- und Pharmaindustrie. Das Produkt selbst hat eine hohe Sauberkeit und keine Verschmutzung der Wasserqualit\u00e4t.<\/li>\n<li><strong>Wirtschaftlich und praktisch:\u00a0<\/strong>Im Vergleich zu anderen Filtermaterialien sind PP-Meltblown-Filterkerzen relativ kosteng\u00fcnstig, haben aber eine zuverl\u00e4ssige Leistung, eine lange Lebensdauer und ein hohes Preis-Leistungs-Verh\u00e4ltnis!<\/li>\n<\/ul>\n<div><\/div>\n<h2 id=\"-maintenance-and-replacement-guide\">\ud83d\udd27 Leitfaden f\u00fcr Wartung und Austausch<\/h2>\n<p>Eine sorgf\u00e4ltige Wartung kann die Lebensdauer von PP-Meltblown-Filterkerzen erheblich verl\u00e4ngern und die Filtrationseffizienz sicherstellen:<\/p>\n<p>&nbsp;<\/p>\n<p><strong>-<em>\u00a0<\/em>Bewertung des Wiederbeschaffungszyklus: T<\/strong>ypischerweise empfehlen die Hersteller einen Austauschzyklus von 3-6 Monaten, aber der tats\u00e4chliche Zyklus muss je nach Wasserverbrauch, Wasserqualit\u00e4t und Wasserdruck angepasst werden. Die wissenschaftlichste Beurteilungsmethode basiert auf dem Druckunterschied zwischen Ein- und Auslass. Wenn der Druckunterschied mehr als 0,1-0,2 MPa betr\u00e4gt, sollte das Filterelement gereinigt oder ausgetauscht werden;<\/p>\n<p><strong>-Reinigungsf\u00e4higkeit:\u00a0<\/strong>Kann die R\u00fccksp\u00fclung testen und die Au\u00dfenwand des Filterelements mit sauberem Wasser unter einem Druck von weniger als 0,2 MPa reinigen. Es ist jedoch zu beachten, dass eine h\u00e4ufige Reinigung nur begrenzt wirksam ist. PP-Meltblown-Filterkerzen sind haupts\u00e4chlich f\u00fcr die Partikelfiltration konzipiert, und ihre Leistung l\u00e4sst nach der Schmutzaufnahme deutlich nach. Daher wird in der Regel ein direkter Austausch anstelle einer Reinigung empfohlen.<\/p>\n<p><strong>-<em>\u00a0<\/em>Einstellung der Abschaltung:\u00a0<\/strong>Wenn das Filterelement nicht in Betrieb ist, kann es im Filtergeh\u00e4use aufbewahrt und mit sauberem Wasser oder antibakteriellem Wasser gef\u00fcllt werden. Bei Wiederverwendung muss er gr\u00fcndlich gereinigt werden.<\/p>\n<p><strong>-<em>\u00a0<\/em>Kennzeichnung der Filterelemente:<\/strong>\u00a0das gebrauchte Filterelement nach dem Gebrauch ausgetauscht wird, erh\u00e4lt das Produkt mit guter Qualit\u00e4t eine gro\u00dfe Menge an Verunreinigungen, und vom Querschnitt her ist jede Schicht voll von Verunreinigungen. Filter von schlechter Qualit\u00e4t sind haupts\u00e4chlich an den Konturen verschmutzt und haben ein geringeres Gewicht.<\/p>\n<h2><\/h2>\n<h2 id=\"-application-field\">\ud83c\udfed Anwendung von schmelzgeblasenen PP-Filtern (PPF)<\/h2>\n<p>PP-Meltblown-Filterkerzen werden aufgrund ihrer hervorragenden Eigenschaften in vielen Bereichen eingesetzt<\/p>\n<p>&nbsp;<\/p>\n<ul>\n<li><strong>Trinkwasser und Lebensmittelindustrie:\u00a0<\/strong>Filtration von gereinigtem Wasser, alkoholischen Getr\u00e4nken, sterilem Wasser f\u00fcr pharmazeutische Zwecke und Vorfiltration von gereinigtem Wasser. -<em>\u00a0<\/em>Elektronikindustrie : Vorfiltration von Rein- und Reinstwasser, Filtration von Galvanikl\u00f6sungen!<\/li>\n<li><strong>Petrochemische Industrie:\u00a0<\/strong>Filtration von verschiedenen organischen L\u00f6sungsmitteln, alkalischen L\u00f6sungen und Einspritzfiltration von \u00d6lfeldwasser.<\/li>\n<li><strong>Pharmazeutische Kreation:\u00a0<\/strong>Vorfiltration verschiedener Injektionen, medizinischer Fl\u00fcssigkeiten und Waschwasser f\u00fcr Injektionsflaschen, Vorfiltration gro\u00dfer Infusionsl\u00f6sungen sowie verschiedener Antibiotika und Injektionen der traditionellen chinesischen Medizin; -<em>\u00a0<\/em>Wasseraufbereitungssystem: Wird als Sicherheitsfiltervorl\u00e4ufer f\u00fcr Umkehrosmose (RO), Nanofiltration (NF) und andere Systeme verwendet und sch\u00fctzt das Hauptmembransystem wirksam.<\/li>\n<\/ul>\n<h2 id=\"-faq-frequently-asked-questions-\">\u2753 FAQ (h\u00e4ufig gestellte Fragen)<\/h2>\n<p><strong>1. Wie kann man die Vor- und Nachteile von PP-Meltblown-Filterkerzen unterscheiden?\u00a0<\/strong>Der hochwertige Filter hat eine progressive Dichte, ist au\u00dfen weich und innen dicht; der Querschnitt sollte innen und au\u00dfen ungleichm\u00e4\u00dfig sein. Die Faserfilamente sind gleichm\u00e4\u00dfig und ohne Ausscheidungserscheinungen. Das Gewicht ist auch ein Referenzziel, und schwerere Filter haben in der Regel eine h\u00f6here Schadstoffaufnahmekapazit\u00e4t.<\/p>\n<p><strong>2. Wie w\u00e4hlt man 1 Mikron und 5 Mikron Filterpatronen aus?\u00a0<\/strong>In Gebieten mit niedrigem Wasserdruck oder Wasserverschmutzung (z. B. Grund- und Brunnenwasser) wird die Verwendung von 5-Mikron-Filterpatronen empfohlen, um eine Druckabschw\u00e4chung aufgrund von unzureichendem Druck oder Verwechslungen zu vermeiden! Ein 1-Mikron-Filter kann in st\u00e4dtischen Leitungswasserumgebungen mit stabilem Wasserdruck verwendet werden.<\/p>\n<p><strong>3. Was soll ich tun, wenn die L\u00e4nge des Filterelements nicht kompatibel ist?\u00a0<\/strong>Es gibt keine einheitliche Norm f\u00fcr 10-Zoll-Filterflaschen in China, und es k\u00f6nnen leichte und feine Fehler auftreten! Wenn die L\u00e4nge des Filterelements reduziert wird (z. B. nur 252 mm), k\u00f6nnen zus\u00e4tzliche Dichtungen verwendet werden, um Kompatibilit\u00e4tsprobleme zu l\u00f6sen;<\/p>\n<p><strong>4. F\u00fcr welche Szenarien ist der Skelettfilter geeignet?\u00a0<\/strong>Das Skelett-Filterelement aus Polypropylen wird vor allem zur Erh\u00f6hung der Druckfestigkeit und zur Vermeidung von Verformungen bei l\u00e4ngeren Filtern (z. B. bei industriellen 40-Zoll-Filtern) eingesetzt und eignet sich besonders f\u00fcr die industrielle Filtration mit hohen Durchfluss- oder Druckschwankungen!<\/p>\n<p><strong>5. Kann es f\u00fcr die Filtration von Fl\u00fcssigkeiten bei hohen Temperaturen verwendet werden?\u00a0<\/strong>Die \u00fcbliche maximale Betriebstemperatur von PP-Meltblown-Filterelementen liegt bei 60-70 \u2103, und sie kann in kurzer Zeit 90 \u2103 erreichen! Wenn eine h\u00f6here Temperaturtoleranz erforderlich ist, m\u00fcssen Filterprodukte aus anderen Materialien oder speziell kontrollierte PP-Filter in Betracht gezogen werden!<\/p>\n<\/div>\n<\/div>\n<\/div>\n<\/div>\n<\/div>","protected":false},"excerpt":{"rendered":"<table>\n<thead>\n<tr>\n<th>Artikel<\/th>\n<th>Details<\/th>\n<\/tr>\n<\/thead>\n<tbody>\n<tr>\n<td>Marke<\/td>\n<td>Erstausr\u00fcster \/ Ivyuan<\/td>\n<\/tr>\n<tr>\n<td>Zertifizierung<\/td>\n<td>sgs<\/td>\n<\/tr>\n<tr>\n<td>Startport<\/td>\n<td>huangpu \/ nansha<\/td>\n<\/tr>\n<tr>\n<td>Herkunftsort<\/td>\n<td>guangzhou \/ shenzhen<\/td>\n<\/tr>\n<tr>\n<td>Produktionskapazit\u00e4t<\/td>\n<td>10.000 St\u00fcck\/Monat<\/td>\n<\/tr>\n<tr>\n<td>moq<\/td>\n<td>1 St\u00fcck<\/td>\n<\/tr>\n<tr>\n<td>Lieferfrist<\/td>\n<td>5-10 Tage<\/td>\n<\/tr>\n<tr>\n<td>Zahlung<\/td>\n<td>t\/t; alibaba trade assurance; paypal<\/td>\n<\/tr>\n<\/tbody>\n<\/table>","protected":false},"featured_media":2128,"comment_status":"open","ping_status":"closed","template":"","meta":{"_gspb_post_css":""},"product_brand":[],"product_cat":[17,23],"product_tag":[892,891,889,890,888,302],"class_list":{"0":"post-2120","1":"product","2":"type-product","3":"status-publish","4":"has-post-thumbnail","6":"product_cat-sediment-filter","7":"product_cat-pp-filter-cartridge","8":"product_tag-5-10-days-delivery","9":"product_tag-huangpu-nansha-shipping","10":"product_tag-lvyuan-filter-supplier","11":"product_tag-moq-1-pc","12":"product_tag-oem-filter-element","13":"product_tag-sgs-certified-filter","15":"first","16":"instock","17":"shipping-taxable","18":"product-type-simple"},"_links":{"self":[{"href":"https:\/\/lyfilter.com\/de\/wp-json\/wp\/v2\/product\/2120","targetHints":{"allow":["GET"]}}],"collection":[{"href":"https:\/\/lyfilter.com\/de\/wp-json\/wp\/v2\/product"}],"about":[{"href":"https:\/\/lyfilter.com\/de\/wp-json\/wp\/v2\/types\/product"}],"replies":[{"embeddable":true,"href":"https:\/\/lyfilter.com\/de\/wp-json\/wp\/v2\/comments?post=2120"}],"wp:featuredmedia":[{"embeddable":true,"href":"https:\/\/lyfilter.com\/de\/wp-json\/wp\/v2\/media\/2128"}],"wp:attachment":[{"href":"https:\/\/lyfilter.com\/de\/wp-json\/wp\/v2\/media?parent=2120"}],"wp:term":[{"taxonomy":"product_brand","embeddable":true,"href":"https:\/\/lyfilter.com\/de\/wp-json\/wp\/v2\/product_brand?post=2120"},{"taxonomy":"product_cat","embeddable":true,"href":"https:\/\/lyfilter.com\/de\/wp-json\/wp\/v2\/product_cat?post=2120"},{"taxonomy":"product_tag","embeddable":true,"href":"https:\/\/lyfilter.com\/de\/wp-json\/wp\/v2\/product_tag?post=2120"}],"curies":[{"name":"wp","href":"https:\/\/api.w.org\/{rel}","templated":true}]}}