{"id":2079,"date":"2026-01-06T08:18:10","date_gmt":"2026-01-06T08:18:10","guid":{"rendered":"https:\/\/lyfilter.com\/?post_type=product&#038;p=2079"},"modified":"2026-01-06T08:18:10","modified_gmt":"2026-01-06T08:18:10","slug":"big-jumbo-diameter-size-5-10-50-microns-sediment-pp-white-filter-polypropylene-water-filter-cartridge-for-water-treatment-plant","status":"publish","type":"product","link":"https:\/\/lyfilter.com\/de\/big-jumbo-diameter-size-5-10-50-microns-sediment-pp-white-filter-polypropylene-water-filter-cartridge-for-water-treatment-plant\/","title":{"rendered":"Gro\u00dfe Jumbo-Durchmesser Gr\u00f6\u00dfe 5 10 50 Mikron Sediment PP wei\u00df Filter Polypropylen Wasser Filterpatrone f\u00fcr Wasseraufbereitungsanlage"},"content":{"rendered":"<table>\n<thead>\n<tr>\n<th>Artikel<\/th>\n<th>Details<\/th>\n<\/tr>\n<\/thead>\n<tbody>\n<tr>\n<td>anwendbare Industrien<\/td>\n<td>Lebensmittel- und Getr\u00e4nkehersteller; Bauernh\u00f6fe; Restaurant; Heimgebrauch; Lebensmittel- und Getr\u00e4nkel\u00e4den<\/td>\n<\/tr>\n<tr>\n<td>Herkunftsort<\/td>\n<td>guangdong, china<\/td>\n<\/tr>\n<tr>\n<td>Markenname<\/td>\n<td>lvyuan \/ Erstausr\u00fcster<\/td>\n<\/tr>\n<tr>\n<td>Material<\/td>\n<td>Polypropylen (pp)<\/td>\n<\/tr>\n<tr>\n<td>Produktname<\/td>\n<td>jumbo sediment pp wei\u00df filter polypropylen wasser filterpatrone<\/td>\n<\/tr>\n<tr>\n<td>Filtertyp \/ Ausf\u00fchrung<\/td>\n<td>Rille; Pr\u00e4gung; Punkte; Firmenlogo<\/td>\n<\/tr>\n<tr>\n<td>Filtrationsgenauigkeit<\/td>\n<td>1-100 Mikron<\/td>\n<\/tr>\n<tr>\n<td>Au\u00dfendurchmesser<\/td>\n<td>10-200 mm<\/td>\n<\/tr>\n<tr>\n<td>Innendurchmesser<\/td>\n<td>Erstausr\u00fcster<\/td>\n<\/tr>\n<tr>\n<td>Filteradapter-Optionen<\/td>\n<td>flacher Typ; Typ 222; Typ 226; Typ 215<\/td>\n<\/tr>\n<tr>\n<td>Macht<\/td>\n<td>0<\/td>\n<\/tr>\n<tr>\n<td>h\u00f6chste Temperatur<\/td>\n<td>80\u2103<\/td>\n<\/tr>\n<tr>\n<td>Arbeitsdruckabfall<\/td>\n<td>0,1 kgf\/c\u33a1<\/td>\n<\/tr>\n<tr>\n<td>h\u00f6chst beengt<\/td>\n<td>5 kgf\/c\u33a1<\/td>\n<\/tr>\n<tr>\n<td>maximaler Druckverlust<\/td>\n<td>3 kgf\/c\u33a1<\/td>\n<\/tr>\n<tr>\n<td>Garantie<\/td>\n<td>nicht verf\u00fcgbar<\/td>\n<\/tr>\n<tr>\n<td>Service nach dem Verkauf<\/td>\n<td>Online-Support<\/td>\n<\/tr>\n<tr>\n<td>Verkaufseinheiten<\/td>\n<td>Einzelposten<\/td>\n<\/tr>\n<tr>\n<td>einzelne Packungsgr\u00f6\u00dfe<\/td>\n<td>53 \u00d7 33 \u00d7 33 cm<\/td>\n<\/tr>\n<tr>\n<td>Einzelbruttogewicht<\/td>\n<td>9.000 kg<\/td>\n<\/tr>\n<tr>\n<td>Verpackung<\/td>\n<td>verpackt in Papierkarton<\/td>\n<\/tr>\n<tr>\n<td>Vorlaufzeit (1-100 St\u00fcck)<\/td>\n<td>3 Tage<\/td>\n<\/tr>\n<tr>\n<td>Vorlaufzeit (101-500 St\u00fcck)<\/td>\n<td>5 Tage<\/td>\n<\/tr>\n<tr>\n<td>Vorlaufzeit (501-5000 St\u00fcck)<\/td>\n<td>10 Tage<\/td>\n<\/tr>\n<tr>\n<td>Vorlaufzeit (&gt;5000 St\u00fcck)<\/td>\n<td>noch zu verhandeln<\/td>\n<\/tr>\n<\/tbody>\n<\/table>","protected":false},"excerpt":{"rendered":"<p>Sie erhalten eine robuste, lebensmittelechte Sedimentfilterpatrone, die Sand und feine Partikel aus Ihrer Wasserleitung fernh\u00e4lt. Sie wird aus Polypropylen hergestellt und kann individuell gestaltet werden (Gr\u00f6\u00dfe\/Gewicht), mit Rillen-\/Pr\u00e4ge-\/Spitzenoptionen und sogar mit Ihrem Logo.<\/p>","protected":false},"featured_media":2080,"comment_status":"open","ping_status":"closed","template":"","meta":{"_gspb_post_css":""},"product_brand":[],"product_cat":[23,17],"product_tag":[332,875,874,347,662,321],"class_list":{"0":"post-2079","1":"product","2":"type-product","3":"status-publish","4":"has-post-thumbnail","6":"product_cat-pp-filter-cartridge","7":"product_cat-sediment-filter","8":"product_tag-1-100-micron-filtration","9":"product_tag-222-226-215-adapter","10":"product_tag-jumbo-filter-cartridge","11":"product_tag-polypropylene-water-filter","12":"product_tag-pp-sediment-filter","13":"product_tag-water-treatment-cartridge","15":"first","16":"instock","17":"shipping-taxable","18":"product-type-simple"},"_links":{"self":[{"href":"https:\/\/lyfilter.com\/de\/wp-json\/wp\/v2\/product\/2079","targetHints":{"allow":["GET"]}}],"collection":[{"href":"https:\/\/lyfilter.com\/de\/wp-json\/wp\/v2\/product"}],"about":[{"href":"https:\/\/lyfilter.com\/de\/wp-json\/wp\/v2\/types\/product"}],"replies":[{"embeddable":true,"href":"https:\/\/lyfilter.com\/de\/wp-json\/wp\/v2\/comments?post=2079"}],"wp:featuredmedia":[{"embeddable":true,"href":"https:\/\/lyfilter.com\/de\/wp-json\/wp\/v2\/media\/2080"}],"wp:attachment":[{"href":"https:\/\/lyfilter.com\/de\/wp-json\/wp\/v2\/media?parent=2079"}],"wp:term":[{"taxonomy":"product_brand","embeddable":true,"href":"https:\/\/lyfilter.com\/de\/wp-json\/wp\/v2\/product_brand?post=2079"},{"taxonomy":"product_cat","embeddable":true,"href":"https:\/\/lyfilter.com\/de\/wp-json\/wp\/v2\/product_cat?post=2079"},{"taxonomy":"product_tag","embeddable":true,"href":"https:\/\/lyfilter.com\/de\/wp-json\/wp\/v2\/product_tag?post=2079"}],"curies":[{"name":"wp","href":"https:\/\/api.w.org\/{rel}","templated":true}]}}