{"id":2035,"date":"2026-01-06T03:48:17","date_gmt":"2026-01-06T03:48:17","guid":{"rendered":"https:\/\/lyfilter.com\/?post_type=product&#038;p=2035"},"modified":"2026-01-06T03:48:17","modified_gmt":"2026-01-06T03:48:17","slug":"10-20-30-40-inch-replacement-polypropylene-fine-filter-depth-cartridge-filters-with-hairy-orange-groove-smooth-surface","status":"publish","type":"product","link":"https:\/\/lyfilter.com\/de\/10-20-30-40-inch-replacement-polypropylene-fine-filter-depth-cartridge-filters-with-hairy-orange-groove-smooth-surface\/","title":{"rendered":"10 20 30 40 Zoll Ersatz-Polypropylen-Feinfilter-Tiefenfilter mit haariger Orangenrille glatte Oberfl\u00e4che"},"content":{"rendered":"<table>\n<thead>\n<tr>\n<th>Artikel<\/th>\n<th>Einzelheiten<\/th>\n<\/tr>\n<\/thead>\n<tbody>\n<tr>\n<td>Zustand<\/td>\n<td>Neu<\/td>\n<\/tr>\n<tr>\n<td>Anwendbare Industrien<\/td>\n<td>Hotels, Fertigungsbetriebe, Lebensmittel- und Getr\u00e4nkefabriken, landwirtschaftliche Betriebe, Restaurants, Einzelhandel, Haushalte, Bauwesen, Energie und Bergbau, Druckereien, Werbung<\/td>\n<\/tr>\n<tr>\n<td>Ort der Herkunft<\/td>\n<td>Guangdong, China<\/td>\n<\/tr>\n<tr>\n<td>Markenname<\/td>\n<td>Lvyuan \/ OEM<\/td>\n<\/tr>\n<tr>\n<td>Name des Produkts<\/td>\n<td>Tiefenfilter aus Polypropylen<\/td>\n<\/tr>\n<tr>\n<td>Material<\/td>\n<td>Polypropylen<\/td>\n<\/tr>\n<tr>\n<td>Filtermedien<\/td>\n<td>Polypropylen PP gesponnen<\/td>\n<\/tr>\n<tr>\n<td>Mikron-Rate<\/td>\n<td>1 \/ 3 \/ 5 \/ 10 \/ 25 \/ 50 \/ 75 \/ 100 Mikron<\/td>\n<\/tr>\n<tr>\n<td>L\u00e4nge<\/td>\n<td>5\u2033, 10\u2033, 20\u2033, 30\u2033, 40\u2033, 50\u2033 Zoll<\/td>\n<\/tr>\n<tr>\n<td>Gr\u00f6\u00dfe<\/td>\n<td>Standard oder kundenspezifisch<\/td>\n<\/tr>\n<tr>\n<td>Gewicht<\/td>\n<td>Abh\u00e4ngig von<\/td>\n<\/tr>\n<tr>\n<td>Strom<\/td>\n<td>0<\/td>\n<\/tr>\n<tr>\n<td>Anmeldung<\/td>\n<td>Wasserfilterteile, Umkehrosmose<\/td>\n<\/tr>\n<tr>\n<td>Verwendung<\/td>\n<td>Fl\u00fcssigkeits-Patronenfilter<\/td>\n<\/tr>\n<tr>\n<td>Endkappe<\/td>\n<td>DOE, 222Fin, 226Fin, 222Flat, 226Flat<\/td>\n<\/tr>\n<tr>\n<td>Material der Dichtung \/ des O-Rings<\/td>\n<td>Silizium, EPDM, Viton<\/td>\n<\/tr>\n<tr>\n<td>Innerer Kern<\/td>\n<td>PP, rostfreier Stahl, oder keine<\/td>\n<\/tr>\n<tr>\n<td>Zertifizierung<\/td>\n<td>CE, SGS<\/td>\n<\/tr>\n<tr>\n<td>Garantie<\/td>\n<td>Nicht verf\u00fcgbar<\/td>\n<\/tr>\n<tr>\n<td>Service nach dem Verkauf<\/td>\n<td>Online-Unterst\u00fctzung<\/td>\n<\/tr>\n<tr>\n<td>Service nach der Garantie<\/td>\n<td>Online-Unterst\u00fctzung<\/td>\n<\/tr>\n<tr>\n<td>Lokaler Dienstort<\/td>\n<td>Keine<\/td>\n<\/tr>\n<tr>\n<td>Standort des Ausstellungsraums<\/td>\n<td>Keine<\/td>\n<\/tr>\n<tr>\n<td>Verkaufte Einheiten<\/td>\n<td>Einzelnes Element<\/td>\n<\/tr>\n<tr>\n<td>Einzelne Packungsgr\u00f6\u00dfe<\/td>\n<td>55 \u00d7 10 \u00d7 10 cm<\/td>\n<\/tr>\n<tr>\n<td>Einfaches Bruttogewicht<\/td>\n<td>2,0 kg<\/td>\n<\/tr>\n<tr>\n<td>Art der Verpackung<\/td>\n<td>Gro\u00dfkartonverpackung nach Gr\u00f6\u00dfe; Angebot als Referenz, Endpreis auf Basis der Spezifikationen<\/td>\n<\/tr>\n<tr>\n<td>Vorlaufzeit (1-2000 St\u00fcck)<\/td>\n<td>15 Tage<\/td>\n<\/tr>\n<tr>\n<td>Vorlaufzeit (&gt;2000 St\u00fcck)<\/td>\n<td>Noch zu verhandeln<\/td>\n<\/tr>\n<\/tbody>\n<\/table>","protected":false},"excerpt":{"rendered":"<p>Diese Tiefenfilterpatrone aus Polypropylen bietet eine zuverl\u00e4ssige Partikelentfernung \u00fcber viele Mikronstufen hinweg. Sie passt in Umkehrosmose- und Wassersysteme f\u00fcr den industriellen und t\u00e4glichen Gebrauch.<\/p>","protected":false},"featured_media":2043,"comment_status":"open","ping_status":"closed","template":"","meta":{"_gspb_post_css":""},"product_brand":[],"product_cat":[17,23],"product_tag":[869,870,295,732,325,357],"class_list":{"0":"post-2035","1":"product","2":"type-product","3":"status-publish","4":"has-post-thumbnail","6":"product_cat-sediment-filter","7":"product_cat-pp-filter-cartridge","8":"product_tag-polypropylene-depth-filter","9":"product_tag-pp-depth-filter-cartridge","10":"product_tag-pp-spun-filter","11":"product_tag-ro-filter-cartridge","12":"product_tag-sediment-filter-cartridge","13":"product_tag-water-filter-cartridge","15":"first","16":"instock","17":"shipping-taxable","18":"product-type-simple"},"_links":{"self":[{"href":"https:\/\/lyfilter.com\/de\/wp-json\/wp\/v2\/product\/2035","targetHints":{"allow":["GET"]}}],"collection":[{"href":"https:\/\/lyfilter.com\/de\/wp-json\/wp\/v2\/product"}],"about":[{"href":"https:\/\/lyfilter.com\/de\/wp-json\/wp\/v2\/types\/product"}],"replies":[{"embeddable":true,"href":"https:\/\/lyfilter.com\/de\/wp-json\/wp\/v2\/comments?post=2035"}],"wp:featuredmedia":[{"embeddable":true,"href":"https:\/\/lyfilter.com\/de\/wp-json\/wp\/v2\/media\/2043"}],"wp:attachment":[{"href":"https:\/\/lyfilter.com\/de\/wp-json\/wp\/v2\/media?parent=2035"}],"wp:term":[{"taxonomy":"product_brand","embeddable":true,"href":"https:\/\/lyfilter.com\/de\/wp-json\/wp\/v2\/product_brand?post=2035"},{"taxonomy":"product_cat","embeddable":true,"href":"https:\/\/lyfilter.com\/de\/wp-json\/wp\/v2\/product_cat?post=2035"},{"taxonomy":"product_tag","embeddable":true,"href":"https:\/\/lyfilter.com\/de\/wp-json\/wp\/v2\/product_tag?post=2035"}],"curies":[{"name":"wp","href":"https:\/\/api.w.org\/{rel}","templated":true}]}}