{"id":1995,"date":"2026-01-06T03:20:52","date_gmt":"2026-01-06T03:20:52","guid":{"rendered":"https:\/\/lyfilter.com\/?post_type=product&#038;p=1995"},"modified":"2026-01-06T03:20:52","modified_gmt":"2026-01-06T03:20:52","slug":"10-inch-pp-sediment-filter-cartridge-melt-blown-water-cartridge-with-5-micron-10-micron","status":"publish","type":"product","link":"https:\/\/lyfilter.com\/de\/10-inch-pp-sediment-filter-cartridge-melt-blown-water-cartridge-with-5-micron-10-micron\/","title":{"rendered":"10-Zoll-PP-Sediment-Filterpatrone \/Schmelzwasserpatrone mit 5 Mikron 10 Mikron"},"content":{"rendered":"<table>\n<thead>\n<tr>\n<th>Artikel<\/th>\n<th>Einzelheiten<\/th>\n<\/tr>\n<\/thead>\n<tbody>\n<tr>\n<td>Anwendbare Industrien<\/td>\n<td>Produktionsanlagen, Lebensmittel- und Getr\u00e4nkehersteller, Hausgebrauch, Wasseraufbereitung<\/td>\n<\/tr>\n<tr>\n<td>Ort der Herkunft<\/td>\n<td>Guangdong, China<\/td>\n<\/tr>\n<tr>\n<td>Markenname<\/td>\n<td>Lvyuan, OEM, ODM<\/td>\n<\/tr>\n<tr>\n<td>Material<\/td>\n<td>PP<\/td>\n<\/tr>\n<tr>\n<td>Rohmaterial<\/td>\n<td>PP-Faser<\/td>\n<\/tr>\n<tr>\n<td>Form<\/td>\n<td>Zylinder<\/td>\n<\/tr>\n<tr>\n<td>L\u00e4nge<\/td>\n<td>5 \/ 10 \/ 20 \/ 30 \/ 40 Zoll oder kundenspezifisch<\/td>\n<\/tr>\n<tr>\n<td>Gr\u00f6\u00dfe<\/td>\n<td>Kundenspezifisch<\/td>\n<\/tr>\n<tr>\n<td>Gewicht<\/td>\n<td>Kundenspezifisch<\/td>\n<\/tr>\n<tr>\n<td>Strom<\/td>\n<td>0<\/td>\n<\/tr>\n<tr>\n<td>Merkmal<\/td>\n<td>Ma\u00dfgeschneiderte Gr\u00f6\u00dfe und Logo, Stahlblech<\/td>\n<\/tr>\n<tr>\n<td>Verwendung<\/td>\n<td>Wasseraufbereitung<\/td>\n<\/tr>\n<tr>\n<td>Anmeldung<\/td>\n<td>Industrie<\/td>\n<\/tr>\n<tr>\n<td>Farbe<\/td>\n<td>Wei\u00df<\/td>\n<\/tr>\n<tr>\n<td>Erscheinungsbild<\/td>\n<td>Gepr\u00e4gt, gl\u00e4nzend, etc.<\/td>\n<\/tr>\n<tr>\n<td>Zertifizierung<\/td>\n<td>SGS<\/td>\n<\/tr>\n<tr>\n<td>Garantie<\/td>\n<td>Nicht verf\u00fcgbar<\/td>\n<\/tr>\n<tr>\n<td>Service nach dem Verkauf<\/td>\n<td>Online-Unterst\u00fctzung<\/td>\n<\/tr>\n<tr>\n<td>Verpacken<\/td>\n<td>Pappkarton<\/td>\n<\/tr>\n<tr>\n<td>Lieferf\u00e4higkeit<\/td>\n<td>5000 St\u00fcck pro Woche<\/td>\n<\/tr>\n<\/tbody>\n<\/table>","protected":false},"excerpt":{"rendered":"<p>Diese PP-Wasserfilterpatrone wird nach Ihren Anforderungen an Gr\u00f6\u00dfe und Branding hergestellt. Sie bietet eine stabile Filtration f\u00fcr die Wasseraufbereitung in der Industrie, im Lebensmittelbereich und im Haushalt.<\/p>","protected":false},"featured_media":2004,"comment_status":"open","ping_status":"closed","template":"","meta":{"_gspb_post_css":""},"product_brand":[],"product_cat":[23,17],"product_tag":[862,861,856,641,643,632],"class_list":{"0":"post-1995","1":"product","2":"type-product","3":"status-publish","4":"has-post-thumbnail","6":"product_cat-pp-filter-cartridge","7":"product_cat-sediment-filter","8":"product_tag-custom-length-filter-cartridge","9":"product_tag-custom-pp-filter-cartridge","10":"product_tag-industrial-water-treatment-filter","11":"product_tag-oem-odm-water-filter","12":"product_tag-pp-fiber-water-filter","13":"product_tag-pp-water-filter-cartridge","15":"first","16":"instock","17":"shipping-taxable","18":"product-type-simple"},"_links":{"self":[{"href":"https:\/\/lyfilter.com\/de\/wp-json\/wp\/v2\/product\/1995","targetHints":{"allow":["GET"]}}],"collection":[{"href":"https:\/\/lyfilter.com\/de\/wp-json\/wp\/v2\/product"}],"about":[{"href":"https:\/\/lyfilter.com\/de\/wp-json\/wp\/v2\/types\/product"}],"replies":[{"embeddable":true,"href":"https:\/\/lyfilter.com\/de\/wp-json\/wp\/v2\/comments?post=1995"}],"wp:featuredmedia":[{"embeddable":true,"href":"https:\/\/lyfilter.com\/de\/wp-json\/wp\/v2\/media\/2004"}],"wp:attachment":[{"href":"https:\/\/lyfilter.com\/de\/wp-json\/wp\/v2\/media?parent=1995"}],"wp:term":[{"taxonomy":"product_brand","embeddable":true,"href":"https:\/\/lyfilter.com\/de\/wp-json\/wp\/v2\/product_brand?post=1995"},{"taxonomy":"product_cat","embeddable":true,"href":"https:\/\/lyfilter.com\/de\/wp-json\/wp\/v2\/product_cat?post=1995"},{"taxonomy":"product_tag","embeddable":true,"href":"https:\/\/lyfilter.com\/de\/wp-json\/wp\/v2\/product_tag?post=1995"}],"curies":[{"name":"wp","href":"https:\/\/api.w.org\/{rel}","templated":true}]}}