{"id":1974,"date":"2026-01-06T03:08:34","date_gmt":"2026-01-06T03:08:34","guid":{"rendered":"https:\/\/lyfilter.com\/?post_type=product&#038;p=1974"},"modified":"2026-01-06T03:08:34","modified_gmt":"2026-01-06T03:08:34","slug":"10-inch-pp-melt-blown-filter-cartridge-sedeiment-water-cartridge-1-5-10-micon-customized-surface","status":"publish","type":"product","link":"https:\/\/lyfilter.com\/de\/10-inch-pp-melt-blown-filter-cartridge-sedeiment-water-cartridge-1-5-10-micon-customized-surface\/","title":{"rendered":"10 Zoll PP schmelzen geblasen Filterpatrone Sediment Wasser Patrone 1 5 10 micon kundenspezifische Oberfl\u00e4che"},"content":{"rendered":"<table>\n<thead>\n<tr>\n<th>Artikel<\/th>\n<th>Einzelheiten<\/th>\n<\/tr>\n<\/thead>\n<tbody>\n<tr>\n<td>Anwendbare Industrien<\/td>\n<td>Produktionsanlagen, Lebensmittel- und Getr\u00e4nkehersteller, Hausgebrauch, Wasseraufbereitung<\/td>\n<\/tr>\n<tr>\n<td>Ort der Herkunft<\/td>\n<td>Guangdong, China<\/td>\n<\/tr>\n<tr>\n<td>Markenname<\/td>\n<td>Lvyuan, OEM, ODM<\/td>\n<\/tr>\n<tr>\n<td>Material<\/td>\n<td>PP<\/td>\n<\/tr>\n<tr>\n<td>Rohmaterial<\/td>\n<td>PP-Faser<\/td>\n<\/tr>\n<tr>\n<td>Form<\/td>\n<td>Zylinder<\/td>\n<\/tr>\n<tr>\n<td>Gr\u00f6\u00dfe<\/td>\n<td>Kundenspezifisch, schlank, jumbo<\/td>\n<\/tr>\n<tr>\n<td>Gewicht<\/td>\n<td>Kundenspezifisch<\/td>\n<\/tr>\n<tr>\n<td>Strom<\/td>\n<td>0<\/td>\n<\/tr>\n<tr>\n<td>Merkmal<\/td>\n<td>Ma\u00dfgeschneiderte Gr\u00f6\u00dfe und Logo, Stahlblech<\/td>\n<\/tr>\n<tr>\n<td>Verwendung<\/td>\n<td>Wasseraufbereitung<\/td>\n<\/tr>\n<tr>\n<td>Anmeldung<\/td>\n<td>Industrie<\/td>\n<\/tr>\n<tr>\n<td>Farbe<\/td>\n<td>Wei\u00df<\/td>\n<\/tr>\n<tr>\n<td>Erscheinungsbild<\/td>\n<td>Gepr\u00e4gt, gl\u00e4nzend, etc.<\/td>\n<\/tr>\n<tr>\n<td>Zertifizierung<\/td>\n<td>SGS<\/td>\n<\/tr>\n<tr>\n<td>Garantie<\/td>\n<td>Nicht verf\u00fcgbar<\/td>\n<\/tr>\n<tr>\n<td>Service nach dem Verkauf<\/td>\n<td>Online-Unterst\u00fctzung<\/td>\n<\/tr>\n<tr>\n<td>Verpacken<\/td>\n<td>Pappkarton<\/td>\n<\/tr>\n<tr>\n<td>Lieferf\u00e4higkeit<\/td>\n<td>5000 St\u00fcck pro Woche<\/td>\n<\/tr>\n<\/tbody>\n<\/table>","protected":false},"excerpt":{"rendered":"<p>Diese PP-Wasserfilterpatrone ist auf Ihr System und Ihre Marke abgestimmt. Sie unterst\u00fctzt eine stabile Filtration f\u00fcr die Wasseraufbereitung in der Industrie, in der Lebensmittelindustrie und im Haushalt.<\/p>","protected":false},"featured_media":1986,"comment_status":"open","ping_status":"closed","template":"","meta":{"_gspb_post_css":""},"product_brand":[],"product_cat":[23,17],"product_tag":[859,856,860,632,302,668],"class_list":{"0":"post-1974","1":"product","2":"type-product","3":"status-publish","4":"has-post-thumbnail","6":"product_cat-pp-filter-cartridge","7":"product_cat-sediment-filter","8":"product_tag-customized-water-filter","9":"product_tag-industrial-water-treatment-filter","10":"product_tag-pp-fiber-cartridge","11":"product_tag-pp-water-filter-cartridge","12":"product_tag-sgs-certified-filter","13":"product_tag-slim-jumbo-filter","15":"first","16":"instock","17":"shipping-taxable","18":"product-type-simple"},"_links":{"self":[{"href":"https:\/\/lyfilter.com\/de\/wp-json\/wp\/v2\/product\/1974","targetHints":{"allow":["GET"]}}],"collection":[{"href":"https:\/\/lyfilter.com\/de\/wp-json\/wp\/v2\/product"}],"about":[{"href":"https:\/\/lyfilter.com\/de\/wp-json\/wp\/v2\/types\/product"}],"replies":[{"embeddable":true,"href":"https:\/\/lyfilter.com\/de\/wp-json\/wp\/v2\/comments?post=1974"}],"wp:featuredmedia":[{"embeddable":true,"href":"https:\/\/lyfilter.com\/de\/wp-json\/wp\/v2\/media\/1986"}],"wp:attachment":[{"href":"https:\/\/lyfilter.com\/de\/wp-json\/wp\/v2\/media?parent=1974"}],"wp:term":[{"taxonomy":"product_brand","embeddable":true,"href":"https:\/\/lyfilter.com\/de\/wp-json\/wp\/v2\/product_brand?post=1974"},{"taxonomy":"product_cat","embeddable":true,"href":"https:\/\/lyfilter.com\/de\/wp-json\/wp\/v2\/product_cat?post=1974"},{"taxonomy":"product_tag","embeddable":true,"href":"https:\/\/lyfilter.com\/de\/wp-json\/wp\/v2\/product_tag?post=1974"}],"curies":[{"name":"wp","href":"https:\/\/api.w.org\/{rel}","templated":true}]}}