{"id":1942,"date":"2026-01-06T02:53:34","date_gmt":"2026-01-06T02:53:34","guid":{"rendered":"https:\/\/lyfilter.com\/?post_type=product&#038;p=1942"},"modified":"2026-01-06T02:53:34","modified_gmt":"2026-01-06T02:53:34","slug":"double-layers-microns-filtration-5-micronx10-micron-spun-polypropylene-filter-cartridge-for-water-treatment-purification","status":"publish","type":"product","link":"https:\/\/lyfilter.com\/de\/double-layers-microns-filtration-5-micronx10-micron-spun-polypropylene-filter-cartridge-for-water-treatment-purification\/","title":{"rendered":"Doppelte Schichten Mikron Filtration (5 Mikronx10 Mikron) spun Polypropylen-Filterpatrone f\u00fcr die Wasseraufbereitung Reinigung"},"content":{"rendered":"<div class=\"scc-wrapper detail-module module-productPackagingAndQuickDetail\" data-spm=\"prilinga1e\">\n<div class=\"widget-detail-overview\">\n<div class=\"do-content\">\n<div class=\"do-overview\">\n<div class=\"do-entry do-entry-separate\">\n<div class=\"do-entry-list\"><\/div>\n<\/div>\n<div class=\"do-entry do-entry-full\">\n<div class=\"do-entry-list\">\n<dl class=\"do-entry-item\">\n<dd class=\"do-entry-item-val\" title=\"Vorlaufzeit\">\n<div class=\"table-responsive\">\n<table>\n<thead>\n<tr>\n<th>Artikel<\/th>\n<th>Details<\/th>\n<\/tr>\n<\/thead>\n<tbody>\n<tr>\n<td>Zustand<\/td>\n<td>neu<\/td>\n<\/tr>\n<tr>\n<td>Produktname<\/td>\n<td>Mikron gesponnene Polypropylen-Filterpatrone f\u00fcr die Wasseraufbereitung<\/td>\n<\/tr>\n<tr>\n<td>Markenname<\/td>\n<td>Ivyuan\/oem<\/td>\n<\/tr>\n<tr>\n<td>Herkunftsort<\/td>\n<td>guangdong, china<\/td>\n<\/tr>\n<tr>\n<td>Material<\/td>\n<td>Polypropylen<\/td>\n<\/tr>\n<tr>\n<td>Genauigkeit<\/td>\n<td>1-100 Mikron<\/td>\n<\/tr>\n<tr>\n<td>Au\u00dfendurchmesser<\/td>\n<td>10-200 mm<\/td>\n<\/tr>\n<tr>\n<td>Innendurchmesser<\/td>\n<td>Erstausr\u00fcster<\/td>\n<\/tr>\n<tr>\n<td>Filtertyp<\/td>\n<td>Rille, Pr\u00e4gung, Punkte, Firmenlogo<\/td>\n<\/tr>\n<tr>\n<td>Filteradapter<\/td>\n<td>flacher Typ, Typ 222, Typ 226, Typ 215<\/td>\n<\/tr>\n<tr>\n<td>h\u00f6chste Temperatur<\/td>\n<td>80\u2103<\/td>\n<\/tr>\n<tr>\n<td>Arbeitsdruckabfall<\/td>\n<td>0,1 kgf\/cm\u00b2<\/td>\n<\/tr>\n<tr>\n<td>h\u00f6chst beengt<\/td>\n<td>5 kgf\/cm\u00b2<\/td>\n<\/tr>\n<tr>\n<td>maximaler Druckverlust<\/td>\n<td>3 kgf\/cm\u00b2<\/td>\n<\/tr>\n<tr>\n<td>Gr\u00f6\u00dfe<\/td>\n<td>Erstausr\u00fcster<\/td>\n<\/tr>\n<tr>\n<td>Gewicht<\/td>\n<td>Erstausr\u00fcster<\/td>\n<\/tr>\n<tr>\n<td>Macht<\/td>\n<td>0<\/td>\n<\/tr>\n<tr>\n<td>Garantie<\/td>\n<td>nicht verf\u00fcgbar<\/td>\n<\/tr>\n<tr>\n<td>Kundendienst<\/td>\n<td>Online-Support<\/td>\n<\/tr>\n<tr>\n<td>anwendbare Industrien<\/td>\n<td>Hotels, Bekleidungsgesch\u00e4fte, Baustoffgesch\u00e4fte, Fertigungsbetriebe, Maschinenreparaturwerkst\u00e4tten, Lebensmittel- und Getr\u00e4nkefabriken, landwirtschaftliche Betriebe, Restaurants, Haushalte, Einzelhandel, Lebensmittelgesch\u00e4fte, Druckereien, Bauunternehmen, Energie- und Bergbauunternehmen, Lebensmittel- und Getr\u00e4nkeh\u00e4ndler, Werbeunternehmen<\/td>\n<\/tr>\n<tr>\n<td>Verkaufseinheiten<\/td>\n<td>Einzelposten<\/td>\n<\/tr>\n<tr>\n<td>einzelne Packungsgr\u00f6\u00dfe<\/td>\n<td>26 \u00d7 3 \u00d7 3 cm<\/td>\n<\/tr>\n<tr>\n<td>Einzelbruttogewicht<\/td>\n<td>1.000 kg<\/td>\n<\/tr>\n<tr>\n<td>Pakettyp<\/td>\n<td>Doppellagige Mikrometer-Filterpatrone (5 Mikron \u00d7 10 Mikron) aus gesponnenem Polypropylen f\u00fcr die Wasseraufbereitung; verpackt in Papierkarton<\/td>\n<\/tr>\n<tr>\n<td>Vorlaufzeit (1-100 St\u00fcck)<\/td>\n<td>3 Tage<\/td>\n<\/tr>\n<tr>\n<td>Vorlaufzeit (101-500 St\u00fcck)<\/td>\n<td>5 Tage<\/td>\n<\/tr>\n<tr>\n<td>Vorlaufzeit (501-5000 St\u00fcck)<\/td>\n<td>10 Tage<\/td>\n<\/tr>\n<tr>\n<td>Vorlaufzeit (&gt;5000 St\u00fcck)<\/td>\n<td>noch zu verhandeln<\/td>\n<\/tr>\n<\/tbody>\n<\/table>\n<\/div>\n<\/dd>\n<\/dl>\n<\/div>\n<\/div>\n<\/div>\n<\/div>\n<\/div>\n<\/div>\n<div class=\"scc-wrapper detail-module module-detailVideo\" data-spm=\"detailvideo\"><\/div>\n<div class=\"scc-wrapper detail-module module-productSpecification\" data-spm=\"pronpeci14\">\n<div id=\"J-rich-text-description\" class=\"richtext richtext-detail rich-text-description\">\n<div id=\"detail_decorate_root\" data-host=\"111218246\" data-id=\"detail_decorate_root\">\n<div id=\"_root\" class=\"engine-app\" data-reactroot=\"\">\n<div id=\"ali-anchor-AliMagic-c52arj\" class=\"magic-0\" data-section=\"AliMagic-c52arj\" data-section-title=\"Product Description\">Beschreibung des Produkts<\/div>\n<div class=\"icbu-pc-images magic-1\">\n<div>\n<div class=\"flex-layout-v\">\n<div class=\"flex-layout-h magic-1\">\n<div class=\"magic-2\"><img decoding=\"async\" class=\"magic-3\" src=\"https:\/\/img.yfisher.com\/m6076\/172572676906t\/jpg70-t3-scale100.webp\" alt=\"Doppelte Schichten Mikron Filtration (5 Mikronx10 Mikron) spun Polypropylen-Filterpatrone f\u00fcr die Wasseraufbereitung Reinigung 7\" data-lazy=\"2\" title=\"\"><\/div>\n<\/div>\n<\/div>\n<\/div>\n<\/div>\n<div class=\"icbu-pc-images magic-1\">\n<div>\n<div class=\"flex-layout-h\">\n<div class=\"flex-layout-v magic-4\">\n<div class=\"magic-5\"><img decoding=\"async\" class=\"magic-6\" src=\"https:\/\/img.yfisher.com\/m6076\/1725726769ezm\/png70-t3-scale100.webp\" alt=\"Doppelte Schichten Mikron Filtration (5 Mikronx10 Mikron) spun Polypropylen Filterpatrone f\u00fcr die Wasseraufbereitung Reinigung 9\" data-lazy=\"2\" title=\"\"><\/div>\n<\/div>\n<div class=\"text-wrapper magic-7\">\n<div class=\"text-wrapper-right text-theme-light text-align-left\">\n<div class=\"text-title\">\n<h3 class=\"magic-8\"><span class=\"magic-9\">\u00a0<\/span><\/h3>\n<h3 class=\"magic-8\"><span class=\"magic-9\">\u00a0<\/span><\/h3>\n<h3 class=\"magic-8\"><span class=\"magic-9\">Verschiedene Gr\u00f6\u00dfen f\u00fcr PP-Spun-Melt-Blasfilter<\/span><\/h3>\n<\/div>\n<div class=\"text-content\">\n<p class=\"magic-10\"><span class=\"magic-9\">PP Meltblown-Filterpatrone (PPF) ist\u00a0<\/span><\/p>\n<p class=\"magic-10\"><span class=\"magic-9\">hergestellt aus Polypropylen.\u00a0<\/span><\/p>\n<p class=\"magic-10\"><span class=\"magic-9\">Es kann Schwebstoffe entfernen,\u00a0<\/span><\/p>\n<p class=\"magic-10\"><span class=\"magic-9\">Partikel und Rost wirksam zu entfernen.\u00a0<\/span><\/p>\n<p class=\"magic-10\"><span class=\"magic-9\">Diese Art von Patrone wird f\u00fcr die Front verwendet\u00a0<\/span><\/p>\n<p class=\"magic-10\"><span class=\"magic-9\">Filterpatrone zum Schutz\u00a0<\/span><\/p>\n<p class=\"magic-10\"><span class=\"magic-9\">andere.<\/span><\/p>\n<\/div>\n<\/div>\n<\/div>\n<\/div>\n<\/div>\n<\/div>\n<div class=\"icbu-pc-images magic-1\">\n<div>\n<div class=\"flex-layout-h\">\n<div class=\"text-wrapper magic-11\">\n<div class=\"text-wrapper-left text-theme-light text-align-left\">\n<div class=\"text-title\">\n<h3 class=\"magic-8\"><span class=\"magic-9\">\u00a0<\/span><\/h3>\n<h3 class=\"magic-8\"><span class=\"magic-9\">\u00a0<\/span><\/h3>\n<h3 class=\"magic-8\"><span class=\"magic-9\">OEM-Abmessungen PP-Schmelzblasfilterpatrone<\/span><\/h3>\n<\/div>\n<div class=\"text-content\">\n<p class=\"magic-10\"><span class=\"magic-9\">Lvyuan PP <a href=\"https:\/\/lyfilter.com\/de\/melt-blown-filter-cartridge.html\/\">schmelzgeblasene Filterpatrone<\/a>s Serie ist eine Art von Standard und einfache Filterpatronen f\u00fcr die Wasserreinigung. Es ist Verschmelzung und Verflechtung von Polypropylen-Faser ohne chemische Klebstoffe. 100% reine Polypropylen PP Rohstoffe gemacht.\u00a0<\/span><\/p>\n<p class=\"magic-10\"><span class=\"magic-9\"><b><span style=\"color: #71a3a1;\">Frau Vickie Yung<br \/>\nMob.\/Whatsapp: +86 15975359293<br \/>\nSkype: vickie9293<\/span><\/b><br \/>\n<\/span><\/p>\n<\/div>\n<\/div>\n<\/div>\n<div class=\"flex-layout-v magic-4\">\n<div class=\"magic-5\"><img decoding=\"async\" class=\"magic-6\" src=\"https:\/\/img.yfisher.com\/m6076\/1725726769nrd\/png70-t3-scale100.webp\" alt=\"Doppelte Schichten Mikron Filtration (5 Mikronx10 Mikron) spun Polypropylen Filterpatrone f\u00fcr die Wasseraufbereitung Reinigung 11\" data-lazy=\"2\" title=\"\"><\/div>\n<\/div>\n<\/div>\n<\/div>\n<\/div>\n<div class=\"icbu-pc-images magic-1\">\n<div>\n<div class=\"flex-layout-h\">\n<div class=\"flex-layout-v magic-4\">\n<div class=\"magic-5\"><img decoding=\"async\" class=\"magic-6\" src=\"https:\/\/img.yfisher.com\/m6076\/1725726769ek9\/png70-t3-scale100.webp\" alt=\"Doppelte Schichten Mikron Filtration (5 Mikronx10 Mikron) spun Polypropylen Filterpatrone f\u00fcr die Wasseraufbereitung Reinigung 13\" data-lazy=\"2\" title=\"\"><\/div>\n<\/div>\n<div class=\"text-wrapper magic-7\">\n<div class=\"text-wrapper-right text-theme-light text-align-left\">\n<div class=\"text-title\">\n<h3 class=\"magic-8\"><span class=\"magic-9\">\u00a0<\/span><\/h3>\n<h3 class=\"magic-8\"><span class=\"magic-9\">\u00a0<\/span><\/h3>\n<h3 class=\"magic-8\"><span class=\"magic-9\">Kundenspezifischer PP-Wasserfilter mit zwei Mikrometern<\/span><\/h3>\n<\/div>\n<div class=\"text-content\">\n<p class=\"magic-10\"><span class=\"magic-9\">Mikrometer k\u00f6nnen angepasst werden, 2 Schichten Mikrometer PP <a href=\"https:\/\/lyfilter.com\/de\/products.html\/\">Wasserfilterpatronen<\/a> um ein starkes Schadstoffr\u00fcckhalteverm\u00f6gen zu erreichen, k\u00f6nnen Verunreinigungen wie Schwebstoffe, Partikel und Rost effektiv entfernt werden, was eine effiziente Filtration und lange Lebensdauer gew\u00e4hrleistet.\u00a0<\/span><\/p>\n<\/div>\n<\/div>\n<\/div>\n<\/div>\n<\/div>\n<\/div>\n<div class=\"icbu-pc-images magic-1\">\n<div>\n<div class=\"flex-layout-h\">\n<div class=\"text-wrapper magic-11\">\n<div class=\"text-wrapper-left text-theme-light text-align-left\">\n<div class=\"text-title\">\n<h3 class=\"magic-8\"><span class=\"magic-9\">PP-Filterpatrone mit Verbundwerkstoff<\/span><\/h3>\n<\/div>\n<div class=\"text-content\">\n<p class=\"magic-10\"><span class=\"magic-9\"><a href=\"https:\/\/lyfilter.com\/de\/pp-filter-cartridge.html\/\">PP-Filterpatrone<\/a> mit zusammengesetztem Filter, es k\u00f6nnen verschiedene Gr\u00f6\u00dfen und Filtermaterialien angepasst werden, um unterschiedliche Anforderungen zu erf\u00fcllen.\u00a0<\/span><\/p>\n<\/div>\n<\/div>\n<\/div>\n<div class=\"flex-layout-v magic-4\">\n<div class=\"magic-5\"><img decoding=\"async\" class=\"magic-6\" src=\"https:\/\/img.yfisher.com\/m6076\/17257267697zl\/png70-t3-scale100.webp\" alt=\"Doppelte Schichten Mikron Filtration (5 Mikronx10 Mikron) spun Polypropylen Filterpatrone f\u00fcr die Wasseraufbereitung Reinigung 15\" data-lazy=\"2\" title=\"\"><\/div>\n<\/div>\n<\/div>\n<\/div>\n<\/div>\n<div class=\"icbu-pc-images magic-1\">\n<div>\n<div class=\"flex-layout-h\">\n<div class=\"flex-layout-v magic-4\">\n<div class=\"magic-5\"><img decoding=\"async\" class=\"magic-6\" src=\"https:\/\/img.yfisher.com\/m6076\/1725726769o3n\/png70-t3-scale100.webp\" alt=\"Doppelte Schichten Mikron Filtration (5 Mikronx10 Mikron) gesponnene Polypropylen-Filterpatrone f\u00fcr Wasseraufbereitung Reinigung 17\" data-lazy=\"2\" title=\"\"><\/div>\n<\/div>\n<div class=\"text-wrapper magic-7\">\n<div class=\"text-wrapper-right text-theme-light text-align-left\">\n<div class=\"text-title\">\n<h3 class=\"magic-8\"><span class=\"magic-9\">OEM-Adapter f\u00fcr PP-Wasserfilterelemente<\/span><\/h3>\n<\/div>\n<div class=\"text-content\">\n<p class=\"magic-10\"><span class=\"magic-9\">Es sind verschiedene Filteradapter erh\u00e4ltlich.<\/span><\/p>\n<p class=\"magic-10\"><span class=\"magic-9\">Silikon, EPDM, NBR, Viton als Option.\u00a0<\/span><\/p>\n<\/div>\n<\/div>\n<\/div>\n<\/div>\n<\/div>\n<\/div>\n<div class=\"ife-detail-decorate-table\">\n<div class=\"table-responsive\">\n<table class=\"all magic-12\">\n<tbody>\n<tr>\n<td colspan=\"1\" rowspan=\"1\">\n<div class=\"magic-13\">Name des Produkts<\/div>\n<\/td>\n<td colspan=\"3\" rowspan=\"1\">\n<div class=\"magic-14\">Doppelte Schichten Mikron Filtration (5 Mikronx10 Mikron) spun Polypropylen-Filterpatrone f\u00fcr die Wasseraufbereitung Reinigung<\/div>\n<\/td>\n<\/tr>\n<tr>\n<td colspan=\"1\" rowspan=\"1\">\n<div class=\"magic-13\">Material<\/div>\n<\/td>\n<td colspan=\"3\" rowspan=\"1\">\n<div class=\"magic-14\">100% Material aus reinem Polypropylen<\/div>\n<\/td>\n<\/tr>\n<tr>\n<td colspan=\"1\" rowspan=\"1\">\n<div class=\"magic-13\">Oberfl\u00e4che<\/div>\n<\/td>\n<td colspan=\"3\" rowspan=\"1\">\n<div class=\"magic-14\">Rille, Druckstellen, flach, kreuzend<\/div>\n<\/td>\n<\/tr>\n<tr>\n<td colspan=\"1\" rowspan=\"1\">\n<div class=\"magic-13\">Mikrometer<\/div>\n<\/td>\n<td colspan=\"3\" rowspan=\"1\">\n<div class=\"magic-17\">1 ~100 Mikrometer<\/div>\n<\/td>\n<\/tr>\n<tr>\n<td colspan=\"1\" rowspan=\"1\">\n<div class=\"magic-13\">\u00c4u\u00dferer Durchmesser<\/div>\n<\/td>\n<td colspan=\"3\" rowspan=\"1\">\n<div class=\"magic-17\">OEM<\/div>\n<\/td>\n<\/tr>\n<tr>\n<td colspan=\"1\" rowspan=\"1\">\n<div class=\"magic-13\">Innendurchmesser<\/div>\n<\/td>\n<td colspan=\"3\" rowspan=\"1\">\n<div class=\"magic-17\">OEM<\/div>\n<\/td>\n<\/tr>\n<tr>\n<td colspan=\"1\" rowspan=\"1\">\n<div class=\"magic-13\">Schnittstelle<\/div>\n<\/td>\n<td colspan=\"3\" rowspan=\"1\">\n<div class=\"magic-17\">Flach, eingesetzt, geschraubt<\/div>\n<\/td>\n<\/tr>\n<tr>\n<td colspan=\"1\" rowspan=\"1\">\n<div class=\"magic-13\">Endkappe<\/div>\n<\/td>\n<td colspan=\"3\" rowspan=\"1\">\n<div class=\"magic-17\">222\/Flach, 222\/Fin, 226\/Flach, 226\/Fin, 215\/Flach, 215\/Fin<\/div>\n<\/td>\n<\/tr>\n<tr>\n<td colspan=\"1\" rowspan=\"1\">\n<div class=\"magic-13\">L\u00e4nge<\/div>\n<\/td>\n<td colspan=\"3\" rowspan=\"1\">\n<div class=\"magic-17\">OEM<\/div>\n<\/td>\n<\/tr>\n<tr>\n<td colspan=\"1\" rowspan=\"1\">\n<div class=\"magic-13\">Maximaler Differenzdruck<\/div>\n<\/td>\n<td colspan=\"3\" rowspan=\"1\">\n<div class=\"magic-17\">3 kgf\/cm\u00b2<\/div>\n<\/td>\n<\/tr>\n<tr>\n<td colspan=\"1\" rowspan=\"1\">\n<div class=\"magic-13\">Maximale Betriebstemperatur<\/div>\n<\/td>\n<td colspan=\"3\" rowspan=\"1\">\n<div class=\"magic-17\">80\u00b0c<\/div>\n<\/td>\n<\/tr>\n<tr>\n<td colspan=\"1\" rowspan=\"1\">\n<div class=\"magic-13\">Betriebsdifferenzdruck<\/div>\n<\/td>\n<td colspan=\"3\" rowspan=\"1\">\n<div class=\"magic-17\">0,1kgf\/cm2<\/div>\n<\/td>\n<\/tr>\n<tr>\n<td colspan=\"1\" rowspan=\"1\">\n<div class=\"magic-13\">Marke\/Logo<\/div>\n<\/td>\n<td colspan=\"3\" rowspan=\"1\">\n<div class=\"magic-17\">OEM<\/div>\n<\/td>\n<\/tr>\n<\/tbody>\n<\/table>\n<\/div>\n<\/div>\n<div id=\"ali-anchor-AliMagic-gysdug\" class=\"magic-0\" data-section=\"AliMagic-gysdug\" data-section-title=\"Detailed Images\">Detaillierte Bilder<\/div>\n<div class=\"detail-decorate-json-renderer-container\">\n<div class=\"magic-18\">\n<div class=\"magic-19\">\n<div class=\"magic-20\">\n<div class=\"magic-21\"><img decoding=\"async\" class=\"magic-22\" src=\"https:\/\/img.yfisher.com\/m6076\/1725726769xty\/png70-t3-scale100.webp\" alt=\"Doppelte Schichten Mikron Filtration (5 Mikronx10 Mikron) gesponnene Polypropylen-Filterpatrone f\u00fcr Wasseraufbereitung Reinigung 19\" data-lazy=\"2\" title=\"\"><\/div>\n<\/div>\n<div class=\"magic-23\">\n<div class=\"magic-24\">\n<p class=\"magic-10\"><span style=\"font-size: large;\">\u00a0 \u00a0 \u00a0 \u00a0 \u00a0 \u00a0 \u00a0 \u00a0 \u00a0 \u00a0 \u00a0 \u00a0 \u00a0 \u00a0Gl\u00e4nzende Oberfl\u00e4che<\/span><\/p>\n<\/div>\n<\/div>\n<\/div>\n<div class=\"magic-19\">\n<div class=\"magic-20\">\n<div class=\"magic-21\"><img decoding=\"async\" class=\"magic-22\" src=\"https:\/\/img.yfisher.com\/m6076\/1725726769vkf\/png70-t3-scale100.webp\" alt=\"Doppelte Schichten Mikron Filtration (5 Mikronx10 Mikron) gesponnene Polypropylen-Filterpatrone f\u00fcr Wasseraufbereitung Reinigung 21\" data-lazy=\"2\" title=\"\"><\/div>\n<\/div>\n<div class=\"magic-23\">\n<div class=\"magic-24\">\n<p class=\"magic-10\"><span style=\"font-size: large;\">\u00a0 \u00a0 \u00a0 \u00a0 \u00a0 \u00a0 \u00a0 \u00a0 \u00a0 \u00a0 \u00a0 \u00a0 \u00a0Gepr\u00e4gte Oberfl\u00e4che<\/span><\/p>\n<\/div>\n<\/div>\n<\/div>\n<\/div>\n<\/div>\n<div class=\"detail-decorate-json-renderer-container\">\n<div class=\"magic-18\">\n<div class=\"magic-25\">\n<div class=\"magic-20\">\n<div class=\"magic-20\">\n<div class=\"magic-26\"><img decoding=\"async\" class=\"magic-27\" src=\"https:\/\/img.yfisher.com\/m6076\/17257267698g9\/png70-t3-scale100.webp\" alt=\"Doppelte Schichten Mikron Filtration (5 Mikronx10 Mikron) spun Polypropylen Filterpatrone f\u00fcr die Wasseraufbereitung Reinigung 23\" data-lazy=\"2\" title=\"\"><\/div>\n<\/div>\n<\/div>\n<div class=\"magic-23\">\n<div class=\"magic-24\">\n<p class=\"magic-10\"><span style=\"font-size: large;\">\u00a0 \u00a0 \u00a0 \u00a0 \u00a0 Oberfl\u00e4che mit Orangenschalen<\/span><\/p>\n<\/div>\n<\/div>\n<\/div>\n<div class=\"magic-25\">\n<div class=\"magic-20\">\n<div class=\"magic-20\">\n<div class=\"magic-26\"><img decoding=\"async\" class=\"magic-27\" src=\"https:\/\/img.yfisher.com\/m6076\/17257267699d3\/png70-t3-scale100.webp\" alt=\"Doppelte Schichten Mikron Filtration (5 Mikronx10 Mikron) spun Polypropylen Filterpatrone f\u00fcr die Wasseraufbereitung Reinigung 25\" data-lazy=\"2\" title=\"\"><\/div>\n<\/div>\n<\/div>\n<div class=\"magic-23\">\n<div class=\"magic-24\">\n<p class=\"magic-10\"><span style=\"font-size: large;\">\u00a0 \u00a0 \u00a0 \u00a0 \u00a0 \u00a0 \u00a0 Gerillte Oberfl\u00e4che<\/span><\/p>\n<\/div>\n<\/div>\n<\/div>\n<div class=\"magic-25\">\n<div class=\"magic-20\">\n<div class=\"magic-20\">\n<div class=\"magic-26\"><img decoding=\"async\" class=\"magic-27\" src=\"https:\/\/img.yfisher.com\/m6076\/1725726769wls\/png70-t3-scale100.webp\" alt=\"Doppelte Schichten Mikron Filtration (5 Mikronx10 Mikron) spun Polypropylen Filterpatrone f\u00fcr die Wasseraufbereitung Reinigung 27\" data-lazy=\"2\" title=\"\"><\/div>\n<\/div>\n<\/div>\n<div class=\"magic-23\">\n<div class=\"magic-24\">\n<p class=\"magic-10\"><span style=\"font-size: large;\">\u00a0 \u00a0 \u00a0 \u00a0 \u00a0 \u00a0 \u00a0Genadelte Oberfl\u00e4che<\/span><\/p>\n<\/div>\n<\/div>\n<\/div>\n<\/div>\n<\/div>\n<div class=\"detail-decorate-json-renderer-container\">\n<div class=\"magic-18\">\n<div class=\"magic-19\">\n<div class=\"magic-20\">\n<div class=\"magic-21\"><img decoding=\"async\" class=\"magic-28\" src=\"https:\/\/img.yfisher.com\/m6076\/1725726769opm\/png70-t3-scale100.webp\" alt=\"Doppelte Schichten Mikron Filtration (5 Mikronx10 Mikron) spun Polypropylen-Filterpatrone f\u00fcr die Wasseraufbereitung Reinigung 29\" data-lazy=\"2\" title=\"\"><\/div>\n<\/div>\n<div class=\"magic-23\">\n<div class=\"magic-24\">\n<p class=\"magic-10\"><b>\u00a0 \u00a0 PP-Spun-Wasserfilterpatrone mit Edelstahlkern<\/b><\/p>\n<\/div>\n<\/div>\n<\/div>\n<div class=\"magic-19\">\n<div class=\"magic-20\">\n<div class=\"magic-21\"><img decoding=\"async\" class=\"magic-28\" src=\"https:\/\/img.yfisher.com\/m6076\/17257267698ge\/png70-t3-scale100.webp\" alt=\"Doppelte Schichten Mikron Filtration (5 Mikronx10 Mikron) spun Polypropylen Filterpatrone f\u00fcr die Wasseraufbereitung Reinigung 31\" data-lazy=\"2\" title=\"\"><\/div>\n<\/div>\n<div class=\"magic-23\">\n<div class=\"magic-24\">\n<p class=\"magic-10\"><b>\u00a0 \u00a0 \u00a0 \u00a0 \u00a0 \u00a0 \u00a0 \u00a0 \u00a0Schmelzgeblasene PP-Filterpatrone mit SS-Kern<\/b><\/p>\n<\/div>\n<\/div>\n<\/div>\n<\/div>\n<\/div>\n<div class=\"icbu-pc-images magic-1\">\n<div>\n<div class=\"flex-layout-v\">\n<div class=\"flex-layout-h magic-1\">\n<div class=\"magic-29\"><img decoding=\"async\" class=\"magic-30\" src=\"https:\/\/img.yfisher.com\/m6076\/1725726769d2o\/png70-t3-scale100.webp\" alt=\"Doppelte Schichten Mikron Filtration (5 Mikronx10 Mikron) spun Polypropylen-Filterpatrone f\u00fcr die Wasseraufbereitung Reinigung 33\" data-lazy=\"2\" title=\"\"><\/div>\n<div class=\"magic-31\"><img decoding=\"async\" class=\"magic-30\" src=\"https:\/\/img.yfisher.com\/m6076\/1725726769csx\/png70-t3-scale100.webp\" alt=\"Doppelte Schichten Mikron Filtration (5 Mikronx10 Mikron) gesponnene Polypropylen-Filterpatrone f\u00fcr Wasseraufbereitung Reinigung 35\" data-lazy=\"2\" title=\"\"><\/div>\n<\/div>\n<\/div>\n<\/div>\n<\/div>\n<div class=\"detail-decorate-json-renderer-container\">\n<div class=\"magic-18\">\n<div class=\"magic-19\">\n<div class=\"magic-20\">\n<div class=\"magic-21\"><img decoding=\"async\" class=\"magic-22\" src=\"https:\/\/img.yfisher.com\/m6076\/17257267691y8\/png70-t3-scale100.webp\" alt=\"Doppelte Schichten Mikron Filtration (5 Mikronx10 Mikron) spun Polypropylen-Filterpatrone f\u00fcr die Wasseraufbereitung Reinigung 37\" data-lazy=\"2\" title=\"\"><\/div>\n<\/div>\n<div class=\"magic-23\">\n<div class=\"magic-24\">\n<p class=\"magic-10\"><span><b>\u00a0 \u00a0 \u00a0 Wir k\u00f6nnen OEM-Gr\u00f6\u00dfen nach Ihren Anforderungen liefern.\u00a0<\/b><\/span><\/p>\n<\/div>\n<\/div>\n<\/div>\n<div class=\"magic-19\">\n<div class=\"magic-20\">\n<div class=\"magic-21\"><img decoding=\"async\" class=\"magic-28\" src=\"https:\/\/img.yfisher.com\/m6076\/1725726770jgy\/png70-t3-scale100.webp\" alt=\"Doppelte Schichten Mikron Filtration (5 Mikronx10 Mikron) spun Polypropylen Filterpatrone f\u00fcr die Wasseraufbereitung Reinigung 39\" data-lazy=\"2\" title=\"\"><\/div>\n<\/div>\n<div class=\"magic-23\">\n<div class=\"magic-24\">\n<p class=\"magic-10\"><b><span style=\"font-size: medium;\">\u00a0 \u00a0 \u00a0 \u00a0 \u00a0 \u00a0\u00a0<\/span><span>Der Filter kann mit Ihrem Firmenlogo bedruckt werden<\/span><\/b><\/p>\n<\/div>\n<\/div>\n<\/div>\n<\/div>\n<\/div>\n<\/div>\n<\/div>\n<\/div>\n<\/div>","protected":false},"excerpt":{"rendered":"<p>Diese gesponnene PP-Patrone hilft Ihnen, Wasseraufbereitungssysteme sauberer zu halten, mit weniger Verstopfungen und Ausfallzeiten. W\u00e4hlen Sie die Mikronzahl und den Adapter, der zu Ihrem Geh\u00e4use passt, und f\u00fcgen Sie Ihr Logo hinzu, um Ersatzpatronen mit Ihrem Logo zu erhalten.<\/p>","protected":false},"featured_media":1946,"comment_status":"open","ping_status":"closed","template":"","meta":{"_gspb_post_css":""},"product_brand":[],"product_cat":[23,17],"product_tag":[327,848,846,847,845,844],"class_list":{"0":"post-1942","1":"product","2":"type-product","3":"status-publish","4":"has-post-thumbnail","6":"product_cat-pp-filter-cartridge","7":"product_cat-sediment-filter","8":"product_tag-1-100-micron-filter","9":"product_tag-10-200mm-od-cartridge","10":"product_tag-222-226-215-flat-adaptor","11":"product_tag-oem-logo-filter-cartridge","12":"product_tag-polypropylene-water-treatment-filter","13":"product_tag-spun-pp-filter-cartridge","15":"first","16":"instock","17":"shipping-taxable","18":"product-type-simple"},"_links":{"self":[{"href":"https:\/\/lyfilter.com\/de\/wp-json\/wp\/v2\/product\/1942","targetHints":{"allow":["GET"]}}],"collection":[{"href":"https:\/\/lyfilter.com\/de\/wp-json\/wp\/v2\/product"}],"about":[{"href":"https:\/\/lyfilter.com\/de\/wp-json\/wp\/v2\/types\/product"}],"replies":[{"embeddable":true,"href":"https:\/\/lyfilter.com\/de\/wp-json\/wp\/v2\/comments?post=1942"}],"wp:featuredmedia":[{"embeddable":true,"href":"https:\/\/lyfilter.com\/de\/wp-json\/wp\/v2\/media\/1946"}],"wp:attachment":[{"href":"https:\/\/lyfilter.com\/de\/wp-json\/wp\/v2\/media?parent=1942"}],"wp:term":[{"taxonomy":"product_brand","embeddable":true,"href":"https:\/\/lyfilter.com\/de\/wp-json\/wp\/v2\/product_brand?post=1942"},{"taxonomy":"product_cat","embeddable":true,"href":"https:\/\/lyfilter.com\/de\/wp-json\/wp\/v2\/product_cat?post=1942"},{"taxonomy":"product_tag","embeddable":true,"href":"https:\/\/lyfilter.com\/de\/wp-json\/wp\/v2\/product_tag?post=1942"}],"curies":[{"name":"wp","href":"https:\/\/api.w.org\/{rel}","templated":true}]}}