{"id":1940,"date":"2026-01-06T02:50:36","date_gmt":"2026-01-06T02:50:36","guid":{"rendered":"https:\/\/lyfilter.com\/?post_type=product&#038;p=1940"},"modified":"2026-01-06T02:50:36","modified_gmt":"2026-01-06T02:50:36","slug":"10-20-inch-5-micron-big-pp-sediment-filter-cartridge-big-size-pp-string-wound-filter","status":"publish","type":"product","link":"https:\/\/lyfilter.com\/de\/10-20-inch-5-micron-big-pp-sediment-filter-cartridge-big-size-pp-string-wound-filter\/","title":{"rendered":"10 20 Zoll 5 Mikron gro\u00dfe pp-Sedimentfilterpatrone\/gro\u00dfer pp-Fadenwickelfilter"},"content":{"rendered":"<div class=\"pro_aliData\">\n<div class=\"detail-box\">\n<div class=\"scc-wrapper detail-module module-productSpecification\" data-spm=\"pronpeci14\">\n<div id=\"J-rich-text-description\" class=\"richtext richtext-detail rich-text-description\">\n<p>Parameter:<\/p>\n<div class=\"table-responsive\">\n<table class=\"aliDataTable\">\n<tbody>\n<tr align=\"left\">\n<td valign=\"top\">Produkt<\/td>\n<td valign=\"top\">10 20 Zoll 5 Mikron gro\u00dfe pp-Sedimentfilterpatrone\/gro\u00dfer pp-Fadenwickelfilter<\/td>\n<\/tr>\n<tr align=\"left\">\n<td valign=\"top\">Material<\/td>\n<td valign=\"top\">PP, Polypropylen<\/td>\n<\/tr>\n<tr align=\"left\">\n<td valign=\"top\">Stil<\/td>\n<td valign=\"top\">Rille, Druckpunkte, flach, kreuzend<\/td>\n<\/tr>\n<tr align=\"left\">\n<td valign=\"top\">Pr\u00e4zisionsfiltration<\/td>\n<td valign=\"top\">1~100micron<\/td>\n<\/tr>\n<tr align=\"left\">\n<td valign=\"top\">\u00c4u\u00dferer Durchmesser<\/td>\n<td valign=\"top\">60~65mm<\/td>\n<\/tr>\n<tr align=\"left\">\n<td valign=\"top\">Innendurchmesser<\/td>\n<td valign=\"top\">28mm oder 30mm<\/td>\n<\/tr>\n<tr align=\"left\">\n<td valign=\"top\">Schnittstelle<\/td>\n<td valign=\"top\">Flach, eingesetzt, geschraubt<\/td>\n<\/tr>\n<tr align=\"left\">\n<td valign=\"top\">Endkappen-Typ<\/td>\n<td valign=\"top\">222flach, 222fin, 226flach, 226fin, 215flach, 215fin<\/td>\n<\/tr>\n<tr align=\"left\">\n<td valign=\"top\">L\u00e4nge<\/td>\n<td valign=\"top\">5\u201d,10\u201d,20\u201d,30\u201d,40\u201d,50\u2033,60\u2033<\/td>\n<\/tr>\n<tr align=\"left\">\n<td valign=\"top\">Maximaler Differenzdruck<\/td>\n<td valign=\"top\">3 kgf\/cm\u00b2<\/td>\n<\/tr>\n<tr align=\"left\">\n<td valign=\"top\">Maximale Betriebstemperatur<\/td>\n<td valign=\"top\">80\u00b0c<\/td>\n<\/tr>\n<tr align=\"left\">\n<td valign=\"top\">Betriebsdifferenzdruck<\/td>\n<td valign=\"top\">0,1kgf\/cm2<\/td>\n<\/tr>\n<tr align=\"left\">\n<td valign=\"top\">Marke<\/td>\n<td valign=\"top\">Lvyuan\/OEM<\/td>\n<\/tr>\n<tr align=\"left\">\n<td valign=\"top\">Gemeinsames Gewicht<\/td>\n<td valign=\"top\">100- 120g\/10\u2033 (kann angepasst werden)<\/td>\n<\/tr>\n<\/tbody>\n<\/table>\n<\/div>\n<p>Merkmale:<\/p>\n<p>1. Bewegen Sie Schwebstoffe, Partikel und Rost effektiv.<\/p>\n<p>2. Vorfiltrierung von Wasser<\/p>\n<p>3. Breite chemische Vertr\u00e4glichkeit<\/p>\n<p>4. Druckfest<\/p>\n<p>5. Hohe chemische Best\u00e4ndigkeit.<\/p>\n<p>6. Alle Arten von Adaptern sind verf\u00fcgbar<\/p>\n<p>7. Hohe Schadstoffaufnahmekapazit\u00e4t und lange Lebensdauer.<\/p>\n<p>Umfang:<\/p>\n<p>Vorfiltration oder RO-System, L\u00f6sungsmittel, chemische Industrie, \u00d6lindustrie,<\/p>\n<p>Trinkwasseraufbereitung, Elektronik- und Energieindustrie, Galvanotechnik,<\/p>\n<p>Lebensmittel und Getr\u00e4nke, Wein, usw.<\/p>\n<p>&nbsp;<\/p>\n<p>Verpackung Detail: 10\u2033:50PCS\/CTN; 20\u2033:25PCS\/CTN; 30\u2033:25PC\/CTN;40\u2033:25PCS\/CTN<\/p>\n<p>Detail der Lieferung: Innerhalb von 7 Tagen nach Erhalt 30% Ablagerung<\/p>\n<p>Produkt zeigt:<\/p>\n<p><img decoding=\"async\" src=\"https:\/\/img.yfisher.com\/m6076\/1725731201we9\/jpg70-t3-scale100.webp\" alt=\"10 20 Zoll 5 Mikron gro\u00dfe pp-Sedimentfilterpatrone\/gro\u00dfer pp-Fadenwickelfilter 3\" data-alt=\"10 20 inch 5 micron big pp sediment filter cartridge\/big size pp string wound filter\" data-=\"\" data-lazy=\"2\" title=\"\"><\/p>\n<p><img decoding=\"async\" src=\"https:\/\/img.yfisher.com\/m6076\/1725727044jk0\/jpg70-t3-scale100.webp\" alt=\"10 20 Zoll 5 Mikron gro\u00dfe pp-Sedimentfilterpatrone\/gro\u00dfer pp-Fadenwickelfilter 5\" data-alt=\"10 20 inch 5 micron big pp sediment filter cartridge\/big size pp string wound filter\" data-=\"\" data-lazy=\"2\" title=\"\"><\/p>\n<p><img decoding=\"async\" src=\"https:\/\/img.yfisher.com\/m6076\/1725731201n1y\/jpg70-t3-scale100.webp\" alt=\"10 20 Zoll 5 Mikron gro\u00dfe pp-Sedimentfilterpatrone\/gro\u00dfer pp-Fadenwickelfilter 7\" data-alt=\"10 20 inch 5 micron big pp sediment filter cartridge\/big size pp string wound filter\" data-=\"\" data-lazy=\"2\" title=\"\"><\/p>\n<p><img decoding=\"async\" src=\"https:\/\/img.yfisher.com\/m6076\/1725727044ad0\/jpg70-t3-scale100.webp\" alt=\"10 20 Zoll 5 Mikron gro\u00dfe pp-Sedimentfilterpatrone\/gro\u00dfer pp-Fadenwickelfilter 9\" data-alt=\"10 20 inch 5 micron big pp sediment filter cartridge\/big size pp string wound filter\" data-=\"\" data-lazy=\"2\" title=\"\"><\/p>\n<p><img decoding=\"async\" src=\"https:\/\/img.yfisher.com\/m6076\/1725727044yry\/jpg70-t3-scale100.webp\" alt=\"10 20 Zoll 5 Mikron gro\u00dfe pp-Sedimentfilterpatrone\/gro\u00dfer pp-Fadenwickelfilter 11\" data-alt=\"10 20 inch 5 micron big pp sediment filter cartridge\/big size pp string wound filter\" data-=\"\" data-lazy=\"2\" title=\"\"><\/p>\n<p><img decoding=\"async\" src=\"https:\/\/img.yfisher.com\/m6076\/17257312014p8\/jpg70-t3-scale100.webp\" alt=\"10 20 Zoll 5 Mikron gro\u00dfe pp-Sedimentfilterpatrone\/gro\u00dfer pp-Fadenwickelfilter 13\" data-alt=\"10 20 inch 5 micron big pp sediment filter cartridge\/big size pp string wound filter\" data-=\"\" data-lazy=\"2\" title=\"\"><\/p>\n<p><img decoding=\"async\" src=\"https:\/\/img.yfisher.com\/m6076\/17257270449f1\/jpg70-t3-scale100.webp\" alt=\"10 20 Zoll 5 Mikron gro\u00dfe pp-Sedimentfilterpatrone\/gro\u00dfer pp-Fadenwickelfilter 15\" data-alt=\"10 20 inch 5 micron big pp sediment filter cartridge\/big size pp string wound filter\" data-=\"\" data-lazy=\"2\" title=\"\"><\/p>\n<p><img decoding=\"async\" src=\"https:\/\/img.yfisher.com\/m6076\/1725727044bwm\/jpg70-t3-scale100.webp\" alt=\"10 20 Zoll 5 Mikron gro\u00dfe pp-Sedimentfilterpatrone\/gro\u00dfer pp-Fadenwickelfilter 17\" data-alt=\"10 20 inch 5 micron big pp sediment filter cartridge\/big size pp string wound filter\" data-=\"\" data-lazy=\"2\" title=\"\"><\/p>\n<p>Bitte kontaktieren Sie uns f\u00fcr weitere Details oder Angebote<\/p>\n<p>wenn Sie an unseren Produkten oder unserem Unternehmen interessiert sind : )<\/p>\n<p><strong>Meine Kontaktinformationen -----<\/strong><\/p>\n<p><img decoding=\"async\" src=\"https:\/\/img.yfisher.com\/m6076\/172572799710g\/jpg70-t3-scale100.webp\" alt=\"10 20 Zoll 5 Mikron gro\u00dfe pp-Sedimentfilterpatrone\/gro\u00dfer pp-Fadenwickelfilter 19\" data-alt=\"10 20 inch 5 micron big pp sediment filter cartridge\/big size pp string wound filter\" data-=\"\" data-lazy=\"2\" title=\"\"><\/p>\n<\/div>\n<\/div>\n<div data-module=\"detailMarketPackage\"><\/div>\n<div data-module=\"productAuth\"><\/div>\n<\/div>\n<\/div>\n<div class=\"diffStatement\">Guangzhou Lvyuan Water Purification Equipment Co., Ltd. hat eine starke Reaktionsf\u00e4higkeit und die F\u00e4higkeit zur Entwicklung neuer Produkte in\u00a0<a href=\"https:\/\/lyfilter.com\/de\/products.html\/\">Wasserfilterpatronen<\/a>\u00a0Bereich. Die selbsttragende Fasermatrix erm\u00f6glicht ein kernloses Design, das sowohl wirtschaftlich als auch stabil ist. Guangzhou Lvyuan Water Purification Equipment Co., Ltd. wird die Produktion und Lieferung zum fr\u00fchestm\u00f6glichen Zeitpunkt veranlassen, sobald unsere Kunden ihre Bestellungen best\u00e4tigen. Die selbsttragende Fasermatrix erm\u00f6glicht ein kernloses Design, das sowohl wirtschaftlich als auch stark ist.<\/div>","protected":false},"excerpt":{"rendered":"<p>Diese gro\u00dfformatige PP-Sedimentkartusche ist f\u00fcr einen h\u00f6heren Durchfluss und eine st\u00e4rkere Schmutzbelastung ausgelegt, damit Ihr System stabil und Ihr Wasser klar bleibt. W\u00e4hlen Sie die Mikronzahl, die L\u00e4nge und die Schnittstelle, die zu Ihrem Geh\u00e4use passt, und f\u00fcgen Sie Ihr Logo hinzu, wenn Sie gebrandete Ersatzteile w\u00fcnschen.<\/p>","protected":false},"featured_media":1943,"comment_status":"open","ping_status":"closed","template":"","meta":{"_gspb_post_css":""},"product_brand":[],"product_cat":[23,17],"product_tag":[671,841,842,840,843,783],"class_list":{"0":"post-1940","1":"product","2":"type-product","3":"status-publish","4":"has-post-thumbnail","6":"product_cat-pp-filter-cartridge","7":"product_cat-sediment-filter","8":"product_tag-1-100-micron-filter-cartridge","9":"product_tag-10-40-inch-sediment-cartridge","10":"product_tag-222-226-215-filter-interface","11":"product_tag-big-pp-sediment-filter","12":"product_tag-custom-logo-filter-cartridge","13":"product_tag-high-flow-pp-cartridge","15":"first","16":"instock","17":"shipping-taxable","18":"product-type-simple"},"_links":{"self":[{"href":"https:\/\/lyfilter.com\/de\/wp-json\/wp\/v2\/product\/1940","targetHints":{"allow":["GET"]}}],"collection":[{"href":"https:\/\/lyfilter.com\/de\/wp-json\/wp\/v2\/product"}],"about":[{"href":"https:\/\/lyfilter.com\/de\/wp-json\/wp\/v2\/types\/product"}],"replies":[{"embeddable":true,"href":"https:\/\/lyfilter.com\/de\/wp-json\/wp\/v2\/comments?post=1940"}],"wp:featuredmedia":[{"embeddable":true,"href":"https:\/\/lyfilter.com\/de\/wp-json\/wp\/v2\/media\/1943"}],"wp:attachment":[{"href":"https:\/\/lyfilter.com\/de\/wp-json\/wp\/v2\/media?parent=1940"}],"wp:term":[{"taxonomy":"product_brand","embeddable":true,"href":"https:\/\/lyfilter.com\/de\/wp-json\/wp\/v2\/product_brand?post=1940"},{"taxonomy":"product_cat","embeddable":true,"href":"https:\/\/lyfilter.com\/de\/wp-json\/wp\/v2\/product_cat?post=1940"},{"taxonomy":"product_tag","embeddable":true,"href":"https:\/\/lyfilter.com\/de\/wp-json\/wp\/v2\/product_tag?post=1940"}],"curies":[{"name":"wp","href":"https:\/\/api.w.org\/{rel}","templated":true}]}}